{"id":156677,"date":"2025-03-19T11:55:00","date_gmt":"2025-03-19T09:55:00","guid":{"rendered":"https:\/\/xometry.eu\/rewards-terms\/"},"modified":"2026-03-25T15:18:00","modified_gmt":"2026-03-25T13:18:00","slug":"jutalmak-feltetelei","status":"publish","type":"page","link":"https:\/\/xometry.eu\/hu\/jutalmak-feltetelei\/","title":{"rendered":"A Xometry Jutalmak program felt\u00e9telei"},"content":{"rendered":"","protected":false},"excerpt":{"rendered":"","protected":false},"author":41,"featured_media":0,"parent":0,"menu_order":0,"comment_status":"closed","ping_status":"closed","template":"","meta":{"_acf_changed":false,"inline_featured_image":false,"footnotes":""},"class_list":["post-156677","page","type-page","status-publish","hentry"],"acf":[],"yoast_head":"<!-- This site is optimized with the Yoast SEO Premium plugin v20.5 (Yoast SEO v27.1.1) - https:\/\/yoast.com\/product\/yoast-seo-premium-wordpress\/ -->\n<title>A Xometry Jutalmak programj\u00e1ban t\u00f6rt\u00e9n\u0151 r\u00e9szv\u00e9tel felt\u00e9telei | Xometry Europe<\/title>\n<meta name=\"description\" content=\"A Xometry Jutalmak programj\u00e1ban t\u00f6rt\u00e9n\u0151 r\u00e9szv\u00e9telre vonatkoz\u00f3 felt\u00e9telek (Rewards Program Terms &amp; Conditions).\" \/>\n<meta name=\"robots\" content=\"index, follow, max-snippet:-1, max-image-preview:large, max-video-preview:-1\" \/>\n<link rel=\"canonical\" href=\"https:\/\/xometry.eu\/hu\/jutalmak-feltetelei\/\" \/>\n<meta property=\"og:locale\" content=\"hu_HU\" \/>\n<meta property=\"og:type\" content=\"article\" \/>\n<meta property=\"og:title\" content=\"A Xometry Jutalmak program felt\u00e9telei\" \/>\n<meta property=\"og:description\" content=\"A Xometry Jutalmak programj\u00e1ban t\u00f6rt\u00e9n\u0151 r\u00e9szv\u00e9telre vonatkoz\u00f3 felt\u00e9telek (Rewards Program Terms &amp; Conditions).\" \/>\n<meta property=\"og:url\" content=\"https:\/\/xometry.eu\/hu\/jutalmak-feltetelei\/\" \/>\n<meta property=\"og:site_name\" content=\"Xometry Europe\" \/>\n<meta property=\"article:modified_time\" content=\"2026-03-25T13:18:00+00:00\" \/>\n<meta name=\"twitter:card\" content=\"summary_large_image\" \/>\n<script type=\"application\/ld+json\" class=\"yoast-schema-graph\">{\"@context\":\"https:\/\/schema.org\",\"@graph\":[{\"@type\":\"WebPage\",\"@id\":\"https:\/\/xometry.eu\/hu\/jutalmak-feltetelei\/\",\"url\":\"https:\/\/xometry.eu\/hu\/jutalmak-feltetelei\/\",\"name\":\"A Xometry Jutalmak programj\u00e1ban t\u00f6rt\u00e9n\u0151 r\u00e9szv\u00e9tel felt\u00e9telei | Xometry Europe\",\"isPartOf\":{\"@id\":\"https:\/\/xometry.eu\/hu\/#website\"},\"datePublished\":\"2025-03-19T09:55:00+00:00\",\"dateModified\":\"2026-03-25T13:18:00+00:00\",\"description\":\"A Xometry Jutalmak programj\u00e1ban t\u00f6rt\u00e9n\u0151 r\u00e9szv\u00e9telre vonatkoz\u00f3 felt\u00e9telek (Rewards Program Terms & Conditions).\",\"breadcrumb\":{\"@id\":\"https:\/\/xometry.eu\/hu\/jutalmak-feltetelei\/#breadcrumb\"},\"inLanguage\":\"hu\",\"potentialAction\":[{\"@type\":\"ReadAction\",\"target\":[\"https:\/\/xometry.eu\/hu\/jutalmak-feltetelei\/\"]}]},{\"@type\":\"BreadcrumbList\",\"@id\":\"https:\/\/xometry.eu\/hu\/jutalmak-feltetelei\/#breadcrumb\",\"itemListElement\":[{\"@type\":\"ListItem\",\"position\":1,\"name\":\"Home\",\"item\":\"https:\/\/xometry.eu\/hu\/\"},{\"@type\":\"ListItem\",\"position\":2,\"name\":\"A Xometry Jutalmak program felt\u00e9telei\"}]},{\"@type\":\"WebSite\",\"@id\":\"https:\/\/xometry.eu\/hu\/#website\",\"url\":\"https:\/\/xometry.eu\/hu\/\",\"name\":\"Xometry Europe\",\"description\":\"\",\"publisher\":{\"@id\":\"https:\/\/xometry.eu\/hu\/#organization\"},\"potentialAction\":[{\"@type\":\"SearchAction\",\"target\":{\"@type\":\"EntryPoint\",\"urlTemplate\":\"https:\/\/xometry.eu\/hu\/?s={search_term_string}\"},\"query-input\":{\"@type\":\"PropertyValueSpecification\",\"valueRequired\":true,\"valueName\":\"search_term_string\"}}],\"inLanguage\":\"hu\"}]}<\/script>\n<!-- \/ Yoast SEO Premium plugin. -->","yoast_head_json":{"title":"A Xometry Jutalmak programj\u00e1ban t\u00f6rt\u00e9n\u0151 r\u00e9szv\u00e9tel felt\u00e9telei | Xometry Europe","description":"A Xometry Jutalmak programj\u00e1ban t\u00f6rt\u00e9n\u0151 r\u00e9szv\u00e9telre vonatkoz\u00f3 felt\u00e9telek (Rewards Program Terms & Conditions).","robots":{"index":"index","follow":"follow","max-snippet":"max-snippet:-1","max-image-preview":"max-image-preview:large","max-video-preview":"max-video-preview:-1"},"canonical":"https:\/\/xometry.eu\/hu\/jutalmak-feltetelei\/","og_locale":"hu_HU","og_type":"article","og_title":"A Xometry Jutalmak program felt\u00e9telei","og_description":"A Xometry Jutalmak programj\u00e1ban t\u00f6rt\u00e9n\u0151 r\u00e9szv\u00e9telre vonatkoz\u00f3 felt\u00e9telek (Rewards Program Terms & Conditions).","og_url":"https:\/\/xometry.eu\/hu\/jutalmak-feltetelei\/","og_site_name":"Xometry Europe","article_modified_time":"2026-03-25T13:18:00+00:00","twitter_card":"summary_large_image","schema":{"@context":"https:\/\/schema.org","@graph":[{"@type":"WebPage","@id":"https:\/\/xometry.eu\/hu\/jutalmak-feltetelei\/","url":"https:\/\/xometry.eu\/hu\/jutalmak-feltetelei\/","name":"A Xometry Jutalmak programj\u00e1ban t\u00f6rt\u00e9n\u0151 r\u00e9szv\u00e9tel felt\u00e9telei | Xometry Europe","isPartOf":{"@id":"https:\/\/xometry.eu\/hu\/#website"},"datePublished":"2025-03-19T09:55:00+00:00","dateModified":"2026-03-25T13:18:00+00:00","description":"A Xometry Jutalmak programj\u00e1ban t\u00f6rt\u00e9n\u0151 r\u00e9szv\u00e9telre vonatkoz\u00f3 felt\u00e9telek (Rewards Program Terms & Conditions).","breadcrumb":{"@id":"https:\/\/xometry.eu\/hu\/jutalmak-feltetelei\/#breadcrumb"},"inLanguage":"hu","potentialAction":[{"@type":"ReadAction","target":["https:\/\/xometry.eu\/hu\/jutalmak-feltetelei\/"]}]},{"@type":"BreadcrumbList","@id":"https:\/\/xometry.eu\/hu\/jutalmak-feltetelei\/#breadcrumb","itemListElement":[{"@type":"ListItem","position":1,"name":"Home","item":"https:\/\/xometry.eu\/hu\/"},{"@type":"ListItem","position":2,"name":"A Xometry Jutalmak program felt\u00e9telei"}]},{"@type":"WebSite","@id":"https:\/\/xometry.eu\/hu\/#website","url":"https:\/\/xometry.eu\/hu\/","name":"Xometry Europe","description":"","publisher":{"@id":"https:\/\/xometry.eu\/hu\/#organization"},"potentialAction":[{"@type":"SearchAction","target":{"@type":"EntryPoint","urlTemplate":"https:\/\/xometry.eu\/hu\/?s={search_term_string}"},"query-input":{"@type":"PropertyValueSpecification","valueRequired":true,"valueName":"search_term_string"}}],"inLanguage":"hu"}]}},"_links":{"self":[{"href":"https:\/\/xometry.eu\/hu\/wp-json\/wp\/v2\/pages\/156677","targetHints":{"allow":["GET"]}}],"collection":[{"href":"https:\/\/xometry.eu\/hu\/wp-json\/wp\/v2\/pages"}],"about":[{"href":"https:\/\/xometry.eu\/hu\/wp-json\/wp\/v2\/types\/page"}],"author":[{"embeddable":true,"href":"https:\/\/xometry.eu\/hu\/wp-json\/wp\/v2\/users\/41"}],"replies":[{"embeddable":true,"href":"https:\/\/xometry.eu\/hu\/wp-json\/wp\/v2\/comments?post=156677"}],"version-history":[{"count":5,"href":"https:\/\/xometry.eu\/hu\/wp-json\/wp\/v2\/pages\/156677\/revisions"}],"predecessor-version":[{"id":167390,"href":"https:\/\/xometry.eu\/hu\/wp-json\/wp\/v2\/pages\/156677\/revisions\/167390"}],"wp:attachment":[{"href":"https:\/\/xometry.eu\/hu\/wp-json\/wp\/v2\/media?parent=156677"}],"curies":[{"name":"wp","href":"https:\/\/api.w.org\/{rel}","templated":true}]}}