{"id":147208,"date":"2024-10-17T14:52:26","date_gmt":"2024-10-17T12:52:26","guid":{"rendered":"https:\/\/xometry.eu\/certifications-inspection-reports\/"},"modified":"2026-01-29T16:22:27","modified_gmt":"2026-01-29T14:22:27","slug":"tanusitvanyok-vizsgalati-jelentesek","status":"publish","type":"page","link":"https:\/\/xometry.eu\/hu\/tanusitvanyok-vizsgalati-jelentesek\/","title":{"rendered":"Tan\u00fas\u00edtv\u00e1nyok \u00e9s vizsg\u00e1lati jelent\u00e9sek"},"content":{"rendered":"","protected":false},"excerpt":{"rendered":"","protected":false},"author":10,"featured_media":0,"parent":0,"menu_order":0,"comment_status":"closed","ping_status":"closed","template":"","meta":{"_acf_changed":false,"inline_featured_image":false,"footnotes":""},"class_list":["post-147208","page","type-page","status-publish","hentry"],"acf":[],"yoast_head":"<!-- This site is optimized with the Yoast SEO Premium plugin v20.5 (Yoast SEO v27.1.1) - https:\/\/yoast.com\/product\/yoast-seo-premium-wordpress\/ -->\n<title>Tan\u00fas\u00edtv\u00e1nyok \u00e9s vizsg\u00e1lati jelent\u00e9sek | Xometry Europe<\/title>\n<meta name=\"description\" content=\"A konkr\u00e9t projektk\u00f6vetelm\u00e9nyek teljes\u00edt\u00e9se \u00e9rdek\u00e9ben min\u0151s\u00e9gdokumentumok sz\u00e9les v\u00e1laszt\u00e9k\u00e1t k\u00edn\u00e1ljuk, ide\u00e9rtve a r\u00e9szletes vizsg\u00e1lati jelent\u00e9seket.\" \/>\n<meta name=\"robots\" content=\"index, follow, max-snippet:-1, max-image-preview:large, max-video-preview:-1\" \/>\n<link rel=\"canonical\" href=\"https:\/\/xometry.eu\/hu\/tanusitvanyok-vizsgalati-jelentesek\/\" \/>\n<meta property=\"og:locale\" content=\"hu_HU\" \/>\n<meta property=\"og:type\" content=\"article\" \/>\n<meta property=\"og:title\" content=\"Tan\u00fas\u00edtv\u00e1nyok \u00e9s vizsg\u00e1lati jelent\u00e9sek\" \/>\n<meta property=\"og:description\" content=\"A konkr\u00e9t projektk\u00f6vetelm\u00e9nyek teljes\u00edt\u00e9se \u00e9rdek\u00e9ben min\u0151s\u00e9gdokumentumok sz\u00e9les v\u00e1laszt\u00e9k\u00e1t k\u00edn\u00e1ljuk, ide\u00e9rtve a r\u00e9szletes vizsg\u00e1lati jelent\u00e9seket.\" \/>\n<meta property=\"og:url\" content=\"https:\/\/xometry.eu\/hu\/tanusitvanyok-vizsgalati-jelentesek\/\" \/>\n<meta property=\"og:site_name\" content=\"Xometry Europe\" \/>\n<meta property=\"article:modified_time\" content=\"2026-01-29T14:22:27+00:00\" \/>\n<meta name=\"twitter:card\" content=\"summary_large_image\" \/>\n<script type=\"application\/ld+json\" class=\"yoast-schema-graph\">{\"@context\":\"https:\/\/schema.org\",\"@graph\":[{\"@type\":\"WebPage\",\"@id\":\"https:\/\/xometry.eu\/hu\/tanusitvanyok-vizsgalati-jelentesek\/\",\"url\":\"https:\/\/xometry.eu\/hu\/tanusitvanyok-vizsgalati-jelentesek\/\",\"name\":\"Tan\u00fas\u00edtv\u00e1nyok \u00e9s vizsg\u00e1lati jelent\u00e9sek | Xometry Europe\",\"isPartOf\":{\"@id\":\"https:\/\/xometry.eu\/hu\/#website\"},\"datePublished\":\"2024-10-17T12:52:26+00:00\",\"dateModified\":\"2026-01-29T14:22:27+00:00\",\"description\":\"A konkr\u00e9t projektk\u00f6vetelm\u00e9nyek teljes\u00edt\u00e9se \u00e9rdek\u00e9ben min\u0151s\u00e9gdokumentumok sz\u00e9les v\u00e1laszt\u00e9k\u00e1t k\u00edn\u00e1ljuk, ide\u00e9rtve a r\u00e9szletes vizsg\u00e1lati jelent\u00e9seket.\",\"breadcrumb\":{\"@id\":\"https:\/\/xometry.eu\/hu\/tanusitvanyok-vizsgalati-jelentesek\/#breadcrumb\"},\"inLanguage\":\"hu\",\"potentialAction\":[{\"@type\":\"ReadAction\",\"target\":[\"https:\/\/xometry.eu\/hu\/tanusitvanyok-vizsgalati-jelentesek\/\"]}]},{\"@type\":\"BreadcrumbList\",\"@id\":\"https:\/\/xometry.eu\/hu\/tanusitvanyok-vizsgalati-jelentesek\/#breadcrumb\",\"itemListElement\":[{\"@type\":\"ListItem\",\"position\":1,\"name\":\"Home\",\"item\":\"https:\/\/xometry.eu\/hu\/\"},{\"@type\":\"ListItem\",\"position\":2,\"name\":\"Tan\u00fas\u00edtv\u00e1nyok \u00e9s vizsg\u00e1lati jelent\u00e9sek\"}]},{\"@type\":\"WebSite\",\"@id\":\"https:\/\/xometry.eu\/hu\/#website\",\"url\":\"https:\/\/xometry.eu\/hu\/\",\"name\":\"Xometry Europe\",\"description\":\"\",\"publisher\":{\"@id\":\"https:\/\/xometry.eu\/hu\/#organization\"},\"potentialAction\":[{\"@type\":\"SearchAction\",\"target\":{\"@type\":\"EntryPoint\",\"urlTemplate\":\"https:\/\/xometry.eu\/hu\/?s={search_term_string}\"},\"query-input\":{\"@type\":\"PropertyValueSpecification\",\"valueRequired\":true,\"valueName\":\"search_term_string\"}}],\"inLanguage\":\"hu\"}]}<\/script>\n<!-- \/ Yoast SEO Premium plugin. -->","yoast_head_json":{"title":"Tan\u00fas\u00edtv\u00e1nyok \u00e9s vizsg\u00e1lati jelent\u00e9sek | Xometry Europe","description":"A konkr\u00e9t projektk\u00f6vetelm\u00e9nyek teljes\u00edt\u00e9se \u00e9rdek\u00e9ben min\u0151s\u00e9gdokumentumok sz\u00e9les v\u00e1laszt\u00e9k\u00e1t k\u00edn\u00e1ljuk, ide\u00e9rtve a r\u00e9szletes vizsg\u00e1lati jelent\u00e9seket.","robots":{"index":"index","follow":"follow","max-snippet":"max-snippet:-1","max-image-preview":"max-image-preview:large","max-video-preview":"max-video-preview:-1"},"canonical":"https:\/\/xometry.eu\/hu\/tanusitvanyok-vizsgalati-jelentesek\/","og_locale":"hu_HU","og_type":"article","og_title":"Tan\u00fas\u00edtv\u00e1nyok \u00e9s vizsg\u00e1lati jelent\u00e9sek","og_description":"A konkr\u00e9t projektk\u00f6vetelm\u00e9nyek teljes\u00edt\u00e9se \u00e9rdek\u00e9ben min\u0151s\u00e9gdokumentumok sz\u00e9les v\u00e1laszt\u00e9k\u00e1t k\u00edn\u00e1ljuk, ide\u00e9rtve a r\u00e9szletes vizsg\u00e1lati jelent\u00e9seket.","og_url":"https:\/\/xometry.eu\/hu\/tanusitvanyok-vizsgalati-jelentesek\/","og_site_name":"Xometry Europe","article_modified_time":"2026-01-29T14:22:27+00:00","twitter_card":"summary_large_image","schema":{"@context":"https:\/\/schema.org","@graph":[{"@type":"WebPage","@id":"https:\/\/xometry.eu\/hu\/tanusitvanyok-vizsgalati-jelentesek\/","url":"https:\/\/xometry.eu\/hu\/tanusitvanyok-vizsgalati-jelentesek\/","name":"Tan\u00fas\u00edtv\u00e1nyok \u00e9s vizsg\u00e1lati jelent\u00e9sek | Xometry Europe","isPartOf":{"@id":"https:\/\/xometry.eu\/hu\/#website"},"datePublished":"2024-10-17T12:52:26+00:00","dateModified":"2026-01-29T14:22:27+00:00","description":"A konkr\u00e9t projektk\u00f6vetelm\u00e9nyek teljes\u00edt\u00e9se \u00e9rdek\u00e9ben min\u0151s\u00e9gdokumentumok sz\u00e9les v\u00e1laszt\u00e9k\u00e1t k\u00edn\u00e1ljuk, ide\u00e9rtve a r\u00e9szletes vizsg\u00e1lati jelent\u00e9seket.","breadcrumb":{"@id":"https:\/\/xometry.eu\/hu\/tanusitvanyok-vizsgalati-jelentesek\/#breadcrumb"},"inLanguage":"hu","potentialAction":[{"@type":"ReadAction","target":["https:\/\/xometry.eu\/hu\/tanusitvanyok-vizsgalati-jelentesek\/"]}]},{"@type":"BreadcrumbList","@id":"https:\/\/xometry.eu\/hu\/tanusitvanyok-vizsgalati-jelentesek\/#breadcrumb","itemListElement":[{"@type":"ListItem","position":1,"name":"Home","item":"https:\/\/xometry.eu\/hu\/"},{"@type":"ListItem","position":2,"name":"Tan\u00fas\u00edtv\u00e1nyok \u00e9s vizsg\u00e1lati jelent\u00e9sek"}]},{"@type":"WebSite","@id":"https:\/\/xometry.eu\/hu\/#website","url":"https:\/\/xometry.eu\/hu\/","name":"Xometry Europe","description":"","publisher":{"@id":"https:\/\/xometry.eu\/hu\/#organization"},"potentialAction":[{"@type":"SearchAction","target":{"@type":"EntryPoint","urlTemplate":"https:\/\/xometry.eu\/hu\/?s={search_term_string}"},"query-input":{"@type":"PropertyValueSpecification","valueRequired":true,"valueName":"search_term_string"}}],"inLanguage":"hu"}]}},"_links":{"self":[{"href":"https:\/\/xometry.eu\/hu\/wp-json\/wp\/v2\/pages\/147208","targetHints":{"allow":["GET"]}}],"collection":[{"href":"https:\/\/xometry.eu\/hu\/wp-json\/wp\/v2\/pages"}],"about":[{"href":"https:\/\/xometry.eu\/hu\/wp-json\/wp\/v2\/types\/page"}],"author":[{"embeddable":true,"href":"https:\/\/xometry.eu\/hu\/wp-json\/wp\/v2\/users\/10"}],"replies":[{"embeddable":true,"href":"https:\/\/xometry.eu\/hu\/wp-json\/wp\/v2\/comments?post=147208"}],"version-history":[{"count":3,"href":"https:\/\/xometry.eu\/hu\/wp-json\/wp\/v2\/pages\/147208\/revisions"}],"predecessor-version":[{"id":169469,"href":"https:\/\/xometry.eu\/hu\/wp-json\/wp\/v2\/pages\/147208\/revisions\/169469"}],"wp:attachment":[{"href":"https:\/\/xometry.eu\/hu\/wp-json\/wp\/v2\/media?parent=147208"}],"curies":[{"name":"wp","href":"https:\/\/api.w.org\/{rel}","templated":true}]}}