{"id":143283,"date":"2023-12-20T11:40:48","date_gmt":"2023-12-20T09:40:48","guid":{"rendered":"https:\/\/xometry.eu\/manufacturing-standards\/"},"modified":"2025-04-02T17:02:20","modified_gmt":"2025-04-02T15:02:20","slug":"gyartasi-szabvanyok","status":"publish","type":"page","link":"https:\/\/xometry.eu\/hu\/gyartasi-szabvanyok\/","title":{"rendered":"Manufacturing Standards"},"content":{"rendered":"","protected":false},"excerpt":{"rendered":"","protected":false},"author":10,"featured_media":0,"parent":0,"menu_order":0,"comment_status":"closed","ping_status":"closed","template":"","meta":{"_acf_changed":false,"inline_featured_image":false,"footnotes":""},"class_list":["post-143283","page","type-page","status-publish","hentry"],"acf":[],"yoast_head":"<!-- This site is optimized with the Yoast SEO Premium plugin v20.5 (Yoast SEO v27.1.1) - https:\/\/yoast.com\/product\/yoast-seo-premium-wordpress\/ -->\n<title>Manufacturing Standards | Xometry Europe<\/title>\n<meta name=\"description\" content=\"Ez a gy\u00e1rt\u00e1si szabv\u00e1ny oldal v\u00e9gigvezeti \u00d6nt gy\u00e1rt\u00f3 partnerh\u00e1l\u00f3zatunk \u00e9s min\u0151s\u00e9gellen\u0151rz\u0151 m\u00e9rn\u00f6keink \u00e1ltal k\u00f6vetett szabv\u00e1nyokon.\" \/>\n<meta name=\"robots\" content=\"index, follow, max-snippet:-1, max-image-preview:large, max-video-preview:-1\" \/>\n<link rel=\"canonical\" href=\"https:\/\/xometry.eu\/hu\/gyartasi-szabvanyok\/\" \/>\n<meta property=\"og:locale\" content=\"hu_HU\" \/>\n<meta property=\"og:type\" content=\"article\" \/>\n<meta property=\"og:title\" content=\"Manufacturing Standards\" \/>\n<meta property=\"og:description\" content=\"Ez a gy\u00e1rt\u00e1si szabv\u00e1ny oldal v\u00e9gigvezeti \u00d6nt gy\u00e1rt\u00f3 partnerh\u00e1l\u00f3zatunk \u00e9s min\u0151s\u00e9gellen\u0151rz\u0151 m\u00e9rn\u00f6keink \u00e1ltal k\u00f6vetett szabv\u00e1nyokon.\" \/>\n<meta property=\"og:url\" content=\"https:\/\/xometry.eu\/hu\/gyartasi-szabvanyok\/\" \/>\n<meta property=\"og:site_name\" content=\"Xometry Europe\" \/>\n<meta property=\"article:modified_time\" content=\"2025-04-02T15:02:20+00:00\" \/>\n<meta name=\"twitter:card\" content=\"summary_large_image\" \/>\n<script type=\"application\/ld+json\" class=\"yoast-schema-graph\">{\"@context\":\"https:\/\/schema.org\",\"@graph\":[{\"@type\":\"WebPage\",\"@id\":\"https:\/\/xometry.eu\/hu\/gyartasi-szabvanyok\/\",\"url\":\"https:\/\/xometry.eu\/hu\/gyartasi-szabvanyok\/\",\"name\":\"Manufacturing Standards | Xometry Europe\",\"isPartOf\":{\"@id\":\"https:\/\/xometry.eu\/hu\/#website\"},\"datePublished\":\"2023-12-20T09:40:48+00:00\",\"dateModified\":\"2025-04-02T15:02:20+00:00\",\"description\":\"Ez a gy\u00e1rt\u00e1si szabv\u00e1ny oldal v\u00e9gigvezeti \u00d6nt gy\u00e1rt\u00f3 partnerh\u00e1l\u00f3zatunk \u00e9s min\u0151s\u00e9gellen\u0151rz\u0151 m\u00e9rn\u00f6keink \u00e1ltal k\u00f6vetett szabv\u00e1nyokon.\",\"breadcrumb\":{\"@id\":\"https:\/\/xometry.eu\/hu\/gyartasi-szabvanyok\/#breadcrumb\"},\"inLanguage\":\"hu\",\"potentialAction\":[{\"@type\":\"ReadAction\",\"target\":[\"https:\/\/xometry.eu\/hu\/gyartasi-szabvanyok\/\"]}]},{\"@type\":\"BreadcrumbList\",\"@id\":\"https:\/\/xometry.eu\/hu\/gyartasi-szabvanyok\/#breadcrumb\",\"itemListElement\":[{\"@type\":\"ListItem\",\"position\":1,\"name\":\"Home\",\"item\":\"https:\/\/xometry.eu\/hu\/\"},{\"@type\":\"ListItem\",\"position\":2,\"name\":\"Manufacturing Standards\"}]},{\"@type\":\"WebSite\",\"@id\":\"https:\/\/xometry.eu\/hu\/#website\",\"url\":\"https:\/\/xometry.eu\/hu\/\",\"name\":\"Xometry Europe\",\"description\":\"\",\"publisher\":{\"@id\":\"https:\/\/xometry.eu\/hu\/#organization\"},\"potentialAction\":[{\"@type\":\"SearchAction\",\"target\":{\"@type\":\"EntryPoint\",\"urlTemplate\":\"https:\/\/xometry.eu\/hu\/?s={search_term_string}\"},\"query-input\":{\"@type\":\"PropertyValueSpecification\",\"valueRequired\":true,\"valueName\":\"search_term_string\"}}],\"inLanguage\":\"hu\"}]}<\/script>\n<!-- \/ Yoast SEO Premium plugin. -->","yoast_head_json":{"title":"Manufacturing Standards | Xometry Europe","description":"Ez a gy\u00e1rt\u00e1si szabv\u00e1ny oldal v\u00e9gigvezeti \u00d6nt gy\u00e1rt\u00f3 partnerh\u00e1l\u00f3zatunk \u00e9s min\u0151s\u00e9gellen\u0151rz\u0151 m\u00e9rn\u00f6keink \u00e1ltal k\u00f6vetett szabv\u00e1nyokon.","robots":{"index":"index","follow":"follow","max-snippet":"max-snippet:-1","max-image-preview":"max-image-preview:large","max-video-preview":"max-video-preview:-1"},"canonical":"https:\/\/xometry.eu\/hu\/gyartasi-szabvanyok\/","og_locale":"hu_HU","og_type":"article","og_title":"Manufacturing Standards","og_description":"Ez a gy\u00e1rt\u00e1si szabv\u00e1ny oldal v\u00e9gigvezeti \u00d6nt gy\u00e1rt\u00f3 partnerh\u00e1l\u00f3zatunk \u00e9s min\u0151s\u00e9gellen\u0151rz\u0151 m\u00e9rn\u00f6keink \u00e1ltal k\u00f6vetett szabv\u00e1nyokon.","og_url":"https:\/\/xometry.eu\/hu\/gyartasi-szabvanyok\/","og_site_name":"Xometry Europe","article_modified_time":"2025-04-02T15:02:20+00:00","twitter_card":"summary_large_image","schema":{"@context":"https:\/\/schema.org","@graph":[{"@type":"WebPage","@id":"https:\/\/xometry.eu\/hu\/gyartasi-szabvanyok\/","url":"https:\/\/xometry.eu\/hu\/gyartasi-szabvanyok\/","name":"Manufacturing Standards | Xometry Europe","isPartOf":{"@id":"https:\/\/xometry.eu\/hu\/#website"},"datePublished":"2023-12-20T09:40:48+00:00","dateModified":"2025-04-02T15:02:20+00:00","description":"Ez a gy\u00e1rt\u00e1si szabv\u00e1ny oldal v\u00e9gigvezeti \u00d6nt gy\u00e1rt\u00f3 partnerh\u00e1l\u00f3zatunk \u00e9s min\u0151s\u00e9gellen\u0151rz\u0151 m\u00e9rn\u00f6keink \u00e1ltal k\u00f6vetett szabv\u00e1nyokon.","breadcrumb":{"@id":"https:\/\/xometry.eu\/hu\/gyartasi-szabvanyok\/#breadcrumb"},"inLanguage":"hu","potentialAction":[{"@type":"ReadAction","target":["https:\/\/xometry.eu\/hu\/gyartasi-szabvanyok\/"]}]},{"@type":"BreadcrumbList","@id":"https:\/\/xometry.eu\/hu\/gyartasi-szabvanyok\/#breadcrumb","itemListElement":[{"@type":"ListItem","position":1,"name":"Home","item":"https:\/\/xometry.eu\/hu\/"},{"@type":"ListItem","position":2,"name":"Manufacturing Standards"}]},{"@type":"WebSite","@id":"https:\/\/xometry.eu\/hu\/#website","url":"https:\/\/xometry.eu\/hu\/","name":"Xometry Europe","description":"","publisher":{"@id":"https:\/\/xometry.eu\/hu\/#organization"},"potentialAction":[{"@type":"SearchAction","target":{"@type":"EntryPoint","urlTemplate":"https:\/\/xometry.eu\/hu\/?s={search_term_string}"},"query-input":{"@type":"PropertyValueSpecification","valueRequired":true,"valueName":"search_term_string"}}],"inLanguage":"hu"}]}},"_links":{"self":[{"href":"https:\/\/xometry.eu\/hu\/wp-json\/wp\/v2\/pages\/143283","targetHints":{"allow":["GET"]}}],"collection":[{"href":"https:\/\/xometry.eu\/hu\/wp-json\/wp\/v2\/pages"}],"about":[{"href":"https:\/\/xometry.eu\/hu\/wp-json\/wp\/v2\/types\/page"}],"author":[{"embeddable":true,"href":"https:\/\/xometry.eu\/hu\/wp-json\/wp\/v2\/users\/10"}],"replies":[{"embeddable":true,"href":"https:\/\/xometry.eu\/hu\/wp-json\/wp\/v2\/comments?post=143283"}],"version-history":[{"count":7,"href":"https:\/\/xometry.eu\/hu\/wp-json\/wp\/v2\/pages\/143283\/revisions"}],"predecessor-version":[{"id":155796,"href":"https:\/\/xometry.eu\/hu\/wp-json\/wp\/v2\/pages\/143283\/revisions\/155796"}],"wp:attachment":[{"href":"https:\/\/xometry.eu\/hu\/wp-json\/wp\/v2\/media?parent=143283"}],"curies":[{"name":"wp","href":"https:\/\/api.w.org\/{rel}","templated":true}]}}