{"id":140719,"date":"2023-08-16T17:47:20","date_gmt":"2023-08-16T15:47:20","guid":{"rendered":"https:\/\/xometry.eu\/consumer-goods-industry\/"},"modified":"2024-09-13T16:29:08","modified_gmt":"2024-09-13T14:29:08","slug":"fogyasztasi-cikkek","status":"publish","type":"page","link":"https:\/\/xometry.eu\/hu\/fogyasztasi-cikkek\/","title":{"rendered":"Consumer Goods Industry"},"content":{"rendered":"","protected":false},"excerpt":{"rendered":"","protected":false},"author":14,"featured_media":115370,"parent":0,"menu_order":0,"comment_status":"closed","ping_status":"closed","template":"","meta":{"_acf_changed":false,"inline_featured_image":false,"footnotes":""},"class_list":["post-140719","page","type-page","status-publish","has-post-thumbnail","hentry"],"acf":[],"yoast_head":"<!-- This site is optimized with the Yoast SEO Premium plugin v20.5 (Yoast SEO v27.3) - https:\/\/yoast.com\/product\/yoast-seo-premium-wordpress\/ -->\n<title>Protot\u00edpusok \u00e9s gy\u00e1rt\u00e1si alkatr\u00e9szek a fogyaszt\u00e1si cikkek ipara sz\u00e1m\u00e1ra | Xometry<\/title>\n<meta name=\"description\" content=\"Gyorsabb innov\u00e1ci\u00f3 a Xometry nagy gy\u00e1rt\u00e1si kapacit\u00e1saihoz, h\u00e1l\u00f3zat\u00e1hoz \u00e9s a fogyaszt\u00e1si cikkek ipar\u00e1ban szerzett szak\u00e9rtelm\u00e9hez val\u00f3 azonnali hozz\u00e1f\u00e9r\u00e9ssel.\" \/>\n<meta name=\"robots\" content=\"index, follow, max-snippet:-1, max-image-preview:large, max-video-preview:-1\" \/>\n<link rel=\"canonical\" href=\"https:\/\/xometry.eu\/hu\/fogyasztasi-cikkek\/\" \/>\n<meta property=\"og:locale\" content=\"hu_HU\" \/>\n<meta property=\"og:type\" content=\"article\" \/>\n<meta property=\"og:title\" content=\"Consumer Goods Industry\" \/>\n<meta property=\"og:description\" content=\"Gyorsabb innov\u00e1ci\u00f3 a Xometry nagy gy\u00e1rt\u00e1si kapacit\u00e1saihoz, h\u00e1l\u00f3zat\u00e1hoz \u00e9s a fogyaszt\u00e1si cikkek ipar\u00e1ban szerzett szak\u00e9rtelm\u00e9hez val\u00f3 azonnali hozz\u00e1f\u00e9r\u00e9ssel.\" \/>\n<meta property=\"og:url\" content=\"https:\/\/xometry.eu\/hu\/fogyasztasi-cikkek\/\" \/>\n<meta property=\"og:site_name\" content=\"Xometry Europe\" \/>\n<meta property=\"article:modified_time\" content=\"2024-09-13T14:29:08+00:00\" \/>\n<meta property=\"og:image\" content=\"https:\/\/xometry.eu\/wp-content\/uploads\/2023\/08\/Consumer-Goods-Industry-scaled.jpg\" \/>\n\t<meta property=\"og:image:width\" content=\"2560\" \/>\n\t<meta property=\"og:image:height\" content=\"1920\" \/>\n\t<meta property=\"og:image:type\" content=\"image\/jpeg\" \/>\n<meta name=\"twitter:card\" content=\"summary_large_image\" \/>\n<meta name=\"twitter:label1\" content=\"Becs\u00fclt olvas\u00e1si id\u0151\" \/>\n\t<meta name=\"twitter:data1\" content=\"1 perc\" \/>\n<script type=\"application\/ld+json\" class=\"yoast-schema-graph\">{\"@context\":\"https:\\\/\\\/schema.org\",\"@graph\":[{\"@type\":\"WebPage\",\"@id\":\"https:\\\/\\\/xometry.eu\\\/hu\\\/fogyasztasi-cikkek\\\/\",\"url\":\"https:\\\/\\\/xometry.eu\\\/hu\\\/fogyasztasi-cikkek\\\/\",\"name\":\"Protot\u00edpusok \u00e9s gy\u00e1rt\u00e1si alkatr\u00e9szek a fogyaszt\u00e1si cikkek ipara sz\u00e1m\u00e1ra | Xometry\",\"isPartOf\":{\"@id\":\"https:\\\/\\\/xometry.eu\\\/hu\\\/#website\"},\"primaryImageOfPage\":{\"@id\":\"https:\\\/\\\/xometry.eu\\\/hu\\\/fogyasztasi-cikkek\\\/#primaryimage\"},\"image\":{\"@id\":\"https:\\\/\\\/xometry.eu\\\/hu\\\/fogyasztasi-cikkek\\\/#primaryimage\"},\"thumbnailUrl\":\"https:\\\/\\\/xometry.eu\\\/wp-content\\\/uploads\\\/2023\\\/08\\\/Consumer-Goods-Industry-scaled.jpg\",\"datePublished\":\"2023-08-16T15:47:20+00:00\",\"dateModified\":\"2024-09-13T14:29:08+00:00\",\"description\":\"Gyorsabb innov\u00e1ci\u00f3 a Xometry nagy gy\u00e1rt\u00e1si kapacit\u00e1saihoz, h\u00e1l\u00f3zat\u00e1hoz \u00e9s a fogyaszt\u00e1si cikkek ipar\u00e1ban szerzett szak\u00e9rtelm\u00e9hez val\u00f3 azonnali hozz\u00e1f\u00e9r\u00e9ssel.\",\"breadcrumb\":{\"@id\":\"https:\\\/\\\/xometry.eu\\\/hu\\\/fogyasztasi-cikkek\\\/#breadcrumb\"},\"inLanguage\":\"hu\",\"potentialAction\":[{\"@type\":\"ReadAction\",\"target\":[\"https:\\\/\\\/xometry.eu\\\/hu\\\/fogyasztasi-cikkek\\\/\"]}]},{\"@type\":\"ImageObject\",\"inLanguage\":\"hu\",\"@id\":\"https:\\\/\\\/xometry.eu\\\/hu\\\/fogyasztasi-cikkek\\\/#primaryimage\",\"url\":\"https:\\\/\\\/xometry.eu\\\/wp-content\\\/uploads\\\/2023\\\/08\\\/Consumer-Goods-Industry-scaled.jpg\",\"contentUrl\":\"https:\\\/\\\/xometry.eu\\\/wp-content\\\/uploads\\\/2023\\\/08\\\/Consumer-Goods-Industry-scaled.jpg\",\"width\":2560,\"height\":1920,\"caption\":\"Group of home appliances and consumer electronics isolated on white background. 3D illustration.\"},{\"@type\":\"BreadcrumbList\",\"@id\":\"https:\\\/\\\/xometry.eu\\\/hu\\\/fogyasztasi-cikkek\\\/#breadcrumb\",\"itemListElement\":[{\"@type\":\"ListItem\",\"position\":1,\"name\":\"Home\",\"item\":\"https:\\\/\\\/xometry.eu\\\/hu\\\/\"},{\"@type\":\"ListItem\",\"position\":2,\"name\":\"Consumer Goods Industry\"}]},{\"@type\":\"WebSite\",\"@id\":\"https:\\\/\\\/xometry.eu\\\/hu\\\/#website\",\"url\":\"https:\\\/\\\/xometry.eu\\\/hu\\\/\",\"name\":\"Xometry Europe\",\"description\":\"\",\"publisher\":{\"@id\":\"https:\\\/\\\/xometry.eu\\\/hu\\\/#organization\"},\"potentialAction\":[{\"@type\":\"SearchAction\",\"target\":{\"@type\":\"EntryPoint\",\"urlTemplate\":\"https:\\\/\\\/xometry.eu\\\/hu\\\/?s={search_term_string}\"},\"query-input\":{\"@type\":\"PropertyValueSpecification\",\"valueRequired\":true,\"valueName\":\"search_term_string\"}}],\"inLanguage\":\"hu\"}]}<\/script>\n<!-- \/ Yoast SEO Premium plugin. -->","yoast_head_json":{"title":"Protot\u00edpusok \u00e9s gy\u00e1rt\u00e1si alkatr\u00e9szek a fogyaszt\u00e1si cikkek ipara sz\u00e1m\u00e1ra | Xometry","description":"Gyorsabb innov\u00e1ci\u00f3 a Xometry nagy gy\u00e1rt\u00e1si kapacit\u00e1saihoz, h\u00e1l\u00f3zat\u00e1hoz \u00e9s a fogyaszt\u00e1si cikkek ipar\u00e1ban szerzett szak\u00e9rtelm\u00e9hez val\u00f3 azonnali hozz\u00e1f\u00e9r\u00e9ssel.","robots":{"index":"index","follow":"follow","max-snippet":"max-snippet:-1","max-image-preview":"max-image-preview:large","max-video-preview":"max-video-preview:-1"},"canonical":"https:\/\/xometry.eu\/hu\/fogyasztasi-cikkek\/","og_locale":"hu_HU","og_type":"article","og_title":"Consumer Goods Industry","og_description":"Gyorsabb innov\u00e1ci\u00f3 a Xometry nagy gy\u00e1rt\u00e1si kapacit\u00e1saihoz, h\u00e1l\u00f3zat\u00e1hoz \u00e9s a fogyaszt\u00e1si cikkek ipar\u00e1ban szerzett szak\u00e9rtelm\u00e9hez val\u00f3 azonnali hozz\u00e1f\u00e9r\u00e9ssel.","og_url":"https:\/\/xometry.eu\/hu\/fogyasztasi-cikkek\/","og_site_name":"Xometry Europe","article_modified_time":"2024-09-13T14:29:08+00:00","og_image":[{"width":2560,"height":1920,"url":"https:\/\/xometry.eu\/wp-content\/uploads\/2023\/08\/Consumer-Goods-Industry-scaled.jpg","type":"image\/jpeg"}],"twitter_card":"summary_large_image","twitter_misc":{"Becs\u00fclt olvas\u00e1si id\u0151":"1 perc"},"schema":{"@context":"https:\/\/schema.org","@graph":[{"@type":"WebPage","@id":"https:\/\/xometry.eu\/hu\/fogyasztasi-cikkek\/","url":"https:\/\/xometry.eu\/hu\/fogyasztasi-cikkek\/","name":"Protot\u00edpusok \u00e9s gy\u00e1rt\u00e1si alkatr\u00e9szek a fogyaszt\u00e1si cikkek ipara sz\u00e1m\u00e1ra | Xometry","isPartOf":{"@id":"https:\/\/xometry.eu\/hu\/#website"},"primaryImageOfPage":{"@id":"https:\/\/xometry.eu\/hu\/fogyasztasi-cikkek\/#primaryimage"},"image":{"@id":"https:\/\/xometry.eu\/hu\/fogyasztasi-cikkek\/#primaryimage"},"thumbnailUrl":"https:\/\/xometry.eu\/wp-content\/uploads\/2023\/08\/Consumer-Goods-Industry-scaled.jpg","datePublished":"2023-08-16T15:47:20+00:00","dateModified":"2024-09-13T14:29:08+00:00","description":"Gyorsabb innov\u00e1ci\u00f3 a Xometry nagy gy\u00e1rt\u00e1si kapacit\u00e1saihoz, h\u00e1l\u00f3zat\u00e1hoz \u00e9s a fogyaszt\u00e1si cikkek ipar\u00e1ban szerzett szak\u00e9rtelm\u00e9hez val\u00f3 azonnali hozz\u00e1f\u00e9r\u00e9ssel.","breadcrumb":{"@id":"https:\/\/xometry.eu\/hu\/fogyasztasi-cikkek\/#breadcrumb"},"inLanguage":"hu","potentialAction":[{"@type":"ReadAction","target":["https:\/\/xometry.eu\/hu\/fogyasztasi-cikkek\/"]}]},{"@type":"ImageObject","inLanguage":"hu","@id":"https:\/\/xometry.eu\/hu\/fogyasztasi-cikkek\/#primaryimage","url":"https:\/\/xometry.eu\/wp-content\/uploads\/2023\/08\/Consumer-Goods-Industry-scaled.jpg","contentUrl":"https:\/\/xometry.eu\/wp-content\/uploads\/2023\/08\/Consumer-Goods-Industry-scaled.jpg","width":2560,"height":1920,"caption":"Group of home appliances and consumer electronics isolated on white background. 3D illustration."},{"@type":"BreadcrumbList","@id":"https:\/\/xometry.eu\/hu\/fogyasztasi-cikkek\/#breadcrumb","itemListElement":[{"@type":"ListItem","position":1,"name":"Home","item":"https:\/\/xometry.eu\/hu\/"},{"@type":"ListItem","position":2,"name":"Consumer Goods Industry"}]},{"@type":"WebSite","@id":"https:\/\/xometry.eu\/hu\/#website","url":"https:\/\/xometry.eu\/hu\/","name":"Xometry Europe","description":"","publisher":{"@id":"https:\/\/xometry.eu\/hu\/#organization"},"potentialAction":[{"@type":"SearchAction","target":{"@type":"EntryPoint","urlTemplate":"https:\/\/xometry.eu\/hu\/?s={search_term_string}"},"query-input":{"@type":"PropertyValueSpecification","valueRequired":true,"valueName":"search_term_string"}}],"inLanguage":"hu"}]}},"_links":{"self":[{"href":"https:\/\/xometry.eu\/hu\/wp-json\/wp\/v2\/pages\/140719","targetHints":{"allow":["GET"]}}],"collection":[{"href":"https:\/\/xometry.eu\/hu\/wp-json\/wp\/v2\/pages"}],"about":[{"href":"https:\/\/xometry.eu\/hu\/wp-json\/wp\/v2\/types\/page"}],"author":[{"embeddable":true,"href":"https:\/\/xometry.eu\/hu\/wp-json\/wp\/v2\/users\/14"}],"replies":[{"embeddable":true,"href":"https:\/\/xometry.eu\/hu\/wp-json\/wp\/v2\/comments?post=140719"}],"version-history":[{"count":0,"href":"https:\/\/xometry.eu\/hu\/wp-json\/wp\/v2\/pages\/140719\/revisions"}],"wp:featuredmedia":[{"embeddable":true,"href":"https:\/\/xometry.eu\/hu\/wp-json\/wp\/v2\/media\/115370"}],"wp:attachment":[{"href":"https:\/\/xometry.eu\/hu\/wp-json\/wp\/v2\/media?parent=140719"}],"curies":[{"name":"wp","href":"https:\/\/api.w.org\/{rel}","templated":true}]}}