{"id":140715,"date":"2023-07-27T13:21:57","date_gmt":"2023-07-27T11:21:57","guid":{"rendered":"https:\/\/xometry.eu\/robotics-and-automation-industry\/"},"modified":"2024-09-02T14:54:15","modified_gmt":"2024-09-02T12:54:15","slug":"robotikai-es-automatizalasi","status":"publish","type":"page","link":"https:\/\/xometry.eu\/hu\/robotikai-es-automatizalasi\/","title":{"rendered":"Robotics and Automation Industry"},"content":{"rendered":"","protected":false},"excerpt":{"rendered":"","protected":false},"author":14,"featured_media":0,"parent":0,"menu_order":0,"comment_status":"closed","ping_status":"closed","template":"","meta":{"_acf_changed":false,"inline_featured_image":false,"footnotes":""},"class_list":["post-140715","page","type-page","status-publish","hentry"],"acf":[],"yoast_head":"<!-- This site is optimized with the Yoast SEO Premium plugin v20.5 (Yoast SEO v27.1.1) - https:\/\/yoast.com\/product\/yoast-seo-premium-wordpress\/ -->\n<title>Protot\u00edpusok \u00e9s gy\u00e1rt\u00e1si alkatr\u00e9szek a robotikai \u00e9s automatiz\u00e1l\u00e1si ipar sz\u00e1m\u00e1ra | Xometry<\/title>\n<meta name=\"description\" content=\"Gyors\u00edtsa fel az innov\u00e1ci\u00f3t a Xometry nagy gy\u00e1rt\u00e1si kapacit\u00e1saihoz, h\u00e1l\u00f3zat\u00e1hoz \u00e9s a robotikai \u00e9s automatiz\u00e1l\u00e1si ipar\u00e1gban szerzett szak\u00e9rtelm\u00e9hez val\u00f3 azonnali hozz\u00e1f\u00e9r\u00e9ssel.\" \/>\n<meta name=\"robots\" content=\"index, follow, max-snippet:-1, max-image-preview:large, max-video-preview:-1\" \/>\n<link rel=\"canonical\" href=\"https:\/\/xometry.eu\/hu\/robotikai-es-automatizalasi\/\" \/>\n<meta property=\"og:locale\" content=\"hu_HU\" \/>\n<meta property=\"og:type\" content=\"article\" \/>\n<meta property=\"og:title\" content=\"Robotics and Automation Industry\" \/>\n<meta property=\"og:description\" content=\"Gyors\u00edtsa fel az innov\u00e1ci\u00f3t a Xometry nagy gy\u00e1rt\u00e1si kapacit\u00e1saihoz, h\u00e1l\u00f3zat\u00e1hoz \u00e9s a robotikai \u00e9s automatiz\u00e1l\u00e1si ipar\u00e1gban szerzett szak\u00e9rtelm\u00e9hez val\u00f3 azonnali hozz\u00e1f\u00e9r\u00e9ssel.\" \/>\n<meta property=\"og:url\" content=\"https:\/\/xometry.eu\/hu\/robotikai-es-automatizalasi\/\" \/>\n<meta property=\"og:site_name\" content=\"Xometry Europe\" \/>\n<meta property=\"article:modified_time\" content=\"2024-09-02T12:54:15+00:00\" \/>\n<meta name=\"twitter:card\" content=\"summary_large_image\" \/>\n<script type=\"application\/ld+json\" class=\"yoast-schema-graph\">{\"@context\":\"https:\/\/schema.org\",\"@graph\":[{\"@type\":\"WebPage\",\"@id\":\"https:\/\/xometry.eu\/hu\/robotikai-es-automatizalasi\/\",\"url\":\"https:\/\/xometry.eu\/hu\/robotikai-es-automatizalasi\/\",\"name\":\"Protot\u00edpusok \u00e9s gy\u00e1rt\u00e1si alkatr\u00e9szek a robotikai \u00e9s automatiz\u00e1l\u00e1si ipar sz\u00e1m\u00e1ra | Xometry\",\"isPartOf\":{\"@id\":\"https:\/\/xometry.eu\/hu\/#website\"},\"datePublished\":\"2023-07-27T11:21:57+00:00\",\"dateModified\":\"2024-09-02T12:54:15+00:00\",\"description\":\"Gyors\u00edtsa fel az innov\u00e1ci\u00f3t a Xometry nagy gy\u00e1rt\u00e1si kapacit\u00e1saihoz, h\u00e1l\u00f3zat\u00e1hoz \u00e9s a robotikai \u00e9s automatiz\u00e1l\u00e1si ipar\u00e1gban szerzett szak\u00e9rtelm\u00e9hez val\u00f3 azonnali hozz\u00e1f\u00e9r\u00e9ssel.\",\"breadcrumb\":{\"@id\":\"https:\/\/xometry.eu\/hu\/robotikai-es-automatizalasi\/#breadcrumb\"},\"inLanguage\":\"hu\",\"potentialAction\":[{\"@type\":\"ReadAction\",\"target\":[\"https:\/\/xometry.eu\/hu\/robotikai-es-automatizalasi\/\"]}]},{\"@type\":\"BreadcrumbList\",\"@id\":\"https:\/\/xometry.eu\/hu\/robotikai-es-automatizalasi\/#breadcrumb\",\"itemListElement\":[{\"@type\":\"ListItem\",\"position\":1,\"name\":\"Home\",\"item\":\"https:\/\/xometry.eu\/hu\/\"},{\"@type\":\"ListItem\",\"position\":2,\"name\":\"Robotics and Automation Industry\"}]},{\"@type\":\"WebSite\",\"@id\":\"https:\/\/xometry.eu\/hu\/#website\",\"url\":\"https:\/\/xometry.eu\/hu\/\",\"name\":\"Xometry Europe\",\"description\":\"\",\"publisher\":{\"@id\":\"https:\/\/xometry.eu\/hu\/#organization\"},\"potentialAction\":[{\"@type\":\"SearchAction\",\"target\":{\"@type\":\"EntryPoint\",\"urlTemplate\":\"https:\/\/xometry.eu\/hu\/?s={search_term_string}\"},\"query-input\":{\"@type\":\"PropertyValueSpecification\",\"valueRequired\":true,\"valueName\":\"search_term_string\"}}],\"inLanguage\":\"hu\"}]}<\/script>\n<!-- \/ Yoast SEO Premium plugin. -->","yoast_head_json":{"title":"Protot\u00edpusok \u00e9s gy\u00e1rt\u00e1si alkatr\u00e9szek a robotikai \u00e9s automatiz\u00e1l\u00e1si ipar sz\u00e1m\u00e1ra | Xometry","description":"Gyors\u00edtsa fel az innov\u00e1ci\u00f3t a Xometry nagy gy\u00e1rt\u00e1si kapacit\u00e1saihoz, h\u00e1l\u00f3zat\u00e1hoz \u00e9s a robotikai \u00e9s automatiz\u00e1l\u00e1si ipar\u00e1gban szerzett szak\u00e9rtelm\u00e9hez val\u00f3 azonnali hozz\u00e1f\u00e9r\u00e9ssel.","robots":{"index":"index","follow":"follow","max-snippet":"max-snippet:-1","max-image-preview":"max-image-preview:large","max-video-preview":"max-video-preview:-1"},"canonical":"https:\/\/xometry.eu\/hu\/robotikai-es-automatizalasi\/","og_locale":"hu_HU","og_type":"article","og_title":"Robotics and Automation Industry","og_description":"Gyors\u00edtsa fel az innov\u00e1ci\u00f3t a Xometry nagy gy\u00e1rt\u00e1si kapacit\u00e1saihoz, h\u00e1l\u00f3zat\u00e1hoz \u00e9s a robotikai \u00e9s automatiz\u00e1l\u00e1si ipar\u00e1gban szerzett szak\u00e9rtelm\u00e9hez val\u00f3 azonnali hozz\u00e1f\u00e9r\u00e9ssel.","og_url":"https:\/\/xometry.eu\/hu\/robotikai-es-automatizalasi\/","og_site_name":"Xometry Europe","article_modified_time":"2024-09-02T12:54:15+00:00","twitter_card":"summary_large_image","schema":{"@context":"https:\/\/schema.org","@graph":[{"@type":"WebPage","@id":"https:\/\/xometry.eu\/hu\/robotikai-es-automatizalasi\/","url":"https:\/\/xometry.eu\/hu\/robotikai-es-automatizalasi\/","name":"Protot\u00edpusok \u00e9s gy\u00e1rt\u00e1si alkatr\u00e9szek a robotikai \u00e9s automatiz\u00e1l\u00e1si ipar sz\u00e1m\u00e1ra | Xometry","isPartOf":{"@id":"https:\/\/xometry.eu\/hu\/#website"},"datePublished":"2023-07-27T11:21:57+00:00","dateModified":"2024-09-02T12:54:15+00:00","description":"Gyors\u00edtsa fel az innov\u00e1ci\u00f3t a Xometry nagy gy\u00e1rt\u00e1si kapacit\u00e1saihoz, h\u00e1l\u00f3zat\u00e1hoz \u00e9s a robotikai \u00e9s automatiz\u00e1l\u00e1si ipar\u00e1gban szerzett szak\u00e9rtelm\u00e9hez val\u00f3 azonnali hozz\u00e1f\u00e9r\u00e9ssel.","breadcrumb":{"@id":"https:\/\/xometry.eu\/hu\/robotikai-es-automatizalasi\/#breadcrumb"},"inLanguage":"hu","potentialAction":[{"@type":"ReadAction","target":["https:\/\/xometry.eu\/hu\/robotikai-es-automatizalasi\/"]}]},{"@type":"BreadcrumbList","@id":"https:\/\/xometry.eu\/hu\/robotikai-es-automatizalasi\/#breadcrumb","itemListElement":[{"@type":"ListItem","position":1,"name":"Home","item":"https:\/\/xometry.eu\/hu\/"},{"@type":"ListItem","position":2,"name":"Robotics and Automation Industry"}]},{"@type":"WebSite","@id":"https:\/\/xometry.eu\/hu\/#website","url":"https:\/\/xometry.eu\/hu\/","name":"Xometry Europe","description":"","publisher":{"@id":"https:\/\/xometry.eu\/hu\/#organization"},"potentialAction":[{"@type":"SearchAction","target":{"@type":"EntryPoint","urlTemplate":"https:\/\/xometry.eu\/hu\/?s={search_term_string}"},"query-input":{"@type":"PropertyValueSpecification","valueRequired":true,"valueName":"search_term_string"}}],"inLanguage":"hu"}]}},"_links":{"self":[{"href":"https:\/\/xometry.eu\/hu\/wp-json\/wp\/v2\/pages\/140715","targetHints":{"allow":["GET"]}}],"collection":[{"href":"https:\/\/xometry.eu\/hu\/wp-json\/wp\/v2\/pages"}],"about":[{"href":"https:\/\/xometry.eu\/hu\/wp-json\/wp\/v2\/types\/page"}],"author":[{"embeddable":true,"href":"https:\/\/xometry.eu\/hu\/wp-json\/wp\/v2\/users\/14"}],"replies":[{"embeddable":true,"href":"https:\/\/xometry.eu\/hu\/wp-json\/wp\/v2\/comments?post=140715"}],"version-history":[{"count":0,"href":"https:\/\/xometry.eu\/hu\/wp-json\/wp\/v2\/pages\/140715\/revisions"}],"wp:attachment":[{"href":"https:\/\/xometry.eu\/hu\/wp-json\/wp\/v2\/media?parent=140715"}],"curies":[{"name":"wp","href":"https:\/\/api.w.org\/{rel}","templated":true}]}}