{"id":140578,"date":"2022-11-18T15:19:46","date_gmt":"2022-11-18T13:19:46","guid":{"rendered":"https:\/\/xometry.eu\/compression-moulding\/"},"modified":"2026-02-03T13:51:15","modified_gmt":"2026-02-03T11:51:15","slug":"froccssajtolas","status":"publish","type":"page","link":"https:\/\/xometry.eu\/hu\/froccssajtolas\/","title":{"rendered":"Compression Moulding"},"content":{"rendered":"","protected":false},"excerpt":{"rendered":"","protected":false},"author":10,"featured_media":78484,"parent":0,"menu_order":0,"comment_status":"closed","ping_status":"closed","template":"","meta":{"_acf_changed":false,"inline_featured_image":false,"footnotes":""},"class_list":["post-140578","page","type-page","status-publish","has-post-thumbnail","hentry"],"acf":[],"yoast_head":"<!-- This site is optimized with the Yoast SEO Premium plugin v20.5 (Yoast SEO v27.1.1) - https:\/\/yoast.com\/product\/yoast-seo-premium-wordpress\/ -->\n<title>Fr\u00f6ccssajtol\u00e1si szolg\u00e1ltat\u00e1sok| Xometry Europe<\/title>\n<meta name=\"description\" content=\"Szilikon alkatr\u00e9szek egyedi pr\u00e9sel\u00e9si szolg\u00e1ltat\u00e1sai. A Xometry \u00f6nt\u0151ipari besz\u00e1ll\u00edt\u00f3i h\u00e1l\u00f3zata vezet\u0151 szerepet t\u00f6lt be a protot\u00edpus- \u00e9s kissz\u00e9ri\u00e1s gy\u00e1rt\u00e1sban\" \/>\n<meta name=\"robots\" content=\"index, follow, max-snippet:-1, max-image-preview:large, max-video-preview:-1\" \/>\n<link rel=\"canonical\" href=\"https:\/\/xometry.eu\/hu\/froccssajtolas\/\" \/>\n<meta property=\"og:locale\" content=\"hu_HU\" \/>\n<meta property=\"og:type\" content=\"article\" \/>\n<meta property=\"og:title\" content=\"Compression Moulding\" \/>\n<meta property=\"og:description\" content=\"Szilikon alkatr\u00e9szek egyedi pr\u00e9sel\u00e9si szolg\u00e1ltat\u00e1sai. A Xometry \u00f6nt\u0151ipari besz\u00e1ll\u00edt\u00f3i h\u00e1l\u00f3zata vezet\u0151 szerepet t\u00f6lt be a protot\u00edpus- \u00e9s kissz\u00e9ri\u00e1s gy\u00e1rt\u00e1sban\" \/>\n<meta property=\"og:url\" content=\"https:\/\/xometry.eu\/hu\/froccssajtolas\/\" \/>\n<meta property=\"og:site_name\" content=\"Xometry Europe\" \/>\n<meta property=\"article:modified_time\" content=\"2026-02-03T11:51:15+00:00\" \/>\n<meta property=\"og:image\" content=\"http:\/\/xometry.eu\/wp-content\/uploads\/2023\/02\/EN-Compression-Moulding-service-page-1440x738.jpg\" \/>\n<meta name=\"twitter:card\" content=\"summary_large_image\" \/>\n<script type=\"application\/ld+json\" class=\"yoast-schema-graph\">{\"@context\":\"https:\/\/schema.org\",\"@graph\":[{\"@type\":\"WebPage\",\"@id\":\"https:\/\/xometry.eu\/hu\/froccssajtolas\/\",\"url\":\"https:\/\/xometry.eu\/hu\/froccssajtolas\/\",\"name\":\"Fr\u00f6ccssajtol\u00e1si szolg\u00e1ltat\u00e1sok| Xometry Europe\",\"isPartOf\":{\"@id\":\"https:\/\/xometry.eu\/hu\/#website\"},\"primaryImageOfPage\":{\"@id\":\"https:\/\/xometry.eu\/hu\/froccssajtolas\/#primaryimage\"},\"image\":{\"@id\":\"https:\/\/xometry.eu\/hu\/froccssajtolas\/#primaryimage\"},\"thumbnailUrl\":\"https:\/\/xometry.eu\/wp-content\/uploads\/2022\/11\/AdobeStock_453326437.jpeg\",\"datePublished\":\"2022-11-18T13:19:46+00:00\",\"dateModified\":\"2026-02-03T11:51:15+00:00\",\"description\":\"Szilikon alkatr\u00e9szek egyedi pr\u00e9sel\u00e9si szolg\u00e1ltat\u00e1sai. A Xometry \u00f6nt\u0151ipari besz\u00e1ll\u00edt\u00f3i h\u00e1l\u00f3zata vezet\u0151 szerepet t\u00f6lt be a protot\u00edpus- \u00e9s kissz\u00e9ri\u00e1s gy\u00e1rt\u00e1sban\",\"breadcrumb\":{\"@id\":\"https:\/\/xometry.eu\/hu\/froccssajtolas\/#breadcrumb\"},\"inLanguage\":\"hu\",\"potentialAction\":[{\"@type\":\"ReadAction\",\"target\":[\"https:\/\/xometry.eu\/hu\/froccssajtolas\/\"]}]},{\"@type\":\"ImageObject\",\"inLanguage\":\"hu\",\"@id\":\"https:\/\/xometry.eu\/hu\/froccssajtolas\/#primaryimage\",\"url\":\"https:\/\/xometry.eu\/wp-content\/uploads\/2022\/11\/AdobeStock_453326437.jpeg\",\"contentUrl\":\"https:\/\/xometry.eu\/wp-content\/uploads\/2022\/11\/AdobeStock_453326437.jpeg\",\"width\":1500,\"height\":1001,\"caption\":\"Various compression molded rubber sample parts made from manufacturing process in industrial e.g. plug cover cap pipe tube pedal nozzle connector and automobile parts other\"},{\"@type\":\"BreadcrumbList\",\"@id\":\"https:\/\/xometry.eu\/hu\/froccssajtolas\/#breadcrumb\",\"itemListElement\":[{\"@type\":\"ListItem\",\"position\":1,\"name\":\"Home\",\"item\":\"https:\/\/xometry.eu\/hu\/\"},{\"@type\":\"ListItem\",\"position\":2,\"name\":\"Compression Moulding\"}]},{\"@type\":\"WebSite\",\"@id\":\"https:\/\/xometry.eu\/hu\/#website\",\"url\":\"https:\/\/xometry.eu\/hu\/\",\"name\":\"Xometry Europe\",\"description\":\"\",\"publisher\":{\"@id\":\"https:\/\/xometry.eu\/hu\/#organization\"},\"potentialAction\":[{\"@type\":\"SearchAction\",\"target\":{\"@type\":\"EntryPoint\",\"urlTemplate\":\"https:\/\/xometry.eu\/hu\/?s={search_term_string}\"},\"query-input\":{\"@type\":\"PropertyValueSpecification\",\"valueRequired\":true,\"valueName\":\"search_term_string\"}}],\"inLanguage\":\"hu\"}]}<\/script>\n<!-- \/ Yoast SEO Premium plugin. -->","yoast_head_json":{"title":"Fr\u00f6ccssajtol\u00e1si szolg\u00e1ltat\u00e1sok| Xometry Europe","description":"Szilikon alkatr\u00e9szek egyedi pr\u00e9sel\u00e9si szolg\u00e1ltat\u00e1sai. A Xometry \u00f6nt\u0151ipari besz\u00e1ll\u00edt\u00f3i h\u00e1l\u00f3zata vezet\u0151 szerepet t\u00f6lt be a protot\u00edpus- \u00e9s kissz\u00e9ri\u00e1s gy\u00e1rt\u00e1sban","robots":{"index":"index","follow":"follow","max-snippet":"max-snippet:-1","max-image-preview":"max-image-preview:large","max-video-preview":"max-video-preview:-1"},"canonical":"https:\/\/xometry.eu\/hu\/froccssajtolas\/","og_locale":"hu_HU","og_type":"article","og_title":"Compression Moulding","og_description":"Szilikon alkatr\u00e9szek egyedi pr\u00e9sel\u00e9si szolg\u00e1ltat\u00e1sai. A Xometry \u00f6nt\u0151ipari besz\u00e1ll\u00edt\u00f3i h\u00e1l\u00f3zata vezet\u0151 szerepet t\u00f6lt be a protot\u00edpus- \u00e9s kissz\u00e9ri\u00e1s gy\u00e1rt\u00e1sban","og_url":"https:\/\/xometry.eu\/hu\/froccssajtolas\/","og_site_name":"Xometry Europe","article_modified_time":"2026-02-03T11:51:15+00:00","og_image":[{"url":"http:\/\/xometry.eu\/wp-content\/uploads\/2023\/02\/EN-Compression-Moulding-service-page-1440x738.jpg","type":"","width":"","height":""}],"twitter_card":"summary_large_image","schema":{"@context":"https:\/\/schema.org","@graph":[{"@type":"WebPage","@id":"https:\/\/xometry.eu\/hu\/froccssajtolas\/","url":"https:\/\/xometry.eu\/hu\/froccssajtolas\/","name":"Fr\u00f6ccssajtol\u00e1si szolg\u00e1ltat\u00e1sok| Xometry Europe","isPartOf":{"@id":"https:\/\/xometry.eu\/hu\/#website"},"primaryImageOfPage":{"@id":"https:\/\/xometry.eu\/hu\/froccssajtolas\/#primaryimage"},"image":{"@id":"https:\/\/xometry.eu\/hu\/froccssajtolas\/#primaryimage"},"thumbnailUrl":"https:\/\/xometry.eu\/wp-content\/uploads\/2022\/11\/AdobeStock_453326437.jpeg","datePublished":"2022-11-18T13:19:46+00:00","dateModified":"2026-02-03T11:51:15+00:00","description":"Szilikon alkatr\u00e9szek egyedi pr\u00e9sel\u00e9si szolg\u00e1ltat\u00e1sai. A Xometry \u00f6nt\u0151ipari besz\u00e1ll\u00edt\u00f3i h\u00e1l\u00f3zata vezet\u0151 szerepet t\u00f6lt be a protot\u00edpus- \u00e9s kissz\u00e9ri\u00e1s gy\u00e1rt\u00e1sban","breadcrumb":{"@id":"https:\/\/xometry.eu\/hu\/froccssajtolas\/#breadcrumb"},"inLanguage":"hu","potentialAction":[{"@type":"ReadAction","target":["https:\/\/xometry.eu\/hu\/froccssajtolas\/"]}]},{"@type":"ImageObject","inLanguage":"hu","@id":"https:\/\/xometry.eu\/hu\/froccssajtolas\/#primaryimage","url":"https:\/\/xometry.eu\/wp-content\/uploads\/2022\/11\/AdobeStock_453326437.jpeg","contentUrl":"https:\/\/xometry.eu\/wp-content\/uploads\/2022\/11\/AdobeStock_453326437.jpeg","width":1500,"height":1001,"caption":"Various compression molded rubber sample parts made from manufacturing process in industrial e.g. plug cover cap pipe tube pedal nozzle connector and automobile parts other"},{"@type":"BreadcrumbList","@id":"https:\/\/xometry.eu\/hu\/froccssajtolas\/#breadcrumb","itemListElement":[{"@type":"ListItem","position":1,"name":"Home","item":"https:\/\/xometry.eu\/hu\/"},{"@type":"ListItem","position":2,"name":"Compression Moulding"}]},{"@type":"WebSite","@id":"https:\/\/xometry.eu\/hu\/#website","url":"https:\/\/xometry.eu\/hu\/","name":"Xometry Europe","description":"","publisher":{"@id":"https:\/\/xometry.eu\/hu\/#organization"},"potentialAction":[{"@type":"SearchAction","target":{"@type":"EntryPoint","urlTemplate":"https:\/\/xometry.eu\/hu\/?s={search_term_string}"},"query-input":{"@type":"PropertyValueSpecification","valueRequired":true,"valueName":"search_term_string"}}],"inLanguage":"hu"}]}},"_links":{"self":[{"href":"https:\/\/xometry.eu\/hu\/wp-json\/wp\/v2\/pages\/140578","targetHints":{"allow":["GET"]}}],"collection":[{"href":"https:\/\/xometry.eu\/hu\/wp-json\/wp\/v2\/pages"}],"about":[{"href":"https:\/\/xometry.eu\/hu\/wp-json\/wp\/v2\/types\/page"}],"author":[{"embeddable":true,"href":"https:\/\/xometry.eu\/hu\/wp-json\/wp\/v2\/users\/10"}],"replies":[{"embeddable":true,"href":"https:\/\/xometry.eu\/hu\/wp-json\/wp\/v2\/comments?post=140578"}],"version-history":[{"count":2,"href":"https:\/\/xometry.eu\/hu\/wp-json\/wp\/v2\/pages\/140578\/revisions"}],"predecessor-version":[{"id":169672,"href":"https:\/\/xometry.eu\/hu\/wp-json\/wp\/v2\/pages\/140578\/revisions\/169672"}],"wp:featuredmedia":[{"embeddable":true,"href":"https:\/\/xometry.eu\/hu\/wp-json\/wp\/v2\/media\/78484"}],"wp:attachment":[{"href":"https:\/\/xometry.eu\/hu\/wp-json\/wp\/v2\/media?parent=140578"}],"curies":[{"name":"wp","href":"https:\/\/api.w.org\/{rel}","templated":true}]}}