{"id":140566,"date":"2022-10-07T14:39:39","date_gmt":"2022-10-07T12:39:39","guid":{"rendered":"https:\/\/xometry.eu\/vacuum-casting\/"},"modified":"2026-02-04T12:42:37","modified_gmt":"2026-02-04T10:42:37","slug":"vakuumontes","status":"publish","type":"page","link":"https:\/\/xometry.eu\/hu\/vakuumontes\/","title":{"rendered":"Vacuum Casting"},"content":{"rendered":"","protected":false},"excerpt":{"rendered":"","protected":false},"author":10,"featured_media":100807,"parent":0,"menu_order":0,"comment_status":"closed","ping_status":"closed","template":"","meta":{"_acf_changed":false,"inline_featured_image":false,"footnotes":""},"class_list":["post-140566","page","type-page","status-publish","has-post-thumbnail","hentry"],"acf":[],"yoast_head":"<!-- This site is optimized with the Yoast SEO Premium plugin v20.5 (Yoast SEO v27.3) - https:\/\/yoast.com\/product\/yoast-seo-premium-wordpress\/ -->\n<title>V\u00e1kuum\u00f6nt\u00e9si szolg\u00e1ltat\u00e1sok | Xometry Europe<\/title>\n<meta name=\"description\" content=\"A Xometry v\u00e1kuum\u00f6nt\u00e9si szolg\u00e1ltat\u00e1sokat k\u00edn\u00e1l, egy olyan elj\u00e1r\u00e1st, amely k\u00f6lts\u00e9ghat\u00e9kony, gy\u00e1rt\u00e1si min\u0151s\u00e9g\u0171 v\u00e1kuum\u00f6nt\u00f6tt alkatr\u00e9szeket eredm\u00e9nyez.\" \/>\n<meta name=\"robots\" content=\"index, follow, max-snippet:-1, max-image-preview:large, max-video-preview:-1\" \/>\n<link rel=\"canonical\" href=\"https:\/\/xometry.eu\/hu\/vakuumontes\/\" \/>\n<meta property=\"og:locale\" content=\"hu_HU\" \/>\n<meta property=\"og:type\" content=\"article\" \/>\n<meta property=\"og:title\" content=\"Vacuum Casting\" \/>\n<meta property=\"og:description\" content=\"A Xometry v\u00e1kuum\u00f6nt\u00e9si szolg\u00e1ltat\u00e1sokat k\u00edn\u00e1l, egy olyan elj\u00e1r\u00e1st, amely k\u00f6lts\u00e9ghat\u00e9kony, gy\u00e1rt\u00e1si min\u0151s\u00e9g\u0171 v\u00e1kuum\u00f6nt\u00f6tt alkatr\u00e9szeket eredm\u00e9nyez.\" \/>\n<meta property=\"og:url\" content=\"https:\/\/xometry.eu\/hu\/vakuumontes\/\" \/>\n<meta property=\"og:site_name\" content=\"Xometry Europe\" \/>\n<meta property=\"article:modified_time\" content=\"2026-02-04T10:42:37+00:00\" \/>\n<meta property=\"og:image\" content=\"http:\/\/xometry.eu\/wp-content\/uploads\/2023\/02\/EN-Vacuum-Casting-service-page-1440x738.jpg\" \/>\n<meta name=\"twitter:card\" content=\"summary_large_image\" \/>\n<script type=\"application\/ld+json\" class=\"yoast-schema-graph\">{\"@context\":\"https:\\\/\\\/schema.org\",\"@graph\":[{\"@type\":\"WebPage\",\"@id\":\"https:\\\/\\\/xometry.eu\\\/hu\\\/vakuumontes\\\/\",\"url\":\"https:\\\/\\\/xometry.eu\\\/hu\\\/vakuumontes\\\/\",\"name\":\"V\u00e1kuum\u00f6nt\u00e9si szolg\u00e1ltat\u00e1sok | Xometry Europe\",\"isPartOf\":{\"@id\":\"https:\\\/\\\/xometry.eu\\\/hu\\\/#website\"},\"primaryImageOfPage\":{\"@id\":\"https:\\\/\\\/xometry.eu\\\/hu\\\/vakuumontes\\\/#primaryimage\"},\"image\":{\"@id\":\"https:\\\/\\\/xometry.eu\\\/hu\\\/vakuumontes\\\/#primaryimage\"},\"thumbnailUrl\":\"https:\\\/\\\/xometry.eu\\\/wp-content\\\/uploads\\\/2023\\\/04\\\/Copy-of-Xometry_Photos_Parts_UrethaneCasting-scaled.jpg\",\"datePublished\":\"2022-10-07T12:39:39+00:00\",\"dateModified\":\"2026-02-04T10:42:37+00:00\",\"description\":\"A Xometry v\u00e1kuum\u00f6nt\u00e9si szolg\u00e1ltat\u00e1sokat k\u00edn\u00e1l, egy olyan elj\u00e1r\u00e1st, amely k\u00f6lts\u00e9ghat\u00e9kony, gy\u00e1rt\u00e1si min\u0151s\u00e9g\u0171 v\u00e1kuum\u00f6nt\u00f6tt alkatr\u00e9szeket eredm\u00e9nyez.\",\"breadcrumb\":{\"@id\":\"https:\\\/\\\/xometry.eu\\\/hu\\\/vakuumontes\\\/#breadcrumb\"},\"inLanguage\":\"hu\",\"potentialAction\":[{\"@type\":\"ReadAction\",\"target\":[\"https:\\\/\\\/xometry.eu\\\/hu\\\/vakuumontes\\\/\"]}]},{\"@type\":\"ImageObject\",\"inLanguage\":\"hu\",\"@id\":\"https:\\\/\\\/xometry.eu\\\/hu\\\/vakuumontes\\\/#primaryimage\",\"url\":\"https:\\\/\\\/xometry.eu\\\/wp-content\\\/uploads\\\/2023\\\/04\\\/Copy-of-Xometry_Photos_Parts_UrethaneCasting-scaled.jpg\",\"contentUrl\":\"https:\\\/\\\/xometry.eu\\\/wp-content\\\/uploads\\\/2023\\\/04\\\/Copy-of-Xometry_Photos_Parts_UrethaneCasting-scaled.jpg\",\"width\":2560,\"height\":1920},{\"@type\":\"BreadcrumbList\",\"@id\":\"https:\\\/\\\/xometry.eu\\\/hu\\\/vakuumontes\\\/#breadcrumb\",\"itemListElement\":[{\"@type\":\"ListItem\",\"position\":1,\"name\":\"Home\",\"item\":\"https:\\\/\\\/xometry.eu\\\/hu\\\/\"},{\"@type\":\"ListItem\",\"position\":2,\"name\":\"Vacuum Casting\"}]},{\"@type\":\"WebSite\",\"@id\":\"https:\\\/\\\/xometry.eu\\\/hu\\\/#website\",\"url\":\"https:\\\/\\\/xometry.eu\\\/hu\\\/\",\"name\":\"Xometry Europe\",\"description\":\"\",\"publisher\":{\"@id\":\"https:\\\/\\\/xometry.eu\\\/hu\\\/#organization\"},\"potentialAction\":[{\"@type\":\"SearchAction\",\"target\":{\"@type\":\"EntryPoint\",\"urlTemplate\":\"https:\\\/\\\/xometry.eu\\\/hu\\\/?s={search_term_string}\"},\"query-input\":{\"@type\":\"PropertyValueSpecification\",\"valueRequired\":true,\"valueName\":\"search_term_string\"}}],\"inLanguage\":\"hu\"}]}<\/script>\n<!-- \/ Yoast SEO Premium plugin. -->","yoast_head_json":{"title":"V\u00e1kuum\u00f6nt\u00e9si szolg\u00e1ltat\u00e1sok | Xometry Europe","description":"A Xometry v\u00e1kuum\u00f6nt\u00e9si szolg\u00e1ltat\u00e1sokat k\u00edn\u00e1l, egy olyan elj\u00e1r\u00e1st, amely k\u00f6lts\u00e9ghat\u00e9kony, gy\u00e1rt\u00e1si min\u0151s\u00e9g\u0171 v\u00e1kuum\u00f6nt\u00f6tt alkatr\u00e9szeket eredm\u00e9nyez.","robots":{"index":"index","follow":"follow","max-snippet":"max-snippet:-1","max-image-preview":"max-image-preview:large","max-video-preview":"max-video-preview:-1"},"canonical":"https:\/\/xometry.eu\/hu\/vakuumontes\/","og_locale":"hu_HU","og_type":"article","og_title":"Vacuum Casting","og_description":"A Xometry v\u00e1kuum\u00f6nt\u00e9si szolg\u00e1ltat\u00e1sokat k\u00edn\u00e1l, egy olyan elj\u00e1r\u00e1st, amely k\u00f6lts\u00e9ghat\u00e9kony, gy\u00e1rt\u00e1si min\u0151s\u00e9g\u0171 v\u00e1kuum\u00f6nt\u00f6tt alkatr\u00e9szeket eredm\u00e9nyez.","og_url":"https:\/\/xometry.eu\/hu\/vakuumontes\/","og_site_name":"Xometry Europe","article_modified_time":"2026-02-04T10:42:37+00:00","og_image":[{"url":"http:\/\/xometry.eu\/wp-content\/uploads\/2023\/02\/EN-Vacuum-Casting-service-page-1440x738.jpg","type":"","width":"","height":""}],"twitter_card":"summary_large_image","schema":{"@context":"https:\/\/schema.org","@graph":[{"@type":"WebPage","@id":"https:\/\/xometry.eu\/hu\/vakuumontes\/","url":"https:\/\/xometry.eu\/hu\/vakuumontes\/","name":"V\u00e1kuum\u00f6nt\u00e9si szolg\u00e1ltat\u00e1sok | Xometry Europe","isPartOf":{"@id":"https:\/\/xometry.eu\/hu\/#website"},"primaryImageOfPage":{"@id":"https:\/\/xometry.eu\/hu\/vakuumontes\/#primaryimage"},"image":{"@id":"https:\/\/xometry.eu\/hu\/vakuumontes\/#primaryimage"},"thumbnailUrl":"https:\/\/xometry.eu\/wp-content\/uploads\/2023\/04\/Copy-of-Xometry_Photos_Parts_UrethaneCasting-scaled.jpg","datePublished":"2022-10-07T12:39:39+00:00","dateModified":"2026-02-04T10:42:37+00:00","description":"A Xometry v\u00e1kuum\u00f6nt\u00e9si szolg\u00e1ltat\u00e1sokat k\u00edn\u00e1l, egy olyan elj\u00e1r\u00e1st, amely k\u00f6lts\u00e9ghat\u00e9kony, gy\u00e1rt\u00e1si min\u0151s\u00e9g\u0171 v\u00e1kuum\u00f6nt\u00f6tt alkatr\u00e9szeket eredm\u00e9nyez.","breadcrumb":{"@id":"https:\/\/xometry.eu\/hu\/vakuumontes\/#breadcrumb"},"inLanguage":"hu","potentialAction":[{"@type":"ReadAction","target":["https:\/\/xometry.eu\/hu\/vakuumontes\/"]}]},{"@type":"ImageObject","inLanguage":"hu","@id":"https:\/\/xometry.eu\/hu\/vakuumontes\/#primaryimage","url":"https:\/\/xometry.eu\/wp-content\/uploads\/2023\/04\/Copy-of-Xometry_Photos_Parts_UrethaneCasting-scaled.jpg","contentUrl":"https:\/\/xometry.eu\/wp-content\/uploads\/2023\/04\/Copy-of-Xometry_Photos_Parts_UrethaneCasting-scaled.jpg","width":2560,"height":1920},{"@type":"BreadcrumbList","@id":"https:\/\/xometry.eu\/hu\/vakuumontes\/#breadcrumb","itemListElement":[{"@type":"ListItem","position":1,"name":"Home","item":"https:\/\/xometry.eu\/hu\/"},{"@type":"ListItem","position":2,"name":"Vacuum Casting"}]},{"@type":"WebSite","@id":"https:\/\/xometry.eu\/hu\/#website","url":"https:\/\/xometry.eu\/hu\/","name":"Xometry Europe","description":"","publisher":{"@id":"https:\/\/xometry.eu\/hu\/#organization"},"potentialAction":[{"@type":"SearchAction","target":{"@type":"EntryPoint","urlTemplate":"https:\/\/xometry.eu\/hu\/?s={search_term_string}"},"query-input":{"@type":"PropertyValueSpecification","valueRequired":true,"valueName":"search_term_string"}}],"inLanguage":"hu"}]}},"_links":{"self":[{"href":"https:\/\/xometry.eu\/hu\/wp-json\/wp\/v2\/pages\/140566","targetHints":{"allow":["GET"]}}],"collection":[{"href":"https:\/\/xometry.eu\/hu\/wp-json\/wp\/v2\/pages"}],"about":[{"href":"https:\/\/xometry.eu\/hu\/wp-json\/wp\/v2\/types\/page"}],"author":[{"embeddable":true,"href":"https:\/\/xometry.eu\/hu\/wp-json\/wp\/v2\/users\/10"}],"replies":[{"embeddable":true,"href":"https:\/\/xometry.eu\/hu\/wp-json\/wp\/v2\/comments?post=140566"}],"version-history":[{"count":0,"href":"https:\/\/xometry.eu\/hu\/wp-json\/wp\/v2\/pages\/140566\/revisions"}],"wp:featuredmedia":[{"embeddable":true,"href":"https:\/\/xometry.eu\/hu\/wp-json\/wp\/v2\/media\/100807"}],"wp:attachment":[{"href":"https:\/\/xometry.eu\/hu\/wp-json\/wp\/v2\/media?parent=140566"}],"curies":[{"name":"wp","href":"https:\/\/api.w.org\/{rel}","templated":true}]}}