{"id":140523,"date":"2020-07-15T07:20:26","date_gmt":"2020-07-15T07:20:26","guid":{"rendered":"https:\/\/xometry.eu\/carbon-dls\/"},"modified":"2026-02-02T14:17:58","modified_gmt":"2026-02-02T12:17:58","slug":"carbon-dls","status":"publish","type":"page","link":"https:\/\/xometry.eu\/hu\/carbon-dls\/","title":{"rendered":"Carbon DLS\u2122 3D Printing"},"content":{"rendered":"","protected":false},"excerpt":{"rendered":"","protected":false},"author":3,"featured_media":51267,"parent":0,"menu_order":0,"comment_status":"closed","ping_status":"closed","template":"","meta":{"_acf_changed":false,"inline_featured_image":false,"footnotes":""},"class_list":["post-140523","page","type-page","status-publish","has-post-thumbnail","hentry"],"acf":[],"yoast_head":"<!-- This site is optimized with the Yoast SEO Premium plugin v20.5 (Yoast SEO v27.3) - https:\/\/yoast.com\/product\/yoast-seo-premium-wordpress\/ -->\n<title>Carbon DLS\u2122 3D nyomtat\u00e1si szolg\u00e1ltat\u00e1sok | Xometry Europe<\/title>\n<meta name=\"description\" content=\"Kiv\u00e1l\u00f3 Carbon DLS 3D nyomtat\u00e1si szolg\u00e1ltat\u00e1sok: protot\u00edpusok \u00e9s sorozatgy\u00e1rt\u00e1s\u00fa alkatr\u00e9szek. T\u00f6ltse fel 3D modelljeit, hogy azonnali \u00e1raj\u00e1nlatot kapjon!\" \/>\n<meta name=\"robots\" content=\"index, follow, max-snippet:-1, max-image-preview:large, max-video-preview:-1\" \/>\n<link rel=\"canonical\" href=\"https:\/\/xometry.eu\/hu\/carbon-dls\/\" \/>\n<meta property=\"og:locale\" content=\"hu_HU\" \/>\n<meta property=\"og:type\" content=\"article\" \/>\n<meta property=\"og:title\" content=\"Carbon DLS 3D Printing Services Online | 5 Days Production | Xometry Europe\" \/>\n<meta property=\"og:description\" content=\"Top-notch Carbon DSL 3D printing services: prototypes and series of parts. Upload your 3D models to get an instant quote!\" \/>\n<meta property=\"og:url\" content=\"https:\/\/xometry.eu\/hu\/carbon-dls\/\" \/>\n<meta property=\"og:site_name\" content=\"Xometry Europe\" \/>\n<meta property=\"article:modified_time\" content=\"2026-02-02T12:17:58+00:00\" \/>\n<meta property=\"og:image\" content=\"http:\/\/xometry.eu\/wp-content\/uploads\/2023\/02\/EN-Carbon-DLS-service-page-1440x738.jpg\" \/>\n<meta name=\"twitter:card\" content=\"summary_large_image\" \/>\n<meta name=\"twitter:title\" content=\"Carbon DLS\u2122 3D Printing\" \/>\n<meta name=\"twitter:image\" content=\"http:\/\/xometry.eu\/wp-content\/uploads\/2023\/02\/EN-Carbon-DLS-service-page-1440x738.jpg\" \/>\n<script type=\"application\/ld+json\" class=\"yoast-schema-graph\">{\"@context\":\"https:\\\/\\\/schema.org\",\"@graph\":[{\"@type\":\"WebPage\",\"@id\":\"https:\\\/\\\/xometry.eu\\\/hu\\\/carbon-dls\\\/\",\"url\":\"https:\\\/\\\/xometry.eu\\\/hu\\\/carbon-dls\\\/\",\"name\":\"Carbon DLS\u2122 3D nyomtat\u00e1si szolg\u00e1ltat\u00e1sok | Xometry Europe\",\"isPartOf\":{\"@id\":\"https:\\\/\\\/xometry.eu\\\/hu\\\/#website\"},\"primaryImageOfPage\":{\"@id\":\"https:\\\/\\\/xometry.eu\\\/hu\\\/carbon-dls\\\/#primaryimage\"},\"image\":{\"@id\":\"https:\\\/\\\/xometry.eu\\\/hu\\\/carbon-dls\\\/#primaryimage\"},\"thumbnailUrl\":\"https:\\\/\\\/xometry.eu\\\/wp-content\\\/uploads\\\/2020\\\/07\\\/image-000.jpg\",\"datePublished\":\"2020-07-15T07:20:26+00:00\",\"dateModified\":\"2026-02-02T12:17:58+00:00\",\"description\":\"Kiv\u00e1l\u00f3 Carbon DLS 3D nyomtat\u00e1si szolg\u00e1ltat\u00e1sok: protot\u00edpusok \u00e9s sorozatgy\u00e1rt\u00e1s\u00fa alkatr\u00e9szek. T\u00f6ltse fel 3D modelljeit, hogy azonnali \u00e1raj\u00e1nlatot kapjon!\",\"breadcrumb\":{\"@id\":\"https:\\\/\\\/xometry.eu\\\/hu\\\/carbon-dls\\\/#breadcrumb\"},\"inLanguage\":\"hu\",\"potentialAction\":[{\"@type\":\"ReadAction\",\"target\":[\"https:\\\/\\\/xometry.eu\\\/hu\\\/carbon-dls\\\/\"]}]},{\"@type\":\"ImageObject\",\"inLanguage\":\"hu\",\"@id\":\"https:\\\/\\\/xometry.eu\\\/hu\\\/carbon-dls\\\/#primaryimage\",\"url\":\"https:\\\/\\\/xometry.eu\\\/wp-content\\\/uploads\\\/2020\\\/07\\\/image-000.jpg\",\"contentUrl\":\"https:\\\/\\\/xometry.eu\\\/wp-content\\\/uploads\\\/2020\\\/07\\\/image-000.jpg\",\"width\":916,\"height\":710,\"caption\":\"Carbon DLS 3D printed part\"},{\"@type\":\"BreadcrumbList\",\"@id\":\"https:\\\/\\\/xometry.eu\\\/hu\\\/carbon-dls\\\/#breadcrumb\",\"itemListElement\":[{\"@type\":\"ListItem\",\"position\":1,\"name\":\"Home\",\"item\":\"https:\\\/\\\/xometry.eu\\\/hu\\\/\"},{\"@type\":\"ListItem\",\"position\":2,\"name\":\"Carbon DLS\u2122 3D Printing\"}]},{\"@type\":\"WebSite\",\"@id\":\"https:\\\/\\\/xometry.eu\\\/hu\\\/#website\",\"url\":\"https:\\\/\\\/xometry.eu\\\/hu\\\/\",\"name\":\"Xometry Europe\",\"description\":\"\",\"publisher\":{\"@id\":\"https:\\\/\\\/xometry.eu\\\/hu\\\/#organization\"},\"potentialAction\":[{\"@type\":\"SearchAction\",\"target\":{\"@type\":\"EntryPoint\",\"urlTemplate\":\"https:\\\/\\\/xometry.eu\\\/hu\\\/?s={search_term_string}\"},\"query-input\":{\"@type\":\"PropertyValueSpecification\",\"valueRequired\":true,\"valueName\":\"search_term_string\"}}],\"inLanguage\":\"hu\"}]}<\/script>\n<!-- \/ Yoast SEO Premium plugin. -->","yoast_head_json":{"title":"Carbon DLS\u2122 3D nyomtat\u00e1si szolg\u00e1ltat\u00e1sok | Xometry Europe","description":"Kiv\u00e1l\u00f3 Carbon DLS 3D nyomtat\u00e1si szolg\u00e1ltat\u00e1sok: protot\u00edpusok \u00e9s sorozatgy\u00e1rt\u00e1s\u00fa alkatr\u00e9szek. T\u00f6ltse fel 3D modelljeit, hogy azonnali \u00e1raj\u00e1nlatot kapjon!","robots":{"index":"index","follow":"follow","max-snippet":"max-snippet:-1","max-image-preview":"max-image-preview:large","max-video-preview":"max-video-preview:-1"},"canonical":"https:\/\/xometry.eu\/hu\/carbon-dls\/","og_locale":"hu_HU","og_type":"article","og_title":"Carbon DLS 3D Printing Services Online | 5 Days Production | Xometry Europe","og_description":"Top-notch Carbon DSL 3D printing services: prototypes and series of parts. Upload your 3D models to get an instant quote!","og_url":"https:\/\/xometry.eu\/hu\/carbon-dls\/","og_site_name":"Xometry Europe","article_modified_time":"2026-02-02T12:17:58+00:00","og_image":[{"url":"http:\/\/xometry.eu\/wp-content\/uploads\/2023\/02\/EN-Carbon-DLS-service-page-1440x738.jpg","type":"","width":"","height":""}],"twitter_card":"summary_large_image","twitter_title":"Carbon DLS\u2122 3D Printing","twitter_image":"http:\/\/xometry.eu\/wp-content\/uploads\/2023\/02\/EN-Carbon-DLS-service-page-1440x738.jpg","schema":{"@context":"https:\/\/schema.org","@graph":[{"@type":"WebPage","@id":"https:\/\/xometry.eu\/hu\/carbon-dls\/","url":"https:\/\/xometry.eu\/hu\/carbon-dls\/","name":"Carbon DLS\u2122 3D nyomtat\u00e1si szolg\u00e1ltat\u00e1sok | Xometry Europe","isPartOf":{"@id":"https:\/\/xometry.eu\/hu\/#website"},"primaryImageOfPage":{"@id":"https:\/\/xometry.eu\/hu\/carbon-dls\/#primaryimage"},"image":{"@id":"https:\/\/xometry.eu\/hu\/carbon-dls\/#primaryimage"},"thumbnailUrl":"https:\/\/xometry.eu\/wp-content\/uploads\/2020\/07\/image-000.jpg","datePublished":"2020-07-15T07:20:26+00:00","dateModified":"2026-02-02T12:17:58+00:00","description":"Kiv\u00e1l\u00f3 Carbon DLS 3D nyomtat\u00e1si szolg\u00e1ltat\u00e1sok: protot\u00edpusok \u00e9s sorozatgy\u00e1rt\u00e1s\u00fa alkatr\u00e9szek. T\u00f6ltse fel 3D modelljeit, hogy azonnali \u00e1raj\u00e1nlatot kapjon!","breadcrumb":{"@id":"https:\/\/xometry.eu\/hu\/carbon-dls\/#breadcrumb"},"inLanguage":"hu","potentialAction":[{"@type":"ReadAction","target":["https:\/\/xometry.eu\/hu\/carbon-dls\/"]}]},{"@type":"ImageObject","inLanguage":"hu","@id":"https:\/\/xometry.eu\/hu\/carbon-dls\/#primaryimage","url":"https:\/\/xometry.eu\/wp-content\/uploads\/2020\/07\/image-000.jpg","contentUrl":"https:\/\/xometry.eu\/wp-content\/uploads\/2020\/07\/image-000.jpg","width":916,"height":710,"caption":"Carbon DLS 3D printed part"},{"@type":"BreadcrumbList","@id":"https:\/\/xometry.eu\/hu\/carbon-dls\/#breadcrumb","itemListElement":[{"@type":"ListItem","position":1,"name":"Home","item":"https:\/\/xometry.eu\/hu\/"},{"@type":"ListItem","position":2,"name":"Carbon DLS\u2122 3D Printing"}]},{"@type":"WebSite","@id":"https:\/\/xometry.eu\/hu\/#website","url":"https:\/\/xometry.eu\/hu\/","name":"Xometry Europe","description":"","publisher":{"@id":"https:\/\/xometry.eu\/hu\/#organization"},"potentialAction":[{"@type":"SearchAction","target":{"@type":"EntryPoint","urlTemplate":"https:\/\/xometry.eu\/hu\/?s={search_term_string}"},"query-input":{"@type":"PropertyValueSpecification","valueRequired":true,"valueName":"search_term_string"}}],"inLanguage":"hu"}]}},"_links":{"self":[{"href":"https:\/\/xometry.eu\/hu\/wp-json\/wp\/v2\/pages\/140523","targetHints":{"allow":["GET"]}}],"collection":[{"href":"https:\/\/xometry.eu\/hu\/wp-json\/wp\/v2\/pages"}],"about":[{"href":"https:\/\/xometry.eu\/hu\/wp-json\/wp\/v2\/types\/page"}],"author":[{"embeddable":true,"href":"https:\/\/xometry.eu\/hu\/wp-json\/wp\/v2\/users\/3"}],"replies":[{"embeddable":true,"href":"https:\/\/xometry.eu\/hu\/wp-json\/wp\/v2\/comments?post=140523"}],"version-history":[{"count":0,"href":"https:\/\/xometry.eu\/hu\/wp-json\/wp\/v2\/pages\/140523\/revisions"}],"wp:featuredmedia":[{"embeddable":true,"href":"https:\/\/xometry.eu\/hu\/wp-json\/wp\/v2\/media\/51267"}],"wp:attachment":[{"href":"https:\/\/xometry.eu\/hu\/wp-json\/wp\/v2\/media?parent=140523"}],"curies":[{"name":"wp","href":"https:\/\/api.w.org\/{rel}","templated":true}]}}