{"id":140517,"date":"2020-08-17T08:27:08","date_gmt":"2020-08-17T08:27:08","guid":{"rendered":"https:\/\/xometry.eu\/direct-metal-laser-sintering\/"},"modified":"2026-02-03T15:45:08","modified_gmt":"2026-02-03T13:45:08","slug":"direct-metal-laser-sintering","status":"publish","type":"page","link":"https:\/\/xometry.eu\/hu\/direct-metal-laser-sintering\/","title":{"rendered":"Direct Metal Laser Sintering (DMLS) 3D Printing"},"content":{"rendered":"","protected":false},"excerpt":{"rendered":"","protected":false},"author":2,"featured_media":43257,"parent":0,"menu_order":0,"comment_status":"closed","ping_status":"closed","template":"","meta":{"_acf_changed":false,"inline_featured_image":false,"footnotes":""},"class_list":["post-140517","page","type-page","status-publish","has-post-thumbnail","hentry"],"acf":[],"yoast_head":"<!-- This site is optimized with the Yoast SEO Premium plugin v20.5 (Yoast SEO v27.1.1) - https:\/\/yoast.com\/product\/yoast-seo-premium-wordpress\/ -->\n<title>F\u00e9m 3D nyomtat\u00e1s (DMLS) 3D nyomtat\u00e1si szolg\u00e1ltat\u00e1sok | Xometry Europe<\/title>\n<meta name=\"description\" content=\"Kiv\u00e1l\u00f3 DMLS 3D nyomtat\u00e1si szolg\u00e1ltat\u00e1sok: protot\u00edpusok \u00e9s f\u00e9malkatr\u00e9szek sorozatai. T\u00f6ltse fel 3D modelljeit, hogy azonnali \u00e1raj\u00e1nlatot kapjon!\" \/>\n<meta name=\"robots\" content=\"index, follow, max-snippet:-1, max-image-preview:large, max-video-preview:-1\" \/>\n<link rel=\"canonical\" href=\"https:\/\/xometry.eu\/hu\/direct-metal-laser-sintering\/\" \/>\n<meta property=\"og:locale\" content=\"hu_HU\" \/>\n<meta property=\"og:type\" content=\"article\" \/>\n<meta property=\"og:title\" content=\"Direct Metal Laser Sintering (DMLS) 3D Printing\" \/>\n<meta property=\"og:description\" content=\"Kiv\u00e1l\u00f3 DMLS 3D nyomtat\u00e1si szolg\u00e1ltat\u00e1sok: protot\u00edpusok \u00e9s f\u00e9malkatr\u00e9szek sorozatai. T\u00f6ltse fel 3D modelljeit, hogy azonnali \u00e1raj\u00e1nlatot kapjon!\" \/>\n<meta property=\"og:url\" content=\"https:\/\/xometry.eu\/hu\/direct-metal-laser-sintering\/\" \/>\n<meta property=\"og:site_name\" content=\"Xometry Europe\" \/>\n<meta property=\"article:modified_time\" content=\"2026-02-03T13:45:08+00:00\" \/>\n<meta property=\"og:image\" content=\"http:\/\/xometry.eu\/wp-content\/uploads\/2023\/02\/EN-DMLS-service-page-1440x738.jpg\" \/>\n<meta name=\"twitter:card\" content=\"summary_large_image\" \/>\n<meta name=\"twitter:image\" content=\"http:\/\/xometry.eu\/wp-content\/uploads\/2023\/02\/EN-DMLS-service-page-1440x738.jpg\" \/>\n<script type=\"application\/ld+json\" class=\"yoast-schema-graph\">{\"@context\":\"https:\/\/schema.org\",\"@graph\":[{\"@type\":\"WebPage\",\"@id\":\"https:\/\/xometry.eu\/hu\/direct-metal-laser-sintering\/\",\"url\":\"https:\/\/xometry.eu\/hu\/direct-metal-laser-sintering\/\",\"name\":\"F\u00e9m 3D nyomtat\u00e1s (DMLS) 3D nyomtat\u00e1si szolg\u00e1ltat\u00e1sok | Xometry Europe\",\"isPartOf\":{\"@id\":\"https:\/\/xometry.eu\/hu\/#website\"},\"primaryImageOfPage\":{\"@id\":\"https:\/\/xometry.eu\/hu\/direct-metal-laser-sintering\/#primaryimage\"},\"image\":{\"@id\":\"https:\/\/xometry.eu\/hu\/direct-metal-laser-sintering\/#primaryimage\"},\"thumbnailUrl\":\"https:\/\/xometry.eu\/wp-content\/uploads\/2021\/11\/shutterstock_1704824695.jpg\",\"datePublished\":\"2020-08-17T08:27:08+00:00\",\"dateModified\":\"2026-02-03T13:45:08+00:00\",\"description\":\"Kiv\u00e1l\u00f3 DMLS 3D nyomtat\u00e1si szolg\u00e1ltat\u00e1sok: protot\u00edpusok \u00e9s f\u00e9malkatr\u00e9szek sorozatai. T\u00f6ltse fel 3D modelljeit, hogy azonnali \u00e1raj\u00e1nlatot kapjon!\",\"breadcrumb\":{\"@id\":\"https:\/\/xometry.eu\/hu\/direct-metal-laser-sintering\/#breadcrumb\"},\"inLanguage\":\"hu\",\"potentialAction\":[{\"@type\":\"ReadAction\",\"target\":[\"https:\/\/xometry.eu\/hu\/direct-metal-laser-sintering\/\"]}]},{\"@type\":\"ImageObject\",\"inLanguage\":\"hu\",\"@id\":\"https:\/\/xometry.eu\/hu\/direct-metal-laser-sintering\/#primaryimage\",\"url\":\"https:\/\/xometry.eu\/wp-content\/uploads\/2021\/11\/shutterstock_1704824695.jpg\",\"contentUrl\":\"https:\/\/xometry.eu\/wp-content\/uploads\/2021\/11\/shutterstock_1704824695.jpg\",\"width\":1000,\"height\":563,\"caption\":\"Metal 3D printing\"},{\"@type\":\"BreadcrumbList\",\"@id\":\"https:\/\/xometry.eu\/hu\/direct-metal-laser-sintering\/#breadcrumb\",\"itemListElement\":[{\"@type\":\"ListItem\",\"position\":1,\"name\":\"Home\",\"item\":\"https:\/\/xometry.eu\/hu\/\"},{\"@type\":\"ListItem\",\"position\":2,\"name\":\"Direct Metal Laser Sintering (DMLS) 3D Printing\"}]},{\"@type\":\"WebSite\",\"@id\":\"https:\/\/xometry.eu\/hu\/#website\",\"url\":\"https:\/\/xometry.eu\/hu\/\",\"name\":\"Xometry Europe\",\"description\":\"\",\"publisher\":{\"@id\":\"https:\/\/xometry.eu\/hu\/#organization\"},\"potentialAction\":[{\"@type\":\"SearchAction\",\"target\":{\"@type\":\"EntryPoint\",\"urlTemplate\":\"https:\/\/xometry.eu\/hu\/?s={search_term_string}\"},\"query-input\":{\"@type\":\"PropertyValueSpecification\",\"valueRequired\":true,\"valueName\":\"search_term_string\"}}],\"inLanguage\":\"hu\"}]}<\/script>\n<!-- \/ Yoast SEO Premium plugin. -->","yoast_head_json":{"title":"F\u00e9m 3D nyomtat\u00e1s (DMLS) 3D nyomtat\u00e1si szolg\u00e1ltat\u00e1sok | Xometry Europe","description":"Kiv\u00e1l\u00f3 DMLS 3D nyomtat\u00e1si szolg\u00e1ltat\u00e1sok: protot\u00edpusok \u00e9s f\u00e9malkatr\u00e9szek sorozatai. T\u00f6ltse fel 3D modelljeit, hogy azonnali \u00e1raj\u00e1nlatot kapjon!","robots":{"index":"index","follow":"follow","max-snippet":"max-snippet:-1","max-image-preview":"max-image-preview:large","max-video-preview":"max-video-preview:-1"},"canonical":"https:\/\/xometry.eu\/hu\/direct-metal-laser-sintering\/","og_locale":"hu_HU","og_type":"article","og_title":"Direct Metal Laser Sintering (DMLS) 3D Printing","og_description":"Kiv\u00e1l\u00f3 DMLS 3D nyomtat\u00e1si szolg\u00e1ltat\u00e1sok: protot\u00edpusok \u00e9s f\u00e9malkatr\u00e9szek sorozatai. T\u00f6ltse fel 3D modelljeit, hogy azonnali \u00e1raj\u00e1nlatot kapjon!","og_url":"https:\/\/xometry.eu\/hu\/direct-metal-laser-sintering\/","og_site_name":"Xometry Europe","article_modified_time":"2026-02-03T13:45:08+00:00","og_image":[{"url":"http:\/\/xometry.eu\/wp-content\/uploads\/2023\/02\/EN-DMLS-service-page-1440x738.jpg","type":"","width":"","height":""}],"twitter_card":"summary_large_image","twitter_image":"http:\/\/xometry.eu\/wp-content\/uploads\/2023\/02\/EN-DMLS-service-page-1440x738.jpg","schema":{"@context":"https:\/\/schema.org","@graph":[{"@type":"WebPage","@id":"https:\/\/xometry.eu\/hu\/direct-metal-laser-sintering\/","url":"https:\/\/xometry.eu\/hu\/direct-metal-laser-sintering\/","name":"F\u00e9m 3D nyomtat\u00e1s (DMLS) 3D nyomtat\u00e1si szolg\u00e1ltat\u00e1sok | Xometry Europe","isPartOf":{"@id":"https:\/\/xometry.eu\/hu\/#website"},"primaryImageOfPage":{"@id":"https:\/\/xometry.eu\/hu\/direct-metal-laser-sintering\/#primaryimage"},"image":{"@id":"https:\/\/xometry.eu\/hu\/direct-metal-laser-sintering\/#primaryimage"},"thumbnailUrl":"https:\/\/xometry.eu\/wp-content\/uploads\/2021\/11\/shutterstock_1704824695.jpg","datePublished":"2020-08-17T08:27:08+00:00","dateModified":"2026-02-03T13:45:08+00:00","description":"Kiv\u00e1l\u00f3 DMLS 3D nyomtat\u00e1si szolg\u00e1ltat\u00e1sok: protot\u00edpusok \u00e9s f\u00e9malkatr\u00e9szek sorozatai. T\u00f6ltse fel 3D modelljeit, hogy azonnali \u00e1raj\u00e1nlatot kapjon!","breadcrumb":{"@id":"https:\/\/xometry.eu\/hu\/direct-metal-laser-sintering\/#breadcrumb"},"inLanguage":"hu","potentialAction":[{"@type":"ReadAction","target":["https:\/\/xometry.eu\/hu\/direct-metal-laser-sintering\/"]}]},{"@type":"ImageObject","inLanguage":"hu","@id":"https:\/\/xometry.eu\/hu\/direct-metal-laser-sintering\/#primaryimage","url":"https:\/\/xometry.eu\/wp-content\/uploads\/2021\/11\/shutterstock_1704824695.jpg","contentUrl":"https:\/\/xometry.eu\/wp-content\/uploads\/2021\/11\/shutterstock_1704824695.jpg","width":1000,"height":563,"caption":"Metal 3D printing"},{"@type":"BreadcrumbList","@id":"https:\/\/xometry.eu\/hu\/direct-metal-laser-sintering\/#breadcrumb","itemListElement":[{"@type":"ListItem","position":1,"name":"Home","item":"https:\/\/xometry.eu\/hu\/"},{"@type":"ListItem","position":2,"name":"Direct Metal Laser Sintering (DMLS) 3D Printing"}]},{"@type":"WebSite","@id":"https:\/\/xometry.eu\/hu\/#website","url":"https:\/\/xometry.eu\/hu\/","name":"Xometry Europe","description":"","publisher":{"@id":"https:\/\/xometry.eu\/hu\/#organization"},"potentialAction":[{"@type":"SearchAction","target":{"@type":"EntryPoint","urlTemplate":"https:\/\/xometry.eu\/hu\/?s={search_term_string}"},"query-input":{"@type":"PropertyValueSpecification","valueRequired":true,"valueName":"search_term_string"}}],"inLanguage":"hu"}]}},"_links":{"self":[{"href":"https:\/\/xometry.eu\/hu\/wp-json\/wp\/v2\/pages\/140517","targetHints":{"allow":["GET"]}}],"collection":[{"href":"https:\/\/xometry.eu\/hu\/wp-json\/wp\/v2\/pages"}],"about":[{"href":"https:\/\/xometry.eu\/hu\/wp-json\/wp\/v2\/types\/page"}],"author":[{"embeddable":true,"href":"https:\/\/xometry.eu\/hu\/wp-json\/wp\/v2\/users\/2"}],"replies":[{"embeddable":true,"href":"https:\/\/xometry.eu\/hu\/wp-json\/wp\/v2\/comments?post=140517"}],"version-history":[{"count":3,"href":"https:\/\/xometry.eu\/hu\/wp-json\/wp\/v2\/pages\/140517\/revisions"}],"predecessor-version":[{"id":169728,"href":"https:\/\/xometry.eu\/hu\/wp-json\/wp\/v2\/pages\/140517\/revisions\/169728"}],"wp:featuredmedia":[{"embeddable":true,"href":"https:\/\/xometry.eu\/hu\/wp-json\/wp\/v2\/media\/43257"}],"wp:attachment":[{"href":"https:\/\/xometry.eu\/hu\/wp-json\/wp\/v2\/media?parent=140517"}],"curies":[{"name":"wp","href":"https:\/\/api.w.org\/{rel}","templated":true}]}}