{"id":140475,"date":"2020-06-18T13:21:30","date_gmt":"2020-06-18T13:21:30","guid":{"rendered":"https:\/\/xometry.eu\/mjf-3d-printing\/"},"modified":"2026-02-04T11:04:11","modified_gmt":"2026-02-04T09:04:11","slug":"mjf-3d-printing","status":"publish","type":"page","link":"https:\/\/xometry.eu\/hu\/mjf-3d-printing\/","title":{"rendered":"HP Multi Jet Fusion (MJF) 3D Printing"},"content":{"rendered":"","protected":false},"excerpt":{"rendered":"","protected":false},"author":2,"featured_media":57661,"parent":0,"menu_order":0,"comment_status":"closed","ping_status":"closed","template":"","meta":{"_acf_changed":false,"inline_featured_image":false,"footnotes":""},"class_list":["post-140475","page","type-page","status-publish","has-post-thumbnail","hentry"],"acf":[],"yoast_head":"<!-- This site is optimized with the Yoast SEO Premium plugin v20.5 (Yoast SEO v27.1.1) - https:\/\/yoast.com\/product\/yoast-seo-premium-wordpress\/ -->\n<title>HP Multi Jet Fusion (MJF) 3D nyomtat\u00e1si szolg\u00e1ltat\u00e1sok | 3 napos termel\u00e9s | Xometry Europe<\/title>\n<meta name=\"description\" content=\"Kiv\u00e1l\u00f3 HP Multi Jet Fusion (MJF) 3D nyomtat\u00e1si szolg\u00e1ltat\u00e1sok: protot\u00edpusok \u00e9s sorozatgy\u00e1rt\u00e1s\u00fa alkatr\u00e9szek. T\u00f6ltse fel 3D modelljeit, hogy azonnali \u00e1raj\u00e1nlatot kapjon!\" \/>\n<meta name=\"robots\" content=\"index, follow, max-snippet:-1, max-image-preview:large, max-video-preview:-1\" \/>\n<link rel=\"canonical\" href=\"https:\/\/xometry.eu\/hu\/mjf-3d-printing\/\" \/>\n<meta property=\"og:locale\" content=\"hu_HU\" \/>\n<meta property=\"og:type\" content=\"article\" \/>\n<meta property=\"og:title\" content=\"HP Multi Jet Fusion (MJF) 3D Printing\" \/>\n<meta property=\"og:description\" content=\"Kiv\u00e1l\u00f3 HP Multi Jet Fusion (MJF) 3D nyomtat\u00e1si szolg\u00e1ltat\u00e1sok: protot\u00edpusok \u00e9s sorozatgy\u00e1rt\u00e1s\u00fa alkatr\u00e9szek. T\u00f6ltse fel 3D modelljeit, hogy azonnali \u00e1raj\u00e1nlatot kapjon!\" \/>\n<meta property=\"og:url\" content=\"https:\/\/xometry.eu\/hu\/mjf-3d-printing\/\" \/>\n<meta property=\"og:site_name\" content=\"Xometry Europe\" \/>\n<meta property=\"article:modified_time\" content=\"2026-02-04T09:04:11+00:00\" \/>\n<meta property=\"og:image\" content=\"http:\/\/xometry.eu\/wp-content\/uploads\/2023\/02\/EN-MJF-service-page-1440x737.jpg\" \/>\n<meta name=\"twitter:card\" content=\"summary_large_image\" \/>\n<meta name=\"twitter:image\" content=\"https:\/\/xometry.de\/wp-content\/uploads\/2020\/08\/hp-mjf-3d-printing-services.jpg\" \/>\n<script type=\"application\/ld+json\" class=\"yoast-schema-graph\">{\"@context\":\"https:\/\/schema.org\",\"@graph\":[{\"@type\":\"WebPage\",\"@id\":\"https:\/\/xometry.eu\/hu\/mjf-3d-printing\/\",\"url\":\"https:\/\/xometry.eu\/hu\/mjf-3d-printing\/\",\"name\":\"HP Multi Jet Fusion (MJF) 3D nyomtat\u00e1si szolg\u00e1ltat\u00e1sok | 3 napos termel\u00e9s | Xometry Europe\",\"isPartOf\":{\"@id\":\"https:\/\/xometry.eu\/hu\/#website\"},\"primaryImageOfPage\":{\"@id\":\"https:\/\/xometry.eu\/hu\/mjf-3d-printing\/#primaryimage\"},\"image\":{\"@id\":\"https:\/\/xometry.eu\/hu\/mjf-3d-printing\/#primaryimage\"},\"thumbnailUrl\":\"https:\/\/xometry.eu\/wp-content\/uploads\/2022\/03\/Object-printed-on-industrial-powder-3D-printer-close-up.-Multi-Jet-Fusion.jpg\",\"datePublished\":\"2020-06-18T13:21:30+00:00\",\"dateModified\":\"2026-02-04T09:04:11+00:00\",\"description\":\"Kiv\u00e1l\u00f3 HP Multi Jet Fusion (MJF) 3D nyomtat\u00e1si szolg\u00e1ltat\u00e1sok: protot\u00edpusok \u00e9s sorozatgy\u00e1rt\u00e1s\u00fa alkatr\u00e9szek. T\u00f6ltse fel 3D modelljeit, hogy azonnali \u00e1raj\u00e1nlatot kapjon!\",\"breadcrumb\":{\"@id\":\"https:\/\/xometry.eu\/hu\/mjf-3d-printing\/#breadcrumb\"},\"inLanguage\":\"hu\",\"potentialAction\":[{\"@type\":\"ReadAction\",\"target\":[\"https:\/\/xometry.eu\/hu\/mjf-3d-printing\/\"]}]},{\"@type\":\"ImageObject\",\"inLanguage\":\"hu\",\"@id\":\"https:\/\/xometry.eu\/hu\/mjf-3d-printing\/#primaryimage\",\"url\":\"https:\/\/xometry.eu\/wp-content\/uploads\/2022\/03\/Object-printed-on-industrial-powder-3D-printer-close-up.-Multi-Jet-Fusion.jpg\",\"contentUrl\":\"https:\/\/xometry.eu\/wp-content\/uploads\/2022\/03\/Object-printed-on-industrial-powder-3D-printer-close-up.-Multi-Jet-Fusion.jpg\",\"width\":1000,\"height\":667,\"caption\":\"3D printed object with a complex design\"},{\"@type\":\"BreadcrumbList\",\"@id\":\"https:\/\/xometry.eu\/hu\/mjf-3d-printing\/#breadcrumb\",\"itemListElement\":[{\"@type\":\"ListItem\",\"position\":1,\"name\":\"Home\",\"item\":\"https:\/\/xometry.eu\/hu\/\"},{\"@type\":\"ListItem\",\"position\":2,\"name\":\"HP Multi Jet Fusion (MJF) 3D Printing\"}]},{\"@type\":\"WebSite\",\"@id\":\"https:\/\/xometry.eu\/hu\/#website\",\"url\":\"https:\/\/xometry.eu\/hu\/\",\"name\":\"Xometry Europe\",\"description\":\"\",\"publisher\":{\"@id\":\"https:\/\/xometry.eu\/hu\/#organization\"},\"potentialAction\":[{\"@type\":\"SearchAction\",\"target\":{\"@type\":\"EntryPoint\",\"urlTemplate\":\"https:\/\/xometry.eu\/hu\/?s={search_term_string}\"},\"query-input\":{\"@type\":\"PropertyValueSpecification\",\"valueRequired\":true,\"valueName\":\"search_term_string\"}}],\"inLanguage\":\"hu\"}]}<\/script>\n<!-- \/ Yoast SEO Premium plugin. -->","yoast_head_json":{"title":"HP Multi Jet Fusion (MJF) 3D nyomtat\u00e1si szolg\u00e1ltat\u00e1sok | 3 napos termel\u00e9s | Xometry Europe","description":"Kiv\u00e1l\u00f3 HP Multi Jet Fusion (MJF) 3D nyomtat\u00e1si szolg\u00e1ltat\u00e1sok: protot\u00edpusok \u00e9s sorozatgy\u00e1rt\u00e1s\u00fa alkatr\u00e9szek. T\u00f6ltse fel 3D modelljeit, hogy azonnali \u00e1raj\u00e1nlatot kapjon!","robots":{"index":"index","follow":"follow","max-snippet":"max-snippet:-1","max-image-preview":"max-image-preview:large","max-video-preview":"max-video-preview:-1"},"canonical":"https:\/\/xometry.eu\/hu\/mjf-3d-printing\/","og_locale":"hu_HU","og_type":"article","og_title":"HP Multi Jet Fusion (MJF) 3D Printing","og_description":"Kiv\u00e1l\u00f3 HP Multi Jet Fusion (MJF) 3D nyomtat\u00e1si szolg\u00e1ltat\u00e1sok: protot\u00edpusok \u00e9s sorozatgy\u00e1rt\u00e1s\u00fa alkatr\u00e9szek. T\u00f6ltse fel 3D modelljeit, hogy azonnali \u00e1raj\u00e1nlatot kapjon!","og_url":"https:\/\/xometry.eu\/hu\/mjf-3d-printing\/","og_site_name":"Xometry Europe","article_modified_time":"2026-02-04T09:04:11+00:00","og_image":[{"url":"http:\/\/xometry.eu\/wp-content\/uploads\/2023\/02\/EN-MJF-service-page-1440x737.jpg","type":"","width":"","height":""}],"twitter_card":"summary_large_image","twitter_image":"https:\/\/xometry.de\/wp-content\/uploads\/2020\/08\/hp-mjf-3d-printing-services.jpg","schema":{"@context":"https:\/\/schema.org","@graph":[{"@type":"WebPage","@id":"https:\/\/xometry.eu\/hu\/mjf-3d-printing\/","url":"https:\/\/xometry.eu\/hu\/mjf-3d-printing\/","name":"HP Multi Jet Fusion (MJF) 3D nyomtat\u00e1si szolg\u00e1ltat\u00e1sok | 3 napos termel\u00e9s | Xometry Europe","isPartOf":{"@id":"https:\/\/xometry.eu\/hu\/#website"},"primaryImageOfPage":{"@id":"https:\/\/xometry.eu\/hu\/mjf-3d-printing\/#primaryimage"},"image":{"@id":"https:\/\/xometry.eu\/hu\/mjf-3d-printing\/#primaryimage"},"thumbnailUrl":"https:\/\/xometry.eu\/wp-content\/uploads\/2022\/03\/Object-printed-on-industrial-powder-3D-printer-close-up.-Multi-Jet-Fusion.jpg","datePublished":"2020-06-18T13:21:30+00:00","dateModified":"2026-02-04T09:04:11+00:00","description":"Kiv\u00e1l\u00f3 HP Multi Jet Fusion (MJF) 3D nyomtat\u00e1si szolg\u00e1ltat\u00e1sok: protot\u00edpusok \u00e9s sorozatgy\u00e1rt\u00e1s\u00fa alkatr\u00e9szek. T\u00f6ltse fel 3D modelljeit, hogy azonnali \u00e1raj\u00e1nlatot kapjon!","breadcrumb":{"@id":"https:\/\/xometry.eu\/hu\/mjf-3d-printing\/#breadcrumb"},"inLanguage":"hu","potentialAction":[{"@type":"ReadAction","target":["https:\/\/xometry.eu\/hu\/mjf-3d-printing\/"]}]},{"@type":"ImageObject","inLanguage":"hu","@id":"https:\/\/xometry.eu\/hu\/mjf-3d-printing\/#primaryimage","url":"https:\/\/xometry.eu\/wp-content\/uploads\/2022\/03\/Object-printed-on-industrial-powder-3D-printer-close-up.-Multi-Jet-Fusion.jpg","contentUrl":"https:\/\/xometry.eu\/wp-content\/uploads\/2022\/03\/Object-printed-on-industrial-powder-3D-printer-close-up.-Multi-Jet-Fusion.jpg","width":1000,"height":667,"caption":"3D printed object with a complex design"},{"@type":"BreadcrumbList","@id":"https:\/\/xometry.eu\/hu\/mjf-3d-printing\/#breadcrumb","itemListElement":[{"@type":"ListItem","position":1,"name":"Home","item":"https:\/\/xometry.eu\/hu\/"},{"@type":"ListItem","position":2,"name":"HP Multi Jet Fusion (MJF) 3D Printing"}]},{"@type":"WebSite","@id":"https:\/\/xometry.eu\/hu\/#website","url":"https:\/\/xometry.eu\/hu\/","name":"Xometry Europe","description":"","publisher":{"@id":"https:\/\/xometry.eu\/hu\/#organization"},"potentialAction":[{"@type":"SearchAction","target":{"@type":"EntryPoint","urlTemplate":"https:\/\/xometry.eu\/hu\/?s={search_term_string}"},"query-input":{"@type":"PropertyValueSpecification","valueRequired":true,"valueName":"search_term_string"}}],"inLanguage":"hu"}]}},"_links":{"self":[{"href":"https:\/\/xometry.eu\/hu\/wp-json\/wp\/v2\/pages\/140475","targetHints":{"allow":["GET"]}}],"collection":[{"href":"https:\/\/xometry.eu\/hu\/wp-json\/wp\/v2\/pages"}],"about":[{"href":"https:\/\/xometry.eu\/hu\/wp-json\/wp\/v2\/types\/page"}],"author":[{"embeddable":true,"href":"https:\/\/xometry.eu\/hu\/wp-json\/wp\/v2\/users\/2"}],"replies":[{"embeddable":true,"href":"https:\/\/xometry.eu\/hu\/wp-json\/wp\/v2\/comments?post=140475"}],"version-history":[{"count":2,"href":"https:\/\/xometry.eu\/hu\/wp-json\/wp\/v2\/pages\/140475\/revisions"}],"predecessor-version":[{"id":169782,"href":"https:\/\/xometry.eu\/hu\/wp-json\/wp\/v2\/pages\/140475\/revisions\/169782"}],"wp:featuredmedia":[{"embeddable":true,"href":"https:\/\/xometry.eu\/hu\/wp-json\/wp\/v2\/media\/57661"}],"wp:attachment":[{"href":"https:\/\/xometry.eu\/hu\/wp-json\/wp\/v2\/media?parent=140475"}],"curies":[{"name":"wp","href":"https:\/\/api.w.org\/{rel}","templated":true}]}}