{"id":140471,"date":"2020-05-15T09:10:24","date_gmt":"2020-05-15T09:10:24","guid":{"rendered":"https:\/\/xometry.eu\/sheet-metal\/"},"modified":"2026-02-18T12:05:45","modified_gmt":"2026-02-18T10:05:45","slug":"femlemez","status":"publish","type":"page","link":"https:\/\/xometry.eu\/hu\/femlemez\/","title":{"rendered":"Sheet Metal"},"content":{"rendered":"","protected":false},"excerpt":{"rendered":"","protected":false},"author":1,"featured_media":24076,"parent":0,"menu_order":0,"comment_status":"closed","ping_status":"closed","template":"","meta":{"_acf_changed":false,"inline_featured_image":false,"footnotes":""},"class_list":["post-140471","page","type-page","status-publish","has-post-thumbnail","hentry"],"acf":[],"yoast_head":"<!-- This site is optimized with the Yoast SEO Premium plugin v20.5 (Yoast SEO v27.1.1) - https:\/\/yoast.com\/product\/yoast-seo-premium-wordpress\/ -->\n<title>F\u00e9mlemezgy\u00e1rt\u00e1s | Online alkatr\u00e9sz rendel\u00e9s | Xometry Europe<\/title>\n<meta name=\"description\" content=\"Lemezfeldolgoz\u00e1si szolg\u00e1ltat\u00e1st ny\u00fajtunk alum\u00edniumb\u00f3l, ac\u00e9lb\u00f3l \u00e9s r\u00e9zb\u0151l k\u00e9sz\u00fclt sorozatgy\u00e1rt\u00e1s\u00fa alkatr\u00e9szek \u00e9s protot\u00edpusok gy\u00e1rt\u00e1s\u00e1hoz.\" \/>\n<meta name=\"robots\" content=\"index, follow, max-snippet:-1, max-image-preview:large, max-video-preview:-1\" \/>\n<link rel=\"canonical\" href=\"https:\/\/xometry.eu\/hu\/femlemez\/\" \/>\n<meta property=\"og:locale\" content=\"hu_HU\" \/>\n<meta property=\"og:type\" content=\"article\" \/>\n<meta property=\"og:title\" content=\"Sheet Metal\" \/>\n<meta property=\"og:description\" content=\"Lemezfeldolgoz\u00e1si szolg\u00e1ltat\u00e1st ny\u00fajtunk alum\u00edniumb\u00f3l, ac\u00e9lb\u00f3l \u00e9s r\u00e9zb\u0151l k\u00e9sz\u00fclt sorozatgy\u00e1rt\u00e1s\u00fa alkatr\u00e9szek \u00e9s protot\u00edpusok gy\u00e1rt\u00e1s\u00e1hoz.\" \/>\n<meta property=\"og:url\" content=\"https:\/\/xometry.eu\/hu\/femlemez\/\" \/>\n<meta property=\"og:site_name\" content=\"Xometry Europe\" \/>\n<meta property=\"article:modified_time\" content=\"2026-02-18T10:05:45+00:00\" \/>\n<meta property=\"og:image\" content=\"http:\/\/xometry.eu\/wp-content\/uploads\/2023\/02\/EN-Sheet-metal-fabrication-service-page-1440x737.jpg\" \/>\n<meta name=\"twitter:card\" content=\"summary_large_image\" \/>\n<meta name=\"twitter:image\" content=\"http:\/\/xometry.eu\/wp-content\/uploads\/2023\/02\/EN-Sheet-metal-fabrication-service-page-1440x737.jpg\" \/>\n<script type=\"application\/ld+json\" class=\"yoast-schema-graph\">{\"@context\":\"https:\/\/schema.org\",\"@graph\":[{\"@type\":\"WebPage\",\"@id\":\"https:\/\/xometry.eu\/hu\/femlemez\/\",\"url\":\"https:\/\/xometry.eu\/hu\/femlemez\/\",\"name\":\"F\u00e9mlemezgy\u00e1rt\u00e1s | Online alkatr\u00e9sz rendel\u00e9s | Xometry Europe\",\"isPartOf\":{\"@id\":\"https:\/\/xometry.eu\/hu\/#website\"},\"primaryImageOfPage\":{\"@id\":\"https:\/\/xometry.eu\/hu\/femlemez\/#primaryimage\"},\"image\":{\"@id\":\"https:\/\/xometry.eu\/hu\/femlemez\/#primaryimage\"},\"thumbnailUrl\":\"https:\/\/xometry.eu\/wp-content\/uploads\/2020\/06\/iStock-917091108.jpg\",\"datePublished\":\"2020-05-15T09:10:24+00:00\",\"dateModified\":\"2026-02-18T10:05:45+00:00\",\"description\":\"Lemezfeldolgoz\u00e1si szolg\u00e1ltat\u00e1st ny\u00fajtunk alum\u00edniumb\u00f3l, ac\u00e9lb\u00f3l \u00e9s r\u00e9zb\u0151l k\u00e9sz\u00fclt sorozatgy\u00e1rt\u00e1s\u00fa alkatr\u00e9szek \u00e9s protot\u00edpusok gy\u00e1rt\u00e1s\u00e1hoz.\",\"breadcrumb\":{\"@id\":\"https:\/\/xometry.eu\/hu\/femlemez\/#breadcrumb\"},\"inLanguage\":\"hu\",\"potentialAction\":[{\"@type\":\"ReadAction\",\"target\":[\"https:\/\/xometry.eu\/hu\/femlemez\/\"]}]},{\"@type\":\"ImageObject\",\"inLanguage\":\"hu\",\"@id\":\"https:\/\/xometry.eu\/hu\/femlemez\/#primaryimage\",\"url\":\"https:\/\/xometry.eu\/wp-content\/uploads\/2020\/06\/iStock-917091108.jpg\",\"contentUrl\":\"https:\/\/xometry.eu\/wp-content\/uploads\/2020\/06\/iStock-917091108.jpg\",\"width\":2475,\"height\":1650,\"caption\":\"operator bending metal sheet by sheet bending machine\"},{\"@type\":\"BreadcrumbList\",\"@id\":\"https:\/\/xometry.eu\/hu\/femlemez\/#breadcrumb\",\"itemListElement\":[{\"@type\":\"ListItem\",\"position\":1,\"name\":\"Home\",\"item\":\"https:\/\/xometry.eu\/hu\/\"},{\"@type\":\"ListItem\",\"position\":2,\"name\":\"Sheet Metal\"}]},{\"@type\":\"WebSite\",\"@id\":\"https:\/\/xometry.eu\/hu\/#website\",\"url\":\"https:\/\/xometry.eu\/hu\/\",\"name\":\"Xometry Europe\",\"description\":\"\",\"publisher\":{\"@id\":\"https:\/\/xometry.eu\/hu\/#organization\"},\"potentialAction\":[{\"@type\":\"SearchAction\",\"target\":{\"@type\":\"EntryPoint\",\"urlTemplate\":\"https:\/\/xometry.eu\/hu\/?s={search_term_string}\"},\"query-input\":{\"@type\":\"PropertyValueSpecification\",\"valueRequired\":true,\"valueName\":\"search_term_string\"}}],\"inLanguage\":\"hu\"}]}<\/script>\n<!-- \/ Yoast SEO Premium plugin. -->","yoast_head_json":{"title":"F\u00e9mlemezgy\u00e1rt\u00e1s | Online alkatr\u00e9sz rendel\u00e9s | Xometry Europe","description":"Lemezfeldolgoz\u00e1si szolg\u00e1ltat\u00e1st ny\u00fajtunk alum\u00edniumb\u00f3l, ac\u00e9lb\u00f3l \u00e9s r\u00e9zb\u0151l k\u00e9sz\u00fclt sorozatgy\u00e1rt\u00e1s\u00fa alkatr\u00e9szek \u00e9s protot\u00edpusok gy\u00e1rt\u00e1s\u00e1hoz.","robots":{"index":"index","follow":"follow","max-snippet":"max-snippet:-1","max-image-preview":"max-image-preview:large","max-video-preview":"max-video-preview:-1"},"canonical":"https:\/\/xometry.eu\/hu\/femlemez\/","og_locale":"hu_HU","og_type":"article","og_title":"Sheet Metal","og_description":"Lemezfeldolgoz\u00e1si szolg\u00e1ltat\u00e1st ny\u00fajtunk alum\u00edniumb\u00f3l, ac\u00e9lb\u00f3l \u00e9s r\u00e9zb\u0151l k\u00e9sz\u00fclt sorozatgy\u00e1rt\u00e1s\u00fa alkatr\u00e9szek \u00e9s protot\u00edpusok gy\u00e1rt\u00e1s\u00e1hoz.","og_url":"https:\/\/xometry.eu\/hu\/femlemez\/","og_site_name":"Xometry Europe","article_modified_time":"2026-02-18T10:05:45+00:00","og_image":[{"url":"http:\/\/xometry.eu\/wp-content\/uploads\/2023\/02\/EN-Sheet-metal-fabrication-service-page-1440x737.jpg","type":"","width":"","height":""}],"twitter_card":"summary_large_image","twitter_image":"http:\/\/xometry.eu\/wp-content\/uploads\/2023\/02\/EN-Sheet-metal-fabrication-service-page-1440x737.jpg","schema":{"@context":"https:\/\/schema.org","@graph":[{"@type":"WebPage","@id":"https:\/\/xometry.eu\/hu\/femlemez\/","url":"https:\/\/xometry.eu\/hu\/femlemez\/","name":"F\u00e9mlemezgy\u00e1rt\u00e1s | Online alkatr\u00e9sz rendel\u00e9s | Xometry Europe","isPartOf":{"@id":"https:\/\/xometry.eu\/hu\/#website"},"primaryImageOfPage":{"@id":"https:\/\/xometry.eu\/hu\/femlemez\/#primaryimage"},"image":{"@id":"https:\/\/xometry.eu\/hu\/femlemez\/#primaryimage"},"thumbnailUrl":"https:\/\/xometry.eu\/wp-content\/uploads\/2020\/06\/iStock-917091108.jpg","datePublished":"2020-05-15T09:10:24+00:00","dateModified":"2026-02-18T10:05:45+00:00","description":"Lemezfeldolgoz\u00e1si szolg\u00e1ltat\u00e1st ny\u00fajtunk alum\u00edniumb\u00f3l, ac\u00e9lb\u00f3l \u00e9s r\u00e9zb\u0151l k\u00e9sz\u00fclt sorozatgy\u00e1rt\u00e1s\u00fa alkatr\u00e9szek \u00e9s protot\u00edpusok gy\u00e1rt\u00e1s\u00e1hoz.","breadcrumb":{"@id":"https:\/\/xometry.eu\/hu\/femlemez\/#breadcrumb"},"inLanguage":"hu","potentialAction":[{"@type":"ReadAction","target":["https:\/\/xometry.eu\/hu\/femlemez\/"]}]},{"@type":"ImageObject","inLanguage":"hu","@id":"https:\/\/xometry.eu\/hu\/femlemez\/#primaryimage","url":"https:\/\/xometry.eu\/wp-content\/uploads\/2020\/06\/iStock-917091108.jpg","contentUrl":"https:\/\/xometry.eu\/wp-content\/uploads\/2020\/06\/iStock-917091108.jpg","width":2475,"height":1650,"caption":"operator bending metal sheet by sheet bending machine"},{"@type":"BreadcrumbList","@id":"https:\/\/xometry.eu\/hu\/femlemez\/#breadcrumb","itemListElement":[{"@type":"ListItem","position":1,"name":"Home","item":"https:\/\/xometry.eu\/hu\/"},{"@type":"ListItem","position":2,"name":"Sheet Metal"}]},{"@type":"WebSite","@id":"https:\/\/xometry.eu\/hu\/#website","url":"https:\/\/xometry.eu\/hu\/","name":"Xometry Europe","description":"","publisher":{"@id":"https:\/\/xometry.eu\/hu\/#organization"},"potentialAction":[{"@type":"SearchAction","target":{"@type":"EntryPoint","urlTemplate":"https:\/\/xometry.eu\/hu\/?s={search_term_string}"},"query-input":{"@type":"PropertyValueSpecification","valueRequired":true,"valueName":"search_term_string"}}],"inLanguage":"hu"}]}},"_links":{"self":[{"href":"https:\/\/xometry.eu\/hu\/wp-json\/wp\/v2\/pages\/140471","targetHints":{"allow":["GET"]}}],"collection":[{"href":"https:\/\/xometry.eu\/hu\/wp-json\/wp\/v2\/pages"}],"about":[{"href":"https:\/\/xometry.eu\/hu\/wp-json\/wp\/v2\/types\/page"}],"author":[{"embeddable":true,"href":"https:\/\/xometry.eu\/hu\/wp-json\/wp\/v2\/users\/1"}],"replies":[{"embeddable":true,"href":"https:\/\/xometry.eu\/hu\/wp-json\/wp\/v2\/comments?post=140471"}],"version-history":[{"count":5,"href":"https:\/\/xometry.eu\/hu\/wp-json\/wp\/v2\/pages\/140471\/revisions"}],"predecessor-version":[{"id":170243,"href":"https:\/\/xometry.eu\/hu\/wp-json\/wp\/v2\/pages\/140471\/revisions\/170243"}],"wp:featuredmedia":[{"embeddable":true,"href":"https:\/\/xometry.eu\/hu\/wp-json\/wp\/v2\/media\/24076"}],"wp:attachment":[{"href":"https:\/\/xometry.eu\/hu\/wp-json\/wp\/v2\/media?parent=140471"}],"curies":[{"name":"wp","href":"https:\/\/api.w.org\/{rel}","templated":true}]}}