{"id":140340,"date":"2020-05-15T09:14:12","date_gmt":"2020-05-15T09:14:12","guid":{"rendered":"https:\/\/xometry.eu\/laser-cutting\/"},"modified":"2026-02-04T11:18:26","modified_gmt":"2026-02-04T09:18:26","slug":"lezervagas","status":"publish","type":"page","link":"https:\/\/xometry.eu\/hu\/lezervagas\/","title":{"rendered":"Laser Cutting"},"content":{"rendered":"","protected":false},"excerpt":{"rendered":"","protected":false},"author":1,"featured_media":80775,"parent":0,"menu_order":0,"comment_status":"closed","ping_status":"closed","template":"","meta":{"_acf_changed":false,"inline_featured_image":false,"footnotes":""},"class_list":["post-140340","page","type-page","status-publish","has-post-thumbnail","hentry"],"acf":[],"yoast_head":"<!-- This site is optimized with the Yoast SEO Premium plugin v20.5 (Yoast SEO v27.1.1) - https:\/\/yoast.com\/product\/yoast-seo-premium-wordpress\/ -->\n<title>L\u00e9zerv\u00e1g\u00e1si szolg\u00e1ltat\u00e1sok | Online alkatr\u00e9sz rendel\u00e9s | Xometry Europe<\/title>\n<meta name=\"description\" content=\"L\u00e9zerv\u00e1g\u00e1si szolg\u00e1ltat\u00e1st ny\u00fajtunk alum\u00edniumb\u00f3l, ac\u00e9lb\u00f3l \u00e9s r\u00e9z\u00f6tv\u00f6zetekb\u0151l sorozatgy\u00e1rt\u00e1s\u00fa alkatr\u00e9szek \u00e9s protot\u00edpusok gy\u00e1rt\u00e1s\u00e1hoz egyar\u00e1nt.\" \/>\n<meta name=\"robots\" content=\"index, follow, max-snippet:-1, max-image-preview:large, max-video-preview:-1\" \/>\n<link rel=\"canonical\" href=\"https:\/\/xometry.eu\/hu\/lezervagas\/\" \/>\n<meta property=\"og:locale\" content=\"hu_HU\" \/>\n<meta property=\"og:type\" content=\"article\" \/>\n<meta property=\"og:title\" content=\"Laser Cutting\" \/>\n<meta property=\"og:description\" content=\"L\u00e9zerv\u00e1g\u00e1si szolg\u00e1ltat\u00e1st ny\u00fajtunk alum\u00edniumb\u00f3l, ac\u00e9lb\u00f3l \u00e9s r\u00e9z\u00f6tv\u00f6zetekb\u0151l sorozatgy\u00e1rt\u00e1s\u00fa alkatr\u00e9szek \u00e9s protot\u00edpusok gy\u00e1rt\u00e1s\u00e1hoz egyar\u00e1nt.\" \/>\n<meta property=\"og:url\" content=\"https:\/\/xometry.eu\/hu\/lezervagas\/\" \/>\n<meta property=\"og:site_name\" content=\"Xometry Europe\" \/>\n<meta property=\"article:modified_time\" content=\"2026-02-04T09:18:26+00:00\" \/>\n<meta property=\"og:image\" content=\"http:\/\/xometry.eu\/wp-content\/uploads\/2023\/02\/EN-Laser-cutting-service-page-1440x738.jpg\" \/>\n<meta name=\"twitter:card\" content=\"summary_large_image\" \/>\n<meta name=\"twitter:image\" content=\"https:\/\/xometry.de\/wp-content\/uploads\/2020\/08\/laser-cutting-sheet-metal-services.jpg\" \/>\n<script type=\"application\/ld+json\" class=\"yoast-schema-graph\">{\"@context\":\"https:\/\/schema.org\",\"@graph\":[{\"@type\":\"WebPage\",\"@id\":\"https:\/\/xometry.eu\/hu\/lezervagas\/\",\"url\":\"https:\/\/xometry.eu\/hu\/lezervagas\/\",\"name\":\"L\u00e9zerv\u00e1g\u00e1si szolg\u00e1ltat\u00e1sok | Online alkatr\u00e9sz rendel\u00e9s | Xometry Europe\",\"isPartOf\":{\"@id\":\"https:\/\/xometry.eu\/hu\/#website\"},\"primaryImageOfPage\":{\"@id\":\"https:\/\/xometry.eu\/hu\/lezervagas\/#primaryimage\"},\"image\":{\"@id\":\"https:\/\/xometry.eu\/hu\/lezervagas\/#primaryimage\"},\"thumbnailUrl\":\"https:\/\/xometry.eu\/wp-content\/uploads\/2022\/12\/Plasma-cutting.jpg\",\"datePublished\":\"2020-05-15T09:14:12+00:00\",\"dateModified\":\"2026-02-04T09:18:26+00:00\",\"description\":\"L\u00e9zerv\u00e1g\u00e1si szolg\u00e1ltat\u00e1st ny\u00fajtunk alum\u00edniumb\u00f3l, ac\u00e9lb\u00f3l \u00e9s r\u00e9z\u00f6tv\u00f6zetekb\u0151l sorozatgy\u00e1rt\u00e1s\u00fa alkatr\u00e9szek \u00e9s protot\u00edpusok gy\u00e1rt\u00e1s\u00e1hoz egyar\u00e1nt.\",\"breadcrumb\":{\"@id\":\"https:\/\/xometry.eu\/hu\/lezervagas\/#breadcrumb\"},\"inLanguage\":\"hu\",\"potentialAction\":[{\"@type\":\"ReadAction\",\"target\":[\"https:\/\/xometry.eu\/hu\/lezervagas\/\"]}]},{\"@type\":\"ImageObject\",\"inLanguage\":\"hu\",\"@id\":\"https:\/\/xometry.eu\/hu\/lezervagas\/#primaryimage\",\"url\":\"https:\/\/xometry.eu\/wp-content\/uploads\/2022\/12\/Plasma-cutting.jpg\",\"contentUrl\":\"https:\/\/xometry.eu\/wp-content\/uploads\/2022\/12\/Plasma-cutting.jpg\",\"width\":1000,\"height\":523},{\"@type\":\"BreadcrumbList\",\"@id\":\"https:\/\/xometry.eu\/hu\/lezervagas\/#breadcrumb\",\"itemListElement\":[{\"@type\":\"ListItem\",\"position\":1,\"name\":\"Home\",\"item\":\"https:\/\/xometry.eu\/hu\/\"},{\"@type\":\"ListItem\",\"position\":2,\"name\":\"Laser Cutting\"}]},{\"@type\":\"WebSite\",\"@id\":\"https:\/\/xometry.eu\/hu\/#website\",\"url\":\"https:\/\/xometry.eu\/hu\/\",\"name\":\"Xometry Europe\",\"description\":\"\",\"publisher\":{\"@id\":\"https:\/\/xometry.eu\/hu\/#organization\"},\"potentialAction\":[{\"@type\":\"SearchAction\",\"target\":{\"@type\":\"EntryPoint\",\"urlTemplate\":\"https:\/\/xometry.eu\/hu\/?s={search_term_string}\"},\"query-input\":{\"@type\":\"PropertyValueSpecification\",\"valueRequired\":true,\"valueName\":\"search_term_string\"}}],\"inLanguage\":\"hu\"}]}<\/script>\n<!-- \/ Yoast SEO Premium plugin. -->","yoast_head_json":{"title":"L\u00e9zerv\u00e1g\u00e1si szolg\u00e1ltat\u00e1sok | Online alkatr\u00e9sz rendel\u00e9s | Xometry Europe","description":"L\u00e9zerv\u00e1g\u00e1si szolg\u00e1ltat\u00e1st ny\u00fajtunk alum\u00edniumb\u00f3l, ac\u00e9lb\u00f3l \u00e9s r\u00e9z\u00f6tv\u00f6zetekb\u0151l sorozatgy\u00e1rt\u00e1s\u00fa alkatr\u00e9szek \u00e9s protot\u00edpusok gy\u00e1rt\u00e1s\u00e1hoz egyar\u00e1nt.","robots":{"index":"index","follow":"follow","max-snippet":"max-snippet:-1","max-image-preview":"max-image-preview:large","max-video-preview":"max-video-preview:-1"},"canonical":"https:\/\/xometry.eu\/hu\/lezervagas\/","og_locale":"hu_HU","og_type":"article","og_title":"Laser Cutting","og_description":"L\u00e9zerv\u00e1g\u00e1si szolg\u00e1ltat\u00e1st ny\u00fajtunk alum\u00edniumb\u00f3l, ac\u00e9lb\u00f3l \u00e9s r\u00e9z\u00f6tv\u00f6zetekb\u0151l sorozatgy\u00e1rt\u00e1s\u00fa alkatr\u00e9szek \u00e9s protot\u00edpusok gy\u00e1rt\u00e1s\u00e1hoz egyar\u00e1nt.","og_url":"https:\/\/xometry.eu\/hu\/lezervagas\/","og_site_name":"Xometry Europe","article_modified_time":"2026-02-04T09:18:26+00:00","og_image":[{"url":"http:\/\/xometry.eu\/wp-content\/uploads\/2023\/02\/EN-Laser-cutting-service-page-1440x738.jpg","type":"","width":"","height":""}],"twitter_card":"summary_large_image","twitter_image":"https:\/\/xometry.de\/wp-content\/uploads\/2020\/08\/laser-cutting-sheet-metal-services.jpg","schema":{"@context":"https:\/\/schema.org","@graph":[{"@type":"WebPage","@id":"https:\/\/xometry.eu\/hu\/lezervagas\/","url":"https:\/\/xometry.eu\/hu\/lezervagas\/","name":"L\u00e9zerv\u00e1g\u00e1si szolg\u00e1ltat\u00e1sok | Online alkatr\u00e9sz rendel\u00e9s | Xometry Europe","isPartOf":{"@id":"https:\/\/xometry.eu\/hu\/#website"},"primaryImageOfPage":{"@id":"https:\/\/xometry.eu\/hu\/lezervagas\/#primaryimage"},"image":{"@id":"https:\/\/xometry.eu\/hu\/lezervagas\/#primaryimage"},"thumbnailUrl":"https:\/\/xometry.eu\/wp-content\/uploads\/2022\/12\/Plasma-cutting.jpg","datePublished":"2020-05-15T09:14:12+00:00","dateModified":"2026-02-04T09:18:26+00:00","description":"L\u00e9zerv\u00e1g\u00e1si szolg\u00e1ltat\u00e1st ny\u00fajtunk alum\u00edniumb\u00f3l, ac\u00e9lb\u00f3l \u00e9s r\u00e9z\u00f6tv\u00f6zetekb\u0151l sorozatgy\u00e1rt\u00e1s\u00fa alkatr\u00e9szek \u00e9s protot\u00edpusok gy\u00e1rt\u00e1s\u00e1hoz egyar\u00e1nt.","breadcrumb":{"@id":"https:\/\/xometry.eu\/hu\/lezervagas\/#breadcrumb"},"inLanguage":"hu","potentialAction":[{"@type":"ReadAction","target":["https:\/\/xometry.eu\/hu\/lezervagas\/"]}]},{"@type":"ImageObject","inLanguage":"hu","@id":"https:\/\/xometry.eu\/hu\/lezervagas\/#primaryimage","url":"https:\/\/xometry.eu\/wp-content\/uploads\/2022\/12\/Plasma-cutting.jpg","contentUrl":"https:\/\/xometry.eu\/wp-content\/uploads\/2022\/12\/Plasma-cutting.jpg","width":1000,"height":523},{"@type":"BreadcrumbList","@id":"https:\/\/xometry.eu\/hu\/lezervagas\/#breadcrumb","itemListElement":[{"@type":"ListItem","position":1,"name":"Home","item":"https:\/\/xometry.eu\/hu\/"},{"@type":"ListItem","position":2,"name":"Laser Cutting"}]},{"@type":"WebSite","@id":"https:\/\/xometry.eu\/hu\/#website","url":"https:\/\/xometry.eu\/hu\/","name":"Xometry Europe","description":"","publisher":{"@id":"https:\/\/xometry.eu\/hu\/#organization"},"potentialAction":[{"@type":"SearchAction","target":{"@type":"EntryPoint","urlTemplate":"https:\/\/xometry.eu\/hu\/?s={search_term_string}"},"query-input":{"@type":"PropertyValueSpecification","valueRequired":true,"valueName":"search_term_string"}}],"inLanguage":"hu"}]}},"_links":{"self":[{"href":"https:\/\/xometry.eu\/hu\/wp-json\/wp\/v2\/pages\/140340","targetHints":{"allow":["GET"]}}],"collection":[{"href":"https:\/\/xometry.eu\/hu\/wp-json\/wp\/v2\/pages"}],"about":[{"href":"https:\/\/xometry.eu\/hu\/wp-json\/wp\/v2\/types\/page"}],"author":[{"embeddable":true,"href":"https:\/\/xometry.eu\/hu\/wp-json\/wp\/v2\/users\/1"}],"replies":[{"embeddable":true,"href":"https:\/\/xometry.eu\/hu\/wp-json\/wp\/v2\/comments?post=140340"}],"version-history":[{"count":4,"href":"https:\/\/xometry.eu\/hu\/wp-json\/wp\/v2\/pages\/140340\/revisions"}],"predecessor-version":[{"id":169796,"href":"https:\/\/xometry.eu\/hu\/wp-json\/wp\/v2\/pages\/140340\/revisions\/169796"}],"wp:featuredmedia":[{"embeddable":true,"href":"https:\/\/xometry.eu\/hu\/wp-json\/wp\/v2\/media\/80775"}],"wp:attachment":[{"href":"https:\/\/xometry.eu\/hu\/wp-json\/wp\/v2\/media?parent=140340"}],"curies":[{"name":"wp","href":"https:\/\/api.w.org\/{rel}","templated":true}]}}