{"id":140294,"date":"2020-05-14T08:36:09","date_gmt":"2020-05-14T08:36:09","guid":{"rendered":"https:\/\/xometry.eu\/cnc-milling\/"},"modified":"2025-05-23T12:32:06","modified_gmt":"2025-05-23T10:32:06","slug":"cnc-maras","status":"publish","type":"page","link":"https:\/\/xometry.eu\/hu\/cnc-maras\/","title":{"rendered":"CNC Milling"},"content":{"rendered":"","protected":false},"excerpt":{"rendered":"","protected":false},"author":1,"featured_media":80835,"parent":0,"menu_order":0,"comment_status":"closed","ping_status":"closed","template":"","meta":{"_acf_changed":false,"inline_featured_image":false,"footnotes":""},"class_list":["post-140294","page","type-page","status-publish","has-post-thumbnail","hentry"],"acf":[],"yoast_head":"<!-- This site is optimized with the Yoast SEO Premium plugin v20.5 (Yoast SEO v27.3) - https:\/\/yoast.com\/product\/yoast-seo-premium-wordpress\/ -->\n<title>CNC Milling Services Online | Order Milled Parts | Xometry Europe<\/title>\n<meta name=\"description\" content=\"We provide CNC milling services of any complexity for the production of both serial parts and prototypes. Get an instant quote!\" \/>\n<meta name=\"robots\" content=\"index, follow, max-snippet:-1, max-image-preview:large, max-video-preview:-1\" \/>\n<link rel=\"canonical\" href=\"https:\/\/xometry.eu\/hu\/cnc-maras\/\" \/>\n<meta property=\"og:locale\" content=\"hu_HU\" \/>\n<meta property=\"og:type\" content=\"article\" \/>\n<meta property=\"og:title\" content=\"CNC Milling\" \/>\n<meta property=\"og:description\" content=\"We provide CNC milling services of any complexity for the production of both serial parts and prototypes. Get an instant quote!\" \/>\n<meta property=\"og:url\" content=\"https:\/\/xometry.eu\/hu\/cnc-maras\/\" \/>\n<meta property=\"og:site_name\" content=\"Xometry Europe\" \/>\n<meta property=\"article:modified_time\" content=\"2025-05-23T10:32:06+00:00\" \/>\n<meta property=\"og:image\" content=\"http:\/\/xometry.eu\/wp-content\/uploads\/2023\/02\/EN-CNC-Milling-service-page-1440x737.jpg\" \/>\n<meta name=\"twitter:card\" content=\"summary_large_image\" \/>\n<meta name=\"twitter:label1\" content=\"Becs\u00fclt olvas\u00e1si id\u0151\" \/>\n\t<meta name=\"twitter:data1\" content=\"1 perc\" \/>\n<script type=\"application\/ld+json\" class=\"yoast-schema-graph\">{\"@context\":\"https:\\\/\\\/schema.org\",\"@graph\":[{\"@type\":\"WebPage\",\"@id\":\"https:\\\/\\\/xometry.eu\\\/hu\\\/cnc-maras\\\/\",\"url\":\"https:\\\/\\\/xometry.eu\\\/hu\\\/cnc-maras\\\/\",\"name\":\"CNC Milling Services Online | Order Milled Parts | Xometry Europe\",\"isPartOf\":{\"@id\":\"https:\\\/\\\/xometry.eu\\\/hu\\\/#website\"},\"primaryImageOfPage\":{\"@id\":\"https:\\\/\\\/xometry.eu\\\/hu\\\/cnc-maras\\\/#primaryimage\"},\"image\":{\"@id\":\"https:\\\/\\\/xometry.eu\\\/hu\\\/cnc-maras\\\/#primaryimage\"},\"thumbnailUrl\":\"https:\\\/\\\/xometry.eu\\\/wp-content\\\/uploads\\\/2022\\\/09\\\/cnc-machining-scaled.jpeg\",\"datePublished\":\"2020-05-14T08:36:09+00:00\",\"dateModified\":\"2025-05-23T10:32:06+00:00\",\"description\":\"We provide CNC milling services of any complexity for the production of both serial parts and prototypes. Get an instant quote!\",\"breadcrumb\":{\"@id\":\"https:\\\/\\\/xometry.eu\\\/hu\\\/cnc-maras\\\/#breadcrumb\"},\"inLanguage\":\"hu\",\"potentialAction\":[{\"@type\":\"ReadAction\",\"target\":[\"https:\\\/\\\/xometry.eu\\\/hu\\\/cnc-maras\\\/\"]}]},{\"@type\":\"ImageObject\",\"inLanguage\":\"hu\",\"@id\":\"https:\\\/\\\/xometry.eu\\\/hu\\\/cnc-maras\\\/#primaryimage\",\"url\":\"https:\\\/\\\/xometry.eu\\\/wp-content\\\/uploads\\\/2022\\\/09\\\/cnc-machining-scaled.jpeg\",\"contentUrl\":\"https:\\\/\\\/xometry.eu\\\/wp-content\\\/uploads\\\/2022\\\/09\\\/cnc-machining-scaled.jpeg\",\"width\":2560,\"height\":1646,\"caption\":\"Metalworking CNC milling machine. Cutting metal modern processing technology. Small depth of field. Warning - authentic shooting in challenging conditions. A little bit grain and maybe blurred.\"},{\"@type\":\"BreadcrumbList\",\"@id\":\"https:\\\/\\\/xometry.eu\\\/hu\\\/cnc-maras\\\/#breadcrumb\",\"itemListElement\":[{\"@type\":\"ListItem\",\"position\":1,\"name\":\"Home\",\"item\":\"https:\\\/\\\/xometry.eu\\\/hu\\\/\"},{\"@type\":\"ListItem\",\"position\":2,\"name\":\"CNC Milling\"}]},{\"@type\":\"WebSite\",\"@id\":\"https:\\\/\\\/xometry.eu\\\/hu\\\/#website\",\"url\":\"https:\\\/\\\/xometry.eu\\\/hu\\\/\",\"name\":\"Xometry Europe\",\"description\":\"\",\"publisher\":{\"@id\":\"https:\\\/\\\/xometry.eu\\\/hu\\\/#organization\"},\"potentialAction\":[{\"@type\":\"SearchAction\",\"target\":{\"@type\":\"EntryPoint\",\"urlTemplate\":\"https:\\\/\\\/xometry.eu\\\/hu\\\/?s={search_term_string}\"},\"query-input\":{\"@type\":\"PropertyValueSpecification\",\"valueRequired\":true,\"valueName\":\"search_term_string\"}}],\"inLanguage\":\"hu\"}]}<\/script>\n<!-- \/ Yoast SEO Premium plugin. -->","yoast_head_json":{"title":"CNC Milling Services Online | Order Milled Parts | Xometry Europe","description":"We provide CNC milling services of any complexity for the production of both serial parts and prototypes. Get an instant quote!","robots":{"index":"index","follow":"follow","max-snippet":"max-snippet:-1","max-image-preview":"max-image-preview:large","max-video-preview":"max-video-preview:-1"},"canonical":"https:\/\/xometry.eu\/hu\/cnc-maras\/","og_locale":"hu_HU","og_type":"article","og_title":"CNC Milling","og_description":"We provide CNC milling services of any complexity for the production of both serial parts and prototypes. Get an instant quote!","og_url":"https:\/\/xometry.eu\/hu\/cnc-maras\/","og_site_name":"Xometry Europe","article_modified_time":"2025-05-23T10:32:06+00:00","og_image":[{"url":"http:\/\/xometry.eu\/wp-content\/uploads\/2023\/02\/EN-CNC-Milling-service-page-1440x737.jpg","type":"","width":"","height":""}],"twitter_card":"summary_large_image","twitter_misc":{"Becs\u00fclt olvas\u00e1si id\u0151":"1 perc"},"schema":{"@context":"https:\/\/schema.org","@graph":[{"@type":"WebPage","@id":"https:\/\/xometry.eu\/hu\/cnc-maras\/","url":"https:\/\/xometry.eu\/hu\/cnc-maras\/","name":"CNC Milling Services Online | Order Milled Parts | Xometry Europe","isPartOf":{"@id":"https:\/\/xometry.eu\/hu\/#website"},"primaryImageOfPage":{"@id":"https:\/\/xometry.eu\/hu\/cnc-maras\/#primaryimage"},"image":{"@id":"https:\/\/xometry.eu\/hu\/cnc-maras\/#primaryimage"},"thumbnailUrl":"https:\/\/xometry.eu\/wp-content\/uploads\/2022\/09\/cnc-machining-scaled.jpeg","datePublished":"2020-05-14T08:36:09+00:00","dateModified":"2025-05-23T10:32:06+00:00","description":"We provide CNC milling services of any complexity for the production of both serial parts and prototypes. Get an instant quote!","breadcrumb":{"@id":"https:\/\/xometry.eu\/hu\/cnc-maras\/#breadcrumb"},"inLanguage":"hu","potentialAction":[{"@type":"ReadAction","target":["https:\/\/xometry.eu\/hu\/cnc-maras\/"]}]},{"@type":"ImageObject","inLanguage":"hu","@id":"https:\/\/xometry.eu\/hu\/cnc-maras\/#primaryimage","url":"https:\/\/xometry.eu\/wp-content\/uploads\/2022\/09\/cnc-machining-scaled.jpeg","contentUrl":"https:\/\/xometry.eu\/wp-content\/uploads\/2022\/09\/cnc-machining-scaled.jpeg","width":2560,"height":1646,"caption":"Metalworking CNC milling machine. Cutting metal modern processing technology. Small depth of field. Warning - authentic shooting in challenging conditions. A little bit grain and maybe blurred."},{"@type":"BreadcrumbList","@id":"https:\/\/xometry.eu\/hu\/cnc-maras\/#breadcrumb","itemListElement":[{"@type":"ListItem","position":1,"name":"Home","item":"https:\/\/xometry.eu\/hu\/"},{"@type":"ListItem","position":2,"name":"CNC Milling"}]},{"@type":"WebSite","@id":"https:\/\/xometry.eu\/hu\/#website","url":"https:\/\/xometry.eu\/hu\/","name":"Xometry Europe","description":"","publisher":{"@id":"https:\/\/xometry.eu\/hu\/#organization"},"potentialAction":[{"@type":"SearchAction","target":{"@type":"EntryPoint","urlTemplate":"https:\/\/xometry.eu\/hu\/?s={search_term_string}"},"query-input":{"@type":"PropertyValueSpecification","valueRequired":true,"valueName":"search_term_string"}}],"inLanguage":"hu"}]}},"_links":{"self":[{"href":"https:\/\/xometry.eu\/hu\/wp-json\/wp\/v2\/pages\/140294","targetHints":{"allow":["GET"]}}],"collection":[{"href":"https:\/\/xometry.eu\/hu\/wp-json\/wp\/v2\/pages"}],"about":[{"href":"https:\/\/xometry.eu\/hu\/wp-json\/wp\/v2\/types\/page"}],"author":[{"embeddable":true,"href":"https:\/\/xometry.eu\/hu\/wp-json\/wp\/v2\/users\/1"}],"replies":[{"embeddable":true,"href":"https:\/\/xometry.eu\/hu\/wp-json\/wp\/v2\/comments?post=140294"}],"version-history":[{"count":0,"href":"https:\/\/xometry.eu\/hu\/wp-json\/wp\/v2\/pages\/140294\/revisions"}],"wp:featuredmedia":[{"embeddable":true,"href":"https:\/\/xometry.eu\/hu\/wp-json\/wp\/v2\/media\/80835"}],"wp:attachment":[{"href":"https:\/\/xometry.eu\/hu\/wp-json\/wp\/v2\/media?parent=140294"}],"curies":[{"name":"wp","href":"https:\/\/api.w.org\/{rel}","templated":true}]}}