{"id":7075,"date":"2020-09-16T12:04:01","date_gmt":"2020-09-16T12:04:01","guid":{"rendered":"https:\/\/xometry.de\/quality-assurance\/"},"modified":"2023-11-20T13:22:24","modified_gmt":"2023-11-20T11:22:24","slug":"assurance-qualite","status":"publish","type":"page","link":"https:\/\/xometry.eu\/fr\/assurance-qualite\/","title":{"rendered":"Assurance et contr\u00f4le de la qualit\u00e9"},"content":{"rendered":"","protected":false},"excerpt":{"rendered":"","protected":false},"author":2,"featured_media":0,"parent":0,"menu_order":0,"comment_status":"closed","ping_status":"closed","template":"","meta":{"_acf_changed":false,"inline_featured_image":false,"footnotes":""},"class_list":["post-7075","page","type-page","status-publish","hentry"],"acf":[],"yoast_head":"<!-- This site is optimized with the Yoast SEO Premium plugin v20.5 (Yoast SEO v27.1.1) - https:\/\/yoast.com\/product\/yoast-seo-premium-wordpress\/ -->\n<title>Assurance et contr\u00f4le de la qualit\u00e9 | Xometry Europe<\/title>\n<meta name=\"description\" content=\"Xometry utilise des processus rigoureux pour assurer les normes de fabrication les plus \u00e9lev\u00e9es pour vos pi\u00e8ces personnalis\u00e9es.\" \/>\n<meta name=\"robots\" content=\"index, follow, max-snippet:-1, max-image-preview:large, max-video-preview:-1\" \/>\n<link rel=\"canonical\" href=\"https:\/\/xometry.eu\/fr\/assurance-qualite\/\" \/>\n<meta property=\"og:locale\" content=\"fr_FR\" \/>\n<meta property=\"og:type\" content=\"article\" \/>\n<meta property=\"og:title\" content=\"Assurance et contr\u00f4le de la qualit\u00e9\" \/>\n<meta property=\"og:description\" content=\"Xometry utilise des processus rigoureux pour assurer les normes de fabrication les plus \u00e9lev\u00e9es pour vos pi\u00e8ces personnalis\u00e9es.\" \/>\n<meta property=\"og:url\" content=\"https:\/\/xometry.eu\/fr\/assurance-qualite\/\" \/>\n<meta property=\"og:site_name\" content=\"Xometry Europe\" \/>\n<meta property=\"article:modified_time\" content=\"2023-11-20T11:22:24+00:00\" \/>\n<meta name=\"twitter:card\" content=\"summary_large_image\" \/>\n<script type=\"application\/ld+json\" class=\"yoast-schema-graph\">{\"@context\":\"https:\/\/schema.org\",\"@graph\":[{\"@type\":\"WebPage\",\"@id\":\"https:\/\/xometry.eu\/fr\/assurance-qualite\/\",\"url\":\"https:\/\/xometry.eu\/fr\/assurance-qualite\/\",\"name\":\"Assurance et contr\u00f4le de la qualit\u00e9 | Xometry Europe\",\"isPartOf\":{\"@id\":\"https:\/\/xometry.eu\/fr\/#website\"},\"datePublished\":\"2020-09-16T12:04:01+00:00\",\"dateModified\":\"2023-11-20T11:22:24+00:00\",\"description\":\"Xometry utilise des processus rigoureux pour assurer les normes de fabrication les plus \u00e9lev\u00e9es pour vos pi\u00e8ces personnalis\u00e9es.\",\"breadcrumb\":{\"@id\":\"https:\/\/xometry.eu\/fr\/assurance-qualite\/#breadcrumb\"},\"inLanguage\":\"fr-FR\",\"potentialAction\":[{\"@type\":\"ReadAction\",\"target\":[\"https:\/\/xometry.eu\/fr\/assurance-qualite\/\"]}]},{\"@type\":\"BreadcrumbList\",\"@id\":\"https:\/\/xometry.eu\/fr\/assurance-qualite\/#breadcrumb\",\"itemListElement\":[{\"@type\":\"ListItem\",\"position\":1,\"name\":\"Home\",\"item\":\"https:\/\/xometry.eu\/fr\/\"},{\"@type\":\"ListItem\",\"position\":2,\"name\":\"Assurance et contr\u00f4le de la qualit\u00e9\"}]},{\"@type\":\"WebSite\",\"@id\":\"https:\/\/xometry.eu\/fr\/#website\",\"url\":\"https:\/\/xometry.eu\/fr\/\",\"name\":\"Xometry Europe\",\"description\":\"\",\"publisher\":{\"@id\":\"https:\/\/xometry.eu\/fr\/#organization\"},\"potentialAction\":[{\"@type\":\"SearchAction\",\"target\":{\"@type\":\"EntryPoint\",\"urlTemplate\":\"https:\/\/xometry.eu\/fr\/?s={search_term_string}\"},\"query-input\":{\"@type\":\"PropertyValueSpecification\",\"valueRequired\":true,\"valueName\":\"search_term_string\"}}],\"inLanguage\":\"fr-FR\"}]}<\/script>\n<!-- \/ Yoast SEO Premium plugin. -->","yoast_head_json":{"title":"Assurance et contr\u00f4le de la qualit\u00e9 | Xometry Europe","description":"Xometry utilise des processus rigoureux pour assurer les normes de fabrication les plus \u00e9lev\u00e9es pour vos pi\u00e8ces personnalis\u00e9es.","robots":{"index":"index","follow":"follow","max-snippet":"max-snippet:-1","max-image-preview":"max-image-preview:large","max-video-preview":"max-video-preview:-1"},"canonical":"https:\/\/xometry.eu\/fr\/assurance-qualite\/","og_locale":"fr_FR","og_type":"article","og_title":"Assurance et contr\u00f4le de la qualit\u00e9","og_description":"Xometry utilise des processus rigoureux pour assurer les normes de fabrication les plus \u00e9lev\u00e9es pour vos pi\u00e8ces personnalis\u00e9es.","og_url":"https:\/\/xometry.eu\/fr\/assurance-qualite\/","og_site_name":"Xometry Europe","article_modified_time":"2023-11-20T11:22:24+00:00","twitter_card":"summary_large_image","schema":{"@context":"https:\/\/schema.org","@graph":[{"@type":"WebPage","@id":"https:\/\/xometry.eu\/fr\/assurance-qualite\/","url":"https:\/\/xometry.eu\/fr\/assurance-qualite\/","name":"Assurance et contr\u00f4le de la qualit\u00e9 | Xometry Europe","isPartOf":{"@id":"https:\/\/xometry.eu\/fr\/#website"},"datePublished":"2020-09-16T12:04:01+00:00","dateModified":"2023-11-20T11:22:24+00:00","description":"Xometry utilise des processus rigoureux pour assurer les normes de fabrication les plus \u00e9lev\u00e9es pour vos pi\u00e8ces personnalis\u00e9es.","breadcrumb":{"@id":"https:\/\/xometry.eu\/fr\/assurance-qualite\/#breadcrumb"},"inLanguage":"fr-FR","potentialAction":[{"@type":"ReadAction","target":["https:\/\/xometry.eu\/fr\/assurance-qualite\/"]}]},{"@type":"BreadcrumbList","@id":"https:\/\/xometry.eu\/fr\/assurance-qualite\/#breadcrumb","itemListElement":[{"@type":"ListItem","position":1,"name":"Home","item":"https:\/\/xometry.eu\/fr\/"},{"@type":"ListItem","position":2,"name":"Assurance et contr\u00f4le de la qualit\u00e9"}]},{"@type":"WebSite","@id":"https:\/\/xometry.eu\/fr\/#website","url":"https:\/\/xometry.eu\/fr\/","name":"Xometry Europe","description":"","publisher":{"@id":"https:\/\/xometry.eu\/fr\/#organization"},"potentialAction":[{"@type":"SearchAction","target":{"@type":"EntryPoint","urlTemplate":"https:\/\/xometry.eu\/fr\/?s={search_term_string}"},"query-input":{"@type":"PropertyValueSpecification","valueRequired":true,"valueName":"search_term_string"}}],"inLanguage":"fr-FR"}]}},"_links":{"self":[{"href":"https:\/\/xometry.eu\/fr\/wp-json\/wp\/v2\/pages\/7075","targetHints":{"allow":["GET"]}}],"collection":[{"href":"https:\/\/xometry.eu\/fr\/wp-json\/wp\/v2\/pages"}],"about":[{"href":"https:\/\/xometry.eu\/fr\/wp-json\/wp\/v2\/types\/page"}],"author":[{"embeddable":true,"href":"https:\/\/xometry.eu\/fr\/wp-json\/wp\/v2\/users\/2"}],"replies":[{"embeddable":true,"href":"https:\/\/xometry.eu\/fr\/wp-json\/wp\/v2\/comments?post=7075"}],"version-history":[{"count":0,"href":"https:\/\/xometry.eu\/fr\/wp-json\/wp\/v2\/pages\/7075\/revisions"}],"wp:attachment":[{"href":"https:\/\/xometry.eu\/fr\/wp-json\/wp\/v2\/media?parent=7075"}],"curies":[{"name":"wp","href":"https:\/\/api.w.org\/{rel}","templated":true}]}}