{"id":65697,"date":"2022-06-03T07:26:43","date_gmt":"2022-06-03T07:26:43","guid":{"rendered":"https:\/\/xometry.eu\/?page_id=65697"},"modified":"2026-03-06T15:39:24","modified_gmt":"2026-03-06T13:39:24","slug":"temoignages-de-nos-clients","status":"publish","type":"page","link":"https:\/\/xometry.eu\/fr\/temoignages-de-nos-clients\/","title":{"rendered":"T\u00e9moignages de nos clients"},"content":{"rendered":"","protected":false},"excerpt":{"rendered":"","protected":false},"author":10,"featured_media":0,"parent":0,"menu_order":0,"comment_status":"closed","ping_status":"closed","template":"","meta":{"_acf_changed":false,"inline_featured_image":false,"footnotes":""},"class_list":["post-65697","page","type-page","status-publish","hentry"],"acf":[],"yoast_head":"<!-- This site is optimized with the Yoast SEO Premium plugin v20.5 (Yoast SEO v27.3) - https:\/\/yoast.com\/product\/yoast-seo-premium-wordpress\/ -->\n<title>T\u00e9moignages et succ\u00e8s de nos clients | Xometry Europe<\/title>\n<meta name=\"description\" content=\"Avec plusieurs ann\u00e9es d&#039;exp\u00e9rience, Xometry Europe cumule les projets qui ont fait le succ\u00e8s de leurs partenaires et de leurs clients.\" \/>\n<meta name=\"robots\" content=\"index, follow, max-snippet:-1, max-image-preview:large, max-video-preview:-1\" \/>\n<link rel=\"canonical\" href=\"https:\/\/xometry.eu\/fr\/temoignages-de-nos-clients\/\" \/>\n<meta property=\"og:locale\" content=\"fr_FR\" \/>\n<meta property=\"og:type\" content=\"article\" \/>\n<meta property=\"og:title\" content=\"T\u00e9moignages de nos clients\" \/>\n<meta property=\"og:description\" content=\"Avec plusieurs ann\u00e9es d&#039;exp\u00e9rience, Xometry Europe cumule les projets qui ont fait le succ\u00e8s de leurs partenaires et de leurs clients.\" \/>\n<meta property=\"og:url\" content=\"https:\/\/xometry.eu\/fr\/temoignages-de-nos-clients\/\" \/>\n<meta property=\"og:site_name\" content=\"Xometry Europe\" \/>\n<meta property=\"article:modified_time\" content=\"2026-03-06T13:39:24+00:00\" \/>\n<meta name=\"twitter:card\" content=\"summary_large_image\" \/>\n<script type=\"application\/ld+json\" class=\"yoast-schema-graph\">{\"@context\":\"https:\\\/\\\/schema.org\",\"@graph\":[{\"@type\":\"WebPage\",\"@id\":\"https:\\\/\\\/xometry.eu\\\/fr\\\/temoignages-de-nos-clients\\\/\",\"url\":\"https:\\\/\\\/xometry.eu\\\/fr\\\/temoignages-de-nos-clients\\\/\",\"name\":\"T\u00e9moignages et succ\u00e8s de nos clients | Xometry Europe\",\"isPartOf\":{\"@id\":\"https:\\\/\\\/xometry.eu\\\/fr\\\/#website\"},\"datePublished\":\"2022-06-03T07:26:43+00:00\",\"dateModified\":\"2026-03-06T13:39:24+00:00\",\"description\":\"Avec plusieurs ann\u00e9es d'exp\u00e9rience, Xometry Europe cumule les projets qui ont fait le succ\u00e8s de leurs partenaires et de leurs clients.\",\"breadcrumb\":{\"@id\":\"https:\\\/\\\/xometry.eu\\\/fr\\\/temoignages-de-nos-clients\\\/#breadcrumb\"},\"inLanguage\":\"fr-FR\",\"potentialAction\":[{\"@type\":\"ReadAction\",\"target\":[\"https:\\\/\\\/xometry.eu\\\/fr\\\/temoignages-de-nos-clients\\\/\"]}]},{\"@type\":\"BreadcrumbList\",\"@id\":\"https:\\\/\\\/xometry.eu\\\/fr\\\/temoignages-de-nos-clients\\\/#breadcrumb\",\"itemListElement\":[{\"@type\":\"ListItem\",\"position\":1,\"name\":\"Home\",\"item\":\"https:\\\/\\\/xometry.eu\\\/fr\\\/\"},{\"@type\":\"ListItem\",\"position\":2,\"name\":\"T\u00e9moignages de nos clients\"}]},{\"@type\":\"WebSite\",\"@id\":\"https:\\\/\\\/xometry.eu\\\/fr\\\/#website\",\"url\":\"https:\\\/\\\/xometry.eu\\\/fr\\\/\",\"name\":\"Xometry Europe\",\"description\":\"\",\"publisher\":{\"@id\":\"https:\\\/\\\/xometry.eu\\\/fr\\\/#organization\"},\"potentialAction\":[{\"@type\":\"SearchAction\",\"target\":{\"@type\":\"EntryPoint\",\"urlTemplate\":\"https:\\\/\\\/xometry.eu\\\/fr\\\/?s={search_term_string}\"},\"query-input\":{\"@type\":\"PropertyValueSpecification\",\"valueRequired\":true,\"valueName\":\"search_term_string\"}}],\"inLanguage\":\"fr-FR\"}]}<\/script>\n<!-- \/ Yoast SEO Premium plugin. -->","yoast_head_json":{"title":"T\u00e9moignages et succ\u00e8s de nos clients | Xometry Europe","description":"Avec plusieurs ann\u00e9es d'exp\u00e9rience, Xometry Europe cumule les projets qui ont fait le succ\u00e8s de leurs partenaires et de leurs clients.","robots":{"index":"index","follow":"follow","max-snippet":"max-snippet:-1","max-image-preview":"max-image-preview:large","max-video-preview":"max-video-preview:-1"},"canonical":"https:\/\/xometry.eu\/fr\/temoignages-de-nos-clients\/","og_locale":"fr_FR","og_type":"article","og_title":"T\u00e9moignages de nos clients","og_description":"Avec plusieurs ann\u00e9es d'exp\u00e9rience, Xometry Europe cumule les projets qui ont fait le succ\u00e8s de leurs partenaires et de leurs clients.","og_url":"https:\/\/xometry.eu\/fr\/temoignages-de-nos-clients\/","og_site_name":"Xometry Europe","article_modified_time":"2026-03-06T13:39:24+00:00","twitter_card":"summary_large_image","schema":{"@context":"https:\/\/schema.org","@graph":[{"@type":"WebPage","@id":"https:\/\/xometry.eu\/fr\/temoignages-de-nos-clients\/","url":"https:\/\/xometry.eu\/fr\/temoignages-de-nos-clients\/","name":"T\u00e9moignages et succ\u00e8s de nos clients | Xometry Europe","isPartOf":{"@id":"https:\/\/xometry.eu\/fr\/#website"},"datePublished":"2022-06-03T07:26:43+00:00","dateModified":"2026-03-06T13:39:24+00:00","description":"Avec plusieurs ann\u00e9es d'exp\u00e9rience, Xometry Europe cumule les projets qui ont fait le succ\u00e8s de leurs partenaires et de leurs clients.","breadcrumb":{"@id":"https:\/\/xometry.eu\/fr\/temoignages-de-nos-clients\/#breadcrumb"},"inLanguage":"fr-FR","potentialAction":[{"@type":"ReadAction","target":["https:\/\/xometry.eu\/fr\/temoignages-de-nos-clients\/"]}]},{"@type":"BreadcrumbList","@id":"https:\/\/xometry.eu\/fr\/temoignages-de-nos-clients\/#breadcrumb","itemListElement":[{"@type":"ListItem","position":1,"name":"Home","item":"https:\/\/xometry.eu\/fr\/"},{"@type":"ListItem","position":2,"name":"T\u00e9moignages de nos clients"}]},{"@type":"WebSite","@id":"https:\/\/xometry.eu\/fr\/#website","url":"https:\/\/xometry.eu\/fr\/","name":"Xometry Europe","description":"","publisher":{"@id":"https:\/\/xometry.eu\/fr\/#organization"},"potentialAction":[{"@type":"SearchAction","target":{"@type":"EntryPoint","urlTemplate":"https:\/\/xometry.eu\/fr\/?s={search_term_string}"},"query-input":{"@type":"PropertyValueSpecification","valueRequired":true,"valueName":"search_term_string"}}],"inLanguage":"fr-FR"}]}},"_links":{"self":[{"href":"https:\/\/xometry.eu\/fr\/wp-json\/wp\/v2\/pages\/65697","targetHints":{"allow":["GET"]}}],"collection":[{"href":"https:\/\/xometry.eu\/fr\/wp-json\/wp\/v2\/pages"}],"about":[{"href":"https:\/\/xometry.eu\/fr\/wp-json\/wp\/v2\/types\/page"}],"author":[{"embeddable":true,"href":"https:\/\/xometry.eu\/fr\/wp-json\/wp\/v2\/users\/10"}],"replies":[{"embeddable":true,"href":"https:\/\/xometry.eu\/fr\/wp-json\/wp\/v2\/comments?post=65697"}],"version-history":[{"count":0,"href":"https:\/\/xometry.eu\/fr\/wp-json\/wp\/v2\/pages\/65697\/revisions"}],"wp:attachment":[{"href":"https:\/\/xometry.eu\/fr\/wp-json\/wp\/v2\/media?parent=65697"}],"curies":[{"name":"wp","href":"https:\/\/api.w.org\/{rel}","templated":true}]}}