{"id":54707,"date":"2022-02-14T14:59:46","date_gmt":"2022-02-14T14:59:46","guid":{"rendered":"https:\/\/xometry.eu\/?page_id=54707"},"modified":"2026-03-06T15:16:49","modified_gmt":"2026-03-06T13:16:49","slug":"fabrication-pieces-mecaniques-industrie-electronique","status":"publish","type":"page","link":"https:\/\/xometry.eu\/fr\/fabrication-pieces-mecaniques-industrie-electronique\/","title":{"rendered":"Industrie \u00e9lectronique"},"content":{"rendered":"","protected":false},"excerpt":{"rendered":"","protected":false},"author":10,"featured_media":0,"parent":0,"menu_order":0,"comment_status":"closed","ping_status":"closed","template":"","meta":{"_acf_changed":false,"inline_featured_image":false,"footnotes":""},"class_list":["post-54707","page","type-page","status-publish","hentry"],"acf":[],"yoast_head":"<!-- This site is optimized with the Yoast SEO Premium plugin v20.5 (Yoast SEO v27.1.1) - https:\/\/yoast.com\/product\/yoast-seo-premium-wordpress\/ -->\n<title>Faire fabriquer des pi\u00e8ces m\u00e9caniques pour l\u2019industrie \u00e9lectronique | Xometry<\/title>\n<meta name=\"description\" content=\"Xometry propose 13 proc\u00e9d\u00e9s de fabrication et plus de 70 mat\u00e9riaux pour faire fabriquer \u00e0 la demande vos pi\u00e8ces m\u00e9caniques.\" \/>\n<meta name=\"robots\" content=\"index, follow, max-snippet:-1, max-image-preview:large, max-video-preview:-1\" \/>\n<link rel=\"canonical\" href=\"https:\/\/xometry.eu\/fr\/fabrication-pieces-mecaniques-industrie-electronique\/\" \/>\n<meta property=\"og:locale\" content=\"fr_FR\" \/>\n<meta property=\"og:type\" content=\"article\" \/>\n<meta property=\"og:title\" content=\"Industrie \u00e9lectronique\" \/>\n<meta property=\"og:description\" content=\"Xometry propose 13 proc\u00e9d\u00e9s de fabrication et plus de 70 mat\u00e9riaux pour faire fabriquer \u00e0 la demande vos pi\u00e8ces m\u00e9caniques.\" \/>\n<meta property=\"og:url\" content=\"https:\/\/xometry.eu\/fr\/fabrication-pieces-mecaniques-industrie-electronique\/\" \/>\n<meta property=\"og:site_name\" content=\"Xometry Europe\" \/>\n<meta property=\"article:modified_time\" content=\"2026-03-06T13:16:49+00:00\" \/>\n<meta name=\"twitter:card\" content=\"summary_large_image\" \/>\n<script type=\"application\/ld+json\" class=\"yoast-schema-graph\">{\"@context\":\"https:\/\/schema.org\",\"@graph\":[{\"@type\":\"WebPage\",\"@id\":\"https:\/\/xometry.eu\/fr\/fabrication-pieces-mecaniques-industrie-electronique\/\",\"url\":\"https:\/\/xometry.eu\/fr\/fabrication-pieces-mecaniques-industrie-electronique\/\",\"name\":\"Faire fabriquer des pi\u00e8ces m\u00e9caniques pour l\u2019industrie \u00e9lectronique | Xometry\",\"isPartOf\":{\"@id\":\"https:\/\/xometry.eu\/fr\/#website\"},\"datePublished\":\"2022-02-14T14:59:46+00:00\",\"dateModified\":\"2026-03-06T13:16:49+00:00\",\"description\":\"Xometry propose 13 proc\u00e9d\u00e9s de fabrication et plus de 70 mat\u00e9riaux pour faire fabriquer \u00e0 la demande vos pi\u00e8ces m\u00e9caniques.\",\"breadcrumb\":{\"@id\":\"https:\/\/xometry.eu\/fr\/fabrication-pieces-mecaniques-industrie-electronique\/#breadcrumb\"},\"inLanguage\":\"fr-FR\",\"potentialAction\":[{\"@type\":\"ReadAction\",\"target\":[\"https:\/\/xometry.eu\/fr\/fabrication-pieces-mecaniques-industrie-electronique\/\"]}]},{\"@type\":\"BreadcrumbList\",\"@id\":\"https:\/\/xometry.eu\/fr\/fabrication-pieces-mecaniques-industrie-electronique\/#breadcrumb\",\"itemListElement\":[{\"@type\":\"ListItem\",\"position\":1,\"name\":\"Home\",\"item\":\"https:\/\/xometry.eu\/fr\/\"},{\"@type\":\"ListItem\",\"position\":2,\"name\":\"Industrie \u00e9lectronique\"}]},{\"@type\":\"WebSite\",\"@id\":\"https:\/\/xometry.eu\/fr\/#website\",\"url\":\"https:\/\/xometry.eu\/fr\/\",\"name\":\"Xometry Europe\",\"description\":\"\",\"publisher\":{\"@id\":\"https:\/\/xometry.eu\/fr\/#organization\"},\"potentialAction\":[{\"@type\":\"SearchAction\",\"target\":{\"@type\":\"EntryPoint\",\"urlTemplate\":\"https:\/\/xometry.eu\/fr\/?s={search_term_string}\"},\"query-input\":{\"@type\":\"PropertyValueSpecification\",\"valueRequired\":true,\"valueName\":\"search_term_string\"}}],\"inLanguage\":\"fr-FR\"}]}<\/script>\n<!-- \/ Yoast SEO Premium plugin. -->","yoast_head_json":{"title":"Faire fabriquer des pi\u00e8ces m\u00e9caniques pour l\u2019industrie \u00e9lectronique | Xometry","description":"Xometry propose 13 proc\u00e9d\u00e9s de fabrication et plus de 70 mat\u00e9riaux pour faire fabriquer \u00e0 la demande vos pi\u00e8ces m\u00e9caniques.","robots":{"index":"index","follow":"follow","max-snippet":"max-snippet:-1","max-image-preview":"max-image-preview:large","max-video-preview":"max-video-preview:-1"},"canonical":"https:\/\/xometry.eu\/fr\/fabrication-pieces-mecaniques-industrie-electronique\/","og_locale":"fr_FR","og_type":"article","og_title":"Industrie \u00e9lectronique","og_description":"Xometry propose 13 proc\u00e9d\u00e9s de fabrication et plus de 70 mat\u00e9riaux pour faire fabriquer \u00e0 la demande vos pi\u00e8ces m\u00e9caniques.","og_url":"https:\/\/xometry.eu\/fr\/fabrication-pieces-mecaniques-industrie-electronique\/","og_site_name":"Xometry Europe","article_modified_time":"2026-03-06T13:16:49+00:00","twitter_card":"summary_large_image","schema":{"@context":"https:\/\/schema.org","@graph":[{"@type":"WebPage","@id":"https:\/\/xometry.eu\/fr\/fabrication-pieces-mecaniques-industrie-electronique\/","url":"https:\/\/xometry.eu\/fr\/fabrication-pieces-mecaniques-industrie-electronique\/","name":"Faire fabriquer des pi\u00e8ces m\u00e9caniques pour l\u2019industrie \u00e9lectronique | Xometry","isPartOf":{"@id":"https:\/\/xometry.eu\/fr\/#website"},"datePublished":"2022-02-14T14:59:46+00:00","dateModified":"2026-03-06T13:16:49+00:00","description":"Xometry propose 13 proc\u00e9d\u00e9s de fabrication et plus de 70 mat\u00e9riaux pour faire fabriquer \u00e0 la demande vos pi\u00e8ces m\u00e9caniques.","breadcrumb":{"@id":"https:\/\/xometry.eu\/fr\/fabrication-pieces-mecaniques-industrie-electronique\/#breadcrumb"},"inLanguage":"fr-FR","potentialAction":[{"@type":"ReadAction","target":["https:\/\/xometry.eu\/fr\/fabrication-pieces-mecaniques-industrie-electronique\/"]}]},{"@type":"BreadcrumbList","@id":"https:\/\/xometry.eu\/fr\/fabrication-pieces-mecaniques-industrie-electronique\/#breadcrumb","itemListElement":[{"@type":"ListItem","position":1,"name":"Home","item":"https:\/\/xometry.eu\/fr\/"},{"@type":"ListItem","position":2,"name":"Industrie \u00e9lectronique"}]},{"@type":"WebSite","@id":"https:\/\/xometry.eu\/fr\/#website","url":"https:\/\/xometry.eu\/fr\/","name":"Xometry Europe","description":"","publisher":{"@id":"https:\/\/xometry.eu\/fr\/#organization"},"potentialAction":[{"@type":"SearchAction","target":{"@type":"EntryPoint","urlTemplate":"https:\/\/xometry.eu\/fr\/?s={search_term_string}"},"query-input":{"@type":"PropertyValueSpecification","valueRequired":true,"valueName":"search_term_string"}}],"inLanguage":"fr-FR"}]}},"_links":{"self":[{"href":"https:\/\/xometry.eu\/fr\/wp-json\/wp\/v2\/pages\/54707","targetHints":{"allow":["GET"]}}],"collection":[{"href":"https:\/\/xometry.eu\/fr\/wp-json\/wp\/v2\/pages"}],"about":[{"href":"https:\/\/xometry.eu\/fr\/wp-json\/wp\/v2\/types\/page"}],"author":[{"embeddable":true,"href":"https:\/\/xometry.eu\/fr\/wp-json\/wp\/v2\/users\/10"}],"replies":[{"embeddable":true,"href":"https:\/\/xometry.eu\/fr\/wp-json\/wp\/v2\/comments?post=54707"}],"version-history":[{"count":2,"href":"https:\/\/xometry.eu\/fr\/wp-json\/wp\/v2\/pages\/54707\/revisions"}],"predecessor-version":[{"id":171853,"href":"https:\/\/xometry.eu\/fr\/wp-json\/wp\/v2\/pages\/54707\/revisions\/171853"}],"wp:attachment":[{"href":"https:\/\/xometry.eu\/fr\/wp-json\/wp\/v2\/media?parent=54707"}],"curies":[{"name":"wp","href":"https:\/\/api.w.org\/{rel}","templated":true}]}}