{"id":5089,"date":"2020-09-07T14:33:50","date_gmt":"2020-09-07T14:33:50","guid":{"rendered":"https:\/\/xometry.de\/?page_id=5089"},"modified":"2026-03-06T13:21:41","modified_gmt":"2026-03-06T11:21:41","slug":"impression-3d-frittage-laser-direct-de-metal-dmls","status":"publish","type":"page","link":"https:\/\/xometry.eu\/fr\/impression-3d-frittage-laser-direct-de-metal-dmls\/","title":{"rendered":"Fusion s\u00e9lective par laser"},"content":{"rendered":"","protected":false},"excerpt":{"rendered":"","protected":false},"author":2,"featured_media":97667,"parent":0,"menu_order":0,"comment_status":"closed","ping_status":"closed","template":"","meta":{"_acf_changed":false,"inline_featured_image":false,"footnotes":""},"class_list":["post-5089","page","type-page","status-publish","has-post-thumbnail","hentry"],"acf":[],"yoast_head":"<!-- This site is optimized with the Yoast SEO Premium plugin v20.5 (Yoast SEO v27.3) - https:\/\/yoast.com\/product\/yoast-seo-premium-wordpress\/ -->\n<title>Service d&#039;impression 3D m\u00e9tal DMLS en ligne | Xometry Europe<\/title>\n<meta name=\"description\" content=\"Services de frittage laser direct de m\u00e9tal (DMLS) en ligne. Impression 3D m\u00e9tal pour aluminium et acier inoxydable.\" \/>\n<meta name=\"robots\" content=\"index, follow, max-snippet:-1, max-image-preview:large, max-video-preview:-1\" \/>\n<link rel=\"canonical\" href=\"https:\/\/xometry.eu\/fr\/impression-3d-frittage-laser-direct-de-metal-dmls\/\" \/>\n<meta property=\"og:locale\" content=\"fr_FR\" \/>\n<meta property=\"og:type\" content=\"article\" \/>\n<meta property=\"og:title\" content=\"Fusion s\u00e9lective par laser\" \/>\n<meta property=\"og:description\" content=\"Services de frittage laser direct de m\u00e9tal (DMLS) en ligne. Impression 3D m\u00e9tal pour aluminium et acier inoxydable.\" \/>\n<meta property=\"og:url\" content=\"https:\/\/xometry.eu\/fr\/impression-3d-frittage-laser-direct-de-metal-dmls\/\" \/>\n<meta property=\"og:site_name\" content=\"Xometry Europe\" \/>\n<meta property=\"article:modified_time\" content=\"2026-03-06T11:21:41+00:00\" \/>\n<meta property=\"og:image\" content=\"https:\/\/xometry.eu\/wp-content\/uploads\/2023\/02\/FR-DMLS-service-page.jpg\" \/>\n\t<meta property=\"og:image:width\" content=\"2400\" \/>\n\t<meta property=\"og:image:height\" content=\"1230\" \/>\n\t<meta property=\"og:image:type\" content=\"image\/jpeg\" \/>\n<meta name=\"twitter:card\" content=\"summary_large_image\" \/>\n<meta name=\"twitter:image\" content=\"http:\/\/xometry.eu\/wp-content\/uploads\/2023\/02\/EN-DMLS-service-page-1440x738.jpg\" \/>\n<script type=\"application\/ld+json\" class=\"yoast-schema-graph\">{\"@context\":\"https:\\\/\\\/schema.org\",\"@graph\":[{\"@type\":\"WebPage\",\"@id\":\"https:\\\/\\\/xometry.eu\\\/fr\\\/impression-3d-frittage-laser-direct-de-metal-dmls\\\/\",\"url\":\"https:\\\/\\\/xometry.eu\\\/fr\\\/impression-3d-frittage-laser-direct-de-metal-dmls\\\/\",\"name\":\"Service d'impression 3D m\u00e9tal DMLS en ligne | Xometry Europe\",\"isPartOf\":{\"@id\":\"https:\\\/\\\/xometry.eu\\\/fr\\\/#website\"},\"primaryImageOfPage\":{\"@id\":\"https:\\\/\\\/xometry.eu\\\/fr\\\/impression-3d-frittage-laser-direct-de-metal-dmls\\\/#primaryimage\"},\"image\":{\"@id\":\"https:\\\/\\\/xometry.eu\\\/fr\\\/impression-3d-frittage-laser-direct-de-metal-dmls\\\/#primaryimage\"},\"thumbnailUrl\":\"https:\\\/\\\/xometry.eu\\\/wp-content\\\/uploads\\\/2023\\\/02\\\/FR-DMLS-service-page.jpg\",\"datePublished\":\"2020-09-07T14:33:50+00:00\",\"dateModified\":\"2026-03-06T11:21:41+00:00\",\"description\":\"Services de frittage laser direct de m\u00e9tal (DMLS) en ligne. Impression 3D m\u00e9tal pour aluminium et acier inoxydable.\",\"breadcrumb\":{\"@id\":\"https:\\\/\\\/xometry.eu\\\/fr\\\/impression-3d-frittage-laser-direct-de-metal-dmls\\\/#breadcrumb\"},\"inLanguage\":\"fr-FR\",\"potentialAction\":[{\"@type\":\"ReadAction\",\"target\":[\"https:\\\/\\\/xometry.eu\\\/fr\\\/impression-3d-frittage-laser-direct-de-metal-dmls\\\/\"]}]},{\"@type\":\"ImageObject\",\"inLanguage\":\"fr-FR\",\"@id\":\"https:\\\/\\\/xometry.eu\\\/fr\\\/impression-3d-frittage-laser-direct-de-metal-dmls\\\/#primaryimage\",\"url\":\"https:\\\/\\\/xometry.eu\\\/wp-content\\\/uploads\\\/2023\\\/02\\\/FR-DMLS-service-page.jpg\",\"contentUrl\":\"https:\\\/\\\/xometry.eu\\\/wp-content\\\/uploads\\\/2023\\\/02\\\/FR-DMLS-service-page.jpg\",\"width\":2400,\"height\":1230},{\"@type\":\"BreadcrumbList\",\"@id\":\"https:\\\/\\\/xometry.eu\\\/fr\\\/impression-3d-frittage-laser-direct-de-metal-dmls\\\/#breadcrumb\",\"itemListElement\":[{\"@type\":\"ListItem\",\"position\":1,\"name\":\"Home\",\"item\":\"https:\\\/\\\/xometry.eu\\\/fr\\\/\"},{\"@type\":\"ListItem\",\"position\":2,\"name\":\"Fusion s\u00e9lective par laser\"}]},{\"@type\":\"WebSite\",\"@id\":\"https:\\\/\\\/xometry.eu\\\/fr\\\/#website\",\"url\":\"https:\\\/\\\/xometry.eu\\\/fr\\\/\",\"name\":\"Xometry Europe\",\"description\":\"\",\"publisher\":{\"@id\":\"https:\\\/\\\/xometry.eu\\\/fr\\\/#organization\"},\"potentialAction\":[{\"@type\":\"SearchAction\",\"target\":{\"@type\":\"EntryPoint\",\"urlTemplate\":\"https:\\\/\\\/xometry.eu\\\/fr\\\/?s={search_term_string}\"},\"query-input\":{\"@type\":\"PropertyValueSpecification\",\"valueRequired\":true,\"valueName\":\"search_term_string\"}}],\"inLanguage\":\"fr-FR\"}]}<\/script>\n<!-- \/ Yoast SEO Premium plugin. -->","yoast_head_json":{"title":"Service d'impression 3D m\u00e9tal DMLS en ligne | Xometry Europe","description":"Services de frittage laser direct de m\u00e9tal (DMLS) en ligne. Impression 3D m\u00e9tal pour aluminium et acier inoxydable.","robots":{"index":"index","follow":"follow","max-snippet":"max-snippet:-1","max-image-preview":"max-image-preview:large","max-video-preview":"max-video-preview:-1"},"canonical":"https:\/\/xometry.eu\/fr\/impression-3d-frittage-laser-direct-de-metal-dmls\/","og_locale":"fr_FR","og_type":"article","og_title":"Fusion s\u00e9lective par laser","og_description":"Services de frittage laser direct de m\u00e9tal (DMLS) en ligne. Impression 3D m\u00e9tal pour aluminium et acier inoxydable.","og_url":"https:\/\/xometry.eu\/fr\/impression-3d-frittage-laser-direct-de-metal-dmls\/","og_site_name":"Xometry Europe","article_modified_time":"2026-03-06T11:21:41+00:00","og_image":[{"width":2400,"height":1230,"url":"https:\/\/xometry.eu\/wp-content\/uploads\/2023\/02\/FR-DMLS-service-page.jpg","type":"image\/jpeg"}],"twitter_card":"summary_large_image","twitter_image":"http:\/\/xometry.eu\/wp-content\/uploads\/2023\/02\/EN-DMLS-service-page-1440x738.jpg","schema":{"@context":"https:\/\/schema.org","@graph":[{"@type":"WebPage","@id":"https:\/\/xometry.eu\/fr\/impression-3d-frittage-laser-direct-de-metal-dmls\/","url":"https:\/\/xometry.eu\/fr\/impression-3d-frittage-laser-direct-de-metal-dmls\/","name":"Service d'impression 3D m\u00e9tal DMLS en ligne | Xometry Europe","isPartOf":{"@id":"https:\/\/xometry.eu\/fr\/#website"},"primaryImageOfPage":{"@id":"https:\/\/xometry.eu\/fr\/impression-3d-frittage-laser-direct-de-metal-dmls\/#primaryimage"},"image":{"@id":"https:\/\/xometry.eu\/fr\/impression-3d-frittage-laser-direct-de-metal-dmls\/#primaryimage"},"thumbnailUrl":"https:\/\/xometry.eu\/wp-content\/uploads\/2023\/02\/FR-DMLS-service-page.jpg","datePublished":"2020-09-07T14:33:50+00:00","dateModified":"2026-03-06T11:21:41+00:00","description":"Services de frittage laser direct de m\u00e9tal (DMLS) en ligne. Impression 3D m\u00e9tal pour aluminium et acier inoxydable.","breadcrumb":{"@id":"https:\/\/xometry.eu\/fr\/impression-3d-frittage-laser-direct-de-metal-dmls\/#breadcrumb"},"inLanguage":"fr-FR","potentialAction":[{"@type":"ReadAction","target":["https:\/\/xometry.eu\/fr\/impression-3d-frittage-laser-direct-de-metal-dmls\/"]}]},{"@type":"ImageObject","inLanguage":"fr-FR","@id":"https:\/\/xometry.eu\/fr\/impression-3d-frittage-laser-direct-de-metal-dmls\/#primaryimage","url":"https:\/\/xometry.eu\/wp-content\/uploads\/2023\/02\/FR-DMLS-service-page.jpg","contentUrl":"https:\/\/xometry.eu\/wp-content\/uploads\/2023\/02\/FR-DMLS-service-page.jpg","width":2400,"height":1230},{"@type":"BreadcrumbList","@id":"https:\/\/xometry.eu\/fr\/impression-3d-frittage-laser-direct-de-metal-dmls\/#breadcrumb","itemListElement":[{"@type":"ListItem","position":1,"name":"Home","item":"https:\/\/xometry.eu\/fr\/"},{"@type":"ListItem","position":2,"name":"Fusion s\u00e9lective par laser"}]},{"@type":"WebSite","@id":"https:\/\/xometry.eu\/fr\/#website","url":"https:\/\/xometry.eu\/fr\/","name":"Xometry Europe","description":"","publisher":{"@id":"https:\/\/xometry.eu\/fr\/#organization"},"potentialAction":[{"@type":"SearchAction","target":{"@type":"EntryPoint","urlTemplate":"https:\/\/xometry.eu\/fr\/?s={search_term_string}"},"query-input":{"@type":"PropertyValueSpecification","valueRequired":true,"valueName":"search_term_string"}}],"inLanguage":"fr-FR"}]}},"_links":{"self":[{"href":"https:\/\/xometry.eu\/fr\/wp-json\/wp\/v2\/pages\/5089","targetHints":{"allow":["GET"]}}],"collection":[{"href":"https:\/\/xometry.eu\/fr\/wp-json\/wp\/v2\/pages"}],"about":[{"href":"https:\/\/xometry.eu\/fr\/wp-json\/wp\/v2\/types\/page"}],"author":[{"embeddable":true,"href":"https:\/\/xometry.eu\/fr\/wp-json\/wp\/v2\/users\/2"}],"replies":[{"embeddable":true,"href":"https:\/\/xometry.eu\/fr\/wp-json\/wp\/v2\/comments?post=5089"}],"version-history":[{"count":0,"href":"https:\/\/xometry.eu\/fr\/wp-json\/wp\/v2\/pages\/5089\/revisions"}],"wp:featuredmedia":[{"embeddable":true,"href":"https:\/\/xometry.eu\/fr\/wp-json\/wp\/v2\/media\/97667"}],"wp:attachment":[{"href":"https:\/\/xometry.eu\/fr\/wp-json\/wp\/v2\/media?parent=5089"}],"curies":[{"name":"wp","href":"https:\/\/api.w.org\/{rel}","templated":true}]}}