{"id":3197,"date":"2020-07-15T07:20:26","date_gmt":"2020-07-15T07:20:26","guid":{"rendered":"http:\/\/xometry.de\/carbon-dls\/"},"modified":"2026-03-06T14:32:33","modified_gmt":"2026-03-06T12:32:33","slug":"impression-3d-carbon-dls","status":"publish","type":"page","link":"https:\/\/xometry.eu\/fr\/impression-3d-carbon-dls\/","title":{"rendered":"DLS de Carbon"},"content":{"rendered":"","protected":false},"excerpt":{"rendered":"","protected":false},"author":3,"featured_media":97755,"parent":0,"menu_order":0,"comment_status":"closed","ping_status":"closed","template":"","meta":{"_acf_changed":false,"inline_featured_image":false,"footnotes":""},"class_list":["post-3197","page","type-page","status-publish","has-post-thumbnail","hentry"],"acf":[],"yoast_head":"<!-- This site is optimized with the Yoast SEO Premium plugin v20.5 (Yoast SEO v27.1.1) - https:\/\/yoast.com\/product\/yoast-seo-premium-wordpress\/ -->\n<title>Service d&#039;mpression 3D par DLS de Carbon en ligne | Xometry Europe<\/title>\n<meta name=\"description\" content=\"Commandez vos pi\u00e8ces en impression 3D par Carbon DLS en ligne. T\u00e9l\u00e9chargez vos fichiers CAD et obtenez un devis instantan\u00e9 gratuit.\" \/>\n<meta name=\"robots\" content=\"index, follow, max-snippet:-1, max-image-preview:large, max-video-preview:-1\" \/>\n<link rel=\"canonical\" href=\"https:\/\/xometry.eu\/fr\/impression-3d-carbon-dls\/\" \/>\n<meta property=\"og:locale\" content=\"fr_FR\" \/>\n<meta property=\"og:type\" content=\"article\" \/>\n<meta property=\"og:title\" content=\"Carbon DLS 3D Printing Services Online | 5 Days Production | Xometry Europe\" \/>\n<meta property=\"og:description\" content=\"Top-notch Carbon DSL 3D printing services: prototypes and series of parts. Upload your 3D models to get an instant quote!\" \/>\n<meta property=\"og:url\" content=\"https:\/\/xometry.eu\/fr\/impression-3d-carbon-dls\/\" \/>\n<meta property=\"og:site_name\" content=\"Xometry Europe\" \/>\n<meta property=\"article:modified_time\" content=\"2026-03-06T12:32:33+00:00\" \/>\n<meta property=\"og:image\" content=\"https:\/\/xometry.eu\/wp-content\/uploads\/2023\/02\/FR-Carbon-DLS-service-page.jpg\" \/>\n\t<meta property=\"og:image:width\" content=\"2400\" \/>\n\t<meta property=\"og:image:height\" content=\"1230\" \/>\n\t<meta property=\"og:image:type\" content=\"image\/jpeg\" \/>\n<meta name=\"twitter:card\" content=\"summary_large_image\" \/>\n<meta name=\"twitter:title\" content=\"DLS de Carbon\" \/>\n<meta name=\"twitter:image\" content=\"http:\/\/xometry.eu\/wp-content\/uploads\/2023\/02\/EN-Carbon-DLS-service-page-1440x738.jpg\" \/>\n<script type=\"application\/ld+json\" class=\"yoast-schema-graph\">{\"@context\":\"https:\/\/schema.org\",\"@graph\":[{\"@type\":\"WebPage\",\"@id\":\"https:\/\/xometry.eu\/fr\/impression-3d-carbon-dls\/\",\"url\":\"https:\/\/xometry.eu\/fr\/impression-3d-carbon-dls\/\",\"name\":\"Service d'mpression 3D par DLS de Carbon en ligne | Xometry Europe\",\"isPartOf\":{\"@id\":\"https:\/\/xometry.eu\/fr\/#website\"},\"primaryImageOfPage\":{\"@id\":\"https:\/\/xometry.eu\/fr\/impression-3d-carbon-dls\/#primaryimage\"},\"image\":{\"@id\":\"https:\/\/xometry.eu\/fr\/impression-3d-carbon-dls\/#primaryimage\"},\"thumbnailUrl\":\"https:\/\/xometry.eu\/wp-content\/uploads\/2023\/02\/FR-Carbon-DLS-service-page.jpg\",\"datePublished\":\"2020-07-15T07:20:26+00:00\",\"dateModified\":\"2026-03-06T12:32:33+00:00\",\"description\":\"Commandez vos pi\u00e8ces en impression 3D par Carbon DLS en ligne. T\u00e9l\u00e9chargez vos fichiers CAD et obtenez un devis instantan\u00e9 gratuit.\",\"breadcrumb\":{\"@id\":\"https:\/\/xometry.eu\/fr\/impression-3d-carbon-dls\/#breadcrumb\"},\"inLanguage\":\"fr-FR\",\"potentialAction\":[{\"@type\":\"ReadAction\",\"target\":[\"https:\/\/xometry.eu\/fr\/impression-3d-carbon-dls\/\"]}]},{\"@type\":\"ImageObject\",\"inLanguage\":\"fr-FR\",\"@id\":\"https:\/\/xometry.eu\/fr\/impression-3d-carbon-dls\/#primaryimage\",\"url\":\"https:\/\/xometry.eu\/wp-content\/uploads\/2023\/02\/FR-Carbon-DLS-service-page.jpg\",\"contentUrl\":\"https:\/\/xometry.eu\/wp-content\/uploads\/2023\/02\/FR-Carbon-DLS-service-page.jpg\",\"width\":2400,\"height\":1230},{\"@type\":\"BreadcrumbList\",\"@id\":\"https:\/\/xometry.eu\/fr\/impression-3d-carbon-dls\/#breadcrumb\",\"itemListElement\":[{\"@type\":\"ListItem\",\"position\":1,\"name\":\"Home\",\"item\":\"https:\/\/xometry.eu\/fr\/\"},{\"@type\":\"ListItem\",\"position\":2,\"name\":\"DLS de Carbon\"}]},{\"@type\":\"WebSite\",\"@id\":\"https:\/\/xometry.eu\/fr\/#website\",\"url\":\"https:\/\/xometry.eu\/fr\/\",\"name\":\"Xometry Europe\",\"description\":\"\",\"publisher\":{\"@id\":\"https:\/\/xometry.eu\/fr\/#organization\"},\"potentialAction\":[{\"@type\":\"SearchAction\",\"target\":{\"@type\":\"EntryPoint\",\"urlTemplate\":\"https:\/\/xometry.eu\/fr\/?s={search_term_string}\"},\"query-input\":{\"@type\":\"PropertyValueSpecification\",\"valueRequired\":true,\"valueName\":\"search_term_string\"}}],\"inLanguage\":\"fr-FR\"}]}<\/script>\n<!-- \/ Yoast SEO Premium plugin. -->","yoast_head_json":{"title":"Service d'mpression 3D par DLS de Carbon en ligne | Xometry Europe","description":"Commandez vos pi\u00e8ces en impression 3D par Carbon DLS en ligne. T\u00e9l\u00e9chargez vos fichiers CAD et obtenez un devis instantan\u00e9 gratuit.","robots":{"index":"index","follow":"follow","max-snippet":"max-snippet:-1","max-image-preview":"max-image-preview:large","max-video-preview":"max-video-preview:-1"},"canonical":"https:\/\/xometry.eu\/fr\/impression-3d-carbon-dls\/","og_locale":"fr_FR","og_type":"article","og_title":"Carbon DLS 3D Printing Services Online | 5 Days Production | Xometry Europe","og_description":"Top-notch Carbon DSL 3D printing services: prototypes and series of parts. Upload your 3D models to get an instant quote!","og_url":"https:\/\/xometry.eu\/fr\/impression-3d-carbon-dls\/","og_site_name":"Xometry Europe","article_modified_time":"2026-03-06T12:32:33+00:00","og_image":[{"width":2400,"height":1230,"url":"https:\/\/xometry.eu\/wp-content\/uploads\/2023\/02\/FR-Carbon-DLS-service-page.jpg","type":"image\/jpeg"}],"twitter_card":"summary_large_image","twitter_title":"DLS de Carbon","twitter_image":"http:\/\/xometry.eu\/wp-content\/uploads\/2023\/02\/EN-Carbon-DLS-service-page-1440x738.jpg","schema":{"@context":"https:\/\/schema.org","@graph":[{"@type":"WebPage","@id":"https:\/\/xometry.eu\/fr\/impression-3d-carbon-dls\/","url":"https:\/\/xometry.eu\/fr\/impression-3d-carbon-dls\/","name":"Service d'mpression 3D par DLS de Carbon en ligne | Xometry Europe","isPartOf":{"@id":"https:\/\/xometry.eu\/fr\/#website"},"primaryImageOfPage":{"@id":"https:\/\/xometry.eu\/fr\/impression-3d-carbon-dls\/#primaryimage"},"image":{"@id":"https:\/\/xometry.eu\/fr\/impression-3d-carbon-dls\/#primaryimage"},"thumbnailUrl":"https:\/\/xometry.eu\/wp-content\/uploads\/2023\/02\/FR-Carbon-DLS-service-page.jpg","datePublished":"2020-07-15T07:20:26+00:00","dateModified":"2026-03-06T12:32:33+00:00","description":"Commandez vos pi\u00e8ces en impression 3D par Carbon DLS en ligne. T\u00e9l\u00e9chargez vos fichiers CAD et obtenez un devis instantan\u00e9 gratuit.","breadcrumb":{"@id":"https:\/\/xometry.eu\/fr\/impression-3d-carbon-dls\/#breadcrumb"},"inLanguage":"fr-FR","potentialAction":[{"@type":"ReadAction","target":["https:\/\/xometry.eu\/fr\/impression-3d-carbon-dls\/"]}]},{"@type":"ImageObject","inLanguage":"fr-FR","@id":"https:\/\/xometry.eu\/fr\/impression-3d-carbon-dls\/#primaryimage","url":"https:\/\/xometry.eu\/wp-content\/uploads\/2023\/02\/FR-Carbon-DLS-service-page.jpg","contentUrl":"https:\/\/xometry.eu\/wp-content\/uploads\/2023\/02\/FR-Carbon-DLS-service-page.jpg","width":2400,"height":1230},{"@type":"BreadcrumbList","@id":"https:\/\/xometry.eu\/fr\/impression-3d-carbon-dls\/#breadcrumb","itemListElement":[{"@type":"ListItem","position":1,"name":"Home","item":"https:\/\/xometry.eu\/fr\/"},{"@type":"ListItem","position":2,"name":"DLS de Carbon"}]},{"@type":"WebSite","@id":"https:\/\/xometry.eu\/fr\/#website","url":"https:\/\/xometry.eu\/fr\/","name":"Xometry Europe","description":"","publisher":{"@id":"https:\/\/xometry.eu\/fr\/#organization"},"potentialAction":[{"@type":"SearchAction","target":{"@type":"EntryPoint","urlTemplate":"https:\/\/xometry.eu\/fr\/?s={search_term_string}"},"query-input":{"@type":"PropertyValueSpecification","valueRequired":true,"valueName":"search_term_string"}}],"inLanguage":"fr-FR"}]}},"_links":{"self":[{"href":"https:\/\/xometry.eu\/fr\/wp-json\/wp\/v2\/pages\/3197","targetHints":{"allow":["GET"]}}],"collection":[{"href":"https:\/\/xometry.eu\/fr\/wp-json\/wp\/v2\/pages"}],"about":[{"href":"https:\/\/xometry.eu\/fr\/wp-json\/wp\/v2\/types\/page"}],"author":[{"embeddable":true,"href":"https:\/\/xometry.eu\/fr\/wp-json\/wp\/v2\/users\/3"}],"replies":[{"embeddable":true,"href":"https:\/\/xometry.eu\/fr\/wp-json\/wp\/v2\/comments?post=3197"}],"version-history":[{"count":4,"href":"https:\/\/xometry.eu\/fr\/wp-json\/wp\/v2\/pages\/3197\/revisions"}],"predecessor-version":[{"id":171827,"href":"https:\/\/xometry.eu\/fr\/wp-json\/wp\/v2\/pages\/3197\/revisions\/171827"}],"wp:featuredmedia":[{"embeddable":true,"href":"https:\/\/xometry.eu\/fr\/wp-json\/wp\/v2\/media\/97755"}],"wp:attachment":[{"href":"https:\/\/xometry.eu\/fr\/wp-json\/wp\/v2\/media?parent=3197"}],"curies":[{"name":"wp","href":"https:\/\/api.w.org\/{rel}","templated":true}]}}