{"id":2759,"date":"2020-06-23T12:44:07","date_gmt":"2020-06-23T12:44:07","guid":{"rendered":"http:\/\/xometry.de\/?page_id=2759"},"modified":"2026-03-06T13:04:17","modified_gmt":"2026-03-06T11:04:17","slug":"impression-3d-depot-de-fil-fondu-fdm","status":"publish","type":"page","link":"https:\/\/xometry.eu\/fr\/impression-3d-depot-de-fil-fondu-fdm\/","title":{"rendered":"D\u00e9p\u00f4t de fil fondu"},"content":{"rendered":"","protected":false},"excerpt":{"rendered":"","protected":false},"author":2,"featured_media":97402,"parent":0,"menu_order":0,"comment_status":"closed","ping_status":"closed","template":"","meta":{"_acf_changed":false,"inline_featured_image":false,"footnotes":""},"class_list":["post-2759","page","type-page","status-publish","has-post-thumbnail","hentry"],"acf":[],"yoast_head":"<!-- This site is optimized with the Yoast SEO Premium plugin v20.5 (Yoast SEO v27.3) - https:\/\/yoast.com\/product\/yoast-seo-premium-wordpress\/ -->\n<title>Service d&#039;impression 3D FDM (D\u00e9p\u00f4t fil fondu) | Xometry Europe<\/title>\n<meta name=\"description\" content=\"Xometry offre des services d\u2019impression 3D par d\u00e9p\u00f4t de fil fondu (FDM), technologie reconnue pour ses prix comp\u00e9titifs et son exactitude.\" \/>\n<meta name=\"robots\" content=\"index, follow, max-snippet:-1, max-image-preview:large, max-video-preview:-1\" \/>\n<link rel=\"canonical\" href=\"https:\/\/xometry.eu\/fr\/impression-3d-depot-de-fil-fondu-fdm\/\" \/>\n<meta property=\"og:locale\" content=\"fr_FR\" \/>\n<meta property=\"og:type\" content=\"article\" \/>\n<meta property=\"og:title\" content=\"D\u00e9p\u00f4t de fil fondu\" \/>\n<meta property=\"og:description\" content=\"Xometry offre des services d\u2019impression 3D par d\u00e9p\u00f4t de fil fondu (FDM), technologie reconnue pour ses prix comp\u00e9titifs et son exactitude.\" \/>\n<meta property=\"og:url\" content=\"https:\/\/xometry.eu\/fr\/impression-3d-depot-de-fil-fondu-fdm\/\" \/>\n<meta property=\"og:site_name\" content=\"Xometry Europe\" \/>\n<meta property=\"article:modified_time\" content=\"2026-03-06T11:04:17+00:00\" \/>\n<meta property=\"og:image\" content=\"https:\/\/xometry.eu\/wp-content\/uploads\/2023\/02\/FR-FDM-service-page.jpg\" \/>\n\t<meta property=\"og:image:width\" content=\"2400\" \/>\n\t<meta property=\"og:image:height\" content=\"1229\" \/>\n\t<meta property=\"og:image:type\" content=\"image\/jpeg\" \/>\n<meta name=\"twitter:card\" content=\"summary_large_image\" \/>\n<meta name=\"twitter:image\" content=\"https:\/\/xometry.de\/wp-content\/uploads\/2020\/08\/fdm-3d-printing-services.jpg\" \/>\n<script type=\"application\/ld+json\" class=\"yoast-schema-graph\">{\"@context\":\"https:\\\/\\\/schema.org\",\"@graph\":[{\"@type\":\"WebPage\",\"@id\":\"https:\\\/\\\/xometry.eu\\\/fr\\\/impression-3d-depot-de-fil-fondu-fdm\\\/\",\"url\":\"https:\\\/\\\/xometry.eu\\\/fr\\\/impression-3d-depot-de-fil-fondu-fdm\\\/\",\"name\":\"Service d'impression 3D FDM (D\u00e9p\u00f4t fil fondu) | Xometry Europe\",\"isPartOf\":{\"@id\":\"https:\\\/\\\/xometry.eu\\\/fr\\\/#website\"},\"primaryImageOfPage\":{\"@id\":\"https:\\\/\\\/xometry.eu\\\/fr\\\/impression-3d-depot-de-fil-fondu-fdm\\\/#primaryimage\"},\"image\":{\"@id\":\"https:\\\/\\\/xometry.eu\\\/fr\\\/impression-3d-depot-de-fil-fondu-fdm\\\/#primaryimage\"},\"thumbnailUrl\":\"https:\\\/\\\/xometry.eu\\\/wp-content\\\/uploads\\\/2023\\\/02\\\/FR-FDM-service-page.jpg\",\"datePublished\":\"2020-06-23T12:44:07+00:00\",\"dateModified\":\"2026-03-06T11:04:17+00:00\",\"description\":\"Xometry offre des services d\u2019impression 3D par d\u00e9p\u00f4t de fil fondu (FDM), technologie reconnue pour ses prix comp\u00e9titifs et son exactitude.\",\"breadcrumb\":{\"@id\":\"https:\\\/\\\/xometry.eu\\\/fr\\\/impression-3d-depot-de-fil-fondu-fdm\\\/#breadcrumb\"},\"inLanguage\":\"fr-FR\",\"potentialAction\":[{\"@type\":\"ReadAction\",\"target\":[\"https:\\\/\\\/xometry.eu\\\/fr\\\/impression-3d-depot-de-fil-fondu-fdm\\\/\"]}]},{\"@type\":\"ImageObject\",\"inLanguage\":\"fr-FR\",\"@id\":\"https:\\\/\\\/xometry.eu\\\/fr\\\/impression-3d-depot-de-fil-fondu-fdm\\\/#primaryimage\",\"url\":\"https:\\\/\\\/xometry.eu\\\/wp-content\\\/uploads\\\/2023\\\/02\\\/FR-FDM-service-page.jpg\",\"contentUrl\":\"https:\\\/\\\/xometry.eu\\\/wp-content\\\/uploads\\\/2023\\\/02\\\/FR-FDM-service-page.jpg\",\"width\":2400,\"height\":1229},{\"@type\":\"BreadcrumbList\",\"@id\":\"https:\\\/\\\/xometry.eu\\\/fr\\\/impression-3d-depot-de-fil-fondu-fdm\\\/#breadcrumb\",\"itemListElement\":[{\"@type\":\"ListItem\",\"position\":1,\"name\":\"Home\",\"item\":\"https:\\\/\\\/xometry.eu\\\/fr\\\/\"},{\"@type\":\"ListItem\",\"position\":2,\"name\":\"D\u00e9p\u00f4t de fil fondu\"}]},{\"@type\":\"WebSite\",\"@id\":\"https:\\\/\\\/xometry.eu\\\/fr\\\/#website\",\"url\":\"https:\\\/\\\/xometry.eu\\\/fr\\\/\",\"name\":\"Xometry Europe\",\"description\":\"\",\"publisher\":{\"@id\":\"https:\\\/\\\/xometry.eu\\\/fr\\\/#organization\"},\"potentialAction\":[{\"@type\":\"SearchAction\",\"target\":{\"@type\":\"EntryPoint\",\"urlTemplate\":\"https:\\\/\\\/xometry.eu\\\/fr\\\/?s={search_term_string}\"},\"query-input\":{\"@type\":\"PropertyValueSpecification\",\"valueRequired\":true,\"valueName\":\"search_term_string\"}}],\"inLanguage\":\"fr-FR\"}]}<\/script>\n<!-- \/ Yoast SEO Premium plugin. -->","yoast_head_json":{"title":"Service d'impression 3D FDM (D\u00e9p\u00f4t fil fondu) | Xometry Europe","description":"Xometry offre des services d\u2019impression 3D par d\u00e9p\u00f4t de fil fondu (FDM), technologie reconnue pour ses prix comp\u00e9titifs et son exactitude.","robots":{"index":"index","follow":"follow","max-snippet":"max-snippet:-1","max-image-preview":"max-image-preview:large","max-video-preview":"max-video-preview:-1"},"canonical":"https:\/\/xometry.eu\/fr\/impression-3d-depot-de-fil-fondu-fdm\/","og_locale":"fr_FR","og_type":"article","og_title":"D\u00e9p\u00f4t de fil fondu","og_description":"Xometry offre des services d\u2019impression 3D par d\u00e9p\u00f4t de fil fondu (FDM), technologie reconnue pour ses prix comp\u00e9titifs et son exactitude.","og_url":"https:\/\/xometry.eu\/fr\/impression-3d-depot-de-fil-fondu-fdm\/","og_site_name":"Xometry Europe","article_modified_time":"2026-03-06T11:04:17+00:00","og_image":[{"width":2400,"height":1229,"url":"https:\/\/xometry.eu\/wp-content\/uploads\/2023\/02\/FR-FDM-service-page.jpg","type":"image\/jpeg"}],"twitter_card":"summary_large_image","twitter_image":"https:\/\/xometry.de\/wp-content\/uploads\/2020\/08\/fdm-3d-printing-services.jpg","schema":{"@context":"https:\/\/schema.org","@graph":[{"@type":"WebPage","@id":"https:\/\/xometry.eu\/fr\/impression-3d-depot-de-fil-fondu-fdm\/","url":"https:\/\/xometry.eu\/fr\/impression-3d-depot-de-fil-fondu-fdm\/","name":"Service d'impression 3D FDM (D\u00e9p\u00f4t fil fondu) | Xometry Europe","isPartOf":{"@id":"https:\/\/xometry.eu\/fr\/#website"},"primaryImageOfPage":{"@id":"https:\/\/xometry.eu\/fr\/impression-3d-depot-de-fil-fondu-fdm\/#primaryimage"},"image":{"@id":"https:\/\/xometry.eu\/fr\/impression-3d-depot-de-fil-fondu-fdm\/#primaryimage"},"thumbnailUrl":"https:\/\/xometry.eu\/wp-content\/uploads\/2023\/02\/FR-FDM-service-page.jpg","datePublished":"2020-06-23T12:44:07+00:00","dateModified":"2026-03-06T11:04:17+00:00","description":"Xometry offre des services d\u2019impression 3D par d\u00e9p\u00f4t de fil fondu (FDM), technologie reconnue pour ses prix comp\u00e9titifs et son exactitude.","breadcrumb":{"@id":"https:\/\/xometry.eu\/fr\/impression-3d-depot-de-fil-fondu-fdm\/#breadcrumb"},"inLanguage":"fr-FR","potentialAction":[{"@type":"ReadAction","target":["https:\/\/xometry.eu\/fr\/impression-3d-depot-de-fil-fondu-fdm\/"]}]},{"@type":"ImageObject","inLanguage":"fr-FR","@id":"https:\/\/xometry.eu\/fr\/impression-3d-depot-de-fil-fondu-fdm\/#primaryimage","url":"https:\/\/xometry.eu\/wp-content\/uploads\/2023\/02\/FR-FDM-service-page.jpg","contentUrl":"https:\/\/xometry.eu\/wp-content\/uploads\/2023\/02\/FR-FDM-service-page.jpg","width":2400,"height":1229},{"@type":"BreadcrumbList","@id":"https:\/\/xometry.eu\/fr\/impression-3d-depot-de-fil-fondu-fdm\/#breadcrumb","itemListElement":[{"@type":"ListItem","position":1,"name":"Home","item":"https:\/\/xometry.eu\/fr\/"},{"@type":"ListItem","position":2,"name":"D\u00e9p\u00f4t de fil fondu"}]},{"@type":"WebSite","@id":"https:\/\/xometry.eu\/fr\/#website","url":"https:\/\/xometry.eu\/fr\/","name":"Xometry Europe","description":"","publisher":{"@id":"https:\/\/xometry.eu\/fr\/#organization"},"potentialAction":[{"@type":"SearchAction","target":{"@type":"EntryPoint","urlTemplate":"https:\/\/xometry.eu\/fr\/?s={search_term_string}"},"query-input":{"@type":"PropertyValueSpecification","valueRequired":true,"valueName":"search_term_string"}}],"inLanguage":"fr-FR"}]}},"_links":{"self":[{"href":"https:\/\/xometry.eu\/fr\/wp-json\/wp\/v2\/pages\/2759","targetHints":{"allow":["GET"]}}],"collection":[{"href":"https:\/\/xometry.eu\/fr\/wp-json\/wp\/v2\/pages"}],"about":[{"href":"https:\/\/xometry.eu\/fr\/wp-json\/wp\/v2\/types\/page"}],"author":[{"embeddable":true,"href":"https:\/\/xometry.eu\/fr\/wp-json\/wp\/v2\/users\/2"}],"replies":[{"embeddable":true,"href":"https:\/\/xometry.eu\/fr\/wp-json\/wp\/v2\/comments?post=2759"}],"version-history":[{"count":0,"href":"https:\/\/xometry.eu\/fr\/wp-json\/wp\/v2\/pages\/2759\/revisions"}],"wp:featuredmedia":[{"embeddable":true,"href":"https:\/\/xometry.eu\/fr\/wp-json\/wp\/v2\/media\/97402"}],"wp:attachment":[{"href":"https:\/\/xometry.eu\/fr\/wp-json\/wp\/v2\/media?parent=2759"}],"curies":[{"name":"wp","href":"https:\/\/api.w.org\/{rel}","templated":true}]}}