{"id":2754,"date":"2020-06-23T11:41:34","date_gmt":"2020-06-23T11:41:34","guid":{"rendered":"http:\/\/xometry.de\/?page_id=2754"},"modified":"2026-03-06T13:13:15","modified_gmt":"2026-03-06T11:13:15","slug":"impression-3d-frittage-selectif-par-laser-sls","status":"publish","type":"page","link":"https:\/\/xometry.eu\/fr\/impression-3d-frittage-selectif-par-laser-sls\/","title":{"rendered":"Frittage s\u00e9lectif par laser"},"content":{"rendered":"","protected":false},"excerpt":{"rendered":"","protected":false},"author":2,"featured_media":97490,"parent":0,"menu_order":0,"comment_status":"closed","ping_status":"closed","template":"","meta":{"_acf_changed":false,"inline_featured_image":false,"footnotes":""},"class_list":["post-2754","page","type-page","status-publish","has-post-thumbnail","hentry"],"acf":[],"yoast_head":"<!-- This site is optimized with the Yoast SEO Premium plugin v20.5 (Yoast SEO v27.3) - https:\/\/yoast.com\/product\/yoast-seo-premium-wordpress\/ -->\n<title>Impression 3D frittage laser en ligne (SLS) | Xometry Europe<\/title>\n<meta name=\"description\" content=\"La technologie d&#039;impression 3D par frittage s\u00e9lectif par laser (SLS), capable de produire des pi\u00e8ces robustes d\u2019une grande exactitude.\" \/>\n<meta name=\"robots\" content=\"index, follow, max-snippet:-1, max-image-preview:large, max-video-preview:-1\" \/>\n<link rel=\"canonical\" href=\"https:\/\/xometry.eu\/fr\/impression-3d-frittage-selectif-par-laser-sls\/\" \/>\n<meta property=\"og:locale\" content=\"fr_FR\" \/>\n<meta property=\"og:type\" content=\"article\" \/>\n<meta property=\"og:title\" content=\"Frittage s\u00e9lectif par laser\" \/>\n<meta property=\"og:description\" content=\"La technologie d&#039;impression 3D par frittage s\u00e9lectif par laser (SLS), capable de produire des pi\u00e8ces robustes d\u2019une grande exactitude.\" \/>\n<meta property=\"og:url\" content=\"https:\/\/xometry.eu\/fr\/impression-3d-frittage-selectif-par-laser-sls\/\" \/>\n<meta property=\"og:site_name\" content=\"Xometry Europe\" \/>\n<meta property=\"article:modified_time\" content=\"2026-03-06T11:13:15+00:00\" \/>\n<meta property=\"og:image\" content=\"https:\/\/xometry.eu\/wp-content\/uploads\/2023\/02\/FR-SLS-service-page.jpg\" \/>\n\t<meta property=\"og:image:width\" content=\"2400\" \/>\n\t<meta property=\"og:image:height\" content=\"1230\" \/>\n\t<meta property=\"og:image:type\" content=\"image\/jpeg\" \/>\n<meta name=\"twitter:card\" content=\"summary_large_image\" \/>\n<meta name=\"twitter:image\" content=\"https:\/\/xometry.de\/wp-content\/uploads\/2020\/08\/sls-3d-printing-services.jpg\" \/>\n<script type=\"application\/ld+json\" class=\"yoast-schema-graph\">{\"@context\":\"https:\\\/\\\/schema.org\",\"@graph\":[{\"@type\":\"WebPage\",\"@id\":\"https:\\\/\\\/xometry.eu\\\/fr\\\/impression-3d-frittage-selectif-par-laser-sls\\\/\",\"url\":\"https:\\\/\\\/xometry.eu\\\/fr\\\/impression-3d-frittage-selectif-par-laser-sls\\\/\",\"name\":\"Impression 3D frittage laser en ligne (SLS) | Xometry Europe\",\"isPartOf\":{\"@id\":\"https:\\\/\\\/xometry.eu\\\/fr\\\/#website\"},\"primaryImageOfPage\":{\"@id\":\"https:\\\/\\\/xometry.eu\\\/fr\\\/impression-3d-frittage-selectif-par-laser-sls\\\/#primaryimage\"},\"image\":{\"@id\":\"https:\\\/\\\/xometry.eu\\\/fr\\\/impression-3d-frittage-selectif-par-laser-sls\\\/#primaryimage\"},\"thumbnailUrl\":\"https:\\\/\\\/xometry.eu\\\/wp-content\\\/uploads\\\/2023\\\/02\\\/FR-SLS-service-page.jpg\",\"datePublished\":\"2020-06-23T11:41:34+00:00\",\"dateModified\":\"2026-03-06T11:13:15+00:00\",\"description\":\"La technologie d'impression 3D par frittage s\u00e9lectif par laser (SLS), capable de produire des pi\u00e8ces robustes d\u2019une grande exactitude.\",\"breadcrumb\":{\"@id\":\"https:\\\/\\\/xometry.eu\\\/fr\\\/impression-3d-frittage-selectif-par-laser-sls\\\/#breadcrumb\"},\"inLanguage\":\"fr-FR\",\"potentialAction\":[{\"@type\":\"ReadAction\",\"target\":[\"https:\\\/\\\/xometry.eu\\\/fr\\\/impression-3d-frittage-selectif-par-laser-sls\\\/\"]}]},{\"@type\":\"ImageObject\",\"inLanguage\":\"fr-FR\",\"@id\":\"https:\\\/\\\/xometry.eu\\\/fr\\\/impression-3d-frittage-selectif-par-laser-sls\\\/#primaryimage\",\"url\":\"https:\\\/\\\/xometry.eu\\\/wp-content\\\/uploads\\\/2023\\\/02\\\/FR-SLS-service-page.jpg\",\"contentUrl\":\"https:\\\/\\\/xometry.eu\\\/wp-content\\\/uploads\\\/2023\\\/02\\\/FR-SLS-service-page.jpg\",\"width\":2400,\"height\":1230},{\"@type\":\"BreadcrumbList\",\"@id\":\"https:\\\/\\\/xometry.eu\\\/fr\\\/impression-3d-frittage-selectif-par-laser-sls\\\/#breadcrumb\",\"itemListElement\":[{\"@type\":\"ListItem\",\"position\":1,\"name\":\"Home\",\"item\":\"https:\\\/\\\/xometry.eu\\\/fr\\\/\"},{\"@type\":\"ListItem\",\"position\":2,\"name\":\"Frittage s\u00e9lectif par laser\"}]},{\"@type\":\"WebSite\",\"@id\":\"https:\\\/\\\/xometry.eu\\\/fr\\\/#website\",\"url\":\"https:\\\/\\\/xometry.eu\\\/fr\\\/\",\"name\":\"Xometry Europe\",\"description\":\"\",\"publisher\":{\"@id\":\"https:\\\/\\\/xometry.eu\\\/fr\\\/#organization\"},\"potentialAction\":[{\"@type\":\"SearchAction\",\"target\":{\"@type\":\"EntryPoint\",\"urlTemplate\":\"https:\\\/\\\/xometry.eu\\\/fr\\\/?s={search_term_string}\"},\"query-input\":{\"@type\":\"PropertyValueSpecification\",\"valueRequired\":true,\"valueName\":\"search_term_string\"}}],\"inLanguage\":\"fr-FR\"}]}<\/script>\n<!-- \/ Yoast SEO Premium plugin. -->","yoast_head_json":{"title":"Impression 3D frittage laser en ligne (SLS) | Xometry Europe","description":"La technologie d'impression 3D par frittage s\u00e9lectif par laser (SLS), capable de produire des pi\u00e8ces robustes d\u2019une grande exactitude.","robots":{"index":"index","follow":"follow","max-snippet":"max-snippet:-1","max-image-preview":"max-image-preview:large","max-video-preview":"max-video-preview:-1"},"canonical":"https:\/\/xometry.eu\/fr\/impression-3d-frittage-selectif-par-laser-sls\/","og_locale":"fr_FR","og_type":"article","og_title":"Frittage s\u00e9lectif par laser","og_description":"La technologie d'impression 3D par frittage s\u00e9lectif par laser (SLS), capable de produire des pi\u00e8ces robustes d\u2019une grande exactitude.","og_url":"https:\/\/xometry.eu\/fr\/impression-3d-frittage-selectif-par-laser-sls\/","og_site_name":"Xometry Europe","article_modified_time":"2026-03-06T11:13:15+00:00","og_image":[{"width":2400,"height":1230,"url":"https:\/\/xometry.eu\/wp-content\/uploads\/2023\/02\/FR-SLS-service-page.jpg","type":"image\/jpeg"}],"twitter_card":"summary_large_image","twitter_image":"https:\/\/xometry.de\/wp-content\/uploads\/2020\/08\/sls-3d-printing-services.jpg","schema":{"@context":"https:\/\/schema.org","@graph":[{"@type":"WebPage","@id":"https:\/\/xometry.eu\/fr\/impression-3d-frittage-selectif-par-laser-sls\/","url":"https:\/\/xometry.eu\/fr\/impression-3d-frittage-selectif-par-laser-sls\/","name":"Impression 3D frittage laser en ligne (SLS) | Xometry Europe","isPartOf":{"@id":"https:\/\/xometry.eu\/fr\/#website"},"primaryImageOfPage":{"@id":"https:\/\/xometry.eu\/fr\/impression-3d-frittage-selectif-par-laser-sls\/#primaryimage"},"image":{"@id":"https:\/\/xometry.eu\/fr\/impression-3d-frittage-selectif-par-laser-sls\/#primaryimage"},"thumbnailUrl":"https:\/\/xometry.eu\/wp-content\/uploads\/2023\/02\/FR-SLS-service-page.jpg","datePublished":"2020-06-23T11:41:34+00:00","dateModified":"2026-03-06T11:13:15+00:00","description":"La technologie d'impression 3D par frittage s\u00e9lectif par laser (SLS), capable de produire des pi\u00e8ces robustes d\u2019une grande exactitude.","breadcrumb":{"@id":"https:\/\/xometry.eu\/fr\/impression-3d-frittage-selectif-par-laser-sls\/#breadcrumb"},"inLanguage":"fr-FR","potentialAction":[{"@type":"ReadAction","target":["https:\/\/xometry.eu\/fr\/impression-3d-frittage-selectif-par-laser-sls\/"]}]},{"@type":"ImageObject","inLanguage":"fr-FR","@id":"https:\/\/xometry.eu\/fr\/impression-3d-frittage-selectif-par-laser-sls\/#primaryimage","url":"https:\/\/xometry.eu\/wp-content\/uploads\/2023\/02\/FR-SLS-service-page.jpg","contentUrl":"https:\/\/xometry.eu\/wp-content\/uploads\/2023\/02\/FR-SLS-service-page.jpg","width":2400,"height":1230},{"@type":"BreadcrumbList","@id":"https:\/\/xometry.eu\/fr\/impression-3d-frittage-selectif-par-laser-sls\/#breadcrumb","itemListElement":[{"@type":"ListItem","position":1,"name":"Home","item":"https:\/\/xometry.eu\/fr\/"},{"@type":"ListItem","position":2,"name":"Frittage s\u00e9lectif par laser"}]},{"@type":"WebSite","@id":"https:\/\/xometry.eu\/fr\/#website","url":"https:\/\/xometry.eu\/fr\/","name":"Xometry Europe","description":"","publisher":{"@id":"https:\/\/xometry.eu\/fr\/#organization"},"potentialAction":[{"@type":"SearchAction","target":{"@type":"EntryPoint","urlTemplate":"https:\/\/xometry.eu\/fr\/?s={search_term_string}"},"query-input":{"@type":"PropertyValueSpecification","valueRequired":true,"valueName":"search_term_string"}}],"inLanguage":"fr-FR"}]}},"_links":{"self":[{"href":"https:\/\/xometry.eu\/fr\/wp-json\/wp\/v2\/pages\/2754","targetHints":{"allow":["GET"]}}],"collection":[{"href":"https:\/\/xometry.eu\/fr\/wp-json\/wp\/v2\/pages"}],"about":[{"href":"https:\/\/xometry.eu\/fr\/wp-json\/wp\/v2\/types\/page"}],"author":[{"embeddable":true,"href":"https:\/\/xometry.eu\/fr\/wp-json\/wp\/v2\/users\/2"}],"replies":[{"embeddable":true,"href":"https:\/\/xometry.eu\/fr\/wp-json\/wp\/v2\/comments?post=2754"}],"version-history":[{"count":0,"href":"https:\/\/xometry.eu\/fr\/wp-json\/wp\/v2\/pages\/2754\/revisions"}],"wp:featuredmedia":[{"embeddable":true,"href":"https:\/\/xometry.eu\/fr\/wp-json\/wp\/v2\/media\/97490"}],"wp:attachment":[{"href":"https:\/\/xometry.eu\/fr\/wp-json\/wp\/v2\/media?parent=2754"}],"curies":[{"name":"wp","href":"https:\/\/api.w.org\/{rel}","templated":true}]}}