{"id":1906,"date":"2020-05-25T08:18:55","date_gmt":"2020-05-25T08:18:55","guid":{"rendered":"http:\/\/3.126.155.61\/?page_id=1906"},"modified":"2026-01-27T18:14:43","modified_gmt":"2026-01-27T16:14:43","slug":"equipe-xometry","status":"publish","type":"page","link":"https:\/\/xometry.eu\/fr\/equipe-xometry\/","title":{"rendered":"L&rsquo;\u00e9quipe Xometry Europe"},"content":{"rendered":"<h3 style=\"text-align: center;\"><\/h3>\n","protected":false},"excerpt":{"rendered":"","protected":false},"author":1,"featured_media":0,"parent":0,"menu_order":0,"comment_status":"closed","ping_status":"closed","template":"template-team.php","meta":{"_acf_changed":false,"inline_featured_image":false,"footnotes":""},"class_list":["post-1906","page","type-page","status-publish","hentry"],"acf":[],"yoast_head":"<!-- This site is optimized with the Yoast SEO Premium plugin v20.5 (Yoast SEO v27.1.1) - https:\/\/yoast.com\/product\/yoast-seo-premium-wordpress\/ -->\n<title>Xometry Europe, une \u00e9quipe d&#039;experts passionn\u00e9s | Xometry Europe<\/title>\n<meta name=\"description\" content=\"Rencontrez notre \u00e9quipe Xometry Europe et nos responsables de comptes cl\u00e9s bas\u00e9s en Allemagne, en France, au Royaume-Uni et en Italie.\" \/>\n<meta name=\"robots\" content=\"index, follow, max-snippet:-1, max-image-preview:large, max-video-preview:-1\" \/>\n<link rel=\"canonical\" href=\"https:\/\/xometry.eu\/fr\/equipe-xometry\/\" \/>\n<meta property=\"og:locale\" content=\"fr_FR\" \/>\n<meta property=\"og:type\" content=\"article\" \/>\n<meta property=\"og:title\" content=\"L&#039;\u00e9quipe Xometry Europe\" \/>\n<meta property=\"og:description\" content=\"Rencontrez notre \u00e9quipe Xometry Europe et nos responsables de comptes cl\u00e9s bas\u00e9s en Allemagne, en France, au Royaume-Uni et en Italie.\" \/>\n<meta property=\"og:url\" content=\"https:\/\/xometry.eu\/fr\/equipe-xometry\/\" \/>\n<meta property=\"og:site_name\" content=\"Xometry Europe\" \/>\n<meta property=\"article:modified_time\" content=\"2026-01-27T16:14:43+00:00\" \/>\n<meta name=\"twitter:card\" content=\"summary_large_image\" \/>\n<script type=\"application\/ld+json\" class=\"yoast-schema-graph\">{\"@context\":\"https:\/\/schema.org\",\"@graph\":[{\"@type\":\"WebPage\",\"@id\":\"https:\/\/xometry.eu\/fr\/equipe-xometry\/\",\"url\":\"https:\/\/xometry.eu\/fr\/equipe-xometry\/\",\"name\":\"Xometry Europe, une \u00e9quipe d'experts passionn\u00e9s | Xometry Europe\",\"isPartOf\":{\"@id\":\"https:\/\/xometry.eu\/fr\/#website\"},\"datePublished\":\"2020-05-25T08:18:55+00:00\",\"dateModified\":\"2026-01-27T16:14:43+00:00\",\"description\":\"Rencontrez notre \u00e9quipe Xometry Europe et nos responsables de comptes cl\u00e9s bas\u00e9s en Allemagne, en France, au Royaume-Uni et en Italie.\",\"breadcrumb\":{\"@id\":\"https:\/\/xometry.eu\/fr\/equipe-xometry\/#breadcrumb\"},\"inLanguage\":\"fr-FR\",\"potentialAction\":[{\"@type\":\"ReadAction\",\"target\":[\"https:\/\/xometry.eu\/fr\/equipe-xometry\/\"]}]},{\"@type\":\"BreadcrumbList\",\"@id\":\"https:\/\/xometry.eu\/fr\/equipe-xometry\/#breadcrumb\",\"itemListElement\":[{\"@type\":\"ListItem\",\"position\":1,\"name\":\"Home\",\"item\":\"https:\/\/xometry.eu\/fr\/\"},{\"@type\":\"ListItem\",\"position\":2,\"name\":\"L&#8217;\u00e9quipe Xometry Europe\"}]},{\"@type\":\"WebSite\",\"@id\":\"https:\/\/xometry.eu\/fr\/#website\",\"url\":\"https:\/\/xometry.eu\/fr\/\",\"name\":\"Xometry Europe\",\"description\":\"\",\"publisher\":{\"@id\":\"https:\/\/xometry.eu\/fr\/#organization\"},\"potentialAction\":[{\"@type\":\"SearchAction\",\"target\":{\"@type\":\"EntryPoint\",\"urlTemplate\":\"https:\/\/xometry.eu\/fr\/?s={search_term_string}\"},\"query-input\":{\"@type\":\"PropertyValueSpecification\",\"valueRequired\":true,\"valueName\":\"search_term_string\"}}],\"inLanguage\":\"fr-FR\"}]}<\/script>\n<!-- \/ Yoast SEO Premium plugin. -->","yoast_head_json":{"title":"Xometry Europe, une \u00e9quipe d'experts passionn\u00e9s | Xometry Europe","description":"Rencontrez notre \u00e9quipe Xometry Europe et nos responsables de comptes cl\u00e9s bas\u00e9s en Allemagne, en France, au Royaume-Uni et en Italie.","robots":{"index":"index","follow":"follow","max-snippet":"max-snippet:-1","max-image-preview":"max-image-preview:large","max-video-preview":"max-video-preview:-1"},"canonical":"https:\/\/xometry.eu\/fr\/equipe-xometry\/","og_locale":"fr_FR","og_type":"article","og_title":"L'\u00e9quipe Xometry Europe","og_description":"Rencontrez notre \u00e9quipe Xometry Europe et nos responsables de comptes cl\u00e9s bas\u00e9s en Allemagne, en France, au Royaume-Uni et en Italie.","og_url":"https:\/\/xometry.eu\/fr\/equipe-xometry\/","og_site_name":"Xometry Europe","article_modified_time":"2026-01-27T16:14:43+00:00","twitter_card":"summary_large_image","schema":{"@context":"https:\/\/schema.org","@graph":[{"@type":"WebPage","@id":"https:\/\/xometry.eu\/fr\/equipe-xometry\/","url":"https:\/\/xometry.eu\/fr\/equipe-xometry\/","name":"Xometry Europe, une \u00e9quipe d'experts passionn\u00e9s | Xometry Europe","isPartOf":{"@id":"https:\/\/xometry.eu\/fr\/#website"},"datePublished":"2020-05-25T08:18:55+00:00","dateModified":"2026-01-27T16:14:43+00:00","description":"Rencontrez notre \u00e9quipe Xometry Europe et nos responsables de comptes cl\u00e9s bas\u00e9s en Allemagne, en France, au Royaume-Uni et en Italie.","breadcrumb":{"@id":"https:\/\/xometry.eu\/fr\/equipe-xometry\/#breadcrumb"},"inLanguage":"fr-FR","potentialAction":[{"@type":"ReadAction","target":["https:\/\/xometry.eu\/fr\/equipe-xometry\/"]}]},{"@type":"BreadcrumbList","@id":"https:\/\/xometry.eu\/fr\/equipe-xometry\/#breadcrumb","itemListElement":[{"@type":"ListItem","position":1,"name":"Home","item":"https:\/\/xometry.eu\/fr\/"},{"@type":"ListItem","position":2,"name":"L&#8217;\u00e9quipe Xometry Europe"}]},{"@type":"WebSite","@id":"https:\/\/xometry.eu\/fr\/#website","url":"https:\/\/xometry.eu\/fr\/","name":"Xometry Europe","description":"","publisher":{"@id":"https:\/\/xometry.eu\/fr\/#organization"},"potentialAction":[{"@type":"SearchAction","target":{"@type":"EntryPoint","urlTemplate":"https:\/\/xometry.eu\/fr\/?s={search_term_string}"},"query-input":{"@type":"PropertyValueSpecification","valueRequired":true,"valueName":"search_term_string"}}],"inLanguage":"fr-FR"}]}},"_links":{"self":[{"href":"https:\/\/xometry.eu\/fr\/wp-json\/wp\/v2\/pages\/1906","targetHints":{"allow":["GET"]}}],"collection":[{"href":"https:\/\/xometry.eu\/fr\/wp-json\/wp\/v2\/pages"}],"about":[{"href":"https:\/\/xometry.eu\/fr\/wp-json\/wp\/v2\/types\/page"}],"author":[{"embeddable":true,"href":"https:\/\/xometry.eu\/fr\/wp-json\/wp\/v2\/users\/1"}],"replies":[{"embeddable":true,"href":"https:\/\/xometry.eu\/fr\/wp-json\/wp\/v2\/comments?post=1906"}],"version-history":[{"count":19,"href":"https:\/\/xometry.eu\/fr\/wp-json\/wp\/v2\/pages\/1906\/revisions"}],"predecessor-version":[{"id":169263,"href":"https:\/\/xometry.eu\/fr\/wp-json\/wp\/v2\/pages\/1906\/revisions\/169263"}],"wp:attachment":[{"href":"https:\/\/xometry.eu\/fr\/wp-json\/wp\/v2\/media?parent=1906"}],"curies":[{"name":"wp","href":"https:\/\/api.w.org\/{rel}","templated":true}]}}