{"id":1766,"date":"2020-06-05T14:00:28","date_gmt":"2020-06-05T14:00:28","guid":{"rendered":"http:\/\/3.126.155.61\/?page_id=1766"},"modified":"2025-02-20T16:45:06","modified_gmt":"2025-02-20T14:45:06","slug":"services-usinage-cnc","status":"publish","type":"page","link":"https:\/\/xometry.eu\/fr\/services-usinage-cnc\/","title":{"rendered":"Usinage CNC"},"content":{"rendered":"","protected":false},"excerpt":{"rendered":"","protected":false},"author":2,"featured_media":96491,"parent":0,"menu_order":0,"comment_status":"closed","ping_status":"closed","template":"","meta":{"_acf_changed":false,"inline_featured_image":false,"footnotes":""},"class_list":["post-1766","page","type-page","status-publish","has-post-thumbnail","hentry"],"acf":[],"yoast_head":"<!-- This site is optimized with the Yoast SEO Premium plugin v20.5 (Yoast SEO v27.1.1) - https:\/\/yoast.com\/product\/yoast-seo-premium-wordpress\/ -->\n<title>Service d&#039;usinage CNC en ligne : tournage, fraisage | Xometry Europe<\/title>\n<meta name=\"description\" content=\"Xometry fournit des services d\u2019usinage CNC en ligne pour des pi\u00e8ces de toute complexit\u00e9, destin\u00e9s \u00e0 la production en petites ou grandes s\u00e9ries\" \/>\n<meta name=\"robots\" content=\"index, follow, max-snippet:-1, max-image-preview:large, max-video-preview:-1\" \/>\n<link rel=\"canonical\" href=\"https:\/\/xometry.eu\/fr\/services-usinage-cnc\/\" \/>\n<meta property=\"og:locale\" content=\"fr_FR\" \/>\n<meta property=\"og:type\" content=\"article\" \/>\n<meta property=\"og:title\" content=\"Usinage CNC\" \/>\n<meta property=\"og:description\" content=\"Xometry fournit des services d\u2019usinage CNC en ligne pour des pi\u00e8ces de toute complexit\u00e9, destin\u00e9s \u00e0 la production en petites ou grandes s\u00e9ries\" \/>\n<meta property=\"og:url\" content=\"https:\/\/xometry.eu\/fr\/services-usinage-cnc\/\" \/>\n<meta property=\"og:site_name\" content=\"Xometry Europe\" \/>\n<meta property=\"article:modified_time\" content=\"2025-02-20T14:45:06+00:00\" \/>\n<meta property=\"og:image\" content=\"https:\/\/xometry.eu\/wp-content\/uploads\/2023\/02\/FR-CNC-Machining-service-page.png\" \/>\n\t<meta property=\"og:image:width\" content=\"2400\" \/>\n\t<meta property=\"og:image:height\" content=\"1230\" \/>\n\t<meta property=\"og:image:type\" content=\"image\/png\" \/>\n<meta name=\"twitter:card\" content=\"summary_large_image\" \/>\n<meta name=\"twitter:image\" content=\"https:\/\/xometry.de\/wp-content\/uploads\/2020\/08\/cnc-machining-services.jpg\" \/>\n<meta name=\"twitter:label1\" content=\"Dur\u00e9e de lecture estim\u00e9e\" \/>\n\t<meta name=\"twitter:data1\" content=\"1 minute\" \/>\n<script type=\"application\/ld+json\" class=\"yoast-schema-graph\">{\"@context\":\"https:\/\/schema.org\",\"@graph\":[{\"@type\":\"WebPage\",\"@id\":\"https:\/\/xometry.eu\/fr\/services-usinage-cnc\/\",\"url\":\"https:\/\/xometry.eu\/fr\/services-usinage-cnc\/\",\"name\":\"Service d'usinage CNC en ligne : tournage, fraisage | Xometry Europe\",\"isPartOf\":{\"@id\":\"https:\/\/xometry.eu\/fr\/#website\"},\"primaryImageOfPage\":{\"@id\":\"https:\/\/xometry.eu\/fr\/services-usinage-cnc\/#primaryimage\"},\"image\":{\"@id\":\"https:\/\/xometry.eu\/fr\/services-usinage-cnc\/#primaryimage\"},\"thumbnailUrl\":\"https:\/\/xometry.eu\/wp-content\/uploads\/2023\/02\/FR-CNC-Machining-service-page.png\",\"datePublished\":\"2020-06-05T14:00:28+00:00\",\"dateModified\":\"2025-02-20T14:45:06+00:00\",\"description\":\"Xometry fournit des services d\u2019usinage CNC en ligne pour des pi\u00e8ces de toute complexit\u00e9, destin\u00e9s \u00e0 la production en petites ou grandes s\u00e9ries\",\"breadcrumb\":{\"@id\":\"https:\/\/xometry.eu\/fr\/services-usinage-cnc\/#breadcrumb\"},\"inLanguage\":\"fr-FR\",\"potentialAction\":[{\"@type\":\"ReadAction\",\"target\":[\"https:\/\/xometry.eu\/fr\/services-usinage-cnc\/\"]}]},{\"@type\":\"ImageObject\",\"inLanguage\":\"fr-FR\",\"@id\":\"https:\/\/xometry.eu\/fr\/services-usinage-cnc\/#primaryimage\",\"url\":\"https:\/\/xometry.eu\/wp-content\/uploads\/2023\/02\/FR-CNC-Machining-service-page.png\",\"contentUrl\":\"https:\/\/xometry.eu\/wp-content\/uploads\/2023\/02\/FR-CNC-Machining-service-page.png\",\"width\":2400,\"height\":1230},{\"@type\":\"BreadcrumbList\",\"@id\":\"https:\/\/xometry.eu\/fr\/services-usinage-cnc\/#breadcrumb\",\"itemListElement\":[{\"@type\":\"ListItem\",\"position\":1,\"name\":\"Home\",\"item\":\"https:\/\/xometry.eu\/fr\/\"},{\"@type\":\"ListItem\",\"position\":2,\"name\":\"Usinage CNC\"}]},{\"@type\":\"WebSite\",\"@id\":\"https:\/\/xometry.eu\/fr\/#website\",\"url\":\"https:\/\/xometry.eu\/fr\/\",\"name\":\"Xometry Europe\",\"description\":\"\",\"publisher\":{\"@id\":\"https:\/\/xometry.eu\/fr\/#organization\"},\"potentialAction\":[{\"@type\":\"SearchAction\",\"target\":{\"@type\":\"EntryPoint\",\"urlTemplate\":\"https:\/\/xometry.eu\/fr\/?s={search_term_string}\"},\"query-input\":{\"@type\":\"PropertyValueSpecification\",\"valueRequired\":true,\"valueName\":\"search_term_string\"}}],\"inLanguage\":\"fr-FR\"}]}<\/script>\n<!-- \/ Yoast SEO Premium plugin. -->","yoast_head_json":{"title":"Service d'usinage CNC en ligne : tournage, fraisage | Xometry Europe","description":"Xometry fournit des services d\u2019usinage CNC en ligne pour des pi\u00e8ces de toute complexit\u00e9, destin\u00e9s \u00e0 la production en petites ou grandes s\u00e9ries","robots":{"index":"index","follow":"follow","max-snippet":"max-snippet:-1","max-image-preview":"max-image-preview:large","max-video-preview":"max-video-preview:-1"},"canonical":"https:\/\/xometry.eu\/fr\/services-usinage-cnc\/","og_locale":"fr_FR","og_type":"article","og_title":"Usinage CNC","og_description":"Xometry fournit des services d\u2019usinage CNC en ligne pour des pi\u00e8ces de toute complexit\u00e9, destin\u00e9s \u00e0 la production en petites ou grandes s\u00e9ries","og_url":"https:\/\/xometry.eu\/fr\/services-usinage-cnc\/","og_site_name":"Xometry Europe","article_modified_time":"2025-02-20T14:45:06+00:00","og_image":[{"width":2400,"height":1230,"url":"https:\/\/xometry.eu\/wp-content\/uploads\/2023\/02\/FR-CNC-Machining-service-page.png","type":"image\/png"}],"twitter_card":"summary_large_image","twitter_image":"https:\/\/xometry.de\/wp-content\/uploads\/2020\/08\/cnc-machining-services.jpg","twitter_misc":{"Dur\u00e9e de lecture estim\u00e9e":"1 minute"},"schema":{"@context":"https:\/\/schema.org","@graph":[{"@type":"WebPage","@id":"https:\/\/xometry.eu\/fr\/services-usinage-cnc\/","url":"https:\/\/xometry.eu\/fr\/services-usinage-cnc\/","name":"Service d'usinage CNC en ligne : tournage, fraisage | Xometry Europe","isPartOf":{"@id":"https:\/\/xometry.eu\/fr\/#website"},"primaryImageOfPage":{"@id":"https:\/\/xometry.eu\/fr\/services-usinage-cnc\/#primaryimage"},"image":{"@id":"https:\/\/xometry.eu\/fr\/services-usinage-cnc\/#primaryimage"},"thumbnailUrl":"https:\/\/xometry.eu\/wp-content\/uploads\/2023\/02\/FR-CNC-Machining-service-page.png","datePublished":"2020-06-05T14:00:28+00:00","dateModified":"2025-02-20T14:45:06+00:00","description":"Xometry fournit des services d\u2019usinage CNC en ligne pour des pi\u00e8ces de toute complexit\u00e9, destin\u00e9s \u00e0 la production en petites ou grandes s\u00e9ries","breadcrumb":{"@id":"https:\/\/xometry.eu\/fr\/services-usinage-cnc\/#breadcrumb"},"inLanguage":"fr-FR","potentialAction":[{"@type":"ReadAction","target":["https:\/\/xometry.eu\/fr\/services-usinage-cnc\/"]}]},{"@type":"ImageObject","inLanguage":"fr-FR","@id":"https:\/\/xometry.eu\/fr\/services-usinage-cnc\/#primaryimage","url":"https:\/\/xometry.eu\/wp-content\/uploads\/2023\/02\/FR-CNC-Machining-service-page.png","contentUrl":"https:\/\/xometry.eu\/wp-content\/uploads\/2023\/02\/FR-CNC-Machining-service-page.png","width":2400,"height":1230},{"@type":"BreadcrumbList","@id":"https:\/\/xometry.eu\/fr\/services-usinage-cnc\/#breadcrumb","itemListElement":[{"@type":"ListItem","position":1,"name":"Home","item":"https:\/\/xometry.eu\/fr\/"},{"@type":"ListItem","position":2,"name":"Usinage CNC"}]},{"@type":"WebSite","@id":"https:\/\/xometry.eu\/fr\/#website","url":"https:\/\/xometry.eu\/fr\/","name":"Xometry Europe","description":"","publisher":{"@id":"https:\/\/xometry.eu\/fr\/#organization"},"potentialAction":[{"@type":"SearchAction","target":{"@type":"EntryPoint","urlTemplate":"https:\/\/xometry.eu\/fr\/?s={search_term_string}"},"query-input":{"@type":"PropertyValueSpecification","valueRequired":true,"valueName":"search_term_string"}}],"inLanguage":"fr-FR"}]}},"_links":{"self":[{"href":"https:\/\/xometry.eu\/fr\/wp-json\/wp\/v2\/pages\/1766","targetHints":{"allow":["GET"]}}],"collection":[{"href":"https:\/\/xometry.eu\/fr\/wp-json\/wp\/v2\/pages"}],"about":[{"href":"https:\/\/xometry.eu\/fr\/wp-json\/wp\/v2\/types\/page"}],"author":[{"embeddable":true,"href":"https:\/\/xometry.eu\/fr\/wp-json\/wp\/v2\/users\/2"}],"replies":[{"embeddable":true,"href":"https:\/\/xometry.eu\/fr\/wp-json\/wp\/v2\/comments?post=1766"}],"version-history":[{"count":1,"href":"https:\/\/xometry.eu\/fr\/wp-json\/wp\/v2\/pages\/1766\/revisions"}],"predecessor-version":[{"id":144627,"href":"https:\/\/xometry.eu\/fr\/wp-json\/wp\/v2\/pages\/1766\/revisions\/144627"}],"wp:featuredmedia":[{"embeddable":true,"href":"https:\/\/xometry.eu\/fr\/wp-json\/wp\/v2\/media\/96491"}],"wp:attachment":[{"href":"https:\/\/xometry.eu\/fr\/wp-json\/wp\/v2\/media?parent=1766"}],"curies":[{"name":"wp","href":"https:\/\/api.w.org\/{rel}","templated":true}]}}