{"id":163772,"date":"2025-10-02T11:55:25","date_gmt":"2025-10-02T09:55:25","guid":{"rendered":"https:\/\/xometry.eu\/?page_id=163772"},"modified":"2025-10-02T12:48:58","modified_gmt":"2025-10-02T10:48:58","slug":"perspectives-2026-industrie-manufacturiere-europe","status":"publish","type":"page","link":"https:\/\/xometry.eu\/fr\/perspectives-2026-industrie-manufacturiere-europe\/","title":{"rendered":"2026 Manufacturing Outlook: European Edition"},"content":{"rendered":"<section class=\"hero  light light-to-dark-gradient printing-3d-page\" >\r\n        <img decoding=\"async\" src=\"https:\/\/xometry.eu\/wp-content\/uploads\/2025\/09\/Frame-4-4-scaled.png\" alt=\"Perspectives 2026 pour l\u2019industrie manufacturi\u00e8re : \u00e9dition europ\u00e9enne\" class=\"hero__left-image\" \/>\r\n            <img decoding=\"async\" src=\"https:\/\/xometry.eu\/wp-content\/uploads\/2025\/09\/Group-3-scaled.png\" alt=\"Perspectives 2026 pour l\u2019industrie manufacturi\u00e8re : \u00e9dition europ\u00e9enne\" class=\"hero__right-image\" \/>\r\n        <div class=\"hero__container section container\" style=\"padding-bottom: px;\">\r\n        <div class=\"hero__title-wrapper\">\r\n            <h1 class=\"title title--01\">Perspectives 2026 pour l\u2019industrie manufacturi\u00e8re : \u00e9dition europ\u00e9enne<\/h1>\r\n            <div><div class=\"article-excerpt\">\n<p>Bas\u00e9 sur des enqu\u00eates men\u00e9es aupr\u00e8s de dirigeants d&rsquo;entreprises manufacturi\u00e8res aux \u00c9tats-Unis et en Europe (France, Allemagne, Italie, Espagne et Royaume-Uni), ce rapport r\u00e9v\u00e8le o\u00f9 les fabricants concentrent leurs efforts, les d\u00e9fis auxquels ils sont confront\u00e9s et les strat\u00e9gies qui stimuleront la comp\u00e9titivit\u00e9 en 2026.<\/p>\n<p>&nbsp;<\/p>\n<\/div>\n<\/div>\r\n                    <\/div>\r\n        <div class=\"hero__cards-list\">\r\n                    <\/div>\r\n            <\/div>\r\n<\/section>\n\n<section class=\"process-slider light light-to-dark-gradient\">\r\n  <div class=\"process-slider__container section container\">\r\n        <div class=\"section__title-wrapper\">\r\n                    <h2 class=\"title title--02\">Th\u00e8mes et pr\u00e9visions cl\u00e9s<\/h2>\r\n            <\/div>\r\n    <div class=\"process-slider__slider-wrapper\">\r\n                    <div class=\"process-slider__small-slider\">\r\n                                    <button class=\"process-slider__small-slider-item\">\r\n                        <span class=\"title title--03\">1.<\/span> \r\n                        <h3 class=\"title title--03\">Adoption de l&rsquo;IA<\/h3>\r\n                    <\/button>\r\n                                    <button class=\"process-slider__small-slider-item\">\r\n                        <span class=\"title title--03\">2.<\/span> \r\n                        <h3 class=\"title title--03\">Agilit\u00e9 op\u00e9rationnelle<\/h3>\r\n                    <\/button>\r\n                                    <button class=\"process-slider__small-slider-item\">\r\n                        <span class=\"title title--03\">3.<\/span> \r\n                        <h3 class=\"title title--03\">Exigences clients<\/h3>\r\n                    <\/button>\r\n                                    <button class=\"process-slider__small-slider-item\">\r\n                        <span class=\"title title--03\">4.<\/span> \r\n                        <h3 class=\"title title--03\">Tarification et approvisionnement<\/h3>\r\n                    <\/button>\r\n                \r\n                <div class=\"process-slider__progress\">\r\n                    <div class=\"process-slider__progress-bar\"><\/div>\r\n                <\/div>\r\n            <\/div>\r\n\r\n            <div class=\"process-slider__big-slider\">\r\n                                    <button class=\"process-slider__big-slider-mobile-btn\">\r\n                        <span class=\"title title--03\">1.<\/span> \r\n                        <h3 class=\"title title--03\">Adoption de l&rsquo;IA<\/h3>\r\n                    <\/button>\r\n\r\n                    <div class=\"process-slider__big-slider-item\">\r\n                        <div class=\"process-slider__big-slider-main\">\r\n                            <h3 class=\"title title--04\">Adoption de l&rsquo;IA<\/h3>\r\n                            <div class=\"process-slider__big-slider-text text-l\">\r\n                                <p>Le point de vue des entreprises sur l&rsquo;IA. Moteur de croissance ou encore un mot \u00e0 la mode\u00a0? Spoiler\u00a0: 82\u00a0% des fabricants la consid\u00e8rent comme un moteur de croissance, mais les p\u00e9nuries de talents persistent.<\/p>\n                            <\/div>\r\n                                                    <\/div>\r\n                                                    <div class=\"process-slider__big-slider-image\">\r\n                                <img decoding=\"async\" src=\"https:\/\/xometry.eu\/wp-content\/uploads\/2025\/09\/AI-outlook-1.png\" alt=\"Step Image\">\r\n                            <\/div>\r\n                                            <\/div>\r\n                                    <button class=\"process-slider__big-slider-mobile-btn\">\r\n                        <span class=\"title title--03\">2.<\/span> \r\n                        <h3 class=\"title title--03\">Agilit\u00e9 op\u00e9rationnelle<\/h3>\r\n                    <\/button>\r\n\r\n                    <div class=\"process-slider__big-slider-item\">\r\n                        <div class=\"process-slider__big-slider-main\">\r\n                            <h3 class=\"title title--04\">Agilit\u00e9 op\u00e9rationnelle<\/h3>\r\n                            <div class=\"process-slider__big-slider-text text-l\">\r\n                                <p>Comment les r\u00e9centes perturbations, des droits de douane et tensions g\u00e9opolitiques aux cons\u00e9quences de la COVID-19, ont remodel\u00e9 les cha\u00eenes d&rsquo;approvisionnement.<\/p>\n                            <\/div>\r\n                                                    <\/div>\r\n                                                    <div class=\"process-slider__big-slider-image\">\r\n                                <img decoding=\"async\" src=\"https:\/\/xometry.eu\/wp-content\/uploads\/2025\/09\/agility-outlook.webp\" alt=\"Step Image\">\r\n                            <\/div>\r\n                                            <\/div>\r\n                                    <button class=\"process-slider__big-slider-mobile-btn\">\r\n                        <span class=\"title title--03\">3.<\/span> \r\n                        <h3 class=\"title title--03\">Exigences clients<\/h3>\r\n                    <\/button>\r\n\r\n                    <div class=\"process-slider__big-slider-item\">\r\n                        <div class=\"process-slider__big-slider-main\">\r\n                            <h3 class=\"title title--04\">Exigences clients<\/h3>\r\n                            <div class=\"process-slider__big-slider-text text-l\">\r\n                                <p>Les \u00e9volutions majeures des attentes des fabricants europ\u00e9ens.<\/p>\n                            <\/div>\r\n                                                    <\/div>\r\n                                                    <div class=\"process-slider__big-slider-image\">\r\n                                <img decoding=\"async\" src=\"https:\/\/xometry.eu\/wp-content\/uploads\/2025\/09\/customer-outlook.png\" alt=\"Step Image\">\r\n                            <\/div>\r\n                                            <\/div>\r\n                                    <button class=\"process-slider__big-slider-mobile-btn\">\r\n                        <span class=\"title title--03\">4.<\/span> \r\n                        <h3 class=\"title title--03\">Tarification et approvisionnement<\/h3>\r\n                    <\/button>\r\n\r\n                    <div class=\"process-slider__big-slider-item\">\r\n                        <div class=\"process-slider__big-slider-main\">\r\n                            <h3 class=\"title title--04\">Tarification et approvisionnement<\/h3>\r\n                            <div class=\"process-slider__big-slider-text text-l\">\r\n                                <p>71 % des fabricants ont augment\u00e9 leurs prix en 2025. Quelle est la prochaine \u00e9tape pour 2026 et comment les clients r\u00e9agissent-ils ?<\/p>\n                            <\/div>\r\n                                                    <\/div>\r\n                                                    <div class=\"process-slider__big-slider-image\">\r\n                                <img decoding=\"async\" src=\"https:\/\/xometry.eu\/wp-content\/uploads\/2025\/09\/pricing-outlook.webp\" alt=\"Step Image\">\r\n                            <\/div>\r\n                                            <\/div>\r\n                            <\/div>\r\n            <\/div>\r\n\r\n        <div class=\"call-to-action\">\r\n                    <a href=\"https:\/\/xometry.eu\/wp-content\/uploads\/2025\/09\/2026-Manufacturing-Outlook-European-Edition.pdf\" class=\"btn btn--primary\" target=\"_blank\">T\u00e9l\u00e9charger le rapport<\/a>\r\n            <\/div>\r\n  <\/div>\r\n<\/section>","protected":false},"excerpt":{"rendered":"","protected":false},"author":14,"featured_media":163307,"parent":0,"menu_order":0,"comment_status":"closed","ping_status":"closed","template":"template-new-style.php","meta":{"_acf_changed":false,"inline_featured_image":false,"footnotes":""},"class_list":["post-163772","page","type-page","status-publish","has-post-thumbnail","hentry"],"acf":[],"yoast_head":"<!-- This site is optimized with the Yoast SEO Premium plugin v20.5 (Yoast SEO v27.3) - https:\/\/yoast.com\/product\/yoast-seo-premium-wordpress\/ -->\n<title>2026 Manufacturing Outlook: European Edition | Xometry Europe<\/title>\n<meta name=\"description\" content=\"D\u00e9couvrez les tendances et strat\u00e9gies cl\u00e9s qui fa\u00e7onneront l\u2019industrie manufacturi\u00e8re en 2026 pour garder une longueur d\u2019avance sur la concurrence et stimuler la croissance.\" \/>\n<meta name=\"robots\" content=\"index, follow, max-snippet:-1, max-image-preview:large, max-video-preview:-1\" \/>\n<link rel=\"canonical\" href=\"https:\/\/xometry.eu\/fr\/perspectives-2026-industrie-manufacturiere-europe\/\" \/>\n<meta property=\"og:locale\" content=\"fr_FR\" \/>\n<meta property=\"og:type\" content=\"article\" \/>\n<meta property=\"og:title\" content=\"2026 Manufacturing Outlook: European Edition\" \/>\n<meta property=\"og:description\" content=\"D\u00e9couvrez les tendances et strat\u00e9gies cl\u00e9s qui fa\u00e7onneront l\u2019industrie manufacturi\u00e8re en 2026 pour garder une longueur d\u2019avance sur la concurrence et stimuler la croissance.\" \/>\n<meta property=\"og:url\" content=\"https:\/\/xometry.eu\/fr\/perspectives-2026-industrie-manufacturiere-europe\/\" \/>\n<meta property=\"og:site_name\" content=\"Xometry Europe\" \/>\n<meta property=\"article:modified_time\" content=\"2025-10-02T10:48:58+00:00\" \/>\n<meta property=\"og:image\" content=\"https:\/\/xometry.eu\/wp-content\/uploads\/2025\/09\/Manufacturing-Outlook-Europe.png\" \/>\n\t<meta property=\"og:image:width\" content=\"1200\" \/>\n\t<meta property=\"og:image:height\" content=\"628\" \/>\n\t<meta property=\"og:image:type\" content=\"image\/png\" \/>\n<meta name=\"twitter:card\" content=\"summary_large_image\" \/>\n<meta name=\"twitter:label1\" content=\"Dur\u00e9e de lecture estim\u00e9e\" \/>\n\t<meta name=\"twitter:data1\" content=\"1 minute\" \/>\n<script type=\"application\/ld+json\" class=\"yoast-schema-graph\">{\"@context\":\"https:\\\/\\\/schema.org\",\"@graph\":[{\"@type\":\"WebPage\",\"@id\":\"https:\\\/\\\/xometry.eu\\\/fr\\\/perspectives-2026-industrie-manufacturiere-europe\\\/\",\"url\":\"https:\\\/\\\/xometry.eu\\\/fr\\\/perspectives-2026-industrie-manufacturiere-europe\\\/\",\"name\":\"2026 Manufacturing Outlook: European Edition | Xometry Europe\",\"isPartOf\":{\"@id\":\"https:\\\/\\\/xometry.eu\\\/fr\\\/#website\"},\"primaryImageOfPage\":{\"@id\":\"https:\\\/\\\/xometry.eu\\\/fr\\\/perspectives-2026-industrie-manufacturiere-europe\\\/#primaryimage\"},\"image\":{\"@id\":\"https:\\\/\\\/xometry.eu\\\/fr\\\/perspectives-2026-industrie-manufacturiere-europe\\\/#primaryimage\"},\"thumbnailUrl\":\"https:\\\/\\\/xometry.eu\\\/wp-content\\\/uploads\\\/2025\\\/09\\\/Manufacturing-Outlook-Europe.png\",\"datePublished\":\"2025-10-02T09:55:25+00:00\",\"dateModified\":\"2025-10-02T10:48:58+00:00\",\"description\":\"D\u00e9couvrez les tendances et strat\u00e9gies cl\u00e9s qui fa\u00e7onneront l\u2019industrie manufacturi\u00e8re en 2026 pour garder une longueur d\u2019avance sur la concurrence et stimuler la croissance.\",\"breadcrumb\":{\"@id\":\"https:\\\/\\\/xometry.eu\\\/fr\\\/perspectives-2026-industrie-manufacturiere-europe\\\/#breadcrumb\"},\"inLanguage\":\"fr-FR\",\"potentialAction\":[{\"@type\":\"ReadAction\",\"target\":[\"https:\\\/\\\/xometry.eu\\\/fr\\\/perspectives-2026-industrie-manufacturiere-europe\\\/\"]}]},{\"@type\":\"ImageObject\",\"inLanguage\":\"fr-FR\",\"@id\":\"https:\\\/\\\/xometry.eu\\\/fr\\\/perspectives-2026-industrie-manufacturiere-europe\\\/#primaryimage\",\"url\":\"https:\\\/\\\/xometry.eu\\\/wp-content\\\/uploads\\\/2025\\\/09\\\/Manufacturing-Outlook-Europe.png\",\"contentUrl\":\"https:\\\/\\\/xometry.eu\\\/wp-content\\\/uploads\\\/2025\\\/09\\\/Manufacturing-Outlook-Europe.png\",\"width\":1200,\"height\":628},{\"@type\":\"BreadcrumbList\",\"@id\":\"https:\\\/\\\/xometry.eu\\\/fr\\\/perspectives-2026-industrie-manufacturiere-europe\\\/#breadcrumb\",\"itemListElement\":[{\"@type\":\"ListItem\",\"position\":1,\"name\":\"Home\",\"item\":\"https:\\\/\\\/xometry.eu\\\/fr\\\/\"},{\"@type\":\"ListItem\",\"position\":2,\"name\":\"2026 Manufacturing Outlook: European Edition\"}]},{\"@type\":\"WebSite\",\"@id\":\"https:\\\/\\\/xometry.eu\\\/fr\\\/#website\",\"url\":\"https:\\\/\\\/xometry.eu\\\/fr\\\/\",\"name\":\"Xometry Europe\",\"description\":\"\",\"publisher\":{\"@id\":\"https:\\\/\\\/xometry.eu\\\/fr\\\/#organization\"},\"potentialAction\":[{\"@type\":\"SearchAction\",\"target\":{\"@type\":\"EntryPoint\",\"urlTemplate\":\"https:\\\/\\\/xometry.eu\\\/fr\\\/?s={search_term_string}\"},\"query-input\":{\"@type\":\"PropertyValueSpecification\",\"valueRequired\":true,\"valueName\":\"search_term_string\"}}],\"inLanguage\":\"fr-FR\"}]}<\/script>\n<!-- \/ Yoast SEO Premium plugin. -->","yoast_head_json":{"title":"2026 Manufacturing Outlook: European Edition | Xometry Europe","description":"D\u00e9couvrez les tendances et strat\u00e9gies cl\u00e9s qui fa\u00e7onneront l\u2019industrie manufacturi\u00e8re en 2026 pour garder une longueur d\u2019avance sur la concurrence et stimuler la croissance.","robots":{"index":"index","follow":"follow","max-snippet":"max-snippet:-1","max-image-preview":"max-image-preview:large","max-video-preview":"max-video-preview:-1"},"canonical":"https:\/\/xometry.eu\/fr\/perspectives-2026-industrie-manufacturiere-europe\/","og_locale":"fr_FR","og_type":"article","og_title":"2026 Manufacturing Outlook: European Edition","og_description":"D\u00e9couvrez les tendances et strat\u00e9gies cl\u00e9s qui fa\u00e7onneront l\u2019industrie manufacturi\u00e8re en 2026 pour garder une longueur d\u2019avance sur la concurrence et stimuler la croissance.","og_url":"https:\/\/xometry.eu\/fr\/perspectives-2026-industrie-manufacturiere-europe\/","og_site_name":"Xometry Europe","article_modified_time":"2025-10-02T10:48:58+00:00","og_image":[{"width":1200,"height":628,"url":"https:\/\/xometry.eu\/wp-content\/uploads\/2025\/09\/Manufacturing-Outlook-Europe.png","type":"image\/png"}],"twitter_card":"summary_large_image","twitter_misc":{"Dur\u00e9e de lecture estim\u00e9e":"1 minute"},"schema":{"@context":"https:\/\/schema.org","@graph":[{"@type":"WebPage","@id":"https:\/\/xometry.eu\/fr\/perspectives-2026-industrie-manufacturiere-europe\/","url":"https:\/\/xometry.eu\/fr\/perspectives-2026-industrie-manufacturiere-europe\/","name":"2026 Manufacturing Outlook: European Edition | Xometry Europe","isPartOf":{"@id":"https:\/\/xometry.eu\/fr\/#website"},"primaryImageOfPage":{"@id":"https:\/\/xometry.eu\/fr\/perspectives-2026-industrie-manufacturiere-europe\/#primaryimage"},"image":{"@id":"https:\/\/xometry.eu\/fr\/perspectives-2026-industrie-manufacturiere-europe\/#primaryimage"},"thumbnailUrl":"https:\/\/xometry.eu\/wp-content\/uploads\/2025\/09\/Manufacturing-Outlook-Europe.png","datePublished":"2025-10-02T09:55:25+00:00","dateModified":"2025-10-02T10:48:58+00:00","description":"D\u00e9couvrez les tendances et strat\u00e9gies cl\u00e9s qui fa\u00e7onneront l\u2019industrie manufacturi\u00e8re en 2026 pour garder une longueur d\u2019avance sur la concurrence et stimuler la croissance.","breadcrumb":{"@id":"https:\/\/xometry.eu\/fr\/perspectives-2026-industrie-manufacturiere-europe\/#breadcrumb"},"inLanguage":"fr-FR","potentialAction":[{"@type":"ReadAction","target":["https:\/\/xometry.eu\/fr\/perspectives-2026-industrie-manufacturiere-europe\/"]}]},{"@type":"ImageObject","inLanguage":"fr-FR","@id":"https:\/\/xometry.eu\/fr\/perspectives-2026-industrie-manufacturiere-europe\/#primaryimage","url":"https:\/\/xometry.eu\/wp-content\/uploads\/2025\/09\/Manufacturing-Outlook-Europe.png","contentUrl":"https:\/\/xometry.eu\/wp-content\/uploads\/2025\/09\/Manufacturing-Outlook-Europe.png","width":1200,"height":628},{"@type":"BreadcrumbList","@id":"https:\/\/xometry.eu\/fr\/perspectives-2026-industrie-manufacturiere-europe\/#breadcrumb","itemListElement":[{"@type":"ListItem","position":1,"name":"Home","item":"https:\/\/xometry.eu\/fr\/"},{"@type":"ListItem","position":2,"name":"2026 Manufacturing Outlook: European Edition"}]},{"@type":"WebSite","@id":"https:\/\/xometry.eu\/fr\/#website","url":"https:\/\/xometry.eu\/fr\/","name":"Xometry Europe","description":"","publisher":{"@id":"https:\/\/xometry.eu\/fr\/#organization"},"potentialAction":[{"@type":"SearchAction","target":{"@type":"EntryPoint","urlTemplate":"https:\/\/xometry.eu\/fr\/?s={search_term_string}"},"query-input":{"@type":"PropertyValueSpecification","valueRequired":true,"valueName":"search_term_string"}}],"inLanguage":"fr-FR"}]}},"_links":{"self":[{"href":"https:\/\/xometry.eu\/fr\/wp-json\/wp\/v2\/pages\/163772","targetHints":{"allow":["GET"]}}],"collection":[{"href":"https:\/\/xometry.eu\/fr\/wp-json\/wp\/v2\/pages"}],"about":[{"href":"https:\/\/xometry.eu\/fr\/wp-json\/wp\/v2\/types\/page"}],"author":[{"embeddable":true,"href":"https:\/\/xometry.eu\/fr\/wp-json\/wp\/v2\/users\/14"}],"replies":[{"embeddable":true,"href":"https:\/\/xometry.eu\/fr\/wp-json\/wp\/v2\/comments?post=163772"}],"version-history":[{"count":0,"href":"https:\/\/xometry.eu\/fr\/wp-json\/wp\/v2\/pages\/163772\/revisions"}],"wp:featuredmedia":[{"embeddable":true,"href":"https:\/\/xometry.eu\/fr\/wp-json\/wp\/v2\/media\/163307"}],"wp:attachment":[{"href":"https:\/\/xometry.eu\/fr\/wp-json\/wp\/v2\/media?parent=163772"}],"curies":[{"name":"wp","href":"https:\/\/api.w.org\/{rel}","templated":true}]}}