{"id":162654,"date":"2025-09-05T18:01:02","date_gmt":"2025-09-05T16:01:02","guid":{"rendered":"https:\/\/xometry.eu\/back-to-business\/"},"modified":"2025-09-09T15:24:53","modified_gmt":"2025-09-09T13:24:53","slug":"back-to-business","status":"publish","type":"page","link":"https:\/\/xometry.eu\/fr\/back-to-business\/","title":{"rendered":"Back to Business"},"content":{"rendered":"<section class=\"hero  light light-to-dark-gradient printing-3d-page\" >\r\n        <img decoding=\"async\" src=\"https:\/\/xometry.eu\/wp-content\/uploads\/2025\/09\/back-to-business-cover-left-2-scaled.png\" alt=\" Back to Business:  profitez de vos remises\" class=\"hero__left-image\" \/>\r\n            <img decoding=\"async\" src=\"https:\/\/xometry.eu\/wp-content\/uploads\/2025\/09\/back-to-business-cover-right-3-scaled.png\" alt=\" Back to Business:  profitez de vos remises\" class=\"hero__right-image\" \/>\r\n        <div class=\"hero__container section container\" style=\"padding-bottom: 0px;\">\r\n        <div class=\"hero__title-wrapper\">\r\n            <h1 class=\"title title--01\"><strong> Back to Business:<\/strong> <br> profitez de vos remises<\/h1>\r\n            <div><p><span style=\"font-weight: 400;\">D\u00e9marrez fort cette nouvelle saison avec les offres sp\u00e9ciales Xometry pens\u00e9es pour faciliter le lancement de vos id\u00e9es et l\u2019industrialisation de vos projets, tout en r\u00e9duisant les co\u00fbts.<\/span><\/p>\n<p><span style=\"font-weight: 400;\">\u00a0<\/span><\/p>\n<p><span style=\"font-weight: 400;\">Offres valables jusqu\u2019au 23 septembre inclus<\/span><\/p>\n<\/div>\r\n                    <\/div>\r\n        <div class=\"hero__cards-list\">\r\n                    <\/div>\r\n            <\/div>\r\n<\/section>\n\n <section class=\"steps-comparison light   dark-to-light-gradient\">\r\n    <div class=\"steps-comparison__container section container\">\r\n                    <div class=\"steps__list three-cards\">\r\n                                    <div class=\"steps__card card\">\r\n                                                    <img decoding=\"async\" class=\"steps__card-image\" src=\"https:\/\/xometry.eu\/wp-content\/uploads\/2025\/09\/back-to-business-12.png\" alt=\"Impression 3D\" \/>\r\n                                                <div class=\"steps__card-main\">\r\n                            <h4 class=\"title title--04\">Impression 3D<\/h4>\r\n                            <div><p><span style=\"font-weight: 400;\">B\u00e9n\u00e9ficiez de<\/span><b> 12\u202f%<\/b><span style=\"font-weight: 400;\"> de remise sur votre prochain projet d\u2019impression 3D gr\u00e2ce \u00e0 nos diff\u00e9rentes technologies d\u2019impression 3D avanc\u00e9es.<\/span><\/p>\n<p><span style=\"font-weight: 400;\">\u00a0<\/span><\/p>\n<p><b>Valable pour :<\/b><\/p>\n<p><span style=\"font-weight: 400;\">Frittage s\u00e9lectif par laser (SLS), Multi Jet Fusion (MJF), Frittage direct de m\u00e9tal par laser (DMLS)<\/span><\/p>\n<p>&nbsp;<\/p>\n<p>&nbsp;<\/p>\n<hr \/>\n<p>&nbsp;<\/p>\n<p><strong>Code: <span style=\"color: #0e6aed;\">BTB12PRINT<\/span><\/strong><\/p>\n<p>&nbsp;<\/p>\n<p><span style=\"color: #0e6aed;\"><b data-stringify-type=\"bold\"><a class=\"c-link\" style=\"color: #0e6aed;\" href=\"#codes-terms\" rel=\"noopener noreferrer\" data-stringify-link=\"https:\/\/xometry.eu\/en\/?page_id=162028#codes-terms\" data-sk=\"tooltip_parent\" aria-describedby=\"sk-tooltip-2276\">Toutes les conditions<\/a><\/b><\/span><\/p>\n<\/div>\r\n                        <\/div>\r\n                    <\/div>\r\n                                    <div class=\"steps__card card\">\r\n                                                    <img decoding=\"async\" class=\"steps__card-image\" src=\"https:\/\/xometry.eu\/wp-content\/uploads\/2025\/09\/back-to-business-15.png\" alt=\"Projets industriels de s\u00e9rie\" \/>\r\n                                                <div class=\"steps__card-main\">\r\n                            <h4 class=\"title title--04\">Projets industriels de s\u00e9rie<\/h4>\r\n                            <div><p><span style=\"font-weight: 400;\">\u00c9conomisez<\/span><b> 15\u202f%<\/b><span style=\"font-weight: 400;\"> pour toute commande sup\u00e9rieure \u00e0 3\u202f000\u202f\u20ac.<\/span><\/p>\n<p>&nbsp;<\/p>\n<p><span style=\"font-weight: 400;\">\u00a0<\/span><\/p>\n<p><b>Valable pour :<\/b><\/p>\n<p><span style=\"font-weight: 400;\">Usinage CNC , T\u00f4lerie , Moulage par injection , Coul\u00e9e sous vide<\/span><\/p>\n<p>&nbsp;<\/p>\n<p>&nbsp;<\/p>\n<p>&nbsp;<\/p>\n<p>&nbsp;<\/p>\n<hr \/>\n<p>&nbsp;<\/p>\n<p><strong>Code: <span style=\"color: #0e6aed;\">BTB15SCALE<\/span><span style=\"color: #0e6aed;\"><br aria-hidden=\"true\" \/><\/span><\/strong><\/p>\n<p>&nbsp;<\/p>\n<p><span style=\"color: #0e6aed;\"><b data-stringify-type=\"bold\"><a class=\"c-link\" style=\"color: #0e6aed;\" href=\"#codes-terms\" rel=\"noopener noreferrer\" data-stringify-link=\"https:\/\/xometry.eu\/en\/?page_id=162028#codes-terms\" data-sk=\"tooltip_parent\" aria-describedby=\"sk-tooltip-2276\">Toutes les conditions<\/a><\/b><\/span><\/p>\n<\/div>\r\n                        <\/div>\r\n                    <\/div>\r\n                                    <div class=\"steps__card card\">\r\n                                                    <img decoding=\"async\" class=\"steps__card-image\" src=\"https:\/\/xometry.eu\/wp-content\/uploads\/2025\/09\/back-to-business-20.png\" alt=\"Premi\u00e8re commande chez Xometry\" \/>\r\n                                                <div class=\"steps__card-main\">\r\n                            <h4 class=\"title title--04\">Premi\u00e8re commande chez Xometry<\/h4>\r\n                            <div><p><span style=\"font-weight: 400;\">Profitez de <\/span><b>20\u202f%<\/b><span style=\"font-weight: 400;\"> de r\u00e9duction sur votre toute premi\u00e8re commande ou partagez cette remise avec un coll\u00e8gue qui n\u2019a pas encore pass\u00e9 de commande.<\/span><\/p>\n<p><span style=\"font-weight: 400;\">\u00a0<\/span><\/p>\n<p><b>Valable pour :<\/b><\/p>\n<p><span style=\"font-weight: 400;\">Toutes les technologies de fabrication propos\u00e9es par Xometry.<\/span><\/p>\n<p>&nbsp;<\/p>\n<p>&nbsp;<\/p>\n<hr \/>\n<p>&nbsp;<\/p>\n<p><strong>Code: <span style=\"color: #0e6aed;\">BTB20FIRST<br \/>\n<\/span><\/strong><\/p>\n<p><span style=\"color: #0e6aed;\"><b data-stringify-type=\"bold\"><br \/>\n<a class=\"c-link\" style=\"color: #0e6aed;\" href=\"#codes-terms\" rel=\"noopener noreferrer\" data-stringify-link=\"https:\/\/xometry.eu\/en\/?page_id=162028#codes-terms\" data-sk=\"tooltip_parent\" aria-describedby=\"sk-tooltip-2276\">Toutes les conditions<\/a><\/b><\/span><\/p>\n<p>&nbsp;<\/p>\n<\/div>\r\n                        <\/div>\r\n                    <\/div>\r\n                            <\/div>\r\n                <div class=\"comparison__list\">\r\n                    <\/div>\r\n    <\/div>\r\n<\/section>\n\n\n<div class=\"wp-block-buttons is-content-justification-center is-layout-flex wp-container-core-buttons-is-layout-16018d1d wp-block-buttons-is-layout-flex\">\n<div class=\"wp-block-button has-custom-width wp-block-button__width-25 is-style-fill\"><a class=\"wp-block-button__link has-white-color has-text-color has-background has-link-color wp-element-button\" href=\"https:\/\/get.xometry.eu\/?locale=fr\" style=\"border-radius:4px;background-color:#0e6aed\"><strong>Obtenir un devis maintenant<\/strong><\/a><\/div>\n<\/div>\n\n\n\r\n<section class=\"faq light light-to-dark-gradient\"  id=\"codes-terms\">\r\n    <div class=\"faq__container section container\">\r\n        <div class=\"faq__wrapper\">\r\n            <h2 class=\"title title--02\">Comment fonctionnent les <strong> codes promo <\/strong> ?<\/h2>\r\n            <div class=\"faq__list\">\r\n                                                                                                    <div class=\"faq__item  \">\r\n                            <div class=\"faq__item-question title title--04\">\r\n                                Code: BTB12PRINT                                <svg\r\n                                    xmlns=\"http:\/\/www.w3.org\/2000\/svg\"\r\n                                    width=\"28\"\r\n                                    height=\"28\"\r\n                                    viewBox=\"0 0 28 28\"\r\n                                    fill=\"none\"\r\n                                    class=\"toggle-icon\"\r\n                                >\r\n                                    <g class=\"plus\">\r\n                                    <path\r\n                                        d=\"M19.0313 13.125H14.875V8.96875C14.875 8.84844 14.7766 8.75 14.6563 8.75H13.3438C13.2234 8.75 13.125 8.84844 13.125 8.96875V13.125H8.96875C8.84844 13.125 8.75 13.2234 8.75 13.3438V14.6563C8.75 14.7766 8.84844 14.875 8.96875 14.875H13.125V19.0313C13.125 19.1516 13.2234 19.25 13.3438 19.25H14.6563C14.7766 19.25 14.875 19.1516 14.875 19.0313V14.875H19.0313C19.1516 14.875 19.25 14.7766 19.25 14.6563V13.3438C19.25 13.2234 19.1516 13.125 19.0313 13.125Z\"\r\n                                    \/>\r\n                                    <path\r\n                                        d=\"M14 1.75C7.23516 1.75 1.75 7.23516 1.75 14C1.75 20.7648 7.23516 26.25 14 26.25C20.7648 26.25 26.25 20.7648 26.25 14C26.25 7.23516 20.7648 1.75 14 1.75ZM14 24.1719C8.38359 24.1719 3.82813 19.6164 3.82813 14C3.82813 8.38359 8.38359 3.82813 14 3.82813C19.6164 3.82813 24.1719 8.38359 24.1719 14C24.1719 19.6164 19.6164 24.1719 14 24.1719Z\"\r\n                                    \/>\r\n                                    <\/g>\r\n                                    <g class=\"minus\">\r\n                                    <path\r\n                                        d=\"M19.0313 13.125H8.96875C8.84844 13.125 8.75 13.2234 8.75 13.3438V14.6563C8.75 14.7766 8.84844 14.875 8.96875 14.875H19.0313C19.1516 14.875 19.25 14.7766 19.25 14.6563V13.3438C19.25 13.2234 19.1516 13.125 19.0313 13.125Z\"\r\n                                    \/>\r\n                                    <path\r\n                                        d=\"M14 1.75C7.23516 1.75 1.75 7.23516 1.75 14C1.75 20.7648 7.23516 26.25 14 26.25C20.7648 26.25 26.25 20.7648 26.25 14C26.25 7.23516 20.7648 1.75 14 1.75ZM14 24.1719C8.38359 24.1719 3.82813 19.6164 3.82813 14C3.82813 8.38359 8.38359 3.82813 14 3.82813C19.6164 3.82813 24.1719 8.38359 24.1719 14C24.1719 19.6164 19.6164 24.1719 14 24.1719Z\"\r\n                                    \/>\r\n                                    <\/g>\r\n                                <\/svg>\r\n                            <\/div>\r\n                            <div class=\"faq__item-answer-wrapper\">\r\n                                <div class=\"faq__item-answer\">\r\n                                    <ul>\n<li style=\"font-weight: 400;\" aria-level=\"1\"><span style=\"font-weight: 400;\">Valable pour les commandes contenant uniquement des pi\u00e8ces imprim\u00e9es en 3D via les technologies SLS, MJF ou DMLS.\u00a0<\/span><\/li>\n<li style=\"font-weight: 400;\" aria-level=\"1\"><span style=\"font-weight: 400;\">Valable uniquement pour les commandes instantan\u00e9ment chiffr\u00e9es via le moteur de devis instantan\u00e9 Xometry Instant Quoting Engine\u00ae avant le 23 septembre 2025 \u00e0 23h59 (CEST). Code \u00e0 usage unique, non cumulable avec d&rsquo;autres codes ou offres promotionnelles.<\/span><\/li>\n<\/ul>\n                                <\/div>\r\n                            <\/div>\r\n                        <\/div>\r\n                                                                    <div class=\"faq__item  \">\r\n                            <div class=\"faq__item-question title title--04\">\r\n                                Code: BTB15SCALE                                <svg\r\n                                    xmlns=\"http:\/\/www.w3.org\/2000\/svg\"\r\n                                    width=\"28\"\r\n                                    height=\"28\"\r\n                                    viewBox=\"0 0 28 28\"\r\n                                    fill=\"none\"\r\n                                    class=\"toggle-icon\"\r\n                                >\r\n                                    <g class=\"plus\">\r\n                                    <path\r\n                                        d=\"M19.0313 13.125H14.875V8.96875C14.875 8.84844 14.7766 8.75 14.6563 8.75H13.3438C13.2234 8.75 13.125 8.84844 13.125 8.96875V13.125H8.96875C8.84844 13.125 8.75 13.2234 8.75 13.3438V14.6563C8.75 14.7766 8.84844 14.875 8.96875 14.875H13.125V19.0313C13.125 19.1516 13.2234 19.25 13.3438 19.25H14.6563C14.7766 19.25 14.875 19.1516 14.875 19.0313V14.875H19.0313C19.1516 14.875 19.25 14.7766 19.25 14.6563V13.3438C19.25 13.2234 19.1516 13.125 19.0313 13.125Z\"\r\n                                    \/>\r\n                                    <path\r\n                                        d=\"M14 1.75C7.23516 1.75 1.75 7.23516 1.75 14C1.75 20.7648 7.23516 26.25 14 26.25C20.7648 26.25 26.25 20.7648 26.25 14C26.25 7.23516 20.7648 1.75 14 1.75ZM14 24.1719C8.38359 24.1719 3.82813 19.6164 3.82813 14C3.82813 8.38359 8.38359 3.82813 14 3.82813C19.6164 3.82813 24.1719 8.38359 24.1719 14C24.1719 19.6164 19.6164 24.1719 14 24.1719Z\"\r\n                                    \/>\r\n                                    <\/g>\r\n                                    <g class=\"minus\">\r\n                                    <path\r\n                                        d=\"M19.0313 13.125H8.96875C8.84844 13.125 8.75 13.2234 8.75 13.3438V14.6563C8.75 14.7766 8.84844 14.875 8.96875 14.875H19.0313C19.1516 14.875 19.25 14.7766 19.25 14.6563V13.3438C19.25 13.2234 19.1516 13.125 19.0313 13.125Z\"\r\n                                    \/>\r\n                                    <path\r\n                                        d=\"M14 1.75C7.23516 1.75 1.75 7.23516 1.75 14C1.75 20.7648 7.23516 26.25 14 26.25C20.7648 26.25 26.25 20.7648 26.25 14C26.25 7.23516 20.7648 1.75 14 1.75ZM14 24.1719C8.38359 24.1719 3.82813 19.6164 3.82813 14C3.82813 8.38359 8.38359 3.82813 14 3.82813C19.6164 3.82813 24.1719 8.38359 24.1719 14C24.1719 19.6164 19.6164 24.1719 14 24.1719Z\"\r\n                                    \/>\r\n                                    <\/g>\r\n                                <\/svg>\r\n                            <\/div>\r\n                            <div class=\"faq__item-answer-wrapper\">\r\n                                <div class=\"faq__item-answer\">\r\n                                    <ul>\n<li style=\"font-weight: 400;\" aria-level=\"1\"><span style=\"font-weight: 400;\">Valable pour les commandes sup\u00e9rieures \u00e0 3000 \u20ac contenant uniquement des pi\u00e8ces issues de l\u2019usinage CNC, de la t\u00f4lerie, du moulage par injection ou de la coul\u00e9e sous vide.\u00a0<\/span><\/li>\n<li style=\"font-weight: 400;\" aria-level=\"1\"><span style=\"font-weight: 400;\">Valable uniquement pour les commandes instantan\u00e9ment chiffr\u00e9es via le moteur de devis instantan\u00e9 Xometry Instant Quoting Engine\u00ae avant le 23 septembre 2025 \u00e0 23h59 (CEST). Code \u00e0 usage unique, non cumulable avec d&rsquo;autres codes ou offres promotionnelles.<\/span><\/li>\n<\/ul>\n                                <\/div>\r\n                            <\/div>\r\n                        <\/div>\r\n                                                                    <div class=\"faq__item  \">\r\n                            <div class=\"faq__item-question title title--04\">\r\n                                Code: BTB20FIRST                                <svg\r\n                                    xmlns=\"http:\/\/www.w3.org\/2000\/svg\"\r\n                                    width=\"28\"\r\n                                    height=\"28\"\r\n                                    viewBox=\"0 0 28 28\"\r\n                                    fill=\"none\"\r\n                                    class=\"toggle-icon\"\r\n                                >\r\n                                    <g class=\"plus\">\r\n                                    <path\r\n                                        d=\"M19.0313 13.125H14.875V8.96875C14.875 8.84844 14.7766 8.75 14.6563 8.75H13.3438C13.2234 8.75 13.125 8.84844 13.125 8.96875V13.125H8.96875C8.84844 13.125 8.75 13.2234 8.75 13.3438V14.6563C8.75 14.7766 8.84844 14.875 8.96875 14.875H13.125V19.0313C13.125 19.1516 13.2234 19.25 13.3438 19.25H14.6563C14.7766 19.25 14.875 19.1516 14.875 19.0313V14.875H19.0313C19.1516 14.875 19.25 14.7766 19.25 14.6563V13.3438C19.25 13.2234 19.1516 13.125 19.0313 13.125Z\"\r\n                                    \/>\r\n                                    <path\r\n                                        d=\"M14 1.75C7.23516 1.75 1.75 7.23516 1.75 14C1.75 20.7648 7.23516 26.25 14 26.25C20.7648 26.25 26.25 20.7648 26.25 14C26.25 7.23516 20.7648 1.75 14 1.75ZM14 24.1719C8.38359 24.1719 3.82813 19.6164 3.82813 14C3.82813 8.38359 8.38359 3.82813 14 3.82813C19.6164 3.82813 24.1719 8.38359 24.1719 14C24.1719 19.6164 19.6164 24.1719 14 24.1719Z\"\r\n                                    \/>\r\n                                    <\/g>\r\n                                    <g class=\"minus\">\r\n                                    <path\r\n                                        d=\"M19.0313 13.125H8.96875C8.84844 13.125 8.75 13.2234 8.75 13.3438V14.6563C8.75 14.7766 8.84844 14.875 8.96875 14.875H19.0313C19.1516 14.875 19.25 14.7766 19.25 14.6563V13.3438C19.25 13.2234 19.1516 13.125 19.0313 13.125Z\"\r\n                                    \/>\r\n                                    <path\r\n                                        d=\"M14 1.75C7.23516 1.75 1.75 7.23516 1.75 14C1.75 20.7648 7.23516 26.25 14 26.25C20.7648 26.25 26.25 20.7648 26.25 14C26.25 7.23516 20.7648 1.75 14 1.75ZM14 24.1719C8.38359 24.1719 3.82813 19.6164 3.82813 14C3.82813 8.38359 8.38359 3.82813 14 3.82813C19.6164 3.82813 24.1719 8.38359 24.1719 14C24.1719 19.6164 19.6164 24.1719 14 24.1719Z\"\r\n                                    \/>\r\n                                    <\/g>\r\n                                <\/svg>\r\n                            <\/div>\r\n                            <div class=\"faq__item-answer-wrapper\">\r\n                                <div class=\"faq__item-answer\">\r\n                                    <ul>\n<li style=\"font-weight: 400;\" aria-level=\"1\"><span style=\"font-weight: 400;\">Valable uniquement pour les premi\u00e8res commandes.<\/span><\/li>\n<li style=\"font-weight: 400;\" aria-level=\"1\"><span style=\"font-weight: 400;\">Valable uniquement pour les commandes instantan\u00e9ment chiffr\u00e9es via le moteur de devis instantan\u00e9 Xometry Instant Quoting Engine\u00ae avant le 23 septembre 2025 \u00e0 23h59 (CEST). Code \u00e0 usage unique, non cumulable avec d&rsquo;autres codes ou offres promotionnelles.<\/span><\/li>\n<\/ul>\n                                <\/div>\r\n                            <\/div>\r\n                        <\/div>\r\n                                                <\/div>\r\n        <\/div>\r\n            <\/div>\r\n<\/section>\n\n\n<p class=\"has-medium-font-size\"><\/p>\n\n\n\r\n<section class=\"final-cta dark dark-blue-100\" >\r\n    <div class=\"final-cta__container section container\">\r\n        <h2 class=\"title title--02\">Back to Business avec Xometry<\/h2>\r\n        <div class=\"hero__cards-list\">\r\n              \r\n    <a href=\"https:\/\/get.xometry.eu\/?locale=fr\" class=\"hero__cards-item card \">\r\n        <h3 class=\"title title--03\">Remises valables jusqu\u2019au 23 septembre<\/h3>\r\n        <div class=\"hero__cards-item-text \"><p>Donnez un coup d\u2019acc\u00e9l\u00e9rateur \u00e0 vos projets cet automne gr\u00e2ce aux offres Back to Business.<br \/>\nN\u2019attendez pas, passez commande d\u00e8s maintenant et \u00e9conomisez.<\/p>\n<\/div>\r\n        <span class=\"btn btn--primary \">Obtenir un devis maintenant<\/span>\r\n            <\/a>\r\n        <\/div>\r\n        <div class=\"final-cta__footer-list\">\r\n                                            <\/div>\r\n    <\/div>\r\n<\/section>\n\n\n<p class=\"has-medium-font-size\"><\/p>\n","protected":false},"excerpt":{"rendered":"","protected":false},"author":14,"featured_media":0,"parent":0,"menu_order":0,"comment_status":"closed","ping_status":"closed","template":"template-new-style.php","meta":{"_acf_changed":false,"inline_featured_image":false,"footnotes":""},"class_list":["post-162654","page","type-page","status-publish","hentry"],"acf":[],"yoast_head":"<!-- This site is optimized with the Yoast SEO Premium plugin v20.5 (Yoast SEO v27.3) - https:\/\/yoast.com\/product\/yoast-seo-premium-wordpress\/ -->\n<title>Back to Business | Xometry Europe<\/title>\n<meta name=\"description\" content=\"D\u00e9marrez fort cette nouvelle saison avec les offres sp\u00e9ciales Xometry pens\u00e9es pour faciliter le lancement de vos id\u00e9es et l\u2019industrialisation de vos projets, tout en r\u00e9duisant les co\u00fbts.\" \/>\n<meta name=\"robots\" content=\"index, follow, max-snippet:-1, max-image-preview:large, max-video-preview:-1\" \/>\n<link rel=\"canonical\" href=\"https:\/\/xometry.eu\/fr\/back-to-business\/\" \/>\n<meta property=\"og:locale\" content=\"fr_FR\" \/>\n<meta property=\"og:type\" content=\"article\" \/>\n<meta property=\"og:title\" content=\"Back to Business\" \/>\n<meta property=\"og:description\" content=\"D\u00e9marrez fort cette nouvelle saison avec les offres sp\u00e9ciales Xometry pens\u00e9es pour faciliter le lancement de vos id\u00e9es et l\u2019industrialisation de vos projets, tout en r\u00e9duisant les co\u00fbts.\" \/>\n<meta property=\"og:url\" content=\"https:\/\/xometry.eu\/fr\/back-to-business\/\" \/>\n<meta property=\"og:site_name\" content=\"Xometry Europe\" \/>\n<meta property=\"article:modified_time\" content=\"2025-09-09T13:24:53+00:00\" \/>\n<meta name=\"twitter:card\" content=\"summary_large_image\" \/>\n<meta name=\"twitter:label1\" content=\"Dur\u00e9e de lecture estim\u00e9e\" \/>\n\t<meta name=\"twitter:data1\" content=\"1 minute\" \/>\n<script type=\"application\/ld+json\" class=\"yoast-schema-graph\">{\"@context\":\"https:\\\/\\\/schema.org\",\"@graph\":[{\"@type\":\"WebPage\",\"@id\":\"https:\\\/\\\/xometry.eu\\\/fr\\\/back-to-business\\\/\",\"url\":\"https:\\\/\\\/xometry.eu\\\/fr\\\/back-to-business\\\/\",\"name\":\"Back to Business | Xometry Europe\",\"isPartOf\":{\"@id\":\"https:\\\/\\\/xometry.eu\\\/fr\\\/#website\"},\"datePublished\":\"2025-09-05T16:01:02+00:00\",\"dateModified\":\"2025-09-09T13:24:53+00:00\",\"description\":\"D\u00e9marrez fort cette nouvelle saison avec les offres sp\u00e9ciales Xometry pens\u00e9es pour faciliter le lancement de vos id\u00e9es et l\u2019industrialisation de vos projets, tout en r\u00e9duisant les co\u00fbts.\",\"breadcrumb\":{\"@id\":\"https:\\\/\\\/xometry.eu\\\/fr\\\/back-to-business\\\/#breadcrumb\"},\"inLanguage\":\"fr-FR\",\"potentialAction\":[{\"@type\":\"ReadAction\",\"target\":[\"https:\\\/\\\/xometry.eu\\\/fr\\\/back-to-business\\\/\"]}]},{\"@type\":\"BreadcrumbList\",\"@id\":\"https:\\\/\\\/xometry.eu\\\/fr\\\/back-to-business\\\/#breadcrumb\",\"itemListElement\":[{\"@type\":\"ListItem\",\"position\":1,\"name\":\"Home\",\"item\":\"https:\\\/\\\/xometry.eu\\\/fr\\\/\"},{\"@type\":\"ListItem\",\"position\":2,\"name\":\"Back to Business\"}]},{\"@type\":\"WebSite\",\"@id\":\"https:\\\/\\\/xometry.eu\\\/fr\\\/#website\",\"url\":\"https:\\\/\\\/xometry.eu\\\/fr\\\/\",\"name\":\"Xometry Europe\",\"description\":\"\",\"publisher\":{\"@id\":\"https:\\\/\\\/xometry.eu\\\/fr\\\/#organization\"},\"potentialAction\":[{\"@type\":\"SearchAction\",\"target\":{\"@type\":\"EntryPoint\",\"urlTemplate\":\"https:\\\/\\\/xometry.eu\\\/fr\\\/?s={search_term_string}\"},\"query-input\":{\"@type\":\"PropertyValueSpecification\",\"valueRequired\":true,\"valueName\":\"search_term_string\"}}],\"inLanguage\":\"fr-FR\"}]}<\/script>\n<!-- \/ Yoast SEO Premium plugin. -->","yoast_head_json":{"title":"Back to Business | Xometry Europe","description":"D\u00e9marrez fort cette nouvelle saison avec les offres sp\u00e9ciales Xometry pens\u00e9es pour faciliter le lancement de vos id\u00e9es et l\u2019industrialisation de vos projets, tout en r\u00e9duisant les co\u00fbts.","robots":{"index":"index","follow":"follow","max-snippet":"max-snippet:-1","max-image-preview":"max-image-preview:large","max-video-preview":"max-video-preview:-1"},"canonical":"https:\/\/xometry.eu\/fr\/back-to-business\/","og_locale":"fr_FR","og_type":"article","og_title":"Back to Business","og_description":"D\u00e9marrez fort cette nouvelle saison avec les offres sp\u00e9ciales Xometry pens\u00e9es pour faciliter le lancement de vos id\u00e9es et l\u2019industrialisation de vos projets, tout en r\u00e9duisant les co\u00fbts.","og_url":"https:\/\/xometry.eu\/fr\/back-to-business\/","og_site_name":"Xometry Europe","article_modified_time":"2025-09-09T13:24:53+00:00","twitter_card":"summary_large_image","twitter_misc":{"Dur\u00e9e de lecture estim\u00e9e":"1 minute"},"schema":{"@context":"https:\/\/schema.org","@graph":[{"@type":"WebPage","@id":"https:\/\/xometry.eu\/fr\/back-to-business\/","url":"https:\/\/xometry.eu\/fr\/back-to-business\/","name":"Back to Business | Xometry Europe","isPartOf":{"@id":"https:\/\/xometry.eu\/fr\/#website"},"datePublished":"2025-09-05T16:01:02+00:00","dateModified":"2025-09-09T13:24:53+00:00","description":"D\u00e9marrez fort cette nouvelle saison avec les offres sp\u00e9ciales Xometry pens\u00e9es pour faciliter le lancement de vos id\u00e9es et l\u2019industrialisation de vos projets, tout en r\u00e9duisant les co\u00fbts.","breadcrumb":{"@id":"https:\/\/xometry.eu\/fr\/back-to-business\/#breadcrumb"},"inLanguage":"fr-FR","potentialAction":[{"@type":"ReadAction","target":["https:\/\/xometry.eu\/fr\/back-to-business\/"]}]},{"@type":"BreadcrumbList","@id":"https:\/\/xometry.eu\/fr\/back-to-business\/#breadcrumb","itemListElement":[{"@type":"ListItem","position":1,"name":"Home","item":"https:\/\/xometry.eu\/fr\/"},{"@type":"ListItem","position":2,"name":"Back to Business"}]},{"@type":"WebSite","@id":"https:\/\/xometry.eu\/fr\/#website","url":"https:\/\/xometry.eu\/fr\/","name":"Xometry Europe","description":"","publisher":{"@id":"https:\/\/xometry.eu\/fr\/#organization"},"potentialAction":[{"@type":"SearchAction","target":{"@type":"EntryPoint","urlTemplate":"https:\/\/xometry.eu\/fr\/?s={search_term_string}"},"query-input":{"@type":"PropertyValueSpecification","valueRequired":true,"valueName":"search_term_string"}}],"inLanguage":"fr-FR"}]}},"_links":{"self":[{"href":"https:\/\/xometry.eu\/fr\/wp-json\/wp\/v2\/pages\/162654","targetHints":{"allow":["GET"]}}],"collection":[{"href":"https:\/\/xometry.eu\/fr\/wp-json\/wp\/v2\/pages"}],"about":[{"href":"https:\/\/xometry.eu\/fr\/wp-json\/wp\/v2\/types\/page"}],"author":[{"embeddable":true,"href":"https:\/\/xometry.eu\/fr\/wp-json\/wp\/v2\/users\/14"}],"replies":[{"embeddable":true,"href":"https:\/\/xometry.eu\/fr\/wp-json\/wp\/v2\/comments?post=162654"}],"version-history":[{"count":0,"href":"https:\/\/xometry.eu\/fr\/wp-json\/wp\/v2\/pages\/162654\/revisions"}],"wp:attachment":[{"href":"https:\/\/xometry.eu\/fr\/wp-json\/wp\/v2\/media?parent=162654"}],"curies":[{"name":"wp","href":"https:\/\/api.w.org\/{rel}","templated":true}]}}