{"id":158413,"date":"2025-06-11T09:17:39","date_gmt":"2025-06-11T07:17:39","guid":{"rendered":"https:\/\/xometry.eu\/sponsorship-request\/"},"modified":"2026-02-24T21:22:44","modified_gmt":"2026-02-24T19:22:44","slug":"demande-parrainage","status":"publish","type":"page","link":"https:\/\/xometry.eu\/fr\/demande-parrainage\/","title":{"rendered":"Parrainages et accompagnement \u00e9tudiant"},"content":{"rendered":"<section class=\"hero  light light-to-dark-gradient printing-3d-page\" >\r\n        <img decoding=\"async\" src=\"https:\/\/xometry.eu\/wp-content\/uploads\/2025\/06\/3D-design-of-the-nanosatellite-with-an-integrated-laboratory-982x1024-1.webp\" alt=\"Soutenir les ing\u00e9nieurs de demain gr\u00e2ce au parrainage de projets\" class=\"hero__left-image\" \/>\r\n            <img decoding=\"async\" src=\"https:\/\/xometry.eu\/wp-content\/uploads\/2025\/06\/oxford-brookes-racing-car.png\" alt=\"Soutenir les ing\u00e9nieurs de demain gr\u00e2ce au parrainage de projets\" class=\"hero__right-image\" \/>\r\n        <div class=\"hero__container section container\" style=\"padding-bottom: 0px;\">\r\n        <div class=\"hero__title-wrapper\">\r\n            <h1 class=\"title title--01\">Soutenir les ing\u00e9nieurs de demain gr\u00e2ce au parrainage de projets<\/h1>\r\n            <div><p>Vous faites partie d\u2019une \u00e9quipe \u00e9tudiante ou d\u2019un projet non commercial dans les domaines de l\u2019ing\u00e9nierie, de la robotique ou du d\u00e9veloppement produit ? \u00cates-vous situ\u00e9 en Europe ? Chez Xometry, nous sommes toujours \u00e0 l\u2019\u00e9coute des id\u00e9es audacieuses et tourn\u00e9es vers l\u2019avenir.<\/p>\n<\/div>\r\n                    <\/div>\r\n        <div class=\"hero__cards-list\">\r\n                    <\/div>\r\n            <\/div>\r\n<\/section>\n\n <section class=\"advantages light dark-to-light-gradient\">\r\n    <div class=\"advantages__container section container\">\r\n        <h2 class=\"title title--02\">\r\n            Ce que nous proposons        <\/h2>\r\n        <div class=\"advantages__list\">\r\n                                <div class=\"advantages__item card\">\r\n                        <img decoding=\"async\" class=\"advantages__item-image\" src=\"https:\/\/xometry.eu\/wp-content\/uploads\/2025\/05\/discount.svg\" alt=\"R\u00e9ductions sur la fabrication\"\r\n                        \/>\r\n                        <h4 class=\"title title--04\">R\u00e9ductions sur la fabrication<\/h4>\r\n                        <div>\r\n                            <p>B\u00e9n\u00e9ficiez de tarifs pr\u00e9f\u00e9rentiels sur l\u2019usinage CNC, l\u2019impression 3D et d\u2019autres proc\u00e9d\u00e9s pour concr\u00e9tiser vos projets personnalis\u00e9s.<\/p>\n                        <\/div>\r\n                                            <\/div>\r\n                                        <div class=\"advantages__item card\">\r\n                        <img decoding=\"async\" class=\"advantages__item-image\" src=\"https:\/\/xometry.eu\/wp-content\/uploads\/2025\/05\/visibility.svg\" alt=\"Visibilit\u00e9 et rayonnement\"\r\n                        \/>\r\n                        <h4 class=\"title title--04\">Visibilit\u00e9 et rayonnement<\/h4>\r\n                        <div>\r\n                            <p>Partagez vos exp\u00e9rience et projets sur nos plateformes et touchez une large audience d\u2019ing\u00e9nieurs et de professionnels du secteur.<\/p>\n                        <\/div>\r\n                                            <\/div>\r\n                                        <div class=\"advantages__item card\">\r\n                        <img decoding=\"async\" class=\"advantages__item-image\" src=\"https:\/\/xometry.eu\/wp-content\/uploads\/2025\/05\/support.svg\" alt=\"Accompagnement d\u00e9di\u00e9\"\r\n                        \/>\r\n                        <h4 class=\"title title--04\">Accompagnement d\u00e9di\u00e9<\/h4>\r\n                        <div>\r\n                            <p>Recevez les conseils de nos experts pour transformer vos id\u00e9es en pi\u00e8ces r\u00e9ellement fabricables.<\/p>\n                        <\/div>\r\n                                            <\/div>\r\n                            <\/div>\r\n            <\/div>\r\n<\/section>\n\n\r\n <section class=\"capability-list light light-to-dark-gradient\">\r\n  <div class=\"capability-list__container section container\">\r\n        <div class=\"section__title-wrapper\">\r\n                    <h2 class=\"title title--02\">Types de projets que nous soutenons<\/h2>\r\n            <\/div>\r\n    <div class=\"capability-list__list\">\r\n    \r\n            <div class=\"capability-list__item \">\r\n                <img decoding=\"async\" src=\"https:\/\/xometry.eu\/wp-content\/uploads\/2025\/05\/student-competitions.svg\" alt=\"\" class=\"capability-list__item-icon\">\r\n                <div class=\"capability-list__item-main\">\r\n                    <h3 class=\"capability-list__item-title text-s\"><\/h3>\r\n                    <div class=\"capability-list__item-text title title--05\">Comp\u00e9titions \u00e9tudiantes en ing\u00e9nierie (ex. : Formula Student, Hyperloop, robotique)<\/div>\r\n                <\/div>\r\n            <\/div>\r\n\r\n        \r\n            <div class=\"capability-list__item \">\r\n                <img decoding=\"async\" src=\"https:\/\/xometry.eu\/wp-content\/uploads\/2025\/05\/research-project-1.svg\" alt=\"\" class=\"capability-list__item-icon\">\r\n                <div class=\"capability-list__item-main\">\r\n                    <h3 class=\"capability-list__item-title text-s\"><\/h3>\r\n                    <div class=\"capability-list__item-text title title--05\">Projets de recherche universitaire<\/div>\r\n                <\/div>\r\n            <\/div>\r\n\r\n        \r\n            <div class=\"capability-list__item \">\r\n                <img decoding=\"async\" src=\"https:\/\/xometry.eu\/wp-content\/uploads\/2025\/05\/graduation-projects.svg\" alt=\"\" class=\"capability-list__item-icon\">\r\n                <div class=\"capability-list__item-main\">\r\n                    <h3 class=\"capability-list__item-title text-s\"><\/h3>\r\n                    <div class=\"capability-list__item-text title title--05\">Projets de fin d\u2019\u00e9tudes ou dipl\u00f4mants\r\n<\/div>\r\n                <\/div>\r\n            <\/div>\r\n\r\n        \r\n            <div class=\"capability-list__item \">\r\n                <img decoding=\"async\" src=\"https:\/\/xometry.eu\/wp-content\/uploads\/2025\/05\/open-source-hardware.svg\" alt=\"\" class=\"capability-list__item-icon\">\r\n                <div class=\"capability-list__item-main\">\r\n                    <h3 class=\"capability-list__item-title text-s\"><\/h3>\r\n                    <div class=\"capability-list__item-text title title--05\">Initiatives open source en hardware<\/div>\r\n                <\/div>\r\n            <\/div>\r\n\r\n        \r\n            <div class=\"capability-list__item border-none_desktop\">\r\n                <img decoding=\"async\" src=\"https:\/\/xometry.eu\/wp-content\/uploads\/2025\/05\/educational-maker-events.svg\" alt=\"\" class=\"capability-list__item-icon\">\r\n                <div class=\"capability-list__item-main\">\r\n                    <h3 class=\"capability-list__item-title text-s\"><\/h3>\r\n                    <div class=\"capability-list__item-text title title--05\">\u00c9v\u00e9nements techniques organis\u00e9s par des universit\u00e9s ou des collectifs<\/div>\r\n                <\/div>\r\n            <\/div>\r\n\r\n        \r\n            <div class=\"capability-list__item border-none\">\r\n                <img decoding=\"async\" src=\"https:\/\/xometry.eu\/wp-content\/uploads\/2025\/02\/Vector-3.svg\" alt=\"\" class=\"capability-list__item-icon\">\r\n                <div class=\"capability-list__item-main\">\r\n                    <h3 class=\"capability-list__item-title text-s\"><\/h3>\r\n                    <div class=\"capability-list__item-text title title--05\">Projets communautaires ou ind\u00e9pendants \u00e0 forte dimension technique<\/div>\r\n                <\/div>\r\n            <\/div>\r\n\r\n        \r\n    <\/div>\r\n    \r\n        <div class=\"capability-list__btns-container\">\r\n            <div class=\"call-to-action\">\r\n                    <a href=\"https:\/\/docs.google.com\/forms\/d\/e\/1FAIpQLSdNnmLb79QAGUGJyfYK1p0r4cLZD8sP78b-kT8bFlC3hGkdXg\/viewform?usp=sharing&#038;ouid=111268153315564232191\" class=\"btn btn--primary\" target=\"\">Soumettre ma demande de parrainage<\/a>\r\n            <\/div>\r\n            <\/div>\r\n  <\/div>\r\n<\/section>\n\n<section class=\"parts-slider light blue-10\">\r\n    <div class=\"parts-slider__container section container\">\r\n        <h2 class=\"title title--02\">Projets \u00e9tudiants d\u00e9j\u00e0 soutenus par Xometry<\/h2>\r\n        <div class=\"parts-slider__slider\">\r\n            <div class=\"swiper-wrapper\">\r\n                                <div class=\"parts-slider__item swiper-slide card\">\r\n                        <div class=\"parts-slider__item-image\">\r\n                            <img decoding=\"async\" src=\"https:\/\/xometry.eu\/wp-content\/uploads\/2021\/11\/Machine_front-scaled-min.jpeg\" alt=\"Machine de forage souterrain\" \/>\r\n                        <\/div>\r\n                        <div class=\"parts-slider__item-main\">\r\n                            <h3 class=\"text-m\">Machine de forage souterrain<\/h3>\r\n                        <\/div>\r\n                    <\/div>\r\n                                        <div class=\"parts-slider__item swiper-slide card\">\r\n                        <div class=\"parts-slider__item-image\">\r\n                            <img decoding=\"async\" src=\"https:\/\/xometry.eu\/wp-content\/uploads\/2025\/05\/oxford-brookes-racing-car.webp\" alt=\"Voiture \u00e9lectrique haute performance\" \/>\r\n                        <\/div>\r\n                        <div class=\"parts-slider__item-main\">\r\n                            <h3 class=\"text-m\">Voiture \u00e9lectrique haute performance<\/h3>\r\n                        <\/div>\r\n                    <\/div>\r\n                                        <div class=\"parts-slider__item swiper-slide card\">\r\n                        <div class=\"parts-slider__item-image\">\r\n                            <img decoding=\"async\" src=\"https:\/\/xometry.eu\/wp-content\/uploads\/2025\/05\/uav-with-retractable-landing-gear-itunom.png\" alt=\"Drone autonome (UAV)\" \/>\r\n                        <\/div>\r\n                        <div class=\"parts-slider__item-main\">\r\n                            <h3 class=\"text-m\">Drone autonome (UAV)<\/h3>\r\n                        <\/div>\r\n                    <\/div>\r\n                                        <div class=\"parts-slider__item swiper-slide card\">\r\n                        <div class=\"parts-slider__item-image\">\r\n                            <img decoding=\"async\" src=\"https:\/\/xometry.eu\/wp-content\/uploads\/2025\/05\/vinci-eco-drive-electric-single-seater.jpeg\" alt=\"Monoplace \u00e9lectrique\" \/>\r\n                        <\/div>\r\n                        <div class=\"parts-slider__item-main\">\r\n                            <h3 class=\"text-m\">Monoplace \u00e9lectrique<\/h3>\r\n                        <\/div>\r\n                    <\/div>\r\n                                        <div class=\"parts-slider__item swiper-slide card\">\r\n                        <div class=\"parts-slider__item-image\">\r\n                            <img decoding=\"async\" src=\"https:\/\/xometry.eu\/wp-content\/uploads\/2025\/05\/acubesat-render-space.webp\" alt=\"Nanosatellite modulaire\" \/>\r\n                        <\/div>\r\n                        <div class=\"parts-slider__item-main\">\r\n                            <h3 class=\"text-m\">Nanosatellite modulaire<\/h3>\r\n                        <\/div>\r\n                    <\/div>\r\n                                        <div class=\"parts-slider__item swiper-slide card\">\r\n                        <div class=\"parts-slider__item-image\">\r\n                            <img decoding=\"async\" src=\"https:\/\/xometry.eu\/wp-content\/uploads\/2025\/05\/propulse-ntnu-project-valemon-copy-scaled-1.webp\" alt=\"Fus\u00e9e de recherche avanc\u00e9e\" \/>\r\n                        <\/div>\r\n                        <div class=\"parts-slider__item-main\">\r\n                            <h3 class=\"text-m\">Fus\u00e9e de recherche avanc\u00e9e<\/h3>\r\n                        <\/div>\r\n                    <\/div>\r\n                                        <div class=\"parts-slider__item swiper-slide card\">\r\n                        <div class=\"parts-slider__item-image\">\r\n                            <img decoding=\"async\" src=\"https:\/\/xometry.eu\/wp-content\/uploads\/2025\/05\/FR23_Freya.webp\" alt=\"Voiture de course\" \/>\r\n                        <\/div>\r\n                        <div class=\"parts-slider__item-main\">\r\n                            <h3 class=\"text-m\">Voiture de course<\/h3>\r\n                        <\/div>\r\n                    <\/div>\r\n                                        <div class=\"parts-slider__item swiper-slide card\">\r\n                        <div class=\"parts-slider__item-image\">\r\n                            <img decoding=\"async\" src=\"https:\/\/xometry.eu\/wp-content\/uploads\/2025\/05\/ICLR-Rocket-2.webp\" alt=\"Fus\u00e9e \u00e0 carburant liquide\" \/>\r\n                        <\/div>\r\n                        <div class=\"parts-slider__item-main\">\r\n                            <h3 class=\"text-m\">Fus\u00e9e \u00e0 carburant liquide<\/h3>\r\n                        <\/div>\r\n                    <\/div>\r\n                                        <div class=\"parts-slider__item swiper-slide card\">\r\n                        <div class=\"parts-slider__item-image\">\r\n                            <img decoding=\"async\" src=\"https:\/\/xometry.eu\/wp-content\/uploads\/2021\/11\/Machine_front-scaled-min.jpeg\" alt=\"Machine de forage souterrain\" \/>\r\n                        <\/div>\r\n                        <div class=\"parts-slider__item-main\">\r\n                            <h3 class=\"text-m\">Machine de forage souterrain<\/h3>\r\n                        <\/div>\r\n                    <\/div>\r\n                                        <div class=\"parts-slider__item swiper-slide card\">\r\n                        <div class=\"parts-slider__item-image\">\r\n                            <img decoding=\"async\" src=\"https:\/\/xometry.eu\/wp-content\/uploads\/2025\/05\/oxford-brookes-racing-car.webp\" alt=\"Voiture \u00e9lectrique haute performance\" \/>\r\n                        <\/div>\r\n                        <div class=\"parts-slider__item-main\">\r\n                            <h3 class=\"text-m\">Voiture \u00e9lectrique haute performance<\/h3>\r\n                        <\/div>\r\n                    <\/div>\r\n                                        <div class=\"parts-slider__item swiper-slide card\">\r\n                        <div class=\"parts-slider__item-image\">\r\n                            <img decoding=\"async\" src=\"https:\/\/xometry.eu\/wp-content\/uploads\/2025\/05\/uav-with-retractable-landing-gear-itunom.png\" alt=\"Drone autonome (UAV)\" \/>\r\n                        <\/div>\r\n                        <div class=\"parts-slider__item-main\">\r\n                            <h3 class=\"text-m\">Drone autonome (UAV)<\/h3>\r\n                        <\/div>\r\n                    <\/div>\r\n                                        <div class=\"parts-slider__item swiper-slide card\">\r\n                        <div class=\"parts-slider__item-image\">\r\n                            <img decoding=\"async\" src=\"https:\/\/xometry.eu\/wp-content\/uploads\/2025\/05\/vinci-eco-drive-electric-single-seater.jpeg\" alt=\"Monoplace \u00e9lectrique\" \/>\r\n                        <\/div>\r\n                        <div class=\"parts-slider__item-main\">\r\n                            <h3 class=\"text-m\">Monoplace \u00e9lectrique<\/h3>\r\n                        <\/div>\r\n                    <\/div>\r\n                                        <div class=\"parts-slider__item swiper-slide card\">\r\n                        <div class=\"parts-slider__item-image\">\r\n                            <img decoding=\"async\" src=\"https:\/\/xometry.eu\/wp-content\/uploads\/2025\/05\/acubesat-render-space.webp\" alt=\"Nanosatellite modulaire\" \/>\r\n                        <\/div>\r\n                        <div class=\"parts-slider__item-main\">\r\n                            <h3 class=\"text-m\">Nanosatellite modulaire<\/h3>\r\n                        <\/div>\r\n                    <\/div>\r\n                                        <div class=\"parts-slider__item swiper-slide card\">\r\n                        <div class=\"parts-slider__item-image\">\r\n                            <img decoding=\"async\" src=\"https:\/\/xometry.eu\/wp-content\/uploads\/2025\/05\/propulse-ntnu-project-valemon-copy-scaled-1.webp\" alt=\"Fus\u00e9e de recherche avanc\u00e9e\" \/>\r\n                        <\/div>\r\n                        <div class=\"parts-slider__item-main\">\r\n                            <h3 class=\"text-m\">Fus\u00e9e de recherche avanc\u00e9e<\/h3>\r\n                        <\/div>\r\n                    <\/div>\r\n                                        <div class=\"parts-slider__item swiper-slide card\">\r\n                        <div class=\"parts-slider__item-image\">\r\n                            <img decoding=\"async\" src=\"https:\/\/xometry.eu\/wp-content\/uploads\/2025\/05\/FR23_Freya.webp\" alt=\"Voiture de course\" \/>\r\n                        <\/div>\r\n                        <div class=\"parts-slider__item-main\">\r\n                            <h3 class=\"text-m\">Voiture de course<\/h3>\r\n                        <\/div>\r\n                    <\/div>\r\n                                        <div class=\"parts-slider__item swiper-slide card\">\r\n                        <div class=\"parts-slider__item-image\">\r\n                            <img decoding=\"async\" src=\"https:\/\/xometry.eu\/wp-content\/uploads\/2025\/05\/ICLR-Rocket-2.webp\" alt=\"Fus\u00e9e \u00e0 carburant liquide\" \/>\r\n                        <\/div>\r\n                        <div class=\"parts-slider__item-main\">\r\n                            <h3 class=\"text-m\">Fus\u00e9e \u00e0 carburant liquide<\/h3>\r\n                        <\/div>\r\n                    <\/div>\r\n                                <\/div>\r\n        <\/div>\r\n            <\/div>\r\n<\/section>\n\n\r\n<section class=\"final-cta dark dark-blue-100\" >\r\n    <div class=\"final-cta__container section container\">\r\n        <h2 class=\"title title--02\">Pr\u00e9sentez-nous votre projet<\/h2>\r\n        <div class=\"hero__cards-list\">\r\n              \r\n    <a href=\"https:\/\/docs.google.com\/forms\/d\/e\/1FAIpQLSdNnmLb79QAGUGJyfYK1p0r4cLZD8sP78b-kT8bFlC3hGkdXg\/viewform?usp=sharing&#038;ouid=111268153315564232191\" class=\"hero__cards-item card \">\r\n        <h3 class=\"title title--03\">Demandez un financement ou une collaboration avec Xometry<\/h3>\r\n        <div class=\"hero__cards-item-text \"><p>Racontez-nous votre projet via notre formulaire de demande, et notre \u00e9quipe vous recontactera rapidement. Nous ne pouvons pas soutenir toutes les demandes, mais chacune est examin\u00e9e avec soin. <strong>Le parrainage est \u00e9ligible uniquement en Europe (y compris au Royaume-Uni).<\/strong><\/p>\n<\/div>\r\n        <span class=\"btn btn--primary \">Remplir le formulaire<\/span>\r\n            <\/a>\r\n        <\/div>\r\n        <div class=\"final-cta__footer-list\">\r\n                                            <\/div>\r\n    <\/div>\r\n<\/section>\n\n\n<p><\/p>\n","protected":false},"excerpt":{"rendered":"","protected":false},"author":10,"featured_media":0,"parent":0,"menu_order":0,"comment_status":"closed","ping_status":"closed","template":"template-new-style.php","meta":{"_acf_changed":false,"inline_featured_image":false,"footnotes":""},"class_list":["post-158413","page","type-page","status-publish","hentry"],"acf":[],"yoast_head":"<!-- This site is optimized with the Yoast SEO Premium plugin v20.5 (Yoast SEO v27.1.1) - https:\/\/yoast.com\/product\/yoast-seo-premium-wordpress\/ -->\n<title>Soutenir les ing\u00e9nieurs de demain gr\u00e2ce au parrainage de projets | Xometry Europe<\/title>\n<meta name=\"description\" content=\"Vous \u00eates \u00e9tudiant ou porteur d\u2019un projet technique non commercial ? Demandez d\u00e8s maintenant un parrainage avec Xometry !\" \/>\n<meta name=\"robots\" content=\"index, nofollow, max-snippet:-1, max-image-preview:large, max-video-preview:-1\" \/>\n<link rel=\"canonical\" href=\"https:\/\/xometry.eu\/fr\/demande-parrainage\/\" \/>\n<meta property=\"og:locale\" content=\"fr_FR\" \/>\n<meta property=\"og:type\" content=\"article\" \/>\n<meta property=\"og:title\" content=\"Soutenir les ing\u00e9nieurs de demain gr\u00e2ce au parrainage de projets | Xometry Europe\" \/>\n<meta property=\"og:description\" content=\"Vous \u00eates \u00e9tudiant ou porteur d\u2019un projet technique non commercial ? Demandez d\u00e8s maintenant un parrainage avec Xometry !\" \/>\n<meta property=\"og:url\" content=\"https:\/\/xometry.eu\/fr\/demande-parrainage\/\" \/>\n<meta property=\"og:site_name\" content=\"Xometry Europe\" \/>\n<meta property=\"article:modified_time\" content=\"2026-02-24T19:22:44+00:00\" \/>\n<meta name=\"twitter:card\" content=\"summary_large_image\" \/>\n<meta name=\"twitter:title\" content=\"Parrainages et accompagnement \u00e9tudiant\" \/>\n<script type=\"application\/ld+json\" class=\"yoast-schema-graph\">{\"@context\":\"https:\/\/schema.org\",\"@graph\":[{\"@type\":\"WebPage\",\"@id\":\"https:\/\/xometry.eu\/fr\/demande-parrainage\/\",\"url\":\"https:\/\/xometry.eu\/fr\/demande-parrainage\/\",\"name\":\"Soutenir les ing\u00e9nieurs de demain gr\u00e2ce au parrainage de projets | Xometry Europe\",\"isPartOf\":{\"@id\":\"https:\/\/xometry.eu\/fr\/#website\"},\"datePublished\":\"2025-06-11T07:17:39+00:00\",\"dateModified\":\"2026-02-24T19:22:44+00:00\",\"description\":\"Vous \u00eates \u00e9tudiant ou porteur d\u2019un projet technique non commercial ? Demandez d\u00e8s maintenant un parrainage avec Xometry !\",\"breadcrumb\":{\"@id\":\"https:\/\/xometry.eu\/fr\/demande-parrainage\/#breadcrumb\"},\"inLanguage\":\"fr-FR\",\"potentialAction\":[{\"@type\":\"ReadAction\",\"target\":[\"https:\/\/xometry.eu\/fr\/demande-parrainage\/\"]}]},{\"@type\":\"BreadcrumbList\",\"@id\":\"https:\/\/xometry.eu\/fr\/demande-parrainage\/#breadcrumb\",\"itemListElement\":[{\"@type\":\"ListItem\",\"position\":1,\"name\":\"Home\",\"item\":\"https:\/\/xometry.eu\/fr\/\"},{\"@type\":\"ListItem\",\"position\":2,\"name\":\"Parrainages et accompagnement \u00e9tudiant\"}]},{\"@type\":\"WebSite\",\"@id\":\"https:\/\/xometry.eu\/fr\/#website\",\"url\":\"https:\/\/xometry.eu\/fr\/\",\"name\":\"Xometry Europe\",\"description\":\"\",\"publisher\":{\"@id\":\"https:\/\/xometry.eu\/fr\/#organization\"},\"potentialAction\":[{\"@type\":\"SearchAction\",\"target\":{\"@type\":\"EntryPoint\",\"urlTemplate\":\"https:\/\/xometry.eu\/fr\/?s={search_term_string}\"},\"query-input\":{\"@type\":\"PropertyValueSpecification\",\"valueRequired\":true,\"valueName\":\"search_term_string\"}}],\"inLanguage\":\"fr-FR\"}]}<\/script>\n<!-- \/ Yoast SEO Premium plugin. -->","yoast_head_json":{"title":"Soutenir les ing\u00e9nieurs de demain gr\u00e2ce au parrainage de projets | Xometry Europe","description":"Vous \u00eates \u00e9tudiant ou porteur d\u2019un projet technique non commercial ? Demandez d\u00e8s maintenant un parrainage avec Xometry !","robots":{"index":"index","follow":"nofollow","max-snippet":"max-snippet:-1","max-image-preview":"max-image-preview:large","max-video-preview":"max-video-preview:-1"},"canonical":"https:\/\/xometry.eu\/fr\/demande-parrainage\/","og_locale":"fr_FR","og_type":"article","og_title":"Soutenir les ing\u00e9nieurs de demain gr\u00e2ce au parrainage de projets | Xometry Europe","og_description":"Vous \u00eates \u00e9tudiant ou porteur d\u2019un projet technique non commercial ? Demandez d\u00e8s maintenant un parrainage avec Xometry !","og_url":"https:\/\/xometry.eu\/fr\/demande-parrainage\/","og_site_name":"Xometry Europe","article_modified_time":"2026-02-24T19:22:44+00:00","twitter_card":"summary_large_image","twitter_title":"Parrainages et accompagnement \u00e9tudiant","schema":{"@context":"https:\/\/schema.org","@graph":[{"@type":"WebPage","@id":"https:\/\/xometry.eu\/fr\/demande-parrainage\/","url":"https:\/\/xometry.eu\/fr\/demande-parrainage\/","name":"Soutenir les ing\u00e9nieurs de demain gr\u00e2ce au parrainage de projets | Xometry Europe","isPartOf":{"@id":"https:\/\/xometry.eu\/fr\/#website"},"datePublished":"2025-06-11T07:17:39+00:00","dateModified":"2026-02-24T19:22:44+00:00","description":"Vous \u00eates \u00e9tudiant ou porteur d\u2019un projet technique non commercial ? Demandez d\u00e8s maintenant un parrainage avec Xometry !","breadcrumb":{"@id":"https:\/\/xometry.eu\/fr\/demande-parrainage\/#breadcrumb"},"inLanguage":"fr-FR","potentialAction":[{"@type":"ReadAction","target":["https:\/\/xometry.eu\/fr\/demande-parrainage\/"]}]},{"@type":"BreadcrumbList","@id":"https:\/\/xometry.eu\/fr\/demande-parrainage\/#breadcrumb","itemListElement":[{"@type":"ListItem","position":1,"name":"Home","item":"https:\/\/xometry.eu\/fr\/"},{"@type":"ListItem","position":2,"name":"Parrainages et accompagnement \u00e9tudiant"}]},{"@type":"WebSite","@id":"https:\/\/xometry.eu\/fr\/#website","url":"https:\/\/xometry.eu\/fr\/","name":"Xometry Europe","description":"","publisher":{"@id":"https:\/\/xometry.eu\/fr\/#organization"},"potentialAction":[{"@type":"SearchAction","target":{"@type":"EntryPoint","urlTemplate":"https:\/\/xometry.eu\/fr\/?s={search_term_string}"},"query-input":{"@type":"PropertyValueSpecification","valueRequired":true,"valueName":"search_term_string"}}],"inLanguage":"fr-FR"}]}},"_links":{"self":[{"href":"https:\/\/xometry.eu\/fr\/wp-json\/wp\/v2\/pages\/158413","targetHints":{"allow":["GET"]}}],"collection":[{"href":"https:\/\/xometry.eu\/fr\/wp-json\/wp\/v2\/pages"}],"about":[{"href":"https:\/\/xometry.eu\/fr\/wp-json\/wp\/v2\/types\/page"}],"author":[{"embeddable":true,"href":"https:\/\/xometry.eu\/fr\/wp-json\/wp\/v2\/users\/10"}],"replies":[{"embeddable":true,"href":"https:\/\/xometry.eu\/fr\/wp-json\/wp\/v2\/comments?post=158413"}],"version-history":[{"count":3,"href":"https:\/\/xometry.eu\/fr\/wp-json\/wp\/v2\/pages\/158413\/revisions"}],"predecessor-version":[{"id":170347,"href":"https:\/\/xometry.eu\/fr\/wp-json\/wp\/v2\/pages\/158413\/revisions\/170347"}],"wp:attachment":[{"href":"https:\/\/xometry.eu\/fr\/wp-json\/wp\/v2\/media?parent=158413"}],"curies":[{"name":"wp","href":"https:\/\/api.w.org\/{rel}","templated":true}]}}