{"id":131979,"date":"2024-01-30T11:31:44","date_gmt":"2024-01-30T09:31:44","guid":{"rendered":"https:\/\/xometry.eu\/education\/"},"modified":"2026-03-06T15:14:36","modified_gmt":"2026-03-06T13:14:36","slug":"education","status":"publish","type":"page","link":"https:\/\/xometry.eu\/fr\/education\/","title":{"rendered":"Education Industry"},"content":{"rendered":"","protected":false},"excerpt":{"rendered":"","protected":false},"author":14,"featured_media":128569,"parent":0,"menu_order":0,"comment_status":"closed","ping_status":"closed","template":"","meta":{"_acf_changed":false,"inline_featured_image":false,"footnotes":""},"class_list":["post-131979","page","type-page","status-publish","has-post-thumbnail","hentry"],"acf":[],"yoast_head":"<!-- This site is optimized with the Yoast SEO Premium plugin v20.5 (Yoast SEO v27.1.1) - https:\/\/yoast.com\/product\/yoast-seo-premium-wordpress\/ -->\n<title>Prototypes et pi\u00e8ces de production pour les \u00e9tudiants en ing\u00e9nierie et les universit\u00e9s | Xometry<\/title>\n<meta name=\"description\" content=\"Innovez plus rapidement gr\u00e2ce \u00e0 un acc\u00e8s instantan\u00e9 aux grandes capacit\u00e9s de production, au r\u00e9seau et \u00e0 l&#039;expertise de Xometry pour les \u00e9tudiants en ing\u00e9nierie et les universit\u00e9s.\" \/>\n<meta name=\"robots\" content=\"index, follow, max-snippet:-1, max-image-preview:large, max-video-preview:-1\" \/>\n<link rel=\"canonical\" href=\"https:\/\/xometry.eu\/fr\/education\/\" \/>\n<meta property=\"og:locale\" content=\"fr_FR\" \/>\n<meta property=\"og:type\" content=\"article\" \/>\n<meta property=\"og:title\" content=\"Education Industry\" \/>\n<meta property=\"og:description\" content=\"Innovez plus rapidement gr\u00e2ce \u00e0 un acc\u00e8s instantan\u00e9 aux grandes capacit\u00e9s de production, au r\u00e9seau et \u00e0 l&#039;expertise de Xometry pour les \u00e9tudiants en ing\u00e9nierie et les universit\u00e9s.\" \/>\n<meta property=\"og:url\" content=\"https:\/\/xometry.eu\/fr\/education\/\" \/>\n<meta property=\"og:site_name\" content=\"Xometry Europe\" \/>\n<meta property=\"article:modified_time\" content=\"2026-03-06T13:14:36+00:00\" \/>\n<meta property=\"og:image\" content=\"https:\/\/xometry.eu\/wp-content\/uploads\/2024\/01\/AdobeStock_233382425-scaled.jpeg\" \/>\n\t<meta property=\"og:image:width\" content=\"2560\" \/>\n\t<meta property=\"og:image:height\" content=\"1707\" \/>\n\t<meta property=\"og:image:type\" content=\"image\/jpeg\" \/>\n<meta name=\"twitter:card\" content=\"summary_large_image\" \/>\n<script type=\"application\/ld+json\" class=\"yoast-schema-graph\">{\"@context\":\"https:\/\/schema.org\",\"@graph\":[{\"@type\":\"WebPage\",\"@id\":\"https:\/\/xometry.eu\/fr\/education\/\",\"url\":\"https:\/\/xometry.eu\/fr\/education\/\",\"name\":\"Prototypes et pi\u00e8ces de production pour les \u00e9tudiants en ing\u00e9nierie et les universit\u00e9s | Xometry\",\"isPartOf\":{\"@id\":\"https:\/\/xometry.eu\/fr\/#website\"},\"primaryImageOfPage\":{\"@id\":\"https:\/\/xometry.eu\/fr\/education\/#primaryimage\"},\"image\":{\"@id\":\"https:\/\/xometry.eu\/fr\/education\/#primaryimage\"},\"thumbnailUrl\":\"https:\/\/xometry.eu\/wp-content\/uploads\/2024\/01\/AdobeStock_233382425-scaled.jpeg\",\"datePublished\":\"2024-01-30T09:31:44+00:00\",\"dateModified\":\"2026-03-06T13:14:36+00:00\",\"description\":\"Innovez plus rapidement gr\u00e2ce \u00e0 un acc\u00e8s instantan\u00e9 aux grandes capacit\u00e9s de production, au r\u00e9seau et \u00e0 l'expertise de Xometry pour les \u00e9tudiants en ing\u00e9nierie et les universit\u00e9s.\",\"breadcrumb\":{\"@id\":\"https:\/\/xometry.eu\/fr\/education\/#breadcrumb\"},\"inLanguage\":\"fr-FR\",\"potentialAction\":[{\"@type\":\"ReadAction\",\"target\":[\"https:\/\/xometry.eu\/fr\/education\/\"]}]},{\"@type\":\"ImageObject\",\"inLanguage\":\"fr-FR\",\"@id\":\"https:\/\/xometry.eu\/fr\/education\/#primaryimage\",\"url\":\"https:\/\/xometry.eu\/wp-content\/uploads\/2024\/01\/AdobeStock_233382425-scaled.jpeg\",\"contentUrl\":\"https:\/\/xometry.eu\/wp-content\/uploads\/2024\/01\/AdobeStock_233382425-scaled.jpeg\",\"width\":2560,\"height\":1707,\"caption\":\"engineer working on robotics automation project\"},{\"@type\":\"BreadcrumbList\",\"@id\":\"https:\/\/xometry.eu\/fr\/education\/#breadcrumb\",\"itemListElement\":[{\"@type\":\"ListItem\",\"position\":1,\"name\":\"Home\",\"item\":\"https:\/\/xometry.eu\/fr\/\"},{\"@type\":\"ListItem\",\"position\":2,\"name\":\"Education Industry\"}]},{\"@type\":\"WebSite\",\"@id\":\"https:\/\/xometry.eu\/fr\/#website\",\"url\":\"https:\/\/xometry.eu\/fr\/\",\"name\":\"Xometry Europe\",\"description\":\"\",\"publisher\":{\"@id\":\"https:\/\/xometry.eu\/fr\/#organization\"},\"potentialAction\":[{\"@type\":\"SearchAction\",\"target\":{\"@type\":\"EntryPoint\",\"urlTemplate\":\"https:\/\/xometry.eu\/fr\/?s={search_term_string}\"},\"query-input\":{\"@type\":\"PropertyValueSpecification\",\"valueRequired\":true,\"valueName\":\"search_term_string\"}}],\"inLanguage\":\"fr-FR\"}]}<\/script>\n<!-- \/ Yoast SEO Premium plugin. -->","yoast_head_json":{"title":"Prototypes et pi\u00e8ces de production pour les \u00e9tudiants en ing\u00e9nierie et les universit\u00e9s | Xometry","description":"Innovez plus rapidement gr\u00e2ce \u00e0 un acc\u00e8s instantan\u00e9 aux grandes capacit\u00e9s de production, au r\u00e9seau et \u00e0 l'expertise de Xometry pour les \u00e9tudiants en ing\u00e9nierie et les universit\u00e9s.","robots":{"index":"index","follow":"follow","max-snippet":"max-snippet:-1","max-image-preview":"max-image-preview:large","max-video-preview":"max-video-preview:-1"},"canonical":"https:\/\/xometry.eu\/fr\/education\/","og_locale":"fr_FR","og_type":"article","og_title":"Education Industry","og_description":"Innovez plus rapidement gr\u00e2ce \u00e0 un acc\u00e8s instantan\u00e9 aux grandes capacit\u00e9s de production, au r\u00e9seau et \u00e0 l'expertise de Xometry pour les \u00e9tudiants en ing\u00e9nierie et les universit\u00e9s.","og_url":"https:\/\/xometry.eu\/fr\/education\/","og_site_name":"Xometry Europe","article_modified_time":"2026-03-06T13:14:36+00:00","og_image":[{"width":2560,"height":1707,"url":"https:\/\/xometry.eu\/wp-content\/uploads\/2024\/01\/AdobeStock_233382425-scaled.jpeg","type":"image\/jpeg"}],"twitter_card":"summary_large_image","schema":{"@context":"https:\/\/schema.org","@graph":[{"@type":"WebPage","@id":"https:\/\/xometry.eu\/fr\/education\/","url":"https:\/\/xometry.eu\/fr\/education\/","name":"Prototypes et pi\u00e8ces de production pour les \u00e9tudiants en ing\u00e9nierie et les universit\u00e9s | Xometry","isPartOf":{"@id":"https:\/\/xometry.eu\/fr\/#website"},"primaryImageOfPage":{"@id":"https:\/\/xometry.eu\/fr\/education\/#primaryimage"},"image":{"@id":"https:\/\/xometry.eu\/fr\/education\/#primaryimage"},"thumbnailUrl":"https:\/\/xometry.eu\/wp-content\/uploads\/2024\/01\/AdobeStock_233382425-scaled.jpeg","datePublished":"2024-01-30T09:31:44+00:00","dateModified":"2026-03-06T13:14:36+00:00","description":"Innovez plus rapidement gr\u00e2ce \u00e0 un acc\u00e8s instantan\u00e9 aux grandes capacit\u00e9s de production, au r\u00e9seau et \u00e0 l'expertise de Xometry pour les \u00e9tudiants en ing\u00e9nierie et les universit\u00e9s.","breadcrumb":{"@id":"https:\/\/xometry.eu\/fr\/education\/#breadcrumb"},"inLanguage":"fr-FR","potentialAction":[{"@type":"ReadAction","target":["https:\/\/xometry.eu\/fr\/education\/"]}]},{"@type":"ImageObject","inLanguage":"fr-FR","@id":"https:\/\/xometry.eu\/fr\/education\/#primaryimage","url":"https:\/\/xometry.eu\/wp-content\/uploads\/2024\/01\/AdobeStock_233382425-scaled.jpeg","contentUrl":"https:\/\/xometry.eu\/wp-content\/uploads\/2024\/01\/AdobeStock_233382425-scaled.jpeg","width":2560,"height":1707,"caption":"engineer working on robotics automation project"},{"@type":"BreadcrumbList","@id":"https:\/\/xometry.eu\/fr\/education\/#breadcrumb","itemListElement":[{"@type":"ListItem","position":1,"name":"Home","item":"https:\/\/xometry.eu\/fr\/"},{"@type":"ListItem","position":2,"name":"Education Industry"}]},{"@type":"WebSite","@id":"https:\/\/xometry.eu\/fr\/#website","url":"https:\/\/xometry.eu\/fr\/","name":"Xometry Europe","description":"","publisher":{"@id":"https:\/\/xometry.eu\/fr\/#organization"},"potentialAction":[{"@type":"SearchAction","target":{"@type":"EntryPoint","urlTemplate":"https:\/\/xometry.eu\/fr\/?s={search_term_string}"},"query-input":{"@type":"PropertyValueSpecification","valueRequired":true,"valueName":"search_term_string"}}],"inLanguage":"fr-FR"}]}},"_links":{"self":[{"href":"https:\/\/xometry.eu\/fr\/wp-json\/wp\/v2\/pages\/131979","targetHints":{"allow":["GET"]}}],"collection":[{"href":"https:\/\/xometry.eu\/fr\/wp-json\/wp\/v2\/pages"}],"about":[{"href":"https:\/\/xometry.eu\/fr\/wp-json\/wp\/v2\/types\/page"}],"author":[{"embeddable":true,"href":"https:\/\/xometry.eu\/fr\/wp-json\/wp\/v2\/users\/14"}],"replies":[{"embeddable":true,"href":"https:\/\/xometry.eu\/fr\/wp-json\/wp\/v2\/comments?post=131979"}],"version-history":[{"count":3,"href":"https:\/\/xometry.eu\/fr\/wp-json\/wp\/v2\/pages\/131979\/revisions"}],"predecessor-version":[{"id":171852,"href":"https:\/\/xometry.eu\/fr\/wp-json\/wp\/v2\/pages\/131979\/revisions\/171852"}],"wp:featuredmedia":[{"embeddable":true,"href":"https:\/\/xometry.eu\/fr\/wp-json\/wp\/v2\/media\/128569"}],"wp:attachment":[{"href":"https:\/\/xometry.eu\/fr\/wp-json\/wp\/v2\/media?parent=131979"}],"curies":[{"name":"wp","href":"https:\/\/api.w.org\/{rel}","templated":true}]}}