{"id":126948,"date":"2023-08-16T17:47:20","date_gmt":"2023-08-16T15:47:20","guid":{"rendered":"https:\/\/xometry.eu\/consumer-goods-industry\/"},"modified":"2026-03-06T15:07:39","modified_gmt":"2026-03-06T13:07:39","slug":"biens-de-consommation","status":"publish","type":"page","link":"https:\/\/xometry.eu\/fr\/biens-de-consommation\/","title":{"rendered":"Consumer Goods Industry"},"content":{"rendered":"","protected":false},"excerpt":{"rendered":"","protected":false},"author":14,"featured_media":115367,"parent":0,"menu_order":0,"comment_status":"closed","ping_status":"closed","template":"","meta":{"_acf_changed":false,"inline_featured_image":false,"footnotes":""},"class_list":["post-126948","page","type-page","status-publish","has-post-thumbnail","hentry"],"acf":[],"yoast_head":"<!-- This site is optimized with the Yoast SEO Premium plugin v20.5 (Yoast SEO v27.1.1) - https:\/\/yoast.com\/product\/yoast-seo-premium-wordpress\/ -->\n<title>Prototypes et pi\u00e8ces de production pour l&#039;industrie des biens de consommation | Xometry<\/title>\n<meta name=\"description\" content=\"Innovez plus rapidement en acc\u00e9dant instantan\u00e9ment aux grandes capacit\u00e9s de production, au r\u00e9seau et \u00e0 l&#039;expertise de Xometry dans l&#039;industrie des biens de consommation.\" \/>\n<meta name=\"robots\" content=\"index, follow, max-snippet:-1, max-image-preview:large, max-video-preview:-1\" \/>\n<link rel=\"canonical\" href=\"https:\/\/xometry.eu\/fr\/biens-de-consommation\/\" \/>\n<meta property=\"og:locale\" content=\"fr_FR\" \/>\n<meta property=\"og:type\" content=\"article\" \/>\n<meta property=\"og:title\" content=\"Consumer Goods Industry\" \/>\n<meta property=\"og:description\" content=\"Innovez plus rapidement en acc\u00e9dant instantan\u00e9ment aux grandes capacit\u00e9s de production, au r\u00e9seau et \u00e0 l&#039;expertise de Xometry dans l&#039;industrie des biens de consommation.\" \/>\n<meta property=\"og:url\" content=\"https:\/\/xometry.eu\/fr\/biens-de-consommation\/\" \/>\n<meta property=\"og:site_name\" content=\"Xometry Europe\" \/>\n<meta property=\"article:modified_time\" content=\"2026-03-06T13:07:39+00:00\" \/>\n<meta property=\"og:image\" content=\"https:\/\/xometry.eu\/wp-content\/uploads\/2023\/08\/Consumer-Goods-Industry-scaled.jpg\" \/>\n\t<meta property=\"og:image:width\" content=\"2560\" \/>\n\t<meta property=\"og:image:height\" content=\"1920\" \/>\n\t<meta property=\"og:image:type\" content=\"image\/jpeg\" \/>\n<meta name=\"twitter:card\" content=\"summary_large_image\" \/>\n<script type=\"application\/ld+json\" class=\"yoast-schema-graph\">{\"@context\":\"https:\/\/schema.org\",\"@graph\":[{\"@type\":\"WebPage\",\"@id\":\"https:\/\/xometry.eu\/fr\/biens-de-consommation\/\",\"url\":\"https:\/\/xometry.eu\/fr\/biens-de-consommation\/\",\"name\":\"Prototypes et pi\u00e8ces de production pour l'industrie des biens de consommation | Xometry\",\"isPartOf\":{\"@id\":\"https:\/\/xometry.eu\/fr\/#website\"},\"primaryImageOfPage\":{\"@id\":\"https:\/\/xometry.eu\/fr\/biens-de-consommation\/#primaryimage\"},\"image\":{\"@id\":\"https:\/\/xometry.eu\/fr\/biens-de-consommation\/#primaryimage\"},\"thumbnailUrl\":\"https:\/\/xometry.eu\/wp-content\/uploads\/2023\/08\/Consumer-Goods-Industry-scaled.jpg\",\"datePublished\":\"2023-08-16T15:47:20+00:00\",\"dateModified\":\"2026-03-06T13:07:39+00:00\",\"description\":\"Innovez plus rapidement en acc\u00e9dant instantan\u00e9ment aux grandes capacit\u00e9s de production, au r\u00e9seau et \u00e0 l'expertise de Xometry dans l'industrie des biens de consommation.\",\"breadcrumb\":{\"@id\":\"https:\/\/xometry.eu\/fr\/biens-de-consommation\/#breadcrumb\"},\"inLanguage\":\"fr-FR\",\"potentialAction\":[{\"@type\":\"ReadAction\",\"target\":[\"https:\/\/xometry.eu\/fr\/biens-de-consommation\/\"]}]},{\"@type\":\"ImageObject\",\"inLanguage\":\"fr-FR\",\"@id\":\"https:\/\/xometry.eu\/fr\/biens-de-consommation\/#primaryimage\",\"url\":\"https:\/\/xometry.eu\/wp-content\/uploads\/2023\/08\/Consumer-Goods-Industry-scaled.jpg\",\"contentUrl\":\"https:\/\/xometry.eu\/wp-content\/uploads\/2023\/08\/Consumer-Goods-Industry-scaled.jpg\",\"width\":2560,\"height\":1920,\"caption\":\"Group of home appliances and consumer electronics isolated on white background. 3D illustration.\"},{\"@type\":\"BreadcrumbList\",\"@id\":\"https:\/\/xometry.eu\/fr\/biens-de-consommation\/#breadcrumb\",\"itemListElement\":[{\"@type\":\"ListItem\",\"position\":1,\"name\":\"Home\",\"item\":\"https:\/\/xometry.eu\/fr\/\"},{\"@type\":\"ListItem\",\"position\":2,\"name\":\"Consumer Goods Industry\"}]},{\"@type\":\"WebSite\",\"@id\":\"https:\/\/xometry.eu\/fr\/#website\",\"url\":\"https:\/\/xometry.eu\/fr\/\",\"name\":\"Xometry Europe\",\"description\":\"\",\"publisher\":{\"@id\":\"https:\/\/xometry.eu\/fr\/#organization\"},\"potentialAction\":[{\"@type\":\"SearchAction\",\"target\":{\"@type\":\"EntryPoint\",\"urlTemplate\":\"https:\/\/xometry.eu\/fr\/?s={search_term_string}\"},\"query-input\":{\"@type\":\"PropertyValueSpecification\",\"valueRequired\":true,\"valueName\":\"search_term_string\"}}],\"inLanguage\":\"fr-FR\"}]}<\/script>\n<!-- \/ Yoast SEO Premium plugin. -->","yoast_head_json":{"title":"Prototypes et pi\u00e8ces de production pour l'industrie des biens de consommation | Xometry","description":"Innovez plus rapidement en acc\u00e9dant instantan\u00e9ment aux grandes capacit\u00e9s de production, au r\u00e9seau et \u00e0 l'expertise de Xometry dans l'industrie des biens de consommation.","robots":{"index":"index","follow":"follow","max-snippet":"max-snippet:-1","max-image-preview":"max-image-preview:large","max-video-preview":"max-video-preview:-1"},"canonical":"https:\/\/xometry.eu\/fr\/biens-de-consommation\/","og_locale":"fr_FR","og_type":"article","og_title":"Consumer Goods Industry","og_description":"Innovez plus rapidement en acc\u00e9dant instantan\u00e9ment aux grandes capacit\u00e9s de production, au r\u00e9seau et \u00e0 l'expertise de Xometry dans l'industrie des biens de consommation.","og_url":"https:\/\/xometry.eu\/fr\/biens-de-consommation\/","og_site_name":"Xometry Europe","article_modified_time":"2026-03-06T13:07:39+00:00","og_image":[{"width":2560,"height":1920,"url":"https:\/\/xometry.eu\/wp-content\/uploads\/2023\/08\/Consumer-Goods-Industry-scaled.jpg","type":"image\/jpeg"}],"twitter_card":"summary_large_image","schema":{"@context":"https:\/\/schema.org","@graph":[{"@type":"WebPage","@id":"https:\/\/xometry.eu\/fr\/biens-de-consommation\/","url":"https:\/\/xometry.eu\/fr\/biens-de-consommation\/","name":"Prototypes et pi\u00e8ces de production pour l'industrie des biens de consommation | Xometry","isPartOf":{"@id":"https:\/\/xometry.eu\/fr\/#website"},"primaryImageOfPage":{"@id":"https:\/\/xometry.eu\/fr\/biens-de-consommation\/#primaryimage"},"image":{"@id":"https:\/\/xometry.eu\/fr\/biens-de-consommation\/#primaryimage"},"thumbnailUrl":"https:\/\/xometry.eu\/wp-content\/uploads\/2023\/08\/Consumer-Goods-Industry-scaled.jpg","datePublished":"2023-08-16T15:47:20+00:00","dateModified":"2026-03-06T13:07:39+00:00","description":"Innovez plus rapidement en acc\u00e9dant instantan\u00e9ment aux grandes capacit\u00e9s de production, au r\u00e9seau et \u00e0 l'expertise de Xometry dans l'industrie des biens de consommation.","breadcrumb":{"@id":"https:\/\/xometry.eu\/fr\/biens-de-consommation\/#breadcrumb"},"inLanguage":"fr-FR","potentialAction":[{"@type":"ReadAction","target":["https:\/\/xometry.eu\/fr\/biens-de-consommation\/"]}]},{"@type":"ImageObject","inLanguage":"fr-FR","@id":"https:\/\/xometry.eu\/fr\/biens-de-consommation\/#primaryimage","url":"https:\/\/xometry.eu\/wp-content\/uploads\/2023\/08\/Consumer-Goods-Industry-scaled.jpg","contentUrl":"https:\/\/xometry.eu\/wp-content\/uploads\/2023\/08\/Consumer-Goods-Industry-scaled.jpg","width":2560,"height":1920,"caption":"Group of home appliances and consumer electronics isolated on white background. 3D illustration."},{"@type":"BreadcrumbList","@id":"https:\/\/xometry.eu\/fr\/biens-de-consommation\/#breadcrumb","itemListElement":[{"@type":"ListItem","position":1,"name":"Home","item":"https:\/\/xometry.eu\/fr\/"},{"@type":"ListItem","position":2,"name":"Consumer Goods Industry"}]},{"@type":"WebSite","@id":"https:\/\/xometry.eu\/fr\/#website","url":"https:\/\/xometry.eu\/fr\/","name":"Xometry Europe","description":"","publisher":{"@id":"https:\/\/xometry.eu\/fr\/#organization"},"potentialAction":[{"@type":"SearchAction","target":{"@type":"EntryPoint","urlTemplate":"https:\/\/xometry.eu\/fr\/?s={search_term_string}"},"query-input":{"@type":"PropertyValueSpecification","valueRequired":true,"valueName":"search_term_string"}}],"inLanguage":"fr-FR"}]}},"_links":{"self":[{"href":"https:\/\/xometry.eu\/fr\/wp-json\/wp\/v2\/pages\/126948","targetHints":{"allow":["GET"]}}],"collection":[{"href":"https:\/\/xometry.eu\/fr\/wp-json\/wp\/v2\/pages"}],"about":[{"href":"https:\/\/xometry.eu\/fr\/wp-json\/wp\/v2\/types\/page"}],"author":[{"embeddable":true,"href":"https:\/\/xometry.eu\/fr\/wp-json\/wp\/v2\/users\/14"}],"replies":[{"embeddable":true,"href":"https:\/\/xometry.eu\/fr\/wp-json\/wp\/v2\/comments?post=126948"}],"version-history":[{"count":3,"href":"https:\/\/xometry.eu\/fr\/wp-json\/wp\/v2\/pages\/126948\/revisions"}],"predecessor-version":[{"id":171847,"href":"https:\/\/xometry.eu\/fr\/wp-json\/wp\/v2\/pages\/126948\/revisions\/171847"}],"wp:featuredmedia":[{"embeddable":true,"href":"https:\/\/xometry.eu\/fr\/wp-json\/wp\/v2\/media\/115367"}],"wp:attachment":[{"href":"https:\/\/xometry.eu\/fr\/wp-json\/wp\/v2\/media?parent=126948"}],"curies":[{"name":"wp","href":"https:\/\/api.w.org\/{rel}","templated":true}]}}