{"id":80471,"date":"2021-04-30T09:47:55","date_gmt":"2021-04-30T09:47:55","guid":{"rendered":"https:\/\/xometry.eu\/polyjet-3d-printing\/"},"modified":"2026-02-05T15:58:03","modified_gmt":"2026-02-05T13:58:03","slug":"3d-tulostus-polyjet","status":"publish","type":"page","link":"https:\/\/xometry.eu\/fi\/3d-tulostus-polyjet\/","title":{"rendered":"Polyjet"},"content":{"rendered":"","protected":false},"excerpt":{"rendered":"","protected":false},"author":10,"featured_media":135127,"parent":0,"menu_order":0,"comment_status":"closed","ping_status":"closed","template":"","meta":{"_acf_changed":false,"inline_featured_image":false,"footnotes":""},"class_list":["post-80471","page","type-page","status-publish","has-post-thumbnail","hentry"],"acf":[],"yoast_head":"<!-- This site is optimized with the Yoast SEO Premium plugin v20.5 (Yoast SEO v27.3) - https:\/\/yoast.com\/product\/yoast-seo-premium-wordpress\/ -->\n<title>Polyjet 3D-tulostuspalvelu verkossa | Valmistus 7 p\u00e4iv\u00e4ss\u00e4<\/title>\n<meta name=\"description\" content=\"Ensiluokkainen Polyjet 3D-tulostuspalvelu: prototyypit ja osasarjat fotopolymeereist\u00e4. Lataa 3D-mallisi, niin saat tarjouksen v\u00e4litt\u00f6m\u00e4sti!\" \/>\n<meta name=\"robots\" content=\"index, follow, max-snippet:-1, max-image-preview:large, max-video-preview:-1\" \/>\n<link rel=\"canonical\" href=\"https:\/\/xometry.eu\/fi\/3d-tulostus-polyjet\/\" \/>\n<meta property=\"og:locale\" content=\"fi_FI\" \/>\n<meta property=\"og:type\" content=\"article\" \/>\n<meta property=\"og:title\" content=\"Polyjet\" \/>\n<meta property=\"og:description\" content=\"Ensiluokkainen Polyjet 3D-tulostuspalvelu: prototyypit ja osasarjat fotopolymeereist\u00e4. Lataa 3D-mallisi, niin saat tarjouksen v\u00e4litt\u00f6m\u00e4sti!\" \/>\n<meta property=\"og:url\" content=\"https:\/\/xometry.eu\/fi\/3d-tulostus-polyjet\/\" \/>\n<meta property=\"og:site_name\" content=\"Xometry Europe\" \/>\n<meta property=\"article:modified_time\" content=\"2026-02-05T13:58:03+00:00\" \/>\n<meta property=\"og:image\" content=\"http:\/\/xometry.eu\/wp-content\/uploads\/2023\/02\/FR-Polyjet-service-page-1440x738.jpg\" \/>\n<meta name=\"twitter:card\" content=\"summary_large_image\" \/>\n<script type=\"application\/ld+json\" class=\"yoast-schema-graph\">{\"@context\":\"https:\\\/\\\/schema.org\",\"@graph\":[{\"@type\":\"WebPage\",\"@id\":\"https:\\\/\\\/xometry.eu\\\/fi\\\/3d-tulostus-polyjet\\\/\",\"url\":\"https:\\\/\\\/xometry.eu\\\/fi\\\/3d-tulostus-polyjet\\\/\",\"name\":\"Polyjet 3D-tulostuspalvelu verkossa | Valmistus 7 p\u00e4iv\u00e4ss\u00e4\",\"isPartOf\":{\"@id\":\"https:\\\/\\\/xometry.eu\\\/fi\\\/#website\"},\"primaryImageOfPage\":{\"@id\":\"https:\\\/\\\/xometry.eu\\\/fi\\\/3d-tulostus-polyjet\\\/#primaryimage\"},\"image\":{\"@id\":\"https:\\\/\\\/xometry.eu\\\/fi\\\/3d-tulostus-polyjet\\\/#primaryimage\"},\"thumbnailUrl\":\"https:\\\/\\\/xometry.eu\\\/wp-content\\\/uploads\\\/2024\\\/02\\\/FI-Polyjet-service-page.jpg\",\"datePublished\":\"2021-04-30T09:47:55+00:00\",\"dateModified\":\"2026-02-05T13:58:03+00:00\",\"description\":\"Ensiluokkainen Polyjet 3D-tulostuspalvelu: prototyypit ja osasarjat fotopolymeereist\u00e4. Lataa 3D-mallisi, niin saat tarjouksen v\u00e4litt\u00f6m\u00e4sti!\",\"breadcrumb\":{\"@id\":\"https:\\\/\\\/xometry.eu\\\/fi\\\/3d-tulostus-polyjet\\\/#breadcrumb\"},\"inLanguage\":\"fi\",\"potentialAction\":[{\"@type\":\"ReadAction\",\"target\":[\"https:\\\/\\\/xometry.eu\\\/fi\\\/3d-tulostus-polyjet\\\/\"]}]},{\"@type\":\"ImageObject\",\"inLanguage\":\"fi\",\"@id\":\"https:\\\/\\\/xometry.eu\\\/fi\\\/3d-tulostus-polyjet\\\/#primaryimage\",\"url\":\"https:\\\/\\\/xometry.eu\\\/wp-content\\\/uploads\\\/2024\\\/02\\\/FI-Polyjet-service-page.jpg\",\"contentUrl\":\"https:\\\/\\\/xometry.eu\\\/wp-content\\\/uploads\\\/2024\\\/02\\\/FI-Polyjet-service-page.jpg\",\"width\":2400,\"height\":1230},{\"@type\":\"BreadcrumbList\",\"@id\":\"https:\\\/\\\/xometry.eu\\\/fi\\\/3d-tulostus-polyjet\\\/#breadcrumb\",\"itemListElement\":[{\"@type\":\"ListItem\",\"position\":1,\"name\":\"Home\",\"item\":\"https:\\\/\\\/xometry.eu\\\/fi\\\/\"},{\"@type\":\"ListItem\",\"position\":2,\"name\":\"Polyjet\"}]},{\"@type\":\"WebSite\",\"@id\":\"https:\\\/\\\/xometry.eu\\\/fi\\\/#website\",\"url\":\"https:\\\/\\\/xometry.eu\\\/fi\\\/\",\"name\":\"Xometry Europe\",\"description\":\"\",\"publisher\":{\"@id\":\"https:\\\/\\\/xometry.eu\\\/fi\\\/#organization\"},\"potentialAction\":[{\"@type\":\"SearchAction\",\"target\":{\"@type\":\"EntryPoint\",\"urlTemplate\":\"https:\\\/\\\/xometry.eu\\\/fi\\\/?s={search_term_string}\"},\"query-input\":{\"@type\":\"PropertyValueSpecification\",\"valueRequired\":true,\"valueName\":\"search_term_string\"}}],\"inLanguage\":\"fi\"}]}<\/script>\n<!-- \/ Yoast SEO Premium plugin. -->","yoast_head_json":{"title":"Polyjet 3D-tulostuspalvelu verkossa | Valmistus 7 p\u00e4iv\u00e4ss\u00e4","description":"Ensiluokkainen Polyjet 3D-tulostuspalvelu: prototyypit ja osasarjat fotopolymeereist\u00e4. Lataa 3D-mallisi, niin saat tarjouksen v\u00e4litt\u00f6m\u00e4sti!","robots":{"index":"index","follow":"follow","max-snippet":"max-snippet:-1","max-image-preview":"max-image-preview:large","max-video-preview":"max-video-preview:-1"},"canonical":"https:\/\/xometry.eu\/fi\/3d-tulostus-polyjet\/","og_locale":"fi_FI","og_type":"article","og_title":"Polyjet","og_description":"Ensiluokkainen Polyjet 3D-tulostuspalvelu: prototyypit ja osasarjat fotopolymeereist\u00e4. Lataa 3D-mallisi, niin saat tarjouksen v\u00e4litt\u00f6m\u00e4sti!","og_url":"https:\/\/xometry.eu\/fi\/3d-tulostus-polyjet\/","og_site_name":"Xometry Europe","article_modified_time":"2026-02-05T13:58:03+00:00","og_image":[{"url":"http:\/\/xometry.eu\/wp-content\/uploads\/2023\/02\/FR-Polyjet-service-page-1440x738.jpg","type":"","width":"","height":""}],"twitter_card":"summary_large_image","schema":{"@context":"https:\/\/schema.org","@graph":[{"@type":"WebPage","@id":"https:\/\/xometry.eu\/fi\/3d-tulostus-polyjet\/","url":"https:\/\/xometry.eu\/fi\/3d-tulostus-polyjet\/","name":"Polyjet 3D-tulostuspalvelu verkossa | Valmistus 7 p\u00e4iv\u00e4ss\u00e4","isPartOf":{"@id":"https:\/\/xometry.eu\/fi\/#website"},"primaryImageOfPage":{"@id":"https:\/\/xometry.eu\/fi\/3d-tulostus-polyjet\/#primaryimage"},"image":{"@id":"https:\/\/xometry.eu\/fi\/3d-tulostus-polyjet\/#primaryimage"},"thumbnailUrl":"https:\/\/xometry.eu\/wp-content\/uploads\/2024\/02\/FI-Polyjet-service-page.jpg","datePublished":"2021-04-30T09:47:55+00:00","dateModified":"2026-02-05T13:58:03+00:00","description":"Ensiluokkainen Polyjet 3D-tulostuspalvelu: prototyypit ja osasarjat fotopolymeereist\u00e4. Lataa 3D-mallisi, niin saat tarjouksen v\u00e4litt\u00f6m\u00e4sti!","breadcrumb":{"@id":"https:\/\/xometry.eu\/fi\/3d-tulostus-polyjet\/#breadcrumb"},"inLanguage":"fi","potentialAction":[{"@type":"ReadAction","target":["https:\/\/xometry.eu\/fi\/3d-tulostus-polyjet\/"]}]},{"@type":"ImageObject","inLanguage":"fi","@id":"https:\/\/xometry.eu\/fi\/3d-tulostus-polyjet\/#primaryimage","url":"https:\/\/xometry.eu\/wp-content\/uploads\/2024\/02\/FI-Polyjet-service-page.jpg","contentUrl":"https:\/\/xometry.eu\/wp-content\/uploads\/2024\/02\/FI-Polyjet-service-page.jpg","width":2400,"height":1230},{"@type":"BreadcrumbList","@id":"https:\/\/xometry.eu\/fi\/3d-tulostus-polyjet\/#breadcrumb","itemListElement":[{"@type":"ListItem","position":1,"name":"Home","item":"https:\/\/xometry.eu\/fi\/"},{"@type":"ListItem","position":2,"name":"Polyjet"}]},{"@type":"WebSite","@id":"https:\/\/xometry.eu\/fi\/#website","url":"https:\/\/xometry.eu\/fi\/","name":"Xometry Europe","description":"","publisher":{"@id":"https:\/\/xometry.eu\/fi\/#organization"},"potentialAction":[{"@type":"SearchAction","target":{"@type":"EntryPoint","urlTemplate":"https:\/\/xometry.eu\/fi\/?s={search_term_string}"},"query-input":{"@type":"PropertyValueSpecification","valueRequired":true,"valueName":"search_term_string"}}],"inLanguage":"fi"}]}},"_links":{"self":[{"href":"https:\/\/xometry.eu\/fi\/wp-json\/wp\/v2\/pages\/80471","targetHints":{"allow":["GET"]}}],"collection":[{"href":"https:\/\/xometry.eu\/fi\/wp-json\/wp\/v2\/pages"}],"about":[{"href":"https:\/\/xometry.eu\/fi\/wp-json\/wp\/v2\/types\/page"}],"author":[{"embeddable":true,"href":"https:\/\/xometry.eu\/fi\/wp-json\/wp\/v2\/users\/10"}],"replies":[{"embeddable":true,"href":"https:\/\/xometry.eu\/fi\/wp-json\/wp\/v2\/comments?post=80471"}],"version-history":[{"count":0,"href":"https:\/\/xometry.eu\/fi\/wp-json\/wp\/v2\/pages\/80471\/revisions"}],"wp:featuredmedia":[{"embeddable":true,"href":"https:\/\/xometry.eu\/fi\/wp-json\/wp\/v2\/media\/135127"}],"wp:attachment":[{"href":"https:\/\/xometry.eu\/fi\/wp-json\/wp\/v2\/media?parent=80471"}],"curies":[{"name":"wp","href":"https:\/\/api.w.org\/{rel}","templated":true}]}}