{"id":80450,"date":"2020-08-19T09:35:51","date_gmt":"2020-08-19T09:35:51","guid":{"rendered":"https:\/\/xometry.eu\/machine-learning-for-manufacturing\/"},"modified":"2025-02-20T15:56:37","modified_gmt":"2025-02-20T13:56:37","slug":"valmistusta-koneoppimisen-avulla","status":"publish","type":"page","link":"https:\/\/xometry.eu\/fi\/valmistusta-koneoppimisen-avulla\/","title":{"rendered":"Valmistusta koneoppimisen avulla"},"content":{"rendered":"","protected":false},"excerpt":{"rendered":"","protected":false},"author":2,"featured_media":0,"parent":0,"menu_order":0,"comment_status":"closed","ping_status":"closed","template":"","meta":{"_acf_changed":false,"inline_featured_image":false,"footnotes":""},"class_list":["post-80450","page","type-page","status-publish","hentry"],"acf":[],"yoast_head":"<!-- This site is optimized with the Yoast SEO Premium plugin v20.5 (Yoast SEO v27.3) - https:\/\/yoast.com\/product\/yoast-seo-premium-wordpress\/ -->\n<title>Valmistusta koneoppimisen avulla | Xometry Europe<\/title>\n<meta name=\"description\" content=\"Xometry Europe mullistaa sopimusvalmistuksen hy\u00f6dynt\u00e4m\u00e4ll\u00e4 syv\u00e4oppimista Instant Quoting Engine -moottorinsa ansiosta.\" \/>\n<meta name=\"robots\" content=\"index, follow, max-snippet:-1, max-image-preview:large, max-video-preview:-1\" \/>\n<link rel=\"canonical\" href=\"https:\/\/xometry.eu\/fi\/valmistusta-koneoppimisen-avulla\/\" \/>\n<meta property=\"og:locale\" content=\"fi_FI\" \/>\n<meta property=\"og:type\" content=\"article\" \/>\n<meta property=\"og:title\" content=\"Valmistusta koneoppimisen avulla\" \/>\n<meta property=\"og:description\" content=\"Xometry Europe mullistaa sopimusvalmistuksen hy\u00f6dynt\u00e4m\u00e4ll\u00e4 syv\u00e4oppimista Instant Quoting Engine -moottorinsa ansiosta.\" \/>\n<meta property=\"og:url\" content=\"https:\/\/xometry.eu\/fi\/valmistusta-koneoppimisen-avulla\/\" \/>\n<meta property=\"og:site_name\" content=\"Xometry Europe\" \/>\n<meta property=\"article:modified_time\" content=\"2025-02-20T13:56:37+00:00\" \/>\n<meta name=\"twitter:card\" content=\"summary_large_image\" \/>\n<script type=\"application\/ld+json\" class=\"yoast-schema-graph\">{\"@context\":\"https:\\\/\\\/schema.org\",\"@graph\":[{\"@type\":\"WebPage\",\"@id\":\"https:\\\/\\\/xometry.eu\\\/fi\\\/valmistusta-koneoppimisen-avulla\\\/\",\"url\":\"https:\\\/\\\/xometry.eu\\\/fi\\\/valmistusta-koneoppimisen-avulla\\\/\",\"name\":\"Valmistusta koneoppimisen avulla | Xometry Europe\",\"isPartOf\":{\"@id\":\"https:\\\/\\\/xometry.eu\\\/fi\\\/#website\"},\"datePublished\":\"2020-08-19T09:35:51+00:00\",\"dateModified\":\"2025-02-20T13:56:37+00:00\",\"description\":\"Xometry Europe mullistaa sopimusvalmistuksen hy\u00f6dynt\u00e4m\u00e4ll\u00e4 syv\u00e4oppimista Instant Quoting Engine -moottorinsa ansiosta.\",\"breadcrumb\":{\"@id\":\"https:\\\/\\\/xometry.eu\\\/fi\\\/valmistusta-koneoppimisen-avulla\\\/#breadcrumb\"},\"inLanguage\":\"fi\",\"potentialAction\":[{\"@type\":\"ReadAction\",\"target\":[\"https:\\\/\\\/xometry.eu\\\/fi\\\/valmistusta-koneoppimisen-avulla\\\/\"]}]},{\"@type\":\"BreadcrumbList\",\"@id\":\"https:\\\/\\\/xometry.eu\\\/fi\\\/valmistusta-koneoppimisen-avulla\\\/#breadcrumb\",\"itemListElement\":[{\"@type\":\"ListItem\",\"position\":1,\"name\":\"Home\",\"item\":\"https:\\\/\\\/xometry.eu\\\/fi\\\/\"},{\"@type\":\"ListItem\",\"position\":2,\"name\":\"Valmistusta koneoppimisen avulla\"}]},{\"@type\":\"WebSite\",\"@id\":\"https:\\\/\\\/xometry.eu\\\/fi\\\/#website\",\"url\":\"https:\\\/\\\/xometry.eu\\\/fi\\\/\",\"name\":\"Xometry Europe\",\"description\":\"\",\"publisher\":{\"@id\":\"https:\\\/\\\/xometry.eu\\\/fi\\\/#organization\"},\"potentialAction\":[{\"@type\":\"SearchAction\",\"target\":{\"@type\":\"EntryPoint\",\"urlTemplate\":\"https:\\\/\\\/xometry.eu\\\/fi\\\/?s={search_term_string}\"},\"query-input\":{\"@type\":\"PropertyValueSpecification\",\"valueRequired\":true,\"valueName\":\"search_term_string\"}}],\"inLanguage\":\"fi\"}]}<\/script>\n<!-- \/ Yoast SEO Premium plugin. -->","yoast_head_json":{"title":"Valmistusta koneoppimisen avulla | Xometry Europe","description":"Xometry Europe mullistaa sopimusvalmistuksen hy\u00f6dynt\u00e4m\u00e4ll\u00e4 syv\u00e4oppimista Instant Quoting Engine -moottorinsa ansiosta.","robots":{"index":"index","follow":"follow","max-snippet":"max-snippet:-1","max-image-preview":"max-image-preview:large","max-video-preview":"max-video-preview:-1"},"canonical":"https:\/\/xometry.eu\/fi\/valmistusta-koneoppimisen-avulla\/","og_locale":"fi_FI","og_type":"article","og_title":"Valmistusta koneoppimisen avulla","og_description":"Xometry Europe mullistaa sopimusvalmistuksen hy\u00f6dynt\u00e4m\u00e4ll\u00e4 syv\u00e4oppimista Instant Quoting Engine -moottorinsa ansiosta.","og_url":"https:\/\/xometry.eu\/fi\/valmistusta-koneoppimisen-avulla\/","og_site_name":"Xometry Europe","article_modified_time":"2025-02-20T13:56:37+00:00","twitter_card":"summary_large_image","schema":{"@context":"https:\/\/schema.org","@graph":[{"@type":"WebPage","@id":"https:\/\/xometry.eu\/fi\/valmistusta-koneoppimisen-avulla\/","url":"https:\/\/xometry.eu\/fi\/valmistusta-koneoppimisen-avulla\/","name":"Valmistusta koneoppimisen avulla | Xometry Europe","isPartOf":{"@id":"https:\/\/xometry.eu\/fi\/#website"},"datePublished":"2020-08-19T09:35:51+00:00","dateModified":"2025-02-20T13:56:37+00:00","description":"Xometry Europe mullistaa sopimusvalmistuksen hy\u00f6dynt\u00e4m\u00e4ll\u00e4 syv\u00e4oppimista Instant Quoting Engine -moottorinsa ansiosta.","breadcrumb":{"@id":"https:\/\/xometry.eu\/fi\/valmistusta-koneoppimisen-avulla\/#breadcrumb"},"inLanguage":"fi","potentialAction":[{"@type":"ReadAction","target":["https:\/\/xometry.eu\/fi\/valmistusta-koneoppimisen-avulla\/"]}]},{"@type":"BreadcrumbList","@id":"https:\/\/xometry.eu\/fi\/valmistusta-koneoppimisen-avulla\/#breadcrumb","itemListElement":[{"@type":"ListItem","position":1,"name":"Home","item":"https:\/\/xometry.eu\/fi\/"},{"@type":"ListItem","position":2,"name":"Valmistusta koneoppimisen avulla"}]},{"@type":"WebSite","@id":"https:\/\/xometry.eu\/fi\/#website","url":"https:\/\/xometry.eu\/fi\/","name":"Xometry Europe","description":"","publisher":{"@id":"https:\/\/xometry.eu\/fi\/#organization"},"potentialAction":[{"@type":"SearchAction","target":{"@type":"EntryPoint","urlTemplate":"https:\/\/xometry.eu\/fi\/?s={search_term_string}"},"query-input":{"@type":"PropertyValueSpecification","valueRequired":true,"valueName":"search_term_string"}}],"inLanguage":"fi"}]}},"_links":{"self":[{"href":"https:\/\/xometry.eu\/fi\/wp-json\/wp\/v2\/pages\/80450","targetHints":{"allow":["GET"]}}],"collection":[{"href":"https:\/\/xometry.eu\/fi\/wp-json\/wp\/v2\/pages"}],"about":[{"href":"https:\/\/xometry.eu\/fi\/wp-json\/wp\/v2\/types\/page"}],"author":[{"embeddable":true,"href":"https:\/\/xometry.eu\/fi\/wp-json\/wp\/v2\/users\/2"}],"replies":[{"embeddable":true,"href":"https:\/\/xometry.eu\/fi\/wp-json\/wp\/v2\/comments?post=80450"}],"version-history":[{"count":0,"href":"https:\/\/xometry.eu\/fi\/wp-json\/wp\/v2\/pages\/80450\/revisions"}],"wp:attachment":[{"href":"https:\/\/xometry.eu\/fi\/wp-json\/wp\/v2\/media?parent=80450"}],"curies":[{"name":"wp","href":"https:\/\/api.w.org\/{rel}","templated":true}]}}