{"id":80429,"date":"2020-08-17T08:27:08","date_gmt":"2020-08-17T08:27:08","guid":{"rendered":"https:\/\/xometry.eu\/direct-metal-laser-sintering\/"},"modified":"2026-02-03T15:34:57","modified_gmt":"2026-02-03T13:34:57","slug":"3d-tulostus-dmls","status":"publish","type":"page","link":"https:\/\/xometry.eu\/fi\/3d-tulostus-dmls\/","title":{"rendered":"Suora metallin lasersintraus (DMLS)"},"content":{"rendered":"","protected":false},"excerpt":{"rendered":"","protected":false},"author":2,"featured_media":135083,"parent":0,"menu_order":0,"comment_status":"closed","ping_status":"closed","template":"","meta":{"_acf_changed":false,"inline_featured_image":false,"footnotes":""},"class_list":["post-80429","page","type-page","status-publish","has-post-thumbnail","hentry"],"acf":[],"yoast_head":"<!-- This site is optimized with the Yoast SEO Premium plugin v20.5 (Yoast SEO v27.1.1) - https:\/\/yoast.com\/product\/yoast-seo-premium-wordpress\/ -->\n<title>Metalli 3D-tulostuspalvelut verkossa (DMLS)<\/title>\n<meta name=\"description\" content=\"Ensiluokkainen DMLS 3D-tulostuspalvelu: metalliosien prototyypit ja sarjavalmistus. Lataa 3D-mallisi, niin saat tarjouksen v\u00e4litt\u00f6m\u00e4sti!\" \/>\n<meta name=\"robots\" content=\"index, follow, max-snippet:-1, max-image-preview:large, max-video-preview:-1\" \/>\n<link rel=\"canonical\" href=\"https:\/\/xometry.eu\/fi\/3d-tulostus-dmls\/\" \/>\n<meta property=\"og:locale\" content=\"fi_FI\" \/>\n<meta property=\"og:type\" content=\"article\" \/>\n<meta property=\"og:title\" content=\"Suora metallin lasersintraus (DMLS)\" \/>\n<meta property=\"og:description\" content=\"Ensiluokkainen DMLS 3D-tulostuspalvelu: metalliosien prototyypit ja sarjavalmistus. Lataa 3D-mallisi, niin saat tarjouksen v\u00e4litt\u00f6m\u00e4sti!\" \/>\n<meta property=\"og:url\" content=\"https:\/\/xometry.eu\/fi\/3d-tulostus-dmls\/\" \/>\n<meta property=\"og:site_name\" content=\"Xometry Europe\" \/>\n<meta property=\"article:modified_time\" content=\"2026-02-03T13:34:57+00:00\" \/>\n<meta property=\"og:image\" content=\"https:\/\/xometry.eu\/wp-content\/uploads\/2020\/09\/dmls-3d-printing-services-1.jpg\" \/>\n\t<meta property=\"og:image:width\" content=\"1200\" \/>\n\t<meta property=\"og:image:height\" content=\"630\" \/>\n\t<meta property=\"og:image:type\" content=\"image\/jpeg\" \/>\n<meta name=\"twitter:card\" content=\"summary_large_image\" \/>\n<meta name=\"twitter:image\" content=\"https:\/\/xometry.eu\/wp-content\/uploads\/2020\/09\/dmls-3d-printing-services-\u043a\u043e\u043f\u0438\u044f.jpg\" \/>\n<script type=\"application\/ld+json\" class=\"yoast-schema-graph\">{\"@context\":\"https:\/\/schema.org\",\"@graph\":[{\"@type\":\"WebPage\",\"@id\":\"https:\/\/xometry.eu\/fi\/3d-tulostus-dmls\/\",\"url\":\"https:\/\/xometry.eu\/fi\/3d-tulostus-dmls\/\",\"name\":\"Metalli 3D-tulostuspalvelut verkossa (DMLS)\",\"isPartOf\":{\"@id\":\"https:\/\/xometry.eu\/fi\/#website\"},\"primaryImageOfPage\":{\"@id\":\"https:\/\/xometry.eu\/fi\/3d-tulostus-dmls\/#primaryimage\"},\"image\":{\"@id\":\"https:\/\/xometry.eu\/fi\/3d-tulostus-dmls\/#primaryimage\"},\"thumbnailUrl\":\"https:\/\/xometry.eu\/wp-content\/uploads\/2024\/02\/FI-DMLS-service-page.jpg\",\"datePublished\":\"2020-08-17T08:27:08+00:00\",\"dateModified\":\"2026-02-03T13:34:57+00:00\",\"description\":\"Ensiluokkainen DMLS 3D-tulostuspalvelu: metalliosien prototyypit ja sarjavalmistus. Lataa 3D-mallisi, niin saat tarjouksen v\u00e4litt\u00f6m\u00e4sti!\",\"breadcrumb\":{\"@id\":\"https:\/\/xometry.eu\/fi\/3d-tulostus-dmls\/#breadcrumb\"},\"inLanguage\":\"fi\",\"potentialAction\":[{\"@type\":\"ReadAction\",\"target\":[\"https:\/\/xometry.eu\/fi\/3d-tulostus-dmls\/\"]}]},{\"@type\":\"ImageObject\",\"inLanguage\":\"fi\",\"@id\":\"https:\/\/xometry.eu\/fi\/3d-tulostus-dmls\/#primaryimage\",\"url\":\"https:\/\/xometry.eu\/wp-content\/uploads\/2024\/02\/FI-DMLS-service-page.jpg\",\"contentUrl\":\"https:\/\/xometry.eu\/wp-content\/uploads\/2024\/02\/FI-DMLS-service-page.jpg\",\"width\":2400,\"height\":1230},{\"@type\":\"BreadcrumbList\",\"@id\":\"https:\/\/xometry.eu\/fi\/3d-tulostus-dmls\/#breadcrumb\",\"itemListElement\":[{\"@type\":\"ListItem\",\"position\":1,\"name\":\"Home\",\"item\":\"https:\/\/xometry.eu\/fi\/\"},{\"@type\":\"ListItem\",\"position\":2,\"name\":\"Suora metallin lasersintraus (DMLS)\"}]},{\"@type\":\"WebSite\",\"@id\":\"https:\/\/xometry.eu\/fi\/#website\",\"url\":\"https:\/\/xometry.eu\/fi\/\",\"name\":\"Xometry Europe\",\"description\":\"\",\"publisher\":{\"@id\":\"https:\/\/xometry.eu\/fi\/#organization\"},\"potentialAction\":[{\"@type\":\"SearchAction\",\"target\":{\"@type\":\"EntryPoint\",\"urlTemplate\":\"https:\/\/xometry.eu\/fi\/?s={search_term_string}\"},\"query-input\":{\"@type\":\"PropertyValueSpecification\",\"valueRequired\":true,\"valueName\":\"search_term_string\"}}],\"inLanguage\":\"fi\"}]}<\/script>\n<!-- \/ Yoast SEO Premium plugin. -->","yoast_head_json":{"title":"Metalli 3D-tulostuspalvelut verkossa (DMLS)","description":"Ensiluokkainen DMLS 3D-tulostuspalvelu: metalliosien prototyypit ja sarjavalmistus. Lataa 3D-mallisi, niin saat tarjouksen v\u00e4litt\u00f6m\u00e4sti!","robots":{"index":"index","follow":"follow","max-snippet":"max-snippet:-1","max-image-preview":"max-image-preview:large","max-video-preview":"max-video-preview:-1"},"canonical":"https:\/\/xometry.eu\/fi\/3d-tulostus-dmls\/","og_locale":"fi_FI","og_type":"article","og_title":"Suora metallin lasersintraus (DMLS)","og_description":"Ensiluokkainen DMLS 3D-tulostuspalvelu: metalliosien prototyypit ja sarjavalmistus. Lataa 3D-mallisi, niin saat tarjouksen v\u00e4litt\u00f6m\u00e4sti!","og_url":"https:\/\/xometry.eu\/fi\/3d-tulostus-dmls\/","og_site_name":"Xometry Europe","article_modified_time":"2026-02-03T13:34:57+00:00","og_image":[{"width":1200,"height":630,"url":"https:\/\/xometry.eu\/wp-content\/uploads\/2020\/09\/dmls-3d-printing-services-1.jpg","type":"image\/jpeg"}],"twitter_card":"summary_large_image","twitter_image":"https:\/\/xometry.eu\/wp-content\/uploads\/2020\/09\/dmls-3d-printing-services-\u043a\u043e\u043f\u0438\u044f.jpg","schema":{"@context":"https:\/\/schema.org","@graph":[{"@type":"WebPage","@id":"https:\/\/xometry.eu\/fi\/3d-tulostus-dmls\/","url":"https:\/\/xometry.eu\/fi\/3d-tulostus-dmls\/","name":"Metalli 3D-tulostuspalvelut verkossa (DMLS)","isPartOf":{"@id":"https:\/\/xometry.eu\/fi\/#website"},"primaryImageOfPage":{"@id":"https:\/\/xometry.eu\/fi\/3d-tulostus-dmls\/#primaryimage"},"image":{"@id":"https:\/\/xometry.eu\/fi\/3d-tulostus-dmls\/#primaryimage"},"thumbnailUrl":"https:\/\/xometry.eu\/wp-content\/uploads\/2024\/02\/FI-DMLS-service-page.jpg","datePublished":"2020-08-17T08:27:08+00:00","dateModified":"2026-02-03T13:34:57+00:00","description":"Ensiluokkainen DMLS 3D-tulostuspalvelu: metalliosien prototyypit ja sarjavalmistus. Lataa 3D-mallisi, niin saat tarjouksen v\u00e4litt\u00f6m\u00e4sti!","breadcrumb":{"@id":"https:\/\/xometry.eu\/fi\/3d-tulostus-dmls\/#breadcrumb"},"inLanguage":"fi","potentialAction":[{"@type":"ReadAction","target":["https:\/\/xometry.eu\/fi\/3d-tulostus-dmls\/"]}]},{"@type":"ImageObject","inLanguage":"fi","@id":"https:\/\/xometry.eu\/fi\/3d-tulostus-dmls\/#primaryimage","url":"https:\/\/xometry.eu\/wp-content\/uploads\/2024\/02\/FI-DMLS-service-page.jpg","contentUrl":"https:\/\/xometry.eu\/wp-content\/uploads\/2024\/02\/FI-DMLS-service-page.jpg","width":2400,"height":1230},{"@type":"BreadcrumbList","@id":"https:\/\/xometry.eu\/fi\/3d-tulostus-dmls\/#breadcrumb","itemListElement":[{"@type":"ListItem","position":1,"name":"Home","item":"https:\/\/xometry.eu\/fi\/"},{"@type":"ListItem","position":2,"name":"Suora metallin lasersintraus (DMLS)"}]},{"@type":"WebSite","@id":"https:\/\/xometry.eu\/fi\/#website","url":"https:\/\/xometry.eu\/fi\/","name":"Xometry Europe","description":"","publisher":{"@id":"https:\/\/xometry.eu\/fi\/#organization"},"potentialAction":[{"@type":"SearchAction","target":{"@type":"EntryPoint","urlTemplate":"https:\/\/xometry.eu\/fi\/?s={search_term_string}"},"query-input":{"@type":"PropertyValueSpecification","valueRequired":true,"valueName":"search_term_string"}}],"inLanguage":"fi"}]}},"_links":{"self":[{"href":"https:\/\/xometry.eu\/fi\/wp-json\/wp\/v2\/pages\/80429","targetHints":{"allow":["GET"]}}],"collection":[{"href":"https:\/\/xometry.eu\/fi\/wp-json\/wp\/v2\/pages"}],"about":[{"href":"https:\/\/xometry.eu\/fi\/wp-json\/wp\/v2\/types\/page"}],"author":[{"embeddable":true,"href":"https:\/\/xometry.eu\/fi\/wp-json\/wp\/v2\/users\/2"}],"replies":[{"embeddable":true,"href":"https:\/\/xometry.eu\/fi\/wp-json\/wp\/v2\/comments?post=80429"}],"version-history":[{"count":3,"href":"https:\/\/xometry.eu\/fi\/wp-json\/wp\/v2\/pages\/80429\/revisions"}],"predecessor-version":[{"id":169724,"href":"https:\/\/xometry.eu\/fi\/wp-json\/wp\/v2\/pages\/80429\/revisions\/169724"}],"wp:featuredmedia":[{"embeddable":true,"href":"https:\/\/xometry.eu\/fi\/wp-json\/wp\/v2\/media\/135083"}],"wp:attachment":[{"href":"https:\/\/xometry.eu\/fi\/wp-json\/wp\/v2\/media?parent=80429"}],"curies":[{"name":"wp","href":"https:\/\/api.w.org\/{rel}","templated":true}]}}