{"id":80312,"date":"2020-06-18T13:21:30","date_gmt":"2020-06-18T13:21:30","guid":{"rendered":"https:\/\/xometry.eu\/mjf-3d-printing\/"},"modified":"2026-02-04T11:01:36","modified_gmt":"2026-02-04T09:01:36","slug":"3d-tulostus-mjf","status":"publish","type":"page","link":"https:\/\/xometry.eu\/fi\/3d-tulostus-mjf\/","title":{"rendered":"HP Multi Jet Fusion (MJF)"},"content":{"rendered":"","protected":false},"excerpt":{"rendered":"","protected":false},"author":2,"featured_media":134995,"parent":0,"menu_order":0,"comment_status":"closed","ping_status":"closed","template":"","meta":{"_acf_changed":false,"inline_featured_image":false,"footnotes":""},"class_list":["post-80312","page","type-page","status-publish","has-post-thumbnail","hentry"],"acf":[],"yoast_head":"<!-- This site is optimized with the Yoast SEO Premium plugin v20.5 (Yoast SEO v27.3) - https:\/\/yoast.com\/product\/yoast-seo-premium-wordpress\/ -->\n<title>HP MJF 3D-tulostuspalvelut verkossa | Valmistus 3 p\u00e4iv\u00e4ss\u00e4n<\/title>\n<meta name=\"description\" content=\"Ensiluokkainen HP Multi Jet Fusion (MJF) 3D-tulostuspalvelu: prototyypit ja sarjavalmistus. Lataa 3D-mallisi, niin saat tarjouksen v\u00e4litt\u00f6m\u00e4sti!\" \/>\n<meta name=\"robots\" content=\"index, follow, max-snippet:-1, max-image-preview:large, max-video-preview:-1\" \/>\n<link rel=\"canonical\" href=\"https:\/\/xometry.eu\/fi\/3d-tulostus-mjf\/\" \/>\n<meta property=\"og:locale\" content=\"fi_FI\" \/>\n<meta property=\"og:type\" content=\"article\" \/>\n<meta property=\"og:title\" content=\"HP Multi Jet Fusion (MJF)\" \/>\n<meta property=\"og:description\" content=\"Ensiluokkainen HP Multi Jet Fusion (MJF) 3D-tulostuspalvelu: prototyypit ja sarjavalmistus. Lataa 3D-mallisi, niin saat tarjouksen v\u00e4litt\u00f6m\u00e4sti!\" \/>\n<meta property=\"og:url\" content=\"https:\/\/xometry.eu\/fi\/3d-tulostus-mjf\/\" \/>\n<meta property=\"og:site_name\" content=\"Xometry Europe\" \/>\n<meta property=\"article:modified_time\" content=\"2026-02-04T09:01:36+00:00\" \/>\n<meta property=\"og:image\" content=\"https:\/\/xometry.eu\/wp-content\/uploads\/2020\/08\/hp-mjf-3d-printing-services.jpg\" \/>\n\t<meta property=\"og:image:width\" content=\"1200\" \/>\n\t<meta property=\"og:image:height\" content=\"630\" \/>\n\t<meta property=\"og:image:type\" content=\"image\/jpeg\" \/>\n<meta name=\"twitter:card\" content=\"summary_large_image\" \/>\n<meta name=\"twitter:image\" content=\"https:\/\/xometry.eu\/wp-content\/uploads\/2020\/08\/hp-mjf-3d-printing-services.jpg\" \/>\n<script type=\"application\/ld+json\" class=\"yoast-schema-graph\">{\"@context\":\"https:\\\/\\\/schema.org\",\"@graph\":[{\"@type\":\"WebPage\",\"@id\":\"https:\\\/\\\/xometry.eu\\\/fi\\\/3d-tulostus-mjf\\\/\",\"url\":\"https:\\\/\\\/xometry.eu\\\/fi\\\/3d-tulostus-mjf\\\/\",\"name\":\"HP MJF 3D-tulostuspalvelut verkossa | Valmistus 3 p\u00e4iv\u00e4ss\u00e4n\",\"isPartOf\":{\"@id\":\"https:\\\/\\\/xometry.eu\\\/fi\\\/#website\"},\"primaryImageOfPage\":{\"@id\":\"https:\\\/\\\/xometry.eu\\\/fi\\\/3d-tulostus-mjf\\\/#primaryimage\"},\"image\":{\"@id\":\"https:\\\/\\\/xometry.eu\\\/fi\\\/3d-tulostus-mjf\\\/#primaryimage\"},\"thumbnailUrl\":\"https:\\\/\\\/xometry.eu\\\/wp-content\\\/uploads\\\/2024\\\/02\\\/FI-MJF-service-page.jpg\",\"datePublished\":\"2020-06-18T13:21:30+00:00\",\"dateModified\":\"2026-02-04T09:01:36+00:00\",\"description\":\"Ensiluokkainen HP Multi Jet Fusion (MJF) 3D-tulostuspalvelu: prototyypit ja sarjavalmistus. Lataa 3D-mallisi, niin saat tarjouksen v\u00e4litt\u00f6m\u00e4sti!\",\"breadcrumb\":{\"@id\":\"https:\\\/\\\/xometry.eu\\\/fi\\\/3d-tulostus-mjf\\\/#breadcrumb\"},\"inLanguage\":\"fi\",\"potentialAction\":[{\"@type\":\"ReadAction\",\"target\":[\"https:\\\/\\\/xometry.eu\\\/fi\\\/3d-tulostus-mjf\\\/\"]}]},{\"@type\":\"ImageObject\",\"inLanguage\":\"fi\",\"@id\":\"https:\\\/\\\/xometry.eu\\\/fi\\\/3d-tulostus-mjf\\\/#primaryimage\",\"url\":\"https:\\\/\\\/xometry.eu\\\/wp-content\\\/uploads\\\/2024\\\/02\\\/FI-MJF-service-page.jpg\",\"contentUrl\":\"https:\\\/\\\/xometry.eu\\\/wp-content\\\/uploads\\\/2024\\\/02\\\/FI-MJF-service-page.jpg\",\"width\":2400,\"height\":1229},{\"@type\":\"BreadcrumbList\",\"@id\":\"https:\\\/\\\/xometry.eu\\\/fi\\\/3d-tulostus-mjf\\\/#breadcrumb\",\"itemListElement\":[{\"@type\":\"ListItem\",\"position\":1,\"name\":\"Home\",\"item\":\"https:\\\/\\\/xometry.eu\\\/fi\\\/\"},{\"@type\":\"ListItem\",\"position\":2,\"name\":\"HP Multi Jet Fusion (MJF)\"}]},{\"@type\":\"WebSite\",\"@id\":\"https:\\\/\\\/xometry.eu\\\/fi\\\/#website\",\"url\":\"https:\\\/\\\/xometry.eu\\\/fi\\\/\",\"name\":\"Xometry Europe\",\"description\":\"\",\"publisher\":{\"@id\":\"https:\\\/\\\/xometry.eu\\\/fi\\\/#organization\"},\"potentialAction\":[{\"@type\":\"SearchAction\",\"target\":{\"@type\":\"EntryPoint\",\"urlTemplate\":\"https:\\\/\\\/xometry.eu\\\/fi\\\/?s={search_term_string}\"},\"query-input\":{\"@type\":\"PropertyValueSpecification\",\"valueRequired\":true,\"valueName\":\"search_term_string\"}}],\"inLanguage\":\"fi\"}]}<\/script>\n<!-- \/ Yoast SEO Premium plugin. -->","yoast_head_json":{"title":"HP MJF 3D-tulostuspalvelut verkossa | Valmistus 3 p\u00e4iv\u00e4ss\u00e4n","description":"Ensiluokkainen HP Multi Jet Fusion (MJF) 3D-tulostuspalvelu: prototyypit ja sarjavalmistus. Lataa 3D-mallisi, niin saat tarjouksen v\u00e4litt\u00f6m\u00e4sti!","robots":{"index":"index","follow":"follow","max-snippet":"max-snippet:-1","max-image-preview":"max-image-preview:large","max-video-preview":"max-video-preview:-1"},"canonical":"https:\/\/xometry.eu\/fi\/3d-tulostus-mjf\/","og_locale":"fi_FI","og_type":"article","og_title":"HP Multi Jet Fusion (MJF)","og_description":"Ensiluokkainen HP Multi Jet Fusion (MJF) 3D-tulostuspalvelu: prototyypit ja sarjavalmistus. Lataa 3D-mallisi, niin saat tarjouksen v\u00e4litt\u00f6m\u00e4sti!","og_url":"https:\/\/xometry.eu\/fi\/3d-tulostus-mjf\/","og_site_name":"Xometry Europe","article_modified_time":"2026-02-04T09:01:36+00:00","og_image":[{"width":1200,"height":630,"url":"https:\/\/xometry.eu\/wp-content\/uploads\/2020\/08\/hp-mjf-3d-printing-services.jpg","type":"image\/jpeg"}],"twitter_card":"summary_large_image","twitter_image":"https:\/\/xometry.eu\/wp-content\/uploads\/2020\/08\/hp-mjf-3d-printing-services.jpg","schema":{"@context":"https:\/\/schema.org","@graph":[{"@type":"WebPage","@id":"https:\/\/xometry.eu\/fi\/3d-tulostus-mjf\/","url":"https:\/\/xometry.eu\/fi\/3d-tulostus-mjf\/","name":"HP MJF 3D-tulostuspalvelut verkossa | Valmistus 3 p\u00e4iv\u00e4ss\u00e4n","isPartOf":{"@id":"https:\/\/xometry.eu\/fi\/#website"},"primaryImageOfPage":{"@id":"https:\/\/xometry.eu\/fi\/3d-tulostus-mjf\/#primaryimage"},"image":{"@id":"https:\/\/xometry.eu\/fi\/3d-tulostus-mjf\/#primaryimage"},"thumbnailUrl":"https:\/\/xometry.eu\/wp-content\/uploads\/2024\/02\/FI-MJF-service-page.jpg","datePublished":"2020-06-18T13:21:30+00:00","dateModified":"2026-02-04T09:01:36+00:00","description":"Ensiluokkainen HP Multi Jet Fusion (MJF) 3D-tulostuspalvelu: prototyypit ja sarjavalmistus. Lataa 3D-mallisi, niin saat tarjouksen v\u00e4litt\u00f6m\u00e4sti!","breadcrumb":{"@id":"https:\/\/xometry.eu\/fi\/3d-tulostus-mjf\/#breadcrumb"},"inLanguage":"fi","potentialAction":[{"@type":"ReadAction","target":["https:\/\/xometry.eu\/fi\/3d-tulostus-mjf\/"]}]},{"@type":"ImageObject","inLanguage":"fi","@id":"https:\/\/xometry.eu\/fi\/3d-tulostus-mjf\/#primaryimage","url":"https:\/\/xometry.eu\/wp-content\/uploads\/2024\/02\/FI-MJF-service-page.jpg","contentUrl":"https:\/\/xometry.eu\/wp-content\/uploads\/2024\/02\/FI-MJF-service-page.jpg","width":2400,"height":1229},{"@type":"BreadcrumbList","@id":"https:\/\/xometry.eu\/fi\/3d-tulostus-mjf\/#breadcrumb","itemListElement":[{"@type":"ListItem","position":1,"name":"Home","item":"https:\/\/xometry.eu\/fi\/"},{"@type":"ListItem","position":2,"name":"HP Multi Jet Fusion (MJF)"}]},{"@type":"WebSite","@id":"https:\/\/xometry.eu\/fi\/#website","url":"https:\/\/xometry.eu\/fi\/","name":"Xometry Europe","description":"","publisher":{"@id":"https:\/\/xometry.eu\/fi\/#organization"},"potentialAction":[{"@type":"SearchAction","target":{"@type":"EntryPoint","urlTemplate":"https:\/\/xometry.eu\/fi\/?s={search_term_string}"},"query-input":{"@type":"PropertyValueSpecification","valueRequired":true,"valueName":"search_term_string"}}],"inLanguage":"fi"}]}},"_links":{"self":[{"href":"https:\/\/xometry.eu\/fi\/wp-json\/wp\/v2\/pages\/80312","targetHints":{"allow":["GET"]}}],"collection":[{"href":"https:\/\/xometry.eu\/fi\/wp-json\/wp\/v2\/pages"}],"about":[{"href":"https:\/\/xometry.eu\/fi\/wp-json\/wp\/v2\/types\/page"}],"author":[{"embeddable":true,"href":"https:\/\/xometry.eu\/fi\/wp-json\/wp\/v2\/users\/2"}],"replies":[{"embeddable":true,"href":"https:\/\/xometry.eu\/fi\/wp-json\/wp\/v2\/comments?post=80312"}],"version-history":[{"count":0,"href":"https:\/\/xometry.eu\/fi\/wp-json\/wp\/v2\/pages\/80312\/revisions"}],"wp:featuredmedia":[{"embeddable":true,"href":"https:\/\/xometry.eu\/fi\/wp-json\/wp\/v2\/media\/134995"}],"wp:attachment":[{"href":"https:\/\/xometry.eu\/fi\/wp-json\/wp\/v2\/media?parent=80312"}],"curies":[{"name":"wp","href":"https:\/\/api.w.org\/{rel}","templated":true}]}}