{"id":167123,"date":"2025-11-20T14:58:59","date_gmt":"2025-11-20T12:58:59","guid":{"rendered":"https:\/\/xometry.eu\/black-friday\/"},"modified":"2025-11-23T19:45:16","modified_gmt":"2025-11-23T17:45:16","slug":"black-friday","status":"publish","type":"page","link":"https:\/\/xometry.eu\/fi\/black-friday\/","title":{"rendered":"Black Friday"},"content":{"rendered":"<section class=\"hero  light blue-10 printing-3d-page\" >\r\n        <img decoding=\"async\" src=\"https:\/\/xometry.eu\/wp-content\/uploads\/2025\/11\/black-friday-left.png\" alt=\"Black Friday:   15% Alennusta osistasi  \" class=\"hero__left-image\" \/>\r\n            <img decoding=\"async\" src=\"https:\/\/xometry.eu\/wp-content\/uploads\/2025\/11\/black-friday-right.png\" alt=\"Black Friday:   15% Alennusta osistasi  \" class=\"hero__right-image\" \/>\r\n        <div class=\"hero__container section container\" style=\"padding-bottom: px;\">\r\n        <div class=\"hero__title-wrapper\">\r\n            <h1 class=\"title title--01\">Black Friday: <br> <strong> 15% Alennusta osistasi <\/strong> <\/h1>\r\n            <div><p>Pyyd\u00e4 tarjous, k\u00e4yt\u00e4 koodia ja s\u00e4\u00e4st\u00e4 15 % osista 30. marraskuuta asti*. T\u00e4m\u00e4n lis\u00e4ksi lahjoitamme 2 % tilauksesi arvosta Healthy Seasille. Lahjoitus auttaa heid\u00e4n teht\u00e4v\u00e4\u00e4ns\u00e4 valtamerien puhdistamisessa movista ja muusta meriroskasta.<\/p>\n<\/div>\r\n                    <\/div>\r\n        <div class=\"hero__cards-list\">\r\n              \r\n    <a href=\"https:\/\/get.xometry.eu\/?locale=fi\" class=\"hero__cards-item card \">\r\n        <h3 class=\"title title--03\"><\/h3>\r\n        <div class=\"hero__cards-item-text \"><p>Alennuskoodi: <b data-stringify-type=\"bold\">FRIDAY2025\u00a0<\/b><\/p>\n<\/div>\r\n        <span class=\"btn btn--primary btn_wide\">Pyyd\u00e4 tarjous nyt<\/span>\r\n            <\/a>\r\n        <\/div>\r\n            <\/div>\r\n<\/section>\n\n\r\n<section class=\"faq light light-to-dark-gradient\"  id=\"codes-terms\">\r\n    <div class=\"faq__container section container\">\r\n        <div class=\"faq__wrapper\">\r\n            <h2 class=\"title title--02\">Kuinka <strong> Black Friday <\/strong> toimii?<\/h2>\r\n            <div class=\"faq__list\">\r\n                                                                                                    <div class=\"faq__item  \">\r\n                            <div class=\"faq__item-question title title--04\">\r\n                                Vaiheet s\u00e4\u00e4st\u00f6jen aktivoimiseen                                <svg\r\n                                    xmlns=\"http:\/\/www.w3.org\/2000\/svg\"\r\n                                    width=\"28\"\r\n                                    height=\"28\"\r\n                                    viewBox=\"0 0 28 28\"\r\n                                    fill=\"none\"\r\n                                    class=\"toggle-icon\"\r\n                                >\r\n                                    <g class=\"plus\">\r\n                                    <path\r\n                                        d=\"M19.0313 13.125H14.875V8.96875C14.875 8.84844 14.7766 8.75 14.6563 8.75H13.3438C13.2234 8.75 13.125 8.84844 13.125 8.96875V13.125H8.96875C8.84844 13.125 8.75 13.2234 8.75 13.3438V14.6563C8.75 14.7766 8.84844 14.875 8.96875 14.875H13.125V19.0313C13.125 19.1516 13.2234 19.25 13.3438 19.25H14.6563C14.7766 19.25 14.875 19.1516 14.875 19.0313V14.875H19.0313C19.1516 14.875 19.25 14.7766 19.25 14.6563V13.3438C19.25 13.2234 19.1516 13.125 19.0313 13.125Z\"\r\n                                    \/>\r\n                                    <path\r\n                                        d=\"M14 1.75C7.23516 1.75 1.75 7.23516 1.75 14C1.75 20.7648 7.23516 26.25 14 26.25C20.7648 26.25 26.25 20.7648 26.25 14C26.25 7.23516 20.7648 1.75 14 1.75ZM14 24.1719C8.38359 24.1719 3.82813 19.6164 3.82813 14C3.82813 8.38359 8.38359 3.82813 14 3.82813C19.6164 3.82813 24.1719 8.38359 24.1719 14C24.1719 19.6164 19.6164 24.1719 14 24.1719Z\"\r\n                                    \/>\r\n                                    <\/g>\r\n                                    <g class=\"minus\">\r\n                                    <path\r\n                                        d=\"M19.0313 13.125H8.96875C8.84844 13.125 8.75 13.2234 8.75 13.3438V14.6563C8.75 14.7766 8.84844 14.875 8.96875 14.875H19.0313C19.1516 14.875 19.25 14.7766 19.25 14.6563V13.3438C19.25 13.2234 19.1516 13.125 19.0313 13.125Z\"\r\n                                    \/>\r\n                                    <path\r\n                                        d=\"M14 1.75C7.23516 1.75 1.75 7.23516 1.75 14C1.75 20.7648 7.23516 26.25 14 26.25C20.7648 26.25 26.25 20.7648 26.25 14C26.25 7.23516 20.7648 1.75 14 1.75ZM14 24.1719C8.38359 24.1719 3.82813 19.6164 3.82813 14C3.82813 8.38359 8.38359 3.82813 14 3.82813C19.6164 3.82813 24.1719 8.38359 24.1719 14C24.1719 19.6164 19.6164 24.1719 14 24.1719Z\"\r\n                                    \/>\r\n                                    <\/g>\r\n                                <\/svg>\r\n                            <\/div>\r\n                            <div class=\"faq__item-answer-wrapper\">\r\n                                <div class=\"faq__item-answer\">\r\n                                    <p><span data-sheets-root=\"1\">1. Pyyd\u00e4 tarjous Xometryn pikatarjouskoneesta (paitsi tavoitehintatilaukset ja r\u00e4\u00e4t\u00e4l\u00f6idyt tarjouspyynn\u00f6t valituilta toimittajilta)*.<\/p>\n<p>2. K\u00e4yt\u00e4 tarjouskoodia <strong>FRIDAY2025<\/strong> kassalla marraskuun loppuun menness\u00e4.<\/p>\n<p>3. Saat 15 % alennuksen osistasi.<\/p>\n<p>4. Xometry lahjoittaa 2 % tilauksesi alennutusta arvosta Healthy Seasin p\u00e4\u00e4hankkeisiin: puhdistamiseen, koulutukseen ja ennaltaehk\u00e4isyyn.<\/span><\/p>\n                                <\/div>\r\n                            <\/div>\r\n                        <\/div>\r\n                                                                    <div class=\"faq__item  \">\r\n                            <div class=\"faq__item-question title title--04\">\r\n                                Healthy Seas\u2019 vaikutus                                <svg\r\n                                    xmlns=\"http:\/\/www.w3.org\/2000\/svg\"\r\n                                    width=\"28\"\r\n                                    height=\"28\"\r\n                                    viewBox=\"0 0 28 28\"\r\n                                    fill=\"none\"\r\n                                    class=\"toggle-icon\"\r\n                                >\r\n                                    <g class=\"plus\">\r\n                                    <path\r\n                                        d=\"M19.0313 13.125H14.875V8.96875C14.875 8.84844 14.7766 8.75 14.6563 8.75H13.3438C13.2234 8.75 13.125 8.84844 13.125 8.96875V13.125H8.96875C8.84844 13.125 8.75 13.2234 8.75 13.3438V14.6563C8.75 14.7766 8.84844 14.875 8.96875 14.875H13.125V19.0313C13.125 19.1516 13.2234 19.25 13.3438 19.25H14.6563C14.7766 19.25 14.875 19.1516 14.875 19.0313V14.875H19.0313C19.1516 14.875 19.25 14.7766 19.25 14.6563V13.3438C19.25 13.2234 19.1516 13.125 19.0313 13.125Z\"\r\n                                    \/>\r\n                                    <path\r\n                                        d=\"M14 1.75C7.23516 1.75 1.75 7.23516 1.75 14C1.75 20.7648 7.23516 26.25 14 26.25C20.7648 26.25 26.25 20.7648 26.25 14C26.25 7.23516 20.7648 1.75 14 1.75ZM14 24.1719C8.38359 24.1719 3.82813 19.6164 3.82813 14C3.82813 8.38359 8.38359 3.82813 14 3.82813C19.6164 3.82813 24.1719 8.38359 24.1719 14C24.1719 19.6164 19.6164 24.1719 14 24.1719Z\"\r\n                                    \/>\r\n                                    <\/g>\r\n                                    <g class=\"minus\">\r\n                                    <path\r\n                                        d=\"M19.0313 13.125H8.96875C8.84844 13.125 8.75 13.2234 8.75 13.3438V14.6563C8.75 14.7766 8.84844 14.875 8.96875 14.875H19.0313C19.1516 14.875 19.25 14.7766 19.25 14.6563V13.3438C19.25 13.2234 19.1516 13.125 19.0313 13.125Z\"\r\n                                    \/>\r\n                                    <path\r\n                                        d=\"M14 1.75C7.23516 1.75 1.75 7.23516 1.75 14C1.75 20.7648 7.23516 26.25 14 26.25C20.7648 26.25 26.25 20.7648 26.25 14C26.25 7.23516 20.7648 1.75 14 1.75ZM14 24.1719C8.38359 24.1719 3.82813 19.6164 3.82813 14C3.82813 8.38359 8.38359 3.82813 14 3.82813C19.6164 3.82813 24.1719 8.38359 24.1719 14C24.1719 19.6164 19.6164 24.1719 14 24.1719Z\"\r\n                                    \/>\r\n                                    <\/g>\r\n                                <\/svg>\r\n                            <\/div>\r\n                            <div class=\"faq__item-answer-wrapper\">\r\n                                <div class=\"faq__item-answer\">\r\n                                    <ul>\n<li><span data-sheets-root=\"1\">Yli 1228 tonnia meriroskaa poistettu vuodesta 2013 l\u00e4htien.<\/span><\/li>\n<li><span data-sheets-root=\"1\">Toiminta-alueet: Pohjoismeri, V\u00e4limeri, Adrianmeri, It\u00e4meri ja Punainenmeri sek\u00e4 Tyynenmeren ja Atlantin valtameri.<\/span><\/li>\n<li><span data-sheets-root=\"1\">Kolme p\u00e4\u00e4pilaria: Puhdistus, koulutus ja ennaltaehk\u00e4isy.<\/span><\/li>\n<\/ul>\n<p><img decoding=\"async\" class=\"alignnone wp-image-166957\" src=\"https:\/\/xometry.eu\/wp-content\/uploads\/2025\/11\/01_H_Standard_Regular-480x206.png\" alt=\"\" width=\"217\" height=\"93\" srcset=\"https:\/\/xometry.eu\/wp-content\/uploads\/2025\/11\/01_H_Standard_Regular-480x206.png 480w, https:\/\/xometry.eu\/wp-content\/uploads\/2025\/11\/01_H_Standard_Regular-1440x618.png 1440w, https:\/\/xometry.eu\/wp-content\/uploads\/2025\/11\/01_H_Standard_Regular-768x330.png 768w\" sizes=\"(max-width: 217px) 100vw, 217px\" \/><\/p>\n<p>&nbsp;<\/p>\n                                <\/div>\r\n                            <\/div>\r\n                        <\/div>\r\n                                                                    <div class=\"faq__item  \">\r\n                            <div class=\"faq__item-question title title--04\">\r\n                                Ehdot ja edellytykset                                <svg\r\n                                    xmlns=\"http:\/\/www.w3.org\/2000\/svg\"\r\n                                    width=\"28\"\r\n                                    height=\"28\"\r\n                                    viewBox=\"0 0 28 28\"\r\n                                    fill=\"none\"\r\n                                    class=\"toggle-icon\"\r\n                                >\r\n                                    <g class=\"plus\">\r\n                                    <path\r\n                                        d=\"M19.0313 13.125H14.875V8.96875C14.875 8.84844 14.7766 8.75 14.6563 8.75H13.3438C13.2234 8.75 13.125 8.84844 13.125 8.96875V13.125H8.96875C8.84844 13.125 8.75 13.2234 8.75 13.3438V14.6563C8.75 14.7766 8.84844 14.875 8.96875 14.875H13.125V19.0313C13.125 19.1516 13.2234 19.25 13.3438 19.25H14.6563C14.7766 19.25 14.875 19.1516 14.875 19.0313V14.875H19.0313C19.1516 14.875 19.25 14.7766 19.25 14.6563V13.3438C19.25 13.2234 19.1516 13.125 19.0313 13.125Z\"\r\n                                    \/>\r\n                                    <path\r\n                                        d=\"M14 1.75C7.23516 1.75 1.75 7.23516 1.75 14C1.75 20.7648 7.23516 26.25 14 26.25C20.7648 26.25 26.25 20.7648 26.25 14C26.25 7.23516 20.7648 1.75 14 1.75ZM14 24.1719C8.38359 24.1719 3.82813 19.6164 3.82813 14C3.82813 8.38359 8.38359 3.82813 14 3.82813C19.6164 3.82813 24.1719 8.38359 24.1719 14C24.1719 19.6164 19.6164 24.1719 14 24.1719Z\"\r\n                                    \/>\r\n                                    <\/g>\r\n                                    <g class=\"minus\">\r\n                                    <path\r\n                                        d=\"M19.0313 13.125H8.96875C8.84844 13.125 8.75 13.2234 8.75 13.3438V14.6563C8.75 14.7766 8.84844 14.875 8.96875 14.875H19.0313C19.1516 14.875 19.25 14.7766 19.25 14.6563V13.3438C19.25 13.2234 19.1516 13.125 19.0313 13.125Z\"\r\n                                    \/>\r\n                                    <path\r\n                                        d=\"M14 1.75C7.23516 1.75 1.75 7.23516 1.75 14C1.75 20.7648 7.23516 26.25 14 26.25C20.7648 26.25 26.25 20.7648 26.25 14C26.25 7.23516 20.7648 1.75 14 1.75ZM14 24.1719C8.38359 24.1719 3.82813 19.6164 3.82813 14C3.82813 8.38359 8.38359 3.82813 14 3.82813C19.6164 3.82813 24.1719 8.38359 24.1719 14C24.1719 19.6164 19.6164 24.1719 14 24.1719Z\"\r\n                                    \/>\r\n                                    <\/g>\r\n                                <\/svg>\r\n                            <\/div>\r\n                            <div class=\"faq__item-answer-wrapper\">\r\n                                <div class=\"faq__item-answer\">\r\n                                    <p>* <strong>FRIDAY2025<\/strong>-koodi on voimassa 30.11.2025 klo 23.59 asti (CET). T\u00e4m\u00e4 tarjous koskee vain Xometryn tarjoamia pika- ja manuaalisia tarjouksia. Tarjous ei koske muita tarjous- tai tilaustyyppej\u00e4, mukaan lukien tavoitehintatilaukset tai valituilta toimittajilta saatujen r\u00e4\u00e4t\u00e4l\u00f6ityjen tarjouspyynt\u00f6jen kautta saadut tarjoukset, eik\u00e4 sit\u00e4 voi yhdist\u00e4\u00e4 muihin tarjouksiin tai alennuksiin. HealthySeas.org-sivustolle maksettava 2 % lis\u00e4lahjoitus lasketaan kaikkien niiden tilausten alennetun arvon perusteella, joissa FRIDAY2025-koodi on lunastettu.<\/p>\n                                <\/div>\r\n                            <\/div>\r\n                        <\/div>\r\n                                                <\/div>\r\n        <\/div>\r\n            <\/div>\r\n<\/section>\n\n\r\n<section class=\"final-cta dark dark-blue-100\" >\r\n    <div class=\"final-cta__container section container\">\r\n        <h2 class=\"title title--02\">S\u00e4\u00e4st\u00e4 15 % koko t\u00e4m\u00e4n viikon ajan<\/h2>\r\n        <div class=\"hero__cards-list\">\r\n              \r\n    <a href=\"https:\/\/get.xometry.eu\/?locale=fi\" class=\"hero__cards-item card \">\r\n        <h3 class=\"title title--03\"><\/h3>\r\n        <div class=\"hero__cards-item-text \"><p>K\u00e4yt\u00e4 alennuskoodia <strong>FRIDAY2025<\/strong>.<\/p>\n<p><span data-sheets-root=\"1\">S\u00e4\u00e4st\u00e4 osista ja tue puhtaampia valtameri\u00e4.<\/span><\/p>\n<\/div>\r\n        <span class=\"btn btn--primary \">Tilaus 15 % alennuksella<\/span>\r\n            <\/a>\r\n        <\/div>\r\n        <div class=\"final-cta__footer-list\">\r\n                                            <\/div>\r\n    <\/div>\r\n<\/section>","protected":false},"excerpt":{"rendered":"","protected":false},"author":14,"featured_media":0,"parent":0,"menu_order":0,"comment_status":"closed","ping_status":"closed","template":"template-new-style.php","meta":{"_acf_changed":false,"inline_featured_image":false,"footnotes":""},"class_list":["post-167123","page","type-page","status-publish","hentry"],"acf":[],"yoast_head":"<!-- This site is optimized with the Yoast SEO Premium plugin v20.5 (Yoast SEO v27.3) - https:\/\/yoast.com\/product\/yoast-seo-premium-wordpress\/ -->\n<title>Black Friday | Xometry Europe<\/title>\n<meta name=\"robots\" content=\"index, follow, max-snippet:-1, max-image-preview:large, max-video-preview:-1\" \/>\n<link rel=\"canonical\" href=\"https:\/\/xometry.eu\/fi\/black-friday\/\" \/>\n<meta property=\"og:locale\" content=\"fi_FI\" \/>\n<meta property=\"og:type\" content=\"article\" \/>\n<meta property=\"og:title\" content=\"Black Friday\" \/>\n<meta property=\"og:url\" content=\"https:\/\/xometry.eu\/fi\/black-friday\/\" \/>\n<meta property=\"og:site_name\" content=\"Xometry Europe\" \/>\n<meta property=\"article:modified_time\" content=\"2025-11-23T17:45:16+00:00\" \/>\n<meta name=\"twitter:card\" content=\"summary_large_image\" \/>\n<script type=\"application\/ld+json\" class=\"yoast-schema-graph\">{\"@context\":\"https:\\\/\\\/schema.org\",\"@graph\":[{\"@type\":\"WebPage\",\"@id\":\"https:\\\/\\\/xometry.eu\\\/fi\\\/black-friday\\\/\",\"url\":\"https:\\\/\\\/xometry.eu\\\/fi\\\/black-friday\\\/\",\"name\":\"Black Friday | Xometry Europe\",\"isPartOf\":{\"@id\":\"https:\\\/\\\/xometry.eu\\\/fi\\\/#website\"},\"datePublished\":\"2025-11-20T12:58:59+00:00\",\"dateModified\":\"2025-11-23T17:45:16+00:00\",\"breadcrumb\":{\"@id\":\"https:\\\/\\\/xometry.eu\\\/fi\\\/black-friday\\\/#breadcrumb\"},\"inLanguage\":\"fi\",\"potentialAction\":[{\"@type\":\"ReadAction\",\"target\":[\"https:\\\/\\\/xometry.eu\\\/fi\\\/black-friday\\\/\"]}]},{\"@type\":\"BreadcrumbList\",\"@id\":\"https:\\\/\\\/xometry.eu\\\/fi\\\/black-friday\\\/#breadcrumb\",\"itemListElement\":[{\"@type\":\"ListItem\",\"position\":1,\"name\":\"Home\",\"item\":\"https:\\\/\\\/xometry.eu\\\/fi\\\/\"},{\"@type\":\"ListItem\",\"position\":2,\"name\":\"Black Friday\"}]},{\"@type\":\"WebSite\",\"@id\":\"https:\\\/\\\/xometry.eu\\\/fi\\\/#website\",\"url\":\"https:\\\/\\\/xometry.eu\\\/fi\\\/\",\"name\":\"Xometry Europe\",\"description\":\"\",\"publisher\":{\"@id\":\"https:\\\/\\\/xometry.eu\\\/fi\\\/#organization\"},\"potentialAction\":[{\"@type\":\"SearchAction\",\"target\":{\"@type\":\"EntryPoint\",\"urlTemplate\":\"https:\\\/\\\/xometry.eu\\\/fi\\\/?s={search_term_string}\"},\"query-input\":{\"@type\":\"PropertyValueSpecification\",\"valueRequired\":true,\"valueName\":\"search_term_string\"}}],\"inLanguage\":\"fi\"}]}<\/script>\n<!-- \/ Yoast SEO Premium plugin. -->","yoast_head_json":{"title":"Black Friday | Xometry Europe","robots":{"index":"index","follow":"follow","max-snippet":"max-snippet:-1","max-image-preview":"max-image-preview:large","max-video-preview":"max-video-preview:-1"},"canonical":"https:\/\/xometry.eu\/fi\/black-friday\/","og_locale":"fi_FI","og_type":"article","og_title":"Black Friday","og_url":"https:\/\/xometry.eu\/fi\/black-friday\/","og_site_name":"Xometry Europe","article_modified_time":"2025-11-23T17:45:16+00:00","twitter_card":"summary_large_image","schema":{"@context":"https:\/\/schema.org","@graph":[{"@type":"WebPage","@id":"https:\/\/xometry.eu\/fi\/black-friday\/","url":"https:\/\/xometry.eu\/fi\/black-friday\/","name":"Black Friday | Xometry Europe","isPartOf":{"@id":"https:\/\/xometry.eu\/fi\/#website"},"datePublished":"2025-11-20T12:58:59+00:00","dateModified":"2025-11-23T17:45:16+00:00","breadcrumb":{"@id":"https:\/\/xometry.eu\/fi\/black-friday\/#breadcrumb"},"inLanguage":"fi","potentialAction":[{"@type":"ReadAction","target":["https:\/\/xometry.eu\/fi\/black-friday\/"]}]},{"@type":"BreadcrumbList","@id":"https:\/\/xometry.eu\/fi\/black-friday\/#breadcrumb","itemListElement":[{"@type":"ListItem","position":1,"name":"Home","item":"https:\/\/xometry.eu\/fi\/"},{"@type":"ListItem","position":2,"name":"Black Friday"}]},{"@type":"WebSite","@id":"https:\/\/xometry.eu\/fi\/#website","url":"https:\/\/xometry.eu\/fi\/","name":"Xometry Europe","description":"","publisher":{"@id":"https:\/\/xometry.eu\/fi\/#organization"},"potentialAction":[{"@type":"SearchAction","target":{"@type":"EntryPoint","urlTemplate":"https:\/\/xometry.eu\/fi\/?s={search_term_string}"},"query-input":{"@type":"PropertyValueSpecification","valueRequired":true,"valueName":"search_term_string"}}],"inLanguage":"fi"}]}},"_links":{"self":[{"href":"https:\/\/xometry.eu\/fi\/wp-json\/wp\/v2\/pages\/167123","targetHints":{"allow":["GET"]}}],"collection":[{"href":"https:\/\/xometry.eu\/fi\/wp-json\/wp\/v2\/pages"}],"about":[{"href":"https:\/\/xometry.eu\/fi\/wp-json\/wp\/v2\/types\/page"}],"author":[{"embeddable":true,"href":"https:\/\/xometry.eu\/fi\/wp-json\/wp\/v2\/users\/14"}],"replies":[{"embeddable":true,"href":"https:\/\/xometry.eu\/fi\/wp-json\/wp\/v2\/comments?post=167123"}],"version-history":[{"count":0,"href":"https:\/\/xometry.eu\/fi\/wp-json\/wp\/v2\/pages\/167123\/revisions"}],"wp:attachment":[{"href":"https:\/\/xometry.eu\/fi\/wp-json\/wp\/v2\/media?parent=167123"}],"curies":[{"name":"wp","href":"https:\/\/api.w.org\/{rel}","templated":true}]}}