{"id":147198,"date":"2024-10-17T14:52:26","date_gmt":"2024-10-17T12:52:26","guid":{"rendered":"https:\/\/xometry.eu\/certifications-inspection-reports\/"},"modified":"2026-01-29T16:17:57","modified_gmt":"2026-01-29T14:17:57","slug":"todistukset-tarkastus-raportit","status":"publish","type":"page","link":"https:\/\/xometry.eu\/fi\/todistukset-tarkastus-raportit\/","title":{"rendered":"Sertifikaatit ja tarkastusraportit"},"content":{"rendered":"","protected":false},"excerpt":{"rendered":"","protected":false},"author":10,"featured_media":0,"parent":0,"menu_order":0,"comment_status":"closed","ping_status":"closed","template":"","meta":{"_acf_changed":false,"inline_featured_image":false,"footnotes":""},"class_list":["post-147198","page","type-page","status-publish","hentry"],"acf":[],"yoast_head":"<!-- This site is optimized with the Yoast SEO Premium plugin v20.5 (Yoast SEO v27.3) - https:\/\/yoast.com\/product\/yoast-seo-premium-wordpress\/ -->\n<title>Sertifikaatit ja tarkastusraportit | Xometry Europe<\/title>\n<meta name=\"description\" content=\"Auttaaksemme sinua projektisi erityisvaatimusten t\u00e4ytt\u00e4misess\u00e4t, tarjoamme valikoiman laatuasiakirjoja, mukaan lukien yksityiskohtaiset tarkastusraportit.\" \/>\n<meta name=\"robots\" content=\"index, follow, max-snippet:-1, max-image-preview:large, max-video-preview:-1\" \/>\n<link rel=\"canonical\" href=\"https:\/\/xometry.eu\/fi\/todistukset-tarkastus-raportit\/\" \/>\n<meta property=\"og:locale\" content=\"fi_FI\" \/>\n<meta property=\"og:type\" content=\"article\" \/>\n<meta property=\"og:title\" content=\"Sertifikaatit ja tarkastusraportit\" \/>\n<meta property=\"og:description\" content=\"Auttaaksemme sinua projektisi erityisvaatimusten t\u00e4ytt\u00e4misess\u00e4t, tarjoamme valikoiman laatuasiakirjoja, mukaan lukien yksityiskohtaiset tarkastusraportit.\" \/>\n<meta property=\"og:url\" content=\"https:\/\/xometry.eu\/fi\/todistukset-tarkastus-raportit\/\" \/>\n<meta property=\"og:site_name\" content=\"Xometry Europe\" \/>\n<meta property=\"article:modified_time\" content=\"2026-01-29T14:17:57+00:00\" \/>\n<meta name=\"twitter:card\" content=\"summary_large_image\" \/>\n<script type=\"application\/ld+json\" class=\"yoast-schema-graph\">{\"@context\":\"https:\\\/\\\/schema.org\",\"@graph\":[{\"@type\":\"WebPage\",\"@id\":\"https:\\\/\\\/xometry.eu\\\/fi\\\/todistukset-tarkastus-raportit\\\/\",\"url\":\"https:\\\/\\\/xometry.eu\\\/fi\\\/todistukset-tarkastus-raportit\\\/\",\"name\":\"Sertifikaatit ja tarkastusraportit | Xometry Europe\",\"isPartOf\":{\"@id\":\"https:\\\/\\\/xometry.eu\\\/fi\\\/#website\"},\"datePublished\":\"2024-10-17T12:52:26+00:00\",\"dateModified\":\"2026-01-29T14:17:57+00:00\",\"description\":\"Auttaaksemme sinua projektisi erityisvaatimusten t\u00e4ytt\u00e4misess\u00e4t, tarjoamme valikoiman laatuasiakirjoja, mukaan lukien yksityiskohtaiset tarkastusraportit.\",\"breadcrumb\":{\"@id\":\"https:\\\/\\\/xometry.eu\\\/fi\\\/todistukset-tarkastus-raportit\\\/#breadcrumb\"},\"inLanguage\":\"fi\",\"potentialAction\":[{\"@type\":\"ReadAction\",\"target\":[\"https:\\\/\\\/xometry.eu\\\/fi\\\/todistukset-tarkastus-raportit\\\/\"]}]},{\"@type\":\"BreadcrumbList\",\"@id\":\"https:\\\/\\\/xometry.eu\\\/fi\\\/todistukset-tarkastus-raportit\\\/#breadcrumb\",\"itemListElement\":[{\"@type\":\"ListItem\",\"position\":1,\"name\":\"Home\",\"item\":\"https:\\\/\\\/xometry.eu\\\/fi\\\/\"},{\"@type\":\"ListItem\",\"position\":2,\"name\":\"Sertifikaatit ja tarkastusraportit\"}]},{\"@type\":\"WebSite\",\"@id\":\"https:\\\/\\\/xometry.eu\\\/fi\\\/#website\",\"url\":\"https:\\\/\\\/xometry.eu\\\/fi\\\/\",\"name\":\"Xometry Europe\",\"description\":\"\",\"publisher\":{\"@id\":\"https:\\\/\\\/xometry.eu\\\/fi\\\/#organization\"},\"potentialAction\":[{\"@type\":\"SearchAction\",\"target\":{\"@type\":\"EntryPoint\",\"urlTemplate\":\"https:\\\/\\\/xometry.eu\\\/fi\\\/?s={search_term_string}\"},\"query-input\":{\"@type\":\"PropertyValueSpecification\",\"valueRequired\":true,\"valueName\":\"search_term_string\"}}],\"inLanguage\":\"fi\"}]}<\/script>\n<!-- \/ Yoast SEO Premium plugin. -->","yoast_head_json":{"title":"Sertifikaatit ja tarkastusraportit | Xometry Europe","description":"Auttaaksemme sinua projektisi erityisvaatimusten t\u00e4ytt\u00e4misess\u00e4t, tarjoamme valikoiman laatuasiakirjoja, mukaan lukien yksityiskohtaiset tarkastusraportit.","robots":{"index":"index","follow":"follow","max-snippet":"max-snippet:-1","max-image-preview":"max-image-preview:large","max-video-preview":"max-video-preview:-1"},"canonical":"https:\/\/xometry.eu\/fi\/todistukset-tarkastus-raportit\/","og_locale":"fi_FI","og_type":"article","og_title":"Sertifikaatit ja tarkastusraportit","og_description":"Auttaaksemme sinua projektisi erityisvaatimusten t\u00e4ytt\u00e4misess\u00e4t, tarjoamme valikoiman laatuasiakirjoja, mukaan lukien yksityiskohtaiset tarkastusraportit.","og_url":"https:\/\/xometry.eu\/fi\/todistukset-tarkastus-raportit\/","og_site_name":"Xometry Europe","article_modified_time":"2026-01-29T14:17:57+00:00","twitter_card":"summary_large_image","schema":{"@context":"https:\/\/schema.org","@graph":[{"@type":"WebPage","@id":"https:\/\/xometry.eu\/fi\/todistukset-tarkastus-raportit\/","url":"https:\/\/xometry.eu\/fi\/todistukset-tarkastus-raportit\/","name":"Sertifikaatit ja tarkastusraportit | Xometry Europe","isPartOf":{"@id":"https:\/\/xometry.eu\/fi\/#website"},"datePublished":"2024-10-17T12:52:26+00:00","dateModified":"2026-01-29T14:17:57+00:00","description":"Auttaaksemme sinua projektisi erityisvaatimusten t\u00e4ytt\u00e4misess\u00e4t, tarjoamme valikoiman laatuasiakirjoja, mukaan lukien yksityiskohtaiset tarkastusraportit.","breadcrumb":{"@id":"https:\/\/xometry.eu\/fi\/todistukset-tarkastus-raportit\/#breadcrumb"},"inLanguage":"fi","potentialAction":[{"@type":"ReadAction","target":["https:\/\/xometry.eu\/fi\/todistukset-tarkastus-raportit\/"]}]},{"@type":"BreadcrumbList","@id":"https:\/\/xometry.eu\/fi\/todistukset-tarkastus-raportit\/#breadcrumb","itemListElement":[{"@type":"ListItem","position":1,"name":"Home","item":"https:\/\/xometry.eu\/fi\/"},{"@type":"ListItem","position":2,"name":"Sertifikaatit ja tarkastusraportit"}]},{"@type":"WebSite","@id":"https:\/\/xometry.eu\/fi\/#website","url":"https:\/\/xometry.eu\/fi\/","name":"Xometry Europe","description":"","publisher":{"@id":"https:\/\/xometry.eu\/fi\/#organization"},"potentialAction":[{"@type":"SearchAction","target":{"@type":"EntryPoint","urlTemplate":"https:\/\/xometry.eu\/fi\/?s={search_term_string}"},"query-input":{"@type":"PropertyValueSpecification","valueRequired":true,"valueName":"search_term_string"}}],"inLanguage":"fi"}]}},"_links":{"self":[{"href":"https:\/\/xometry.eu\/fi\/wp-json\/wp\/v2\/pages\/147198","targetHints":{"allow":["GET"]}}],"collection":[{"href":"https:\/\/xometry.eu\/fi\/wp-json\/wp\/v2\/pages"}],"about":[{"href":"https:\/\/xometry.eu\/fi\/wp-json\/wp\/v2\/types\/page"}],"author":[{"embeddable":true,"href":"https:\/\/xometry.eu\/fi\/wp-json\/wp\/v2\/users\/10"}],"replies":[{"embeddable":true,"href":"https:\/\/xometry.eu\/fi\/wp-json\/wp\/v2\/comments?post=147198"}],"version-history":[{"count":0,"href":"https:\/\/xometry.eu\/fi\/wp-json\/wp\/v2\/pages\/147198\/revisions"}],"wp:attachment":[{"href":"https:\/\/xometry.eu\/fi\/wp-json\/wp\/v2\/media?parent=147198"}],"curies":[{"name":"wp","href":"https:\/\/api.w.org\/{rel}","templated":true}]}}