{"id":130755,"date":"2023-08-16T17:47:20","date_gmt":"2023-08-16T15:47:20","guid":{"rendered":"https:\/\/xometry.eu\/consumer-goods-industry\/"},"modified":"2024-02-09T09:45:27","modified_gmt":"2024-02-09T07:45:27","slug":"kulutustavarat","status":"publish","type":"page","link":"https:\/\/xometry.eu\/fi\/kulutustavarat\/","title":{"rendered":"Consumer Goods Industry"},"content":{"rendered":"","protected":false},"excerpt":{"rendered":"","protected":false},"author":14,"featured_media":115366,"parent":0,"menu_order":0,"comment_status":"closed","ping_status":"closed","template":"","meta":{"_acf_changed":false,"inline_featured_image":false,"footnotes":""},"class_list":["post-130755","page","type-page","status-publish","has-post-thumbnail","hentry"],"acf":[],"yoast_head":"<!-- This site is optimized with the Yoast SEO Premium plugin v20.5 (Yoast SEO v27.3) - https:\/\/yoast.com\/product\/yoast-seo-premium-wordpress\/ -->\n<title>Prototyypit ja sarjatuotanto-osat kulutustavarateollisuudelle | Xometry<\/title>\n<meta name=\"description\" content=\"Innovoi nopeammin hy\u00f6dynt\u00e4m\u00e4ll\u00e4 Xometryn suurta tuotantokapasiteettia, verkostoa ja asiantuntemusta kulutustavarateollisuudessa.\" \/>\n<meta name=\"robots\" content=\"index, follow, max-snippet:-1, max-image-preview:large, max-video-preview:-1\" \/>\n<link rel=\"canonical\" href=\"https:\/\/xometry.eu\/fi\/kulutustavarat\/\" \/>\n<meta property=\"og:locale\" content=\"fi_FI\" \/>\n<meta property=\"og:type\" content=\"article\" \/>\n<meta property=\"og:title\" content=\"Consumer Goods Industry\" \/>\n<meta property=\"og:description\" content=\"Innovoi nopeammin hy\u00f6dynt\u00e4m\u00e4ll\u00e4 Xometryn suurta tuotantokapasiteettia, verkostoa ja asiantuntemusta kulutustavarateollisuudessa.\" \/>\n<meta property=\"og:url\" content=\"https:\/\/xometry.eu\/fi\/kulutustavarat\/\" \/>\n<meta property=\"og:site_name\" content=\"Xometry Europe\" \/>\n<meta property=\"article:modified_time\" content=\"2024-02-09T07:45:27+00:00\" \/>\n<meta property=\"og:image\" content=\"https:\/\/xometry.eu\/wp-content\/uploads\/2023\/08\/Consumer-Goods-Industry-scaled.jpg\" \/>\n\t<meta property=\"og:image:width\" content=\"2560\" \/>\n\t<meta property=\"og:image:height\" content=\"1920\" \/>\n\t<meta property=\"og:image:type\" content=\"image\/jpeg\" \/>\n<meta name=\"twitter:card\" content=\"summary_large_image\" \/>\n<script type=\"application\/ld+json\" class=\"yoast-schema-graph\">{\"@context\":\"https:\\\/\\\/schema.org\",\"@graph\":[{\"@type\":\"WebPage\",\"@id\":\"https:\\\/\\\/xometry.eu\\\/fi\\\/kulutustavarat\\\/\",\"url\":\"https:\\\/\\\/xometry.eu\\\/fi\\\/kulutustavarat\\\/\",\"name\":\"Prototyypit ja sarjatuotanto-osat kulutustavarateollisuudelle | Xometry\",\"isPartOf\":{\"@id\":\"https:\\\/\\\/xometry.eu\\\/fi\\\/#website\"},\"primaryImageOfPage\":{\"@id\":\"https:\\\/\\\/xometry.eu\\\/fi\\\/kulutustavarat\\\/#primaryimage\"},\"image\":{\"@id\":\"https:\\\/\\\/xometry.eu\\\/fi\\\/kulutustavarat\\\/#primaryimage\"},\"thumbnailUrl\":\"https:\\\/\\\/xometry.eu\\\/wp-content\\\/uploads\\\/2023\\\/08\\\/Consumer-Goods-Industry-scaled.jpg\",\"datePublished\":\"2023-08-16T15:47:20+00:00\",\"dateModified\":\"2024-02-09T07:45:27+00:00\",\"description\":\"Innovoi nopeammin hy\u00f6dynt\u00e4m\u00e4ll\u00e4 Xometryn suurta tuotantokapasiteettia, verkostoa ja asiantuntemusta kulutustavarateollisuudessa.\",\"breadcrumb\":{\"@id\":\"https:\\\/\\\/xometry.eu\\\/fi\\\/kulutustavarat\\\/#breadcrumb\"},\"inLanguage\":\"fi\",\"potentialAction\":[{\"@type\":\"ReadAction\",\"target\":[\"https:\\\/\\\/xometry.eu\\\/fi\\\/kulutustavarat\\\/\"]}]},{\"@type\":\"ImageObject\",\"inLanguage\":\"fi\",\"@id\":\"https:\\\/\\\/xometry.eu\\\/fi\\\/kulutustavarat\\\/#primaryimage\",\"url\":\"https:\\\/\\\/xometry.eu\\\/wp-content\\\/uploads\\\/2023\\\/08\\\/Consumer-Goods-Industry-scaled.jpg\",\"contentUrl\":\"https:\\\/\\\/xometry.eu\\\/wp-content\\\/uploads\\\/2023\\\/08\\\/Consumer-Goods-Industry-scaled.jpg\",\"width\":2560,\"height\":1920,\"caption\":\"Group of home appliances and consumer electronics isolated on white background. 3D illustration.\"},{\"@type\":\"BreadcrumbList\",\"@id\":\"https:\\\/\\\/xometry.eu\\\/fi\\\/kulutustavarat\\\/#breadcrumb\",\"itemListElement\":[{\"@type\":\"ListItem\",\"position\":1,\"name\":\"Home\",\"item\":\"https:\\\/\\\/xometry.eu\\\/fi\\\/\"},{\"@type\":\"ListItem\",\"position\":2,\"name\":\"Consumer Goods Industry\"}]},{\"@type\":\"WebSite\",\"@id\":\"https:\\\/\\\/xometry.eu\\\/fi\\\/#website\",\"url\":\"https:\\\/\\\/xometry.eu\\\/fi\\\/\",\"name\":\"Xometry Europe\",\"description\":\"\",\"publisher\":{\"@id\":\"https:\\\/\\\/xometry.eu\\\/fi\\\/#organization\"},\"potentialAction\":[{\"@type\":\"SearchAction\",\"target\":{\"@type\":\"EntryPoint\",\"urlTemplate\":\"https:\\\/\\\/xometry.eu\\\/fi\\\/?s={search_term_string}\"},\"query-input\":{\"@type\":\"PropertyValueSpecification\",\"valueRequired\":true,\"valueName\":\"search_term_string\"}}],\"inLanguage\":\"fi\"}]}<\/script>\n<!-- \/ Yoast SEO Premium plugin. -->","yoast_head_json":{"title":"Prototyypit ja sarjatuotanto-osat kulutustavarateollisuudelle | Xometry","description":"Innovoi nopeammin hy\u00f6dynt\u00e4m\u00e4ll\u00e4 Xometryn suurta tuotantokapasiteettia, verkostoa ja asiantuntemusta kulutustavarateollisuudessa.","robots":{"index":"index","follow":"follow","max-snippet":"max-snippet:-1","max-image-preview":"max-image-preview:large","max-video-preview":"max-video-preview:-1"},"canonical":"https:\/\/xometry.eu\/fi\/kulutustavarat\/","og_locale":"fi_FI","og_type":"article","og_title":"Consumer Goods Industry","og_description":"Innovoi nopeammin hy\u00f6dynt\u00e4m\u00e4ll\u00e4 Xometryn suurta tuotantokapasiteettia, verkostoa ja asiantuntemusta kulutustavarateollisuudessa.","og_url":"https:\/\/xometry.eu\/fi\/kulutustavarat\/","og_site_name":"Xometry Europe","article_modified_time":"2024-02-09T07:45:27+00:00","og_image":[{"width":2560,"height":1920,"url":"https:\/\/xometry.eu\/wp-content\/uploads\/2023\/08\/Consumer-Goods-Industry-scaled.jpg","type":"image\/jpeg"}],"twitter_card":"summary_large_image","schema":{"@context":"https:\/\/schema.org","@graph":[{"@type":"WebPage","@id":"https:\/\/xometry.eu\/fi\/kulutustavarat\/","url":"https:\/\/xometry.eu\/fi\/kulutustavarat\/","name":"Prototyypit ja sarjatuotanto-osat kulutustavarateollisuudelle | Xometry","isPartOf":{"@id":"https:\/\/xometry.eu\/fi\/#website"},"primaryImageOfPage":{"@id":"https:\/\/xometry.eu\/fi\/kulutustavarat\/#primaryimage"},"image":{"@id":"https:\/\/xometry.eu\/fi\/kulutustavarat\/#primaryimage"},"thumbnailUrl":"https:\/\/xometry.eu\/wp-content\/uploads\/2023\/08\/Consumer-Goods-Industry-scaled.jpg","datePublished":"2023-08-16T15:47:20+00:00","dateModified":"2024-02-09T07:45:27+00:00","description":"Innovoi nopeammin hy\u00f6dynt\u00e4m\u00e4ll\u00e4 Xometryn suurta tuotantokapasiteettia, verkostoa ja asiantuntemusta kulutustavarateollisuudessa.","breadcrumb":{"@id":"https:\/\/xometry.eu\/fi\/kulutustavarat\/#breadcrumb"},"inLanguage":"fi","potentialAction":[{"@type":"ReadAction","target":["https:\/\/xometry.eu\/fi\/kulutustavarat\/"]}]},{"@type":"ImageObject","inLanguage":"fi","@id":"https:\/\/xometry.eu\/fi\/kulutustavarat\/#primaryimage","url":"https:\/\/xometry.eu\/wp-content\/uploads\/2023\/08\/Consumer-Goods-Industry-scaled.jpg","contentUrl":"https:\/\/xometry.eu\/wp-content\/uploads\/2023\/08\/Consumer-Goods-Industry-scaled.jpg","width":2560,"height":1920,"caption":"Group of home appliances and consumer electronics isolated on white background. 3D illustration."},{"@type":"BreadcrumbList","@id":"https:\/\/xometry.eu\/fi\/kulutustavarat\/#breadcrumb","itemListElement":[{"@type":"ListItem","position":1,"name":"Home","item":"https:\/\/xometry.eu\/fi\/"},{"@type":"ListItem","position":2,"name":"Consumer Goods Industry"}]},{"@type":"WebSite","@id":"https:\/\/xometry.eu\/fi\/#website","url":"https:\/\/xometry.eu\/fi\/","name":"Xometry Europe","description":"","publisher":{"@id":"https:\/\/xometry.eu\/fi\/#organization"},"potentialAction":[{"@type":"SearchAction","target":{"@type":"EntryPoint","urlTemplate":"https:\/\/xometry.eu\/fi\/?s={search_term_string}"},"query-input":{"@type":"PropertyValueSpecification","valueRequired":true,"valueName":"search_term_string"}}],"inLanguage":"fi"}]}},"_links":{"self":[{"href":"https:\/\/xometry.eu\/fi\/wp-json\/wp\/v2\/pages\/130755","targetHints":{"allow":["GET"]}}],"collection":[{"href":"https:\/\/xometry.eu\/fi\/wp-json\/wp\/v2\/pages"}],"about":[{"href":"https:\/\/xometry.eu\/fi\/wp-json\/wp\/v2\/types\/page"}],"author":[{"embeddable":true,"href":"https:\/\/xometry.eu\/fi\/wp-json\/wp\/v2\/users\/14"}],"replies":[{"embeddable":true,"href":"https:\/\/xometry.eu\/fi\/wp-json\/wp\/v2\/comments?post=130755"}],"version-history":[{"count":0,"href":"https:\/\/xometry.eu\/fi\/wp-json\/wp\/v2\/pages\/130755\/revisions"}],"wp:featuredmedia":[{"embeddable":true,"href":"https:\/\/xometry.eu\/fi\/wp-json\/wp\/v2\/media\/115366"}],"wp:attachment":[{"href":"https:\/\/xometry.eu\/fi\/wp-json\/wp\/v2\/media?parent=130755"}],"curies":[{"name":"wp","href":"https:\/\/api.w.org\/{rel}","templated":true}]}}