{"id":130750,"date":"2023-07-27T13:21:57","date_gmt":"2023-07-27T11:21:57","guid":{"rendered":"https:\/\/xometry.eu\/robotics-and-automation-industry\/"},"modified":"2024-02-09T09:24:21","modified_gmt":"2024-02-09T07:24:21","slug":"robotiikka-ja-automaatio","status":"publish","type":"page","link":"https:\/\/xometry.eu\/fi\/robotiikka-ja-automaatio\/","title":{"rendered":"Robotics and Automation Industry"},"content":{"rendered":"","protected":false},"excerpt":{"rendered":"","protected":false},"author":14,"featured_media":0,"parent":0,"menu_order":0,"comment_status":"closed","ping_status":"closed","template":"","meta":{"_acf_changed":false,"inline_featured_image":false,"footnotes":""},"class_list":["post-130750","page","type-page","status-publish","hentry"],"acf":[],"yoast_head":"<!-- This site is optimized with the Yoast SEO Premium plugin v20.5 (Yoast SEO v27.3) - https:\/\/yoast.com\/product\/yoast-seo-premium-wordpress\/ -->\n<title>Prototyypit ja sarjatuotanto-osat Robotiikka- ja automaatioteollisuudelle | Xometry<\/title>\n<meta name=\"description\" content=\"Innovoi nopeammin hy\u00f6dynt\u00e4m\u00e4ll\u00e4 v\u00e4litt\u00f6m\u00e4sti Xometryn suurta tuotantokapasiteettia, verkostoa sek\u00e4 robotiikkaan ja automaatioon liittyv\u00e4\u00e4 asiantuntemusta.\" \/>\n<meta name=\"robots\" content=\"index, follow, max-snippet:-1, max-image-preview:large, max-video-preview:-1\" \/>\n<link rel=\"canonical\" href=\"https:\/\/xometry.eu\/fi\/robotiikka-ja-automaatio\/\" \/>\n<meta property=\"og:locale\" content=\"fi_FI\" \/>\n<meta property=\"og:type\" content=\"article\" \/>\n<meta property=\"og:title\" content=\"Robotics and Automation Industry\" \/>\n<meta property=\"og:description\" content=\"Innovoi nopeammin hy\u00f6dynt\u00e4m\u00e4ll\u00e4 v\u00e4litt\u00f6m\u00e4sti Xometryn suurta tuotantokapasiteettia, verkostoa sek\u00e4 robotiikkaan ja automaatioon liittyv\u00e4\u00e4 asiantuntemusta.\" \/>\n<meta property=\"og:url\" content=\"https:\/\/xometry.eu\/fi\/robotiikka-ja-automaatio\/\" \/>\n<meta property=\"og:site_name\" content=\"Xometry Europe\" \/>\n<meta property=\"article:modified_time\" content=\"2024-02-09T07:24:21+00:00\" \/>\n<meta name=\"twitter:card\" content=\"summary_large_image\" \/>\n<script type=\"application\/ld+json\" class=\"yoast-schema-graph\">{\"@context\":\"https:\\\/\\\/schema.org\",\"@graph\":[{\"@type\":\"WebPage\",\"@id\":\"https:\\\/\\\/xometry.eu\\\/fi\\\/robotiikka-ja-automaatio\\\/\",\"url\":\"https:\\\/\\\/xometry.eu\\\/fi\\\/robotiikka-ja-automaatio\\\/\",\"name\":\"Prototyypit ja sarjatuotanto-osat Robotiikka- ja automaatioteollisuudelle | Xometry\",\"isPartOf\":{\"@id\":\"https:\\\/\\\/xometry.eu\\\/fi\\\/#website\"},\"datePublished\":\"2023-07-27T11:21:57+00:00\",\"dateModified\":\"2024-02-09T07:24:21+00:00\",\"description\":\"Innovoi nopeammin hy\u00f6dynt\u00e4m\u00e4ll\u00e4 v\u00e4litt\u00f6m\u00e4sti Xometryn suurta tuotantokapasiteettia, verkostoa sek\u00e4 robotiikkaan ja automaatioon liittyv\u00e4\u00e4 asiantuntemusta.\",\"breadcrumb\":{\"@id\":\"https:\\\/\\\/xometry.eu\\\/fi\\\/robotiikka-ja-automaatio\\\/#breadcrumb\"},\"inLanguage\":\"fi\",\"potentialAction\":[{\"@type\":\"ReadAction\",\"target\":[\"https:\\\/\\\/xometry.eu\\\/fi\\\/robotiikka-ja-automaatio\\\/\"]}]},{\"@type\":\"BreadcrumbList\",\"@id\":\"https:\\\/\\\/xometry.eu\\\/fi\\\/robotiikka-ja-automaatio\\\/#breadcrumb\",\"itemListElement\":[{\"@type\":\"ListItem\",\"position\":1,\"name\":\"Home\",\"item\":\"https:\\\/\\\/xometry.eu\\\/fi\\\/\"},{\"@type\":\"ListItem\",\"position\":2,\"name\":\"Robotics and Automation Industry\"}]},{\"@type\":\"WebSite\",\"@id\":\"https:\\\/\\\/xometry.eu\\\/fi\\\/#website\",\"url\":\"https:\\\/\\\/xometry.eu\\\/fi\\\/\",\"name\":\"Xometry Europe\",\"description\":\"\",\"publisher\":{\"@id\":\"https:\\\/\\\/xometry.eu\\\/fi\\\/#organization\"},\"potentialAction\":[{\"@type\":\"SearchAction\",\"target\":{\"@type\":\"EntryPoint\",\"urlTemplate\":\"https:\\\/\\\/xometry.eu\\\/fi\\\/?s={search_term_string}\"},\"query-input\":{\"@type\":\"PropertyValueSpecification\",\"valueRequired\":true,\"valueName\":\"search_term_string\"}}],\"inLanguage\":\"fi\"}]}<\/script>\n<!-- \/ Yoast SEO Premium plugin. -->","yoast_head_json":{"title":"Prototyypit ja sarjatuotanto-osat Robotiikka- ja automaatioteollisuudelle | Xometry","description":"Innovoi nopeammin hy\u00f6dynt\u00e4m\u00e4ll\u00e4 v\u00e4litt\u00f6m\u00e4sti Xometryn suurta tuotantokapasiteettia, verkostoa sek\u00e4 robotiikkaan ja automaatioon liittyv\u00e4\u00e4 asiantuntemusta.","robots":{"index":"index","follow":"follow","max-snippet":"max-snippet:-1","max-image-preview":"max-image-preview:large","max-video-preview":"max-video-preview:-1"},"canonical":"https:\/\/xometry.eu\/fi\/robotiikka-ja-automaatio\/","og_locale":"fi_FI","og_type":"article","og_title":"Robotics and Automation Industry","og_description":"Innovoi nopeammin hy\u00f6dynt\u00e4m\u00e4ll\u00e4 v\u00e4litt\u00f6m\u00e4sti Xometryn suurta tuotantokapasiteettia, verkostoa sek\u00e4 robotiikkaan ja automaatioon liittyv\u00e4\u00e4 asiantuntemusta.","og_url":"https:\/\/xometry.eu\/fi\/robotiikka-ja-automaatio\/","og_site_name":"Xometry Europe","article_modified_time":"2024-02-09T07:24:21+00:00","twitter_card":"summary_large_image","schema":{"@context":"https:\/\/schema.org","@graph":[{"@type":"WebPage","@id":"https:\/\/xometry.eu\/fi\/robotiikka-ja-automaatio\/","url":"https:\/\/xometry.eu\/fi\/robotiikka-ja-automaatio\/","name":"Prototyypit ja sarjatuotanto-osat Robotiikka- ja automaatioteollisuudelle | Xometry","isPartOf":{"@id":"https:\/\/xometry.eu\/fi\/#website"},"datePublished":"2023-07-27T11:21:57+00:00","dateModified":"2024-02-09T07:24:21+00:00","description":"Innovoi nopeammin hy\u00f6dynt\u00e4m\u00e4ll\u00e4 v\u00e4litt\u00f6m\u00e4sti Xometryn suurta tuotantokapasiteettia, verkostoa sek\u00e4 robotiikkaan ja automaatioon liittyv\u00e4\u00e4 asiantuntemusta.","breadcrumb":{"@id":"https:\/\/xometry.eu\/fi\/robotiikka-ja-automaatio\/#breadcrumb"},"inLanguage":"fi","potentialAction":[{"@type":"ReadAction","target":["https:\/\/xometry.eu\/fi\/robotiikka-ja-automaatio\/"]}]},{"@type":"BreadcrumbList","@id":"https:\/\/xometry.eu\/fi\/robotiikka-ja-automaatio\/#breadcrumb","itemListElement":[{"@type":"ListItem","position":1,"name":"Home","item":"https:\/\/xometry.eu\/fi\/"},{"@type":"ListItem","position":2,"name":"Robotics and Automation Industry"}]},{"@type":"WebSite","@id":"https:\/\/xometry.eu\/fi\/#website","url":"https:\/\/xometry.eu\/fi\/","name":"Xometry Europe","description":"","publisher":{"@id":"https:\/\/xometry.eu\/fi\/#organization"},"potentialAction":[{"@type":"SearchAction","target":{"@type":"EntryPoint","urlTemplate":"https:\/\/xometry.eu\/fi\/?s={search_term_string}"},"query-input":{"@type":"PropertyValueSpecification","valueRequired":true,"valueName":"search_term_string"}}],"inLanguage":"fi"}]}},"_links":{"self":[{"href":"https:\/\/xometry.eu\/fi\/wp-json\/wp\/v2\/pages\/130750","targetHints":{"allow":["GET"]}}],"collection":[{"href":"https:\/\/xometry.eu\/fi\/wp-json\/wp\/v2\/pages"}],"about":[{"href":"https:\/\/xometry.eu\/fi\/wp-json\/wp\/v2\/types\/page"}],"author":[{"embeddable":true,"href":"https:\/\/xometry.eu\/fi\/wp-json\/wp\/v2\/users\/14"}],"replies":[{"embeddable":true,"href":"https:\/\/xometry.eu\/fi\/wp-json\/wp\/v2\/comments?post=130750"}],"version-history":[{"count":0,"href":"https:\/\/xometry.eu\/fi\/wp-json\/wp\/v2\/pages\/130750\/revisions"}],"wp:attachment":[{"href":"https:\/\/xometry.eu\/fi\/wp-json\/wp\/v2\/media?parent=130750"}],"curies":[{"name":"wp","href":"https:\/\/api.w.org\/{rel}","templated":true}]}}