{"id":130687,"date":"2023-08-17T09:37:04","date_gmt":"2023-08-17T07:37:04","guid":{"rendered":"https:\/\/xometry.eu\/automotive-industry\/"},"modified":"2024-02-08T18:31:22","modified_gmt":"2024-02-08T16:31:22","slug":"autoteollisuus","status":"publish","type":"page","link":"https:\/\/xometry.eu\/fi\/autoteollisuus\/","title":{"rendered":"Automotive Industry"},"content":{"rendered":"","protected":false},"excerpt":{"rendered":"","protected":false},"author":14,"featured_media":115395,"parent":0,"menu_order":0,"comment_status":"closed","ping_status":"closed","template":"","meta":{"_acf_changed":false,"inline_featured_image":false,"footnotes":""},"class_list":["post-130687","page","type-page","status-publish","has-post-thumbnail","hentry"],"acf":[],"yoast_head":"<!-- This site is optimized with the Yoast SEO Premium plugin v20.5 (Yoast SEO v27.1.1) - https:\/\/yoast.com\/product\/yoast-seo-premium-wordpress\/ -->\n<title>Prototyypit ja sarjatuotanto-osat autoteollisuudelle | Xometry<\/title>\n<meta name=\"description\" content=\"Innovoi nopeammin hy\u00f6dynt\u00e4m\u00e4ll\u00e4 v\u00e4litt\u00f6m\u00e4sti Xometryn suurta tuotantokapasiteettia, verkostoa ja asiantuntemusta autoteollisuudessa.\" \/>\n<meta name=\"robots\" content=\"index, follow, max-snippet:-1, max-image-preview:large, max-video-preview:-1\" \/>\n<link rel=\"canonical\" href=\"https:\/\/xometry.eu\/fi\/autoteollisuus\/\" \/>\n<meta property=\"og:locale\" content=\"fi_FI\" \/>\n<meta property=\"og:type\" content=\"article\" \/>\n<meta property=\"og:title\" content=\"Automotive Industry\" \/>\n<meta property=\"og:description\" content=\"Innovoi nopeammin hy\u00f6dynt\u00e4m\u00e4ll\u00e4 v\u00e4litt\u00f6m\u00e4sti Xometryn suurta tuotantokapasiteettia, verkostoa ja asiantuntemusta autoteollisuudessa.\" \/>\n<meta property=\"og:url\" content=\"https:\/\/xometry.eu\/fi\/autoteollisuus\/\" \/>\n<meta property=\"og:site_name\" content=\"Xometry Europe\" \/>\n<meta property=\"article:modified_time\" content=\"2024-02-08T16:31:22+00:00\" \/>\n<meta property=\"og:image\" content=\"https:\/\/xometry.eu\/wp-content\/uploads\/2023\/08\/Automotive-Industry-scaled.jpg\" \/>\n\t<meta property=\"og:image:width\" content=\"2560\" \/>\n\t<meta property=\"og:image:height\" content=\"1708\" \/>\n\t<meta property=\"og:image:type\" content=\"image\/jpeg\" \/>\n<meta name=\"twitter:card\" content=\"summary_large_image\" \/>\n<script type=\"application\/ld+json\" class=\"yoast-schema-graph\">{\"@context\":\"https:\/\/schema.org\",\"@graph\":[{\"@type\":\"WebPage\",\"@id\":\"https:\/\/xometry.eu\/fi\/autoteollisuus\/\",\"url\":\"https:\/\/xometry.eu\/fi\/autoteollisuus\/\",\"name\":\"Prototyypit ja sarjatuotanto-osat autoteollisuudelle | Xometry\",\"isPartOf\":{\"@id\":\"https:\/\/xometry.eu\/fi\/#website\"},\"primaryImageOfPage\":{\"@id\":\"https:\/\/xometry.eu\/fi\/autoteollisuus\/#primaryimage\"},\"image\":{\"@id\":\"https:\/\/xometry.eu\/fi\/autoteollisuus\/#primaryimage\"},\"thumbnailUrl\":\"https:\/\/xometry.eu\/wp-content\/uploads\/2023\/08\/Automotive-Industry-scaled.jpg\",\"datePublished\":\"2023-08-17T07:37:04+00:00\",\"dateModified\":\"2024-02-08T16:31:22+00:00\",\"description\":\"Innovoi nopeammin hy\u00f6dynt\u00e4m\u00e4ll\u00e4 v\u00e4litt\u00f6m\u00e4sti Xometryn suurta tuotantokapasiteettia, verkostoa ja asiantuntemusta autoteollisuudessa.\",\"breadcrumb\":{\"@id\":\"https:\/\/xometry.eu\/fi\/autoteollisuus\/#breadcrumb\"},\"inLanguage\":\"fi\",\"potentialAction\":[{\"@type\":\"ReadAction\",\"target\":[\"https:\/\/xometry.eu\/fi\/autoteollisuus\/\"]}]},{\"@type\":\"ImageObject\",\"inLanguage\":\"fi\",\"@id\":\"https:\/\/xometry.eu\/fi\/autoteollisuus\/#primaryimage\",\"url\":\"https:\/\/xometry.eu\/wp-content\/uploads\/2023\/08\/Automotive-Industry-scaled.jpg\",\"contentUrl\":\"https:\/\/xometry.eu\/wp-content\/uploads\/2023\/08\/Automotive-Industry-scaled.jpg\",\"width\":2560,\"height\":1708,\"caption\":\"Chassis of the electric, hybrid car with powertrain. Blue toned.\"},{\"@type\":\"BreadcrumbList\",\"@id\":\"https:\/\/xometry.eu\/fi\/autoteollisuus\/#breadcrumb\",\"itemListElement\":[{\"@type\":\"ListItem\",\"position\":1,\"name\":\"Home\",\"item\":\"https:\/\/xometry.eu\/fi\/\"},{\"@type\":\"ListItem\",\"position\":2,\"name\":\"Automotive Industry\"}]},{\"@type\":\"WebSite\",\"@id\":\"https:\/\/xometry.eu\/fi\/#website\",\"url\":\"https:\/\/xometry.eu\/fi\/\",\"name\":\"Xometry Europe\",\"description\":\"\",\"publisher\":{\"@id\":\"https:\/\/xometry.eu\/fi\/#organization\"},\"potentialAction\":[{\"@type\":\"SearchAction\",\"target\":{\"@type\":\"EntryPoint\",\"urlTemplate\":\"https:\/\/xometry.eu\/fi\/?s={search_term_string}\"},\"query-input\":{\"@type\":\"PropertyValueSpecification\",\"valueRequired\":true,\"valueName\":\"search_term_string\"}}],\"inLanguage\":\"fi\"}]}<\/script>\n<!-- \/ Yoast SEO Premium plugin. -->","yoast_head_json":{"title":"Prototyypit ja sarjatuotanto-osat autoteollisuudelle | Xometry","description":"Innovoi nopeammin hy\u00f6dynt\u00e4m\u00e4ll\u00e4 v\u00e4litt\u00f6m\u00e4sti Xometryn suurta tuotantokapasiteettia, verkostoa ja asiantuntemusta autoteollisuudessa.","robots":{"index":"index","follow":"follow","max-snippet":"max-snippet:-1","max-image-preview":"max-image-preview:large","max-video-preview":"max-video-preview:-1"},"canonical":"https:\/\/xometry.eu\/fi\/autoteollisuus\/","og_locale":"fi_FI","og_type":"article","og_title":"Automotive Industry","og_description":"Innovoi nopeammin hy\u00f6dynt\u00e4m\u00e4ll\u00e4 v\u00e4litt\u00f6m\u00e4sti Xometryn suurta tuotantokapasiteettia, verkostoa ja asiantuntemusta autoteollisuudessa.","og_url":"https:\/\/xometry.eu\/fi\/autoteollisuus\/","og_site_name":"Xometry Europe","article_modified_time":"2024-02-08T16:31:22+00:00","og_image":[{"width":2560,"height":1708,"url":"https:\/\/xometry.eu\/wp-content\/uploads\/2023\/08\/Automotive-Industry-scaled.jpg","type":"image\/jpeg"}],"twitter_card":"summary_large_image","schema":{"@context":"https:\/\/schema.org","@graph":[{"@type":"WebPage","@id":"https:\/\/xometry.eu\/fi\/autoteollisuus\/","url":"https:\/\/xometry.eu\/fi\/autoteollisuus\/","name":"Prototyypit ja sarjatuotanto-osat autoteollisuudelle | Xometry","isPartOf":{"@id":"https:\/\/xometry.eu\/fi\/#website"},"primaryImageOfPage":{"@id":"https:\/\/xometry.eu\/fi\/autoteollisuus\/#primaryimage"},"image":{"@id":"https:\/\/xometry.eu\/fi\/autoteollisuus\/#primaryimage"},"thumbnailUrl":"https:\/\/xometry.eu\/wp-content\/uploads\/2023\/08\/Automotive-Industry-scaled.jpg","datePublished":"2023-08-17T07:37:04+00:00","dateModified":"2024-02-08T16:31:22+00:00","description":"Innovoi nopeammin hy\u00f6dynt\u00e4m\u00e4ll\u00e4 v\u00e4litt\u00f6m\u00e4sti Xometryn suurta tuotantokapasiteettia, verkostoa ja asiantuntemusta autoteollisuudessa.","breadcrumb":{"@id":"https:\/\/xometry.eu\/fi\/autoteollisuus\/#breadcrumb"},"inLanguage":"fi","potentialAction":[{"@type":"ReadAction","target":["https:\/\/xometry.eu\/fi\/autoteollisuus\/"]}]},{"@type":"ImageObject","inLanguage":"fi","@id":"https:\/\/xometry.eu\/fi\/autoteollisuus\/#primaryimage","url":"https:\/\/xometry.eu\/wp-content\/uploads\/2023\/08\/Automotive-Industry-scaled.jpg","contentUrl":"https:\/\/xometry.eu\/wp-content\/uploads\/2023\/08\/Automotive-Industry-scaled.jpg","width":2560,"height":1708,"caption":"Chassis of the electric, hybrid car with powertrain. Blue toned."},{"@type":"BreadcrumbList","@id":"https:\/\/xometry.eu\/fi\/autoteollisuus\/#breadcrumb","itemListElement":[{"@type":"ListItem","position":1,"name":"Home","item":"https:\/\/xometry.eu\/fi\/"},{"@type":"ListItem","position":2,"name":"Automotive Industry"}]},{"@type":"WebSite","@id":"https:\/\/xometry.eu\/fi\/#website","url":"https:\/\/xometry.eu\/fi\/","name":"Xometry Europe","description":"","publisher":{"@id":"https:\/\/xometry.eu\/fi\/#organization"},"potentialAction":[{"@type":"SearchAction","target":{"@type":"EntryPoint","urlTemplate":"https:\/\/xometry.eu\/fi\/?s={search_term_string}"},"query-input":{"@type":"PropertyValueSpecification","valueRequired":true,"valueName":"search_term_string"}}],"inLanguage":"fi"}]}},"_links":{"self":[{"href":"https:\/\/xometry.eu\/fi\/wp-json\/wp\/v2\/pages\/130687","targetHints":{"allow":["GET"]}}],"collection":[{"href":"https:\/\/xometry.eu\/fi\/wp-json\/wp\/v2\/pages"}],"about":[{"href":"https:\/\/xometry.eu\/fi\/wp-json\/wp\/v2\/types\/page"}],"author":[{"embeddable":true,"href":"https:\/\/xometry.eu\/fi\/wp-json\/wp\/v2\/users\/14"}],"replies":[{"embeddable":true,"href":"https:\/\/xometry.eu\/fi\/wp-json\/wp\/v2\/comments?post=130687"}],"version-history":[{"count":0,"href":"https:\/\/xometry.eu\/fi\/wp-json\/wp\/v2\/pages\/130687\/revisions"}],"wp:featuredmedia":[{"embeddable":true,"href":"https:\/\/xometry.eu\/fi\/wp-json\/wp\/v2\/media\/115395"}],"wp:attachment":[{"href":"https:\/\/xometry.eu\/fi\/wp-json\/wp\/v2\/media?parent=130687"}],"curies":[{"name":"wp","href":"https:\/\/api.w.org\/{rel}","templated":true}]}}