{"id":127835,"date":"2023-12-05T17:28:20","date_gmt":"2023-12-05T15:28:20","guid":{"rendered":"https:\/\/xometry.eu\/hs-code\/"},"modified":"2024-01-24T12:23:19","modified_gmt":"2024-01-24T10:23:19","slug":"hs-code","status":"publish","type":"page","link":"https:\/\/xometry.eu\/fi\/hs-code\/","title":{"rendered":"HS Code"},"content":{"rendered":"","protected":false},"excerpt":{"rendered":"","protected":false},"author":10,"featured_media":0,"parent":0,"menu_order":0,"comment_status":"closed","ping_status":"closed","template":"","meta":{"_acf_changed":false,"inline_featured_image":false,"footnotes":""},"class_list":["post-127835","page","type-page","status-publish","hentry"],"acf":[],"yoast_head":"<!-- This site is optimized with the Yoast SEO Premium plugin v20.5 (Yoast SEO v27.1.1) - https:\/\/yoast.com\/product\/yoast-seo-premium-wordpress\/ -->\n<title>HS-koodit kansainv\u00e4lisiin toimituksiin | Xometry Europe<\/title>\n<meta name=\"description\" content=\"Opi mik\u00e4 HS-koodi on, miten l\u00f6yd\u00e4t oikean koodin ja miksi sinun on v\u00e4ltt\u00e4m\u00e4t\u00f6nt\u00e4 antaa oikea HS-koodi, kun tilaat r\u00e4\u00e4t\u00e4l\u00f6ityj\u00e4 osia kansainv\u00e4lisesti.\" \/>\n<meta name=\"robots\" content=\"index, follow, max-snippet:-1, max-image-preview:large, max-video-preview:-1\" \/>\n<link rel=\"canonical\" href=\"https:\/\/xometry.eu\/fi\/hs-code\/\" \/>\n<meta property=\"og:locale\" content=\"fi_FI\" \/>\n<meta property=\"og:type\" content=\"article\" \/>\n<meta property=\"og:title\" content=\"HS Code\" \/>\n<meta property=\"og:description\" content=\"Opi mik\u00e4 HS-koodi on, miten l\u00f6yd\u00e4t oikean koodin ja miksi sinun on v\u00e4ltt\u00e4m\u00e4t\u00f6nt\u00e4 antaa oikea HS-koodi, kun tilaat r\u00e4\u00e4t\u00e4l\u00f6ityj\u00e4 osia kansainv\u00e4lisesti.\" \/>\n<meta property=\"og:url\" content=\"https:\/\/xometry.eu\/fi\/hs-code\/\" \/>\n<meta property=\"og:site_name\" content=\"Xometry Europe\" \/>\n<meta property=\"article:modified_time\" content=\"2024-01-24T10:23:19+00:00\" \/>\n<meta name=\"twitter:card\" content=\"summary_large_image\" \/>\n<script type=\"application\/ld+json\" class=\"yoast-schema-graph\">{\"@context\":\"https:\/\/schema.org\",\"@graph\":[{\"@type\":\"WebPage\",\"@id\":\"https:\/\/xometry.eu\/fi\/hs-code\/\",\"url\":\"https:\/\/xometry.eu\/fi\/hs-code\/\",\"name\":\"HS-koodit kansainv\u00e4lisiin toimituksiin | Xometry Europe\",\"isPartOf\":{\"@id\":\"https:\/\/xometry.eu\/fi\/#website\"},\"datePublished\":\"2023-12-05T15:28:20+00:00\",\"dateModified\":\"2024-01-24T10:23:19+00:00\",\"description\":\"Opi mik\u00e4 HS-koodi on, miten l\u00f6yd\u00e4t oikean koodin ja miksi sinun on v\u00e4ltt\u00e4m\u00e4t\u00f6nt\u00e4 antaa oikea HS-koodi, kun tilaat r\u00e4\u00e4t\u00e4l\u00f6ityj\u00e4 osia kansainv\u00e4lisesti.\",\"breadcrumb\":{\"@id\":\"https:\/\/xometry.eu\/fi\/hs-code\/#breadcrumb\"},\"inLanguage\":\"fi\",\"potentialAction\":[{\"@type\":\"ReadAction\",\"target\":[\"https:\/\/xometry.eu\/fi\/hs-code\/\"]}]},{\"@type\":\"BreadcrumbList\",\"@id\":\"https:\/\/xometry.eu\/fi\/hs-code\/#breadcrumb\",\"itemListElement\":[{\"@type\":\"ListItem\",\"position\":1,\"name\":\"Home\",\"item\":\"https:\/\/xometry.eu\/fi\/\"},{\"@type\":\"ListItem\",\"position\":2,\"name\":\"HS Code\"}]},{\"@type\":\"WebSite\",\"@id\":\"https:\/\/xometry.eu\/fi\/#website\",\"url\":\"https:\/\/xometry.eu\/fi\/\",\"name\":\"Xometry Europe\",\"description\":\"\",\"publisher\":{\"@id\":\"https:\/\/xometry.eu\/fi\/#organization\"},\"potentialAction\":[{\"@type\":\"SearchAction\",\"target\":{\"@type\":\"EntryPoint\",\"urlTemplate\":\"https:\/\/xometry.eu\/fi\/?s={search_term_string}\"},\"query-input\":{\"@type\":\"PropertyValueSpecification\",\"valueRequired\":true,\"valueName\":\"search_term_string\"}}],\"inLanguage\":\"fi\"}]}<\/script>\n<!-- \/ Yoast SEO Premium plugin. -->","yoast_head_json":{"title":"HS-koodit kansainv\u00e4lisiin toimituksiin | Xometry Europe","description":"Opi mik\u00e4 HS-koodi on, miten l\u00f6yd\u00e4t oikean koodin ja miksi sinun on v\u00e4ltt\u00e4m\u00e4t\u00f6nt\u00e4 antaa oikea HS-koodi, kun tilaat r\u00e4\u00e4t\u00e4l\u00f6ityj\u00e4 osia kansainv\u00e4lisesti.","robots":{"index":"index","follow":"follow","max-snippet":"max-snippet:-1","max-image-preview":"max-image-preview:large","max-video-preview":"max-video-preview:-1"},"canonical":"https:\/\/xometry.eu\/fi\/hs-code\/","og_locale":"fi_FI","og_type":"article","og_title":"HS Code","og_description":"Opi mik\u00e4 HS-koodi on, miten l\u00f6yd\u00e4t oikean koodin ja miksi sinun on v\u00e4ltt\u00e4m\u00e4t\u00f6nt\u00e4 antaa oikea HS-koodi, kun tilaat r\u00e4\u00e4t\u00e4l\u00f6ityj\u00e4 osia kansainv\u00e4lisesti.","og_url":"https:\/\/xometry.eu\/fi\/hs-code\/","og_site_name":"Xometry Europe","article_modified_time":"2024-01-24T10:23:19+00:00","twitter_card":"summary_large_image","schema":{"@context":"https:\/\/schema.org","@graph":[{"@type":"WebPage","@id":"https:\/\/xometry.eu\/fi\/hs-code\/","url":"https:\/\/xometry.eu\/fi\/hs-code\/","name":"HS-koodit kansainv\u00e4lisiin toimituksiin | Xometry Europe","isPartOf":{"@id":"https:\/\/xometry.eu\/fi\/#website"},"datePublished":"2023-12-05T15:28:20+00:00","dateModified":"2024-01-24T10:23:19+00:00","description":"Opi mik\u00e4 HS-koodi on, miten l\u00f6yd\u00e4t oikean koodin ja miksi sinun on v\u00e4ltt\u00e4m\u00e4t\u00f6nt\u00e4 antaa oikea HS-koodi, kun tilaat r\u00e4\u00e4t\u00e4l\u00f6ityj\u00e4 osia kansainv\u00e4lisesti.","breadcrumb":{"@id":"https:\/\/xometry.eu\/fi\/hs-code\/#breadcrumb"},"inLanguage":"fi","potentialAction":[{"@type":"ReadAction","target":["https:\/\/xometry.eu\/fi\/hs-code\/"]}]},{"@type":"BreadcrumbList","@id":"https:\/\/xometry.eu\/fi\/hs-code\/#breadcrumb","itemListElement":[{"@type":"ListItem","position":1,"name":"Home","item":"https:\/\/xometry.eu\/fi\/"},{"@type":"ListItem","position":2,"name":"HS Code"}]},{"@type":"WebSite","@id":"https:\/\/xometry.eu\/fi\/#website","url":"https:\/\/xometry.eu\/fi\/","name":"Xometry Europe","description":"","publisher":{"@id":"https:\/\/xometry.eu\/fi\/#organization"},"potentialAction":[{"@type":"SearchAction","target":{"@type":"EntryPoint","urlTemplate":"https:\/\/xometry.eu\/fi\/?s={search_term_string}"},"query-input":{"@type":"PropertyValueSpecification","valueRequired":true,"valueName":"search_term_string"}}],"inLanguage":"fi"}]}},"_links":{"self":[{"href":"https:\/\/xometry.eu\/fi\/wp-json\/wp\/v2\/pages\/127835","targetHints":{"allow":["GET"]}}],"collection":[{"href":"https:\/\/xometry.eu\/fi\/wp-json\/wp\/v2\/pages"}],"about":[{"href":"https:\/\/xometry.eu\/fi\/wp-json\/wp\/v2\/types\/page"}],"author":[{"embeddable":true,"href":"https:\/\/xometry.eu\/fi\/wp-json\/wp\/v2\/users\/10"}],"replies":[{"embeddable":true,"href":"https:\/\/xometry.eu\/fi\/wp-json\/wp\/v2\/comments?post=127835"}],"version-history":[{"count":0,"href":"https:\/\/xometry.eu\/fi\/wp-json\/wp\/v2\/pages\/127835\/revisions"}],"wp:attachment":[{"href":"https:\/\/xometry.eu\/fi\/wp-json\/wp\/v2\/media?parent=127835"}],"curies":[{"name":"wp","href":"https:\/\/api.w.org\/{rel}","templated":true}]}}