{"id":111107,"date":"2023-06-26T11:44:45","date_gmt":"2023-06-26T09:44:45","guid":{"rendered":"https:\/\/xometry.eu\/?page_id=111107"},"modified":"2023-12-07T10:56:28","modified_gmt":"2023-12-07T08:56:28","slug":"autodesk-fusion-360","status":"publish","type":"page","link":"https:\/\/xometry.eu\/fi\/autodesk-fusion-360\/","title":{"rendered":"Xometry Autodesk Fusion 360 -lis\u00e4osa"},"content":{"rendered":"","protected":false},"excerpt":{"rendered":"","protected":false},"author":10,"featured_media":0,"parent":0,"menu_order":0,"comment_status":"closed","ping_status":"closed","template":"","meta":{"_acf_changed":false,"inline_featured_image":false,"footnotes":""},"class_list":["post-111107","page","type-page","status-publish","hentry"],"acf":[],"yoast_head":"<!-- This site is optimized with the Yoast SEO Premium plugin v20.5 (Yoast SEO v27.3) - https:\/\/yoast.com\/product\/yoast-seo-premium-wordpress\/ -->\n<title>Xometry Autodesk Fusion 360 -lis\u00e4osa | Xometry Europe<\/title>\n<meta name=\"description\" content=\"Xometry Autodesk Fusion 360 -lis\u00e4osa on nyt saatavilla eurooppalaisille k\u00e4ytt\u00e4jille. Ilmainen kaikille k\u00e4ytt\u00e4jille.\" \/>\n<meta name=\"robots\" content=\"index, follow, max-snippet:-1, max-image-preview:large, max-video-preview:-1\" \/>\n<link rel=\"canonical\" href=\"https:\/\/xometry.eu\/fi\/autodesk-fusion-360\/\" \/>\n<meta property=\"og:locale\" content=\"fi_FI\" \/>\n<meta property=\"og:type\" content=\"article\" \/>\n<meta property=\"og:title\" content=\"Xometry Autodesk Fusion 360 -lis\u00e4osa\" \/>\n<meta property=\"og:description\" content=\"Xometry Autodesk Fusion 360 -lis\u00e4osa on nyt saatavilla eurooppalaisille k\u00e4ytt\u00e4jille. Ilmainen kaikille k\u00e4ytt\u00e4jille.\" \/>\n<meta property=\"og:url\" content=\"https:\/\/xometry.eu\/fi\/autodesk-fusion-360\/\" \/>\n<meta property=\"og:site_name\" content=\"Xometry Europe\" \/>\n<meta property=\"article:modified_time\" content=\"2023-12-07T08:56:28+00:00\" \/>\n<meta name=\"twitter:card\" content=\"summary_large_image\" \/>\n<script type=\"application\/ld+json\" class=\"yoast-schema-graph\">{\"@context\":\"https:\\\/\\\/schema.org\",\"@graph\":[{\"@type\":\"WebPage\",\"@id\":\"https:\\\/\\\/xometry.eu\\\/fi\\\/autodesk-fusion-360\\\/\",\"url\":\"https:\\\/\\\/xometry.eu\\\/fi\\\/autodesk-fusion-360\\\/\",\"name\":\"Xometry Autodesk Fusion 360 -lis\u00e4osa | Xometry Europe\",\"isPartOf\":{\"@id\":\"https:\\\/\\\/xometry.eu\\\/fi\\\/#website\"},\"datePublished\":\"2023-06-26T09:44:45+00:00\",\"dateModified\":\"2023-12-07T08:56:28+00:00\",\"description\":\"Xometry Autodesk Fusion 360 -lis\u00e4osa on nyt saatavilla eurooppalaisille k\u00e4ytt\u00e4jille. Ilmainen kaikille k\u00e4ytt\u00e4jille.\",\"breadcrumb\":{\"@id\":\"https:\\\/\\\/xometry.eu\\\/fi\\\/autodesk-fusion-360\\\/#breadcrumb\"},\"inLanguage\":\"fi\",\"potentialAction\":[{\"@type\":\"ReadAction\",\"target\":[\"https:\\\/\\\/xometry.eu\\\/fi\\\/autodesk-fusion-360\\\/\"]}]},{\"@type\":\"BreadcrumbList\",\"@id\":\"https:\\\/\\\/xometry.eu\\\/fi\\\/autodesk-fusion-360\\\/#breadcrumb\",\"itemListElement\":[{\"@type\":\"ListItem\",\"position\":1,\"name\":\"Home\",\"item\":\"https:\\\/\\\/xometry.eu\\\/fi\\\/\"},{\"@type\":\"ListItem\",\"position\":2,\"name\":\"Xometry Autodesk Fusion 360 -lis\u00e4osa\"}]},{\"@type\":\"WebSite\",\"@id\":\"https:\\\/\\\/xometry.eu\\\/fi\\\/#website\",\"url\":\"https:\\\/\\\/xometry.eu\\\/fi\\\/\",\"name\":\"Xometry Europe\",\"description\":\"\",\"publisher\":{\"@id\":\"https:\\\/\\\/xometry.eu\\\/fi\\\/#organization\"},\"potentialAction\":[{\"@type\":\"SearchAction\",\"target\":{\"@type\":\"EntryPoint\",\"urlTemplate\":\"https:\\\/\\\/xometry.eu\\\/fi\\\/?s={search_term_string}\"},\"query-input\":{\"@type\":\"PropertyValueSpecification\",\"valueRequired\":true,\"valueName\":\"search_term_string\"}}],\"inLanguage\":\"fi\"}]}<\/script>\n<!-- \/ Yoast SEO Premium plugin. -->","yoast_head_json":{"title":"Xometry Autodesk Fusion 360 -lis\u00e4osa | Xometry Europe","description":"Xometry Autodesk Fusion 360 -lis\u00e4osa on nyt saatavilla eurooppalaisille k\u00e4ytt\u00e4jille. Ilmainen kaikille k\u00e4ytt\u00e4jille.","robots":{"index":"index","follow":"follow","max-snippet":"max-snippet:-1","max-image-preview":"max-image-preview:large","max-video-preview":"max-video-preview:-1"},"canonical":"https:\/\/xometry.eu\/fi\/autodesk-fusion-360\/","og_locale":"fi_FI","og_type":"article","og_title":"Xometry Autodesk Fusion 360 -lis\u00e4osa","og_description":"Xometry Autodesk Fusion 360 -lis\u00e4osa on nyt saatavilla eurooppalaisille k\u00e4ytt\u00e4jille. Ilmainen kaikille k\u00e4ytt\u00e4jille.","og_url":"https:\/\/xometry.eu\/fi\/autodesk-fusion-360\/","og_site_name":"Xometry Europe","article_modified_time":"2023-12-07T08:56:28+00:00","twitter_card":"summary_large_image","schema":{"@context":"https:\/\/schema.org","@graph":[{"@type":"WebPage","@id":"https:\/\/xometry.eu\/fi\/autodesk-fusion-360\/","url":"https:\/\/xometry.eu\/fi\/autodesk-fusion-360\/","name":"Xometry Autodesk Fusion 360 -lis\u00e4osa | Xometry Europe","isPartOf":{"@id":"https:\/\/xometry.eu\/fi\/#website"},"datePublished":"2023-06-26T09:44:45+00:00","dateModified":"2023-12-07T08:56:28+00:00","description":"Xometry Autodesk Fusion 360 -lis\u00e4osa on nyt saatavilla eurooppalaisille k\u00e4ytt\u00e4jille. Ilmainen kaikille k\u00e4ytt\u00e4jille.","breadcrumb":{"@id":"https:\/\/xometry.eu\/fi\/autodesk-fusion-360\/#breadcrumb"},"inLanguage":"fi","potentialAction":[{"@type":"ReadAction","target":["https:\/\/xometry.eu\/fi\/autodesk-fusion-360\/"]}]},{"@type":"BreadcrumbList","@id":"https:\/\/xometry.eu\/fi\/autodesk-fusion-360\/#breadcrumb","itemListElement":[{"@type":"ListItem","position":1,"name":"Home","item":"https:\/\/xometry.eu\/fi\/"},{"@type":"ListItem","position":2,"name":"Xometry Autodesk Fusion 360 -lis\u00e4osa"}]},{"@type":"WebSite","@id":"https:\/\/xometry.eu\/fi\/#website","url":"https:\/\/xometry.eu\/fi\/","name":"Xometry Europe","description":"","publisher":{"@id":"https:\/\/xometry.eu\/fi\/#organization"},"potentialAction":[{"@type":"SearchAction","target":{"@type":"EntryPoint","urlTemplate":"https:\/\/xometry.eu\/fi\/?s={search_term_string}"},"query-input":{"@type":"PropertyValueSpecification","valueRequired":true,"valueName":"search_term_string"}}],"inLanguage":"fi"}]}},"_links":{"self":[{"href":"https:\/\/xometry.eu\/fi\/wp-json\/wp\/v2\/pages\/111107","targetHints":{"allow":["GET"]}}],"collection":[{"href":"https:\/\/xometry.eu\/fi\/wp-json\/wp\/v2\/pages"}],"about":[{"href":"https:\/\/xometry.eu\/fi\/wp-json\/wp\/v2\/types\/page"}],"author":[{"embeddable":true,"href":"https:\/\/xometry.eu\/fi\/wp-json\/wp\/v2\/users\/10"}],"replies":[{"embeddable":true,"href":"https:\/\/xometry.eu\/fi\/wp-json\/wp\/v2\/comments?post=111107"}],"version-history":[{"count":0,"href":"https:\/\/xometry.eu\/fi\/wp-json\/wp\/v2\/pages\/111107\/revisions"}],"wp:attachment":[{"href":"https:\/\/xometry.eu\/fi\/wp-json\/wp\/v2\/media?parent=111107"}],"curies":[{"name":"wp","href":"https:\/\/api.w.org\/{rel}","templated":true}]}}