{"id":81288,"date":"2022-09-08T15:41:57","date_gmt":"2022-09-08T13:41:57","guid":{"rendered":"https:\/\/xometry.eu\/machine-building-industry\/"},"modified":"2026-03-13T17:42:23","modified_gmt":"2026-03-13T15:42:23","slug":"industria-de-la-construccion-de-maquinaria","status":"publish","type":"page","link":"https:\/\/xometry.eu\/es\/industria-de-la-construccion-de-maquinaria\/","title":{"rendered":"Machine Building Industry"},"content":{"rendered":"","protected":false},"excerpt":{"rendered":"","protected":false},"author":10,"featured_media":0,"parent":0,"menu_order":0,"comment_status":"closed","ping_status":"closed","template":"","meta":{"_acf_changed":false,"inline_featured_image":false,"footnotes":""},"class_list":["post-81288","page","type-page","status-publish","hentry"],"acf":[],"yoast_head":"<!-- This site is optimized with the Yoast SEO Premium plugin v20.5 (Yoast SEO v27.1.1) - https:\/\/yoast.com\/product\/yoast-seo-premium-wordpress\/ -->\n<title>Industria de la construcci\u00f3n de maquinaria | Xometry Europe<\/title>\n<meta name=\"description\" content=\"Xometry ayuda a la industria de la construcci\u00f3n de maquinaria a tener una cadena de suministro \u00e1gil y a escalar din\u00e1micamente la capacidad de fabricaci\u00f3n.\" \/>\n<meta name=\"robots\" content=\"index, follow, max-snippet:-1, max-image-preview:large, max-video-preview:-1\" \/>\n<link rel=\"canonical\" href=\"https:\/\/xometry.eu\/es\/industria-de-la-construccion-de-maquinaria\/\" \/>\n<meta property=\"og:locale\" content=\"es_ES\" \/>\n<meta property=\"og:type\" content=\"article\" \/>\n<meta property=\"og:title\" content=\"Machine Building Industry\" \/>\n<meta property=\"og:description\" content=\"Xometry ayuda a la industria de la construcci\u00f3n de maquinaria a tener una cadena de suministro \u00e1gil y a escalar din\u00e1micamente la capacidad de fabricaci\u00f3n.\" \/>\n<meta property=\"og:url\" content=\"https:\/\/xometry.eu\/es\/industria-de-la-construccion-de-maquinaria\/\" \/>\n<meta property=\"og:site_name\" content=\"Xometry Europe\" \/>\n<meta property=\"article:modified_time\" content=\"2026-03-13T15:42:23+00:00\" \/>\n<meta name=\"twitter:card\" content=\"summary_large_image\" \/>\n<script type=\"application\/ld+json\" class=\"yoast-schema-graph\">{\"@context\":\"https:\/\/schema.org\",\"@graph\":[{\"@type\":\"WebPage\",\"@id\":\"https:\/\/xometry.eu\/es\/industria-de-la-construccion-de-maquinaria\/\",\"url\":\"https:\/\/xometry.eu\/es\/industria-de-la-construccion-de-maquinaria\/\",\"name\":\"Industria de la construcci\u00f3n de maquinaria | Xometry Europe\",\"isPartOf\":{\"@id\":\"https:\/\/xometry.eu\/es\/#website\"},\"datePublished\":\"2022-09-08T13:41:57+00:00\",\"dateModified\":\"2026-03-13T15:42:23+00:00\",\"description\":\"Xometry ayuda a la industria de la construcci\u00f3n de maquinaria a tener una cadena de suministro \u00e1gil y a escalar din\u00e1micamente la capacidad de fabricaci\u00f3n.\",\"breadcrumb\":{\"@id\":\"https:\/\/xometry.eu\/es\/industria-de-la-construccion-de-maquinaria\/#breadcrumb\"},\"inLanguage\":\"es\",\"potentialAction\":[{\"@type\":\"ReadAction\",\"target\":[\"https:\/\/xometry.eu\/es\/industria-de-la-construccion-de-maquinaria\/\"]}]},{\"@type\":\"BreadcrumbList\",\"@id\":\"https:\/\/xometry.eu\/es\/industria-de-la-construccion-de-maquinaria\/#breadcrumb\",\"itemListElement\":[{\"@type\":\"ListItem\",\"position\":1,\"name\":\"Home\",\"item\":\"https:\/\/xometry.eu\/es\/\"},{\"@type\":\"ListItem\",\"position\":2,\"name\":\"Machine Building Industry\"}]},{\"@type\":\"WebSite\",\"@id\":\"https:\/\/xometry.eu\/es\/#website\",\"url\":\"https:\/\/xometry.eu\/es\/\",\"name\":\"Xometry Europe\",\"description\":\"\",\"publisher\":{\"@id\":\"https:\/\/xometry.eu\/es\/#organization\"},\"potentialAction\":[{\"@type\":\"SearchAction\",\"target\":{\"@type\":\"EntryPoint\",\"urlTemplate\":\"https:\/\/xometry.eu\/es\/?s={search_term_string}\"},\"query-input\":{\"@type\":\"PropertyValueSpecification\",\"valueRequired\":true,\"valueName\":\"search_term_string\"}}],\"inLanguage\":\"es\"}]}<\/script>\n<!-- \/ Yoast SEO Premium plugin. -->","yoast_head_json":{"title":"Industria de la construcci\u00f3n de maquinaria | Xometry Europe","description":"Xometry ayuda a la industria de la construcci\u00f3n de maquinaria a tener una cadena de suministro \u00e1gil y a escalar din\u00e1micamente la capacidad de fabricaci\u00f3n.","robots":{"index":"index","follow":"follow","max-snippet":"max-snippet:-1","max-image-preview":"max-image-preview:large","max-video-preview":"max-video-preview:-1"},"canonical":"https:\/\/xometry.eu\/es\/industria-de-la-construccion-de-maquinaria\/","og_locale":"es_ES","og_type":"article","og_title":"Machine Building Industry","og_description":"Xometry ayuda a la industria de la construcci\u00f3n de maquinaria a tener una cadena de suministro \u00e1gil y a escalar din\u00e1micamente la capacidad de fabricaci\u00f3n.","og_url":"https:\/\/xometry.eu\/es\/industria-de-la-construccion-de-maquinaria\/","og_site_name":"Xometry Europe","article_modified_time":"2026-03-13T15:42:23+00:00","twitter_card":"summary_large_image","schema":{"@context":"https:\/\/schema.org","@graph":[{"@type":"WebPage","@id":"https:\/\/xometry.eu\/es\/industria-de-la-construccion-de-maquinaria\/","url":"https:\/\/xometry.eu\/es\/industria-de-la-construccion-de-maquinaria\/","name":"Industria de la construcci\u00f3n de maquinaria | Xometry Europe","isPartOf":{"@id":"https:\/\/xometry.eu\/es\/#website"},"datePublished":"2022-09-08T13:41:57+00:00","dateModified":"2026-03-13T15:42:23+00:00","description":"Xometry ayuda a la industria de la construcci\u00f3n de maquinaria a tener una cadena de suministro \u00e1gil y a escalar din\u00e1micamente la capacidad de fabricaci\u00f3n.","breadcrumb":{"@id":"https:\/\/xometry.eu\/es\/industria-de-la-construccion-de-maquinaria\/#breadcrumb"},"inLanguage":"es","potentialAction":[{"@type":"ReadAction","target":["https:\/\/xometry.eu\/es\/industria-de-la-construccion-de-maquinaria\/"]}]},{"@type":"BreadcrumbList","@id":"https:\/\/xometry.eu\/es\/industria-de-la-construccion-de-maquinaria\/#breadcrumb","itemListElement":[{"@type":"ListItem","position":1,"name":"Home","item":"https:\/\/xometry.eu\/es\/"},{"@type":"ListItem","position":2,"name":"Machine Building Industry"}]},{"@type":"WebSite","@id":"https:\/\/xometry.eu\/es\/#website","url":"https:\/\/xometry.eu\/es\/","name":"Xometry Europe","description":"","publisher":{"@id":"https:\/\/xometry.eu\/es\/#organization"},"potentialAction":[{"@type":"SearchAction","target":{"@type":"EntryPoint","urlTemplate":"https:\/\/xometry.eu\/es\/?s={search_term_string}"},"query-input":{"@type":"PropertyValueSpecification","valueRequired":true,"valueName":"search_term_string"}}],"inLanguage":"es"}]}},"_links":{"self":[{"href":"https:\/\/xometry.eu\/es\/wp-json\/wp\/v2\/pages\/81288","targetHints":{"allow":["GET"]}}],"collection":[{"href":"https:\/\/xometry.eu\/es\/wp-json\/wp\/v2\/pages"}],"about":[{"href":"https:\/\/xometry.eu\/es\/wp-json\/wp\/v2\/types\/page"}],"author":[{"embeddable":true,"href":"https:\/\/xometry.eu\/es\/wp-json\/wp\/v2\/users\/10"}],"replies":[{"embeddable":true,"href":"https:\/\/xometry.eu\/es\/wp-json\/wp\/v2\/comments?post=81288"}],"version-history":[{"count":2,"href":"https:\/\/xometry.eu\/es\/wp-json\/wp\/v2\/pages\/81288\/revisions"}],"predecessor-version":[{"id":172494,"href":"https:\/\/xometry.eu\/es\/wp-json\/wp\/v2\/pages\/81288\/revisions\/172494"}],"wp:attachment":[{"href":"https:\/\/xometry.eu\/es\/wp-json\/wp\/v2\/media?parent=81288"}],"curies":[{"name":"wp","href":"https:\/\/api.w.org\/{rel}","templated":true}]}}