{"id":76987,"date":"2022-10-07T14:39:39","date_gmt":"2022-10-07T12:39:39","guid":{"rendered":"https:\/\/xometry.eu\/vacuum-casting\/"},"modified":"2026-02-04T12:45:58","modified_gmt":"2026-02-04T10:45:58","slug":"fundicion-al-vacio","status":"publish","type":"page","link":"https:\/\/xometry.eu\/es\/fundicion-al-vacio\/","title":{"rendered":"Fundici\u00f3n al vac\u00edo"},"content":{"rendered":"","protected":false},"excerpt":{"rendered":"","protected":false},"author":10,"featured_media":131199,"parent":0,"menu_order":0,"comment_status":"closed","ping_status":"closed","template":"","meta":{"_acf_changed":false,"inline_featured_image":false,"footnotes":""},"class_list":["post-76987","page","type-page","status-publish","has-post-thumbnail","hentry"],"acf":[],"yoast_head":"<!-- This site is optimized with the Yoast SEO Premium plugin v20.5 (Yoast SEO v27.3) - https:\/\/yoast.com\/product\/yoast-seo-premium-wordpress\/ -->\n<title>Servicios de fundici\u00f3n al vac\u00edo | Xometry Europe<\/title>\n<meta name=\"description\" content=\"Xometry ofrece servicios de fundici\u00f3n al vac\u00edo, un proceso para piezas de uretano fundido rentables con una calidad de nivel de producci\u00f3n.\" \/>\n<meta name=\"robots\" content=\"index, follow, max-snippet:-1, max-image-preview:large, max-video-preview:-1\" \/>\n<link rel=\"canonical\" href=\"https:\/\/xometry.eu\/es\/fundicion-al-vacio\/\" \/>\n<meta property=\"og:locale\" content=\"es_ES\" \/>\n<meta property=\"og:type\" content=\"article\" \/>\n<meta property=\"og:title\" content=\"Fundici\u00f3n al vac\u00edo\" \/>\n<meta property=\"og:description\" content=\"Xometry ofrece servicios de fundici\u00f3n al vac\u00edo, un proceso para piezas de uretano fundido rentables con una calidad de nivel de producci\u00f3n.\" \/>\n<meta property=\"og:url\" content=\"https:\/\/xometry.eu\/es\/fundicion-al-vacio\/\" \/>\n<meta property=\"og:site_name\" content=\"Xometry Europe\" \/>\n<meta property=\"article:modified_time\" content=\"2026-02-04T10:45:58+00:00\" \/>\n<meta property=\"og:image\" content=\"http:\/\/xometry.eu\/wp-content\/uploads\/2023\/02\/EN-Vacuum-Casting-service-page-1440x738.jpg\" \/>\n<meta name=\"twitter:card\" content=\"summary_large_image\" \/>\n<script type=\"application\/ld+json\" class=\"yoast-schema-graph\">{\"@context\":\"https:\\\/\\\/schema.org\",\"@graph\":[{\"@type\":\"WebPage\",\"@id\":\"https:\\\/\\\/xometry.eu\\\/es\\\/fundicion-al-vacio\\\/\",\"url\":\"https:\\\/\\\/xometry.eu\\\/es\\\/fundicion-al-vacio\\\/\",\"name\":\"Servicios de fundici\u00f3n al vac\u00edo | Xometry Europe\",\"isPartOf\":{\"@id\":\"https:\\\/\\\/xometry.eu\\\/es\\\/#website\"},\"primaryImageOfPage\":{\"@id\":\"https:\\\/\\\/xometry.eu\\\/es\\\/fundicion-al-vacio\\\/#primaryimage\"},\"image\":{\"@id\":\"https:\\\/\\\/xometry.eu\\\/es\\\/fundicion-al-vacio\\\/#primaryimage\"},\"thumbnailUrl\":\"https:\\\/\\\/xometry.eu\\\/wp-content\\\/uploads\\\/2024\\\/02\\\/ES-Vacuum-Casting-service-page.jpg\",\"datePublished\":\"2022-10-07T12:39:39+00:00\",\"dateModified\":\"2026-02-04T10:45:58+00:00\",\"description\":\"Xometry ofrece servicios de fundici\u00f3n al vac\u00edo, un proceso para piezas de uretano fundido rentables con una calidad de nivel de producci\u00f3n.\",\"breadcrumb\":{\"@id\":\"https:\\\/\\\/xometry.eu\\\/es\\\/fundicion-al-vacio\\\/#breadcrumb\"},\"inLanguage\":\"es\",\"potentialAction\":[{\"@type\":\"ReadAction\",\"target\":[\"https:\\\/\\\/xometry.eu\\\/es\\\/fundicion-al-vacio\\\/\"]}]},{\"@type\":\"ImageObject\",\"inLanguage\":\"es\",\"@id\":\"https:\\\/\\\/xometry.eu\\\/es\\\/fundicion-al-vacio\\\/#primaryimage\",\"url\":\"https:\\\/\\\/xometry.eu\\\/wp-content\\\/uploads\\\/2024\\\/02\\\/ES-Vacuum-Casting-service-page.jpg\",\"contentUrl\":\"https:\\\/\\\/xometry.eu\\\/wp-content\\\/uploads\\\/2024\\\/02\\\/ES-Vacuum-Casting-service-page.jpg\",\"width\":2400,\"height\":1230},{\"@type\":\"BreadcrumbList\",\"@id\":\"https:\\\/\\\/xometry.eu\\\/es\\\/fundicion-al-vacio\\\/#breadcrumb\",\"itemListElement\":[{\"@type\":\"ListItem\",\"position\":1,\"name\":\"Home\",\"item\":\"https:\\\/\\\/xometry.eu\\\/es\\\/\"},{\"@type\":\"ListItem\",\"position\":2,\"name\":\"Fundici\u00f3n al vac\u00edo\"}]},{\"@type\":\"WebSite\",\"@id\":\"https:\\\/\\\/xometry.eu\\\/es\\\/#website\",\"url\":\"https:\\\/\\\/xometry.eu\\\/es\\\/\",\"name\":\"Xometry Europe\",\"description\":\"\",\"publisher\":{\"@id\":\"https:\\\/\\\/xometry.eu\\\/es\\\/#organization\"},\"potentialAction\":[{\"@type\":\"SearchAction\",\"target\":{\"@type\":\"EntryPoint\",\"urlTemplate\":\"https:\\\/\\\/xometry.eu\\\/es\\\/?s={search_term_string}\"},\"query-input\":{\"@type\":\"PropertyValueSpecification\",\"valueRequired\":true,\"valueName\":\"search_term_string\"}}],\"inLanguage\":\"es\"}]}<\/script>\n<!-- \/ Yoast SEO Premium plugin. -->","yoast_head_json":{"title":"Servicios de fundici\u00f3n al vac\u00edo | Xometry Europe","description":"Xometry ofrece servicios de fundici\u00f3n al vac\u00edo, un proceso para piezas de uretano fundido rentables con una calidad de nivel de producci\u00f3n.","robots":{"index":"index","follow":"follow","max-snippet":"max-snippet:-1","max-image-preview":"max-image-preview:large","max-video-preview":"max-video-preview:-1"},"canonical":"https:\/\/xometry.eu\/es\/fundicion-al-vacio\/","og_locale":"es_ES","og_type":"article","og_title":"Fundici\u00f3n al vac\u00edo","og_description":"Xometry ofrece servicios de fundici\u00f3n al vac\u00edo, un proceso para piezas de uretano fundido rentables con una calidad de nivel de producci\u00f3n.","og_url":"https:\/\/xometry.eu\/es\/fundicion-al-vacio\/","og_site_name":"Xometry Europe","article_modified_time":"2026-02-04T10:45:58+00:00","og_image":[{"url":"http:\/\/xometry.eu\/wp-content\/uploads\/2023\/02\/EN-Vacuum-Casting-service-page-1440x738.jpg","type":"","width":"","height":""}],"twitter_card":"summary_large_image","schema":{"@context":"https:\/\/schema.org","@graph":[{"@type":"WebPage","@id":"https:\/\/xometry.eu\/es\/fundicion-al-vacio\/","url":"https:\/\/xometry.eu\/es\/fundicion-al-vacio\/","name":"Servicios de fundici\u00f3n al vac\u00edo | Xometry Europe","isPartOf":{"@id":"https:\/\/xometry.eu\/es\/#website"},"primaryImageOfPage":{"@id":"https:\/\/xometry.eu\/es\/fundicion-al-vacio\/#primaryimage"},"image":{"@id":"https:\/\/xometry.eu\/es\/fundicion-al-vacio\/#primaryimage"},"thumbnailUrl":"https:\/\/xometry.eu\/wp-content\/uploads\/2024\/02\/ES-Vacuum-Casting-service-page.jpg","datePublished":"2022-10-07T12:39:39+00:00","dateModified":"2026-02-04T10:45:58+00:00","description":"Xometry ofrece servicios de fundici\u00f3n al vac\u00edo, un proceso para piezas de uretano fundido rentables con una calidad de nivel de producci\u00f3n.","breadcrumb":{"@id":"https:\/\/xometry.eu\/es\/fundicion-al-vacio\/#breadcrumb"},"inLanguage":"es","potentialAction":[{"@type":"ReadAction","target":["https:\/\/xometry.eu\/es\/fundicion-al-vacio\/"]}]},{"@type":"ImageObject","inLanguage":"es","@id":"https:\/\/xometry.eu\/es\/fundicion-al-vacio\/#primaryimage","url":"https:\/\/xometry.eu\/wp-content\/uploads\/2024\/02\/ES-Vacuum-Casting-service-page.jpg","contentUrl":"https:\/\/xometry.eu\/wp-content\/uploads\/2024\/02\/ES-Vacuum-Casting-service-page.jpg","width":2400,"height":1230},{"@type":"BreadcrumbList","@id":"https:\/\/xometry.eu\/es\/fundicion-al-vacio\/#breadcrumb","itemListElement":[{"@type":"ListItem","position":1,"name":"Home","item":"https:\/\/xometry.eu\/es\/"},{"@type":"ListItem","position":2,"name":"Fundici\u00f3n al vac\u00edo"}]},{"@type":"WebSite","@id":"https:\/\/xometry.eu\/es\/#website","url":"https:\/\/xometry.eu\/es\/","name":"Xometry Europe","description":"","publisher":{"@id":"https:\/\/xometry.eu\/es\/#organization"},"potentialAction":[{"@type":"SearchAction","target":{"@type":"EntryPoint","urlTemplate":"https:\/\/xometry.eu\/es\/?s={search_term_string}"},"query-input":{"@type":"PropertyValueSpecification","valueRequired":true,"valueName":"search_term_string"}}],"inLanguage":"es"}]}},"_links":{"self":[{"href":"https:\/\/xometry.eu\/es\/wp-json\/wp\/v2\/pages\/76987","targetHints":{"allow":["GET"]}}],"collection":[{"href":"https:\/\/xometry.eu\/es\/wp-json\/wp\/v2\/pages"}],"about":[{"href":"https:\/\/xometry.eu\/es\/wp-json\/wp\/v2\/types\/page"}],"author":[{"embeddable":true,"href":"https:\/\/xometry.eu\/es\/wp-json\/wp\/v2\/users\/10"}],"replies":[{"embeddable":true,"href":"https:\/\/xometry.eu\/es\/wp-json\/wp\/v2\/comments?post=76987"}],"version-history":[{"count":0,"href":"https:\/\/xometry.eu\/es\/wp-json\/wp\/v2\/pages\/76987\/revisions"}],"wp:featuredmedia":[{"embeddable":true,"href":"https:\/\/xometry.eu\/es\/wp-json\/wp\/v2\/media\/131199"}],"wp:attachment":[{"href":"https:\/\/xometry.eu\/es\/wp-json\/wp\/v2\/media?parent=76987"}],"curies":[{"name":"wp","href":"https:\/\/api.w.org\/{rel}","templated":true}]}}