{"id":67849,"date":"2022-06-27T12:38:21","date_gmt":"2022-06-27T12:38:21","guid":{"rendered":"https:\/\/xometry.eu\/?page_id=67849"},"modified":"2026-03-13T15:47:39","modified_gmt":"2026-03-13T13:47:39","slug":"nuestros-clientes","status":"publish","type":"page","link":"https:\/\/xometry.eu\/es\/nuestros-clientes\/","title":{"rendered":"Nuestros clientes"},"content":{"rendered":"","protected":false},"excerpt":{"rendered":"","protected":false},"author":10,"featured_media":0,"parent":0,"menu_order":0,"comment_status":"closed","ping_status":"closed","template":"","meta":{"_acf_changed":false,"inline_featured_image":false,"footnotes":""},"class_list":["post-67849","page","type-page","status-publish","hentry"],"acf":[],"yoast_head":"<!-- This site is optimized with the Yoast SEO Premium plugin v20.5 (Yoast SEO v27.1.1) - https:\/\/yoast.com\/product\/yoast-seo-premium-wordpress\/ -->\n<title>Testimonios de clientes e historias de \u00e9xito | Xometry Europe<\/title>\n<meta name=\"description\" content=\"Con muchos a\u00f1os de experiencia, Xometry Europa recopila historias de \u00e9xito tanto con sus socios como con sus clientes.\" \/>\n<meta name=\"robots\" content=\"index, follow, max-snippet:-1, max-image-preview:large, max-video-preview:-1\" \/>\n<link rel=\"canonical\" href=\"https:\/\/xometry.eu\/es\/nuestros-clientes\/\" \/>\n<meta property=\"og:locale\" content=\"es_ES\" \/>\n<meta property=\"og:type\" content=\"article\" \/>\n<meta property=\"og:title\" content=\"Nuestros clientes\" \/>\n<meta property=\"og:description\" content=\"Con muchos a\u00f1os de experiencia, Xometry Europa recopila historias de \u00e9xito tanto con sus socios como con sus clientes.\" \/>\n<meta property=\"og:url\" content=\"https:\/\/xometry.eu\/es\/nuestros-clientes\/\" \/>\n<meta property=\"og:site_name\" content=\"Xometry Europe\" \/>\n<meta property=\"article:modified_time\" content=\"2026-03-13T13:47:39+00:00\" \/>\n<meta name=\"twitter:card\" content=\"summary_large_image\" \/>\n<script type=\"application\/ld+json\" class=\"yoast-schema-graph\">{\"@context\":\"https:\/\/schema.org\",\"@graph\":[{\"@type\":\"WebPage\",\"@id\":\"https:\/\/xometry.eu\/es\/nuestros-clientes\/\",\"url\":\"https:\/\/xometry.eu\/es\/nuestros-clientes\/\",\"name\":\"Testimonios de clientes e historias de \u00e9xito | Xometry Europe\",\"isPartOf\":{\"@id\":\"https:\/\/xometry.eu\/es\/#website\"},\"datePublished\":\"2022-06-27T12:38:21+00:00\",\"dateModified\":\"2026-03-13T13:47:39+00:00\",\"description\":\"Con muchos a\u00f1os de experiencia, Xometry Europa recopila historias de \u00e9xito tanto con sus socios como con sus clientes.\",\"breadcrumb\":{\"@id\":\"https:\/\/xometry.eu\/es\/nuestros-clientes\/#breadcrumb\"},\"inLanguage\":\"es\",\"potentialAction\":[{\"@type\":\"ReadAction\",\"target\":[\"https:\/\/xometry.eu\/es\/nuestros-clientes\/\"]}]},{\"@type\":\"BreadcrumbList\",\"@id\":\"https:\/\/xometry.eu\/es\/nuestros-clientes\/#breadcrumb\",\"itemListElement\":[{\"@type\":\"ListItem\",\"position\":1,\"name\":\"Home\",\"item\":\"https:\/\/xometry.eu\/es\/\"},{\"@type\":\"ListItem\",\"position\":2,\"name\":\"Nuestros clientes\"}]},{\"@type\":\"WebSite\",\"@id\":\"https:\/\/xometry.eu\/es\/#website\",\"url\":\"https:\/\/xometry.eu\/es\/\",\"name\":\"Xometry Europe\",\"description\":\"\",\"publisher\":{\"@id\":\"https:\/\/xometry.eu\/es\/#organization\"},\"potentialAction\":[{\"@type\":\"SearchAction\",\"target\":{\"@type\":\"EntryPoint\",\"urlTemplate\":\"https:\/\/xometry.eu\/es\/?s={search_term_string}\"},\"query-input\":{\"@type\":\"PropertyValueSpecification\",\"valueRequired\":true,\"valueName\":\"search_term_string\"}}],\"inLanguage\":\"es\"}]}<\/script>\n<!-- \/ Yoast SEO Premium plugin. -->","yoast_head_json":{"title":"Testimonios de clientes e historias de \u00e9xito | Xometry Europe","description":"Con muchos a\u00f1os de experiencia, Xometry Europa recopila historias de \u00e9xito tanto con sus socios como con sus clientes.","robots":{"index":"index","follow":"follow","max-snippet":"max-snippet:-1","max-image-preview":"max-image-preview:large","max-video-preview":"max-video-preview:-1"},"canonical":"https:\/\/xometry.eu\/es\/nuestros-clientes\/","og_locale":"es_ES","og_type":"article","og_title":"Nuestros clientes","og_description":"Con muchos a\u00f1os de experiencia, Xometry Europa recopila historias de \u00e9xito tanto con sus socios como con sus clientes.","og_url":"https:\/\/xometry.eu\/es\/nuestros-clientes\/","og_site_name":"Xometry Europe","article_modified_time":"2026-03-13T13:47:39+00:00","twitter_card":"summary_large_image","schema":{"@context":"https:\/\/schema.org","@graph":[{"@type":"WebPage","@id":"https:\/\/xometry.eu\/es\/nuestros-clientes\/","url":"https:\/\/xometry.eu\/es\/nuestros-clientes\/","name":"Testimonios de clientes e historias de \u00e9xito | Xometry Europe","isPartOf":{"@id":"https:\/\/xometry.eu\/es\/#website"},"datePublished":"2022-06-27T12:38:21+00:00","dateModified":"2026-03-13T13:47:39+00:00","description":"Con muchos a\u00f1os de experiencia, Xometry Europa recopila historias de \u00e9xito tanto con sus socios como con sus clientes.","breadcrumb":{"@id":"https:\/\/xometry.eu\/es\/nuestros-clientes\/#breadcrumb"},"inLanguage":"es","potentialAction":[{"@type":"ReadAction","target":["https:\/\/xometry.eu\/es\/nuestros-clientes\/"]}]},{"@type":"BreadcrumbList","@id":"https:\/\/xometry.eu\/es\/nuestros-clientes\/#breadcrumb","itemListElement":[{"@type":"ListItem","position":1,"name":"Home","item":"https:\/\/xometry.eu\/es\/"},{"@type":"ListItem","position":2,"name":"Nuestros clientes"}]},{"@type":"WebSite","@id":"https:\/\/xometry.eu\/es\/#website","url":"https:\/\/xometry.eu\/es\/","name":"Xometry Europe","description":"","publisher":{"@id":"https:\/\/xometry.eu\/es\/#organization"},"potentialAction":[{"@type":"SearchAction","target":{"@type":"EntryPoint","urlTemplate":"https:\/\/xometry.eu\/es\/?s={search_term_string}"},"query-input":{"@type":"PropertyValueSpecification","valueRequired":true,"valueName":"search_term_string"}}],"inLanguage":"es"}]}},"_links":{"self":[{"href":"https:\/\/xometry.eu\/es\/wp-json\/wp\/v2\/pages\/67849","targetHints":{"allow":["GET"]}}],"collection":[{"href":"https:\/\/xometry.eu\/es\/wp-json\/wp\/v2\/pages"}],"about":[{"href":"https:\/\/xometry.eu\/es\/wp-json\/wp\/v2\/types\/page"}],"author":[{"embeddable":true,"href":"https:\/\/xometry.eu\/es\/wp-json\/wp\/v2\/users\/10"}],"replies":[{"embeddable":true,"href":"https:\/\/xometry.eu\/es\/wp-json\/wp\/v2\/comments?post=67849"}],"version-history":[{"count":2,"href":"https:\/\/xometry.eu\/es\/wp-json\/wp\/v2\/pages\/67849\/revisions"}],"predecessor-version":[{"id":172428,"href":"https:\/\/xometry.eu\/es\/wp-json\/wp\/v2\/pages\/67849\/revisions\/172428"}],"wp:attachment":[{"href":"https:\/\/xometry.eu\/es\/wp-json\/wp\/v2\/media?parent=67849"}],"curies":[{"name":"wp","href":"https:\/\/api.w.org\/{rel}","templated":true}]}}