{"id":56520,"date":"2022-03-14T10:36:09","date_gmt":"2022-03-14T10:36:09","guid":{"rendered":"https:\/\/xometry.eu\/?page_id=56520"},"modified":"2026-03-13T18:18:46","modified_gmt":"2026-03-13T16:18:46","slug":"homepage","status":"publish","type":"page","link":"https:\/\/xometry.eu\/es\/","title":{"rendered":"Homepage"},"content":{"rendered":"\n<script type=\"application\/ld+json\" class=\"schemantra\">{\n  \"@context\": \"https:\/\/schema.org\",\n  \"@type\": \"Organization\",\n  \"@id\": \"Xometry Europe\",\n  \"address\": \"Ada-Lovelace-Str. 9, 85521 Ottobrunn, Germany\",\n  \"award\": \"ISO 9001:2015\",\n  \"description\": \"El marketplace impulsado por IA de Xometry (NASDAQ: XMTR) y su cat\u00e1logo de servicios basados en la nube est\u00e1n digitalizando r\u00e1pidamente la industria de la fabricaci\u00f3n. Xometry proporciona a los fabricantes los recursos esenciales que necesitan para hacer crecer su negocio y facilita a los compradores el acceso a la capacidad de fabricaci\u00f3n global y la creaci\u00f3n de cadenas de suministro resistentes.\",\n  \"email\": \"info@xometry.eu\",\n  \"legalName\": \"Xometry Europe GmbH\",\n  \"logo\": \"https:\/\/xometry.eu\/wp-content\/uploads\/2021\/12\/Logomark_Xometry_Blue-1.svg\",\n  \"name\": \"Xometry Europe\",\n  \"sameAs\": \"[https:\/\/www.facebook.com\/xometryeurope,https:\/\/www.linkedin.com\/company\/xometry-europe\/,https:\/\/www.youtube.com\/@xometry-europe,https:\/\/twitter.com\/XometryEU]\",\n  \"slogan\": \"Where Big Ideas are Built\",\n  \"telephone\": \"+49 89-3803-4818\",\n  \"url\": \"https:\/\/xometry.eu\/es\/\",\n  \"vatID\": \"DE318027177\",\n  \"parentOrganization\": {\n    \"@context\": \"https:\/\/schema.org\",\n    \"@type\": \"Organization\",\n    \"@id\": \"Xometry\",\n    \"address\": \"6116 Executive Blvd, Ste. 800, North Bethesda, MD, 20852, United States of America\",\n    \"award\": \"[ITAR-registered,ISO 9001:2015,ISO 13485:2016,AS9100D]\",\n    \"description\": \"Xometry's (NASDAQ: XMTR) AI-powered marketplace, popular Thomasnet industrial sourcing platform and suite of cloud-based services are rapidly digitizing the $2.4 trillion manufacturing industry. Xometry provides manufacturers the critical resources they need to grow their business and makes it easy for buyers to access global manufacturing capacity and create locally resilient supply chains. The Xometry Instant Quoting Engine\u00ae leverages millions of pieces of data to quickly and effectively analyze complex parts in real-time, match buyers with the right suppliers globally and provide accurate pricing and lead times. Through its extensible marketplace, Xometry continuously scales its offerings, delivering an ever-expanding menu of manufacturing capabilities. Learn more at www.xometry.com or follow @xometry.\",\n    \"email\": \"support@xometry.com\",\n    \"legalName\": \"Xometry, Inc.\",\n    \"logo\": \"https:\/\/www.xometry.com\/condensed-wbib-logo.svg\",\n    \"name\": \"Xometry\",\n    \"sameAs\": \"[https:\/\/www.facebook.com\/xometry\/,https:\/\/www.linkedin.com\/company\/xometry,https:\/\/www.youtube.com\/@XometryHQ,https:\/\/twitter.com\/Xometry]\",\n    \"slogan\": \"Where Big Ideas are Built\",\n    \"telephone\": \"+1-800-983-1959\",\n    \"url\": \"https:\/\/www.xometry.com\"\n  }\n}<\/script>\n\n\n\n<p><\/p>\n","protected":false},"excerpt":{"rendered":"","protected":false},"author":10,"featured_media":131268,"parent":0,"menu_order":0,"comment_status":"closed","ping_status":"closed","template":"","meta":{"_acf_changed":false,"inline_featured_image":false,"footnotes":""},"class_list":["post-56520","page","type-page","status-publish","has-post-thumbnail","hentry"],"acf":[],"yoast_head":"<!-- This site is optimized with the Yoast SEO Premium plugin v20.5 (Yoast SEO v27.3) - https:\/\/yoast.com\/product\/yoast-seo-premium-wordpress\/ -->\n<title>Xometry Europe: Fabricaci\u00f3n bajo demanda | 15 procesos de fabricaci\u00f3n<\/title>\n<meta name=\"description\" content=\"Xometry Europe ofrece servicios online de mecanizado CNC, impresi\u00f3n 3D, chapa y moldeo por inyecci\u00f3n. Suba sus archivos para un presupuesto.\" \/>\n<meta name=\"robots\" content=\"index, follow, max-snippet:-1, max-image-preview:large, max-video-preview:-1\" \/>\n<link rel=\"canonical\" href=\"https:\/\/xometry.eu\/es\/\" \/>\n<meta property=\"og:locale\" content=\"es_ES\" \/>\n<meta property=\"og:type\" content=\"article\" \/>\n<meta property=\"og:title\" content=\"Homepage\" \/>\n<meta property=\"og:description\" content=\"Xometry Europe ofrece servicios online de mecanizado CNC, impresi\u00f3n 3D, chapa y moldeo por inyecci\u00f3n. Suba sus archivos para un presupuesto.\" \/>\n<meta property=\"og:url\" content=\"https:\/\/xometry.eu\/es\/\" \/>\n<meta property=\"og:site_name\" content=\"Xometry Europe\" \/>\n<meta property=\"article:modified_time\" content=\"2026-03-13T16:18:46+00:00\" \/>\n<meta property=\"og:image\" content=\"http:\/\/xometry.eu\/wp-content\/uploads\/2023\/02\/EN-Main-page-1440x738.png\" \/>\n<meta name=\"twitter:card\" content=\"summary_large_image\" \/>\n<meta name=\"twitter:label1\" content=\"Tiempo de lectura\" \/>\n\t<meta name=\"twitter:data1\" content=\"2 minutos\" \/>\n<script type=\"application\/ld+json\" class=\"yoast-schema-graph\">{\"@context\":\"https:\\\/\\\/schema.org\",\"@graph\":[{\"@type\":\"WebPage\",\"@id\":\"https:\\\/\\\/xometry.eu\\\/es\\\/\",\"url\":\"https:\\\/\\\/xometry.eu\\\/es\\\/\",\"name\":\"Xometry Europe: Fabricaci\u00f3n bajo demanda | 15 procesos de fabricaci\u00f3n\",\"isPartOf\":{\"@id\":\"https:\\\/\\\/xometry.eu\\\/es\\\/#website\"},\"primaryImageOfPage\":{\"@id\":\"https:\\\/\\\/xometry.eu\\\/es\\\/#primaryimage\"},\"image\":{\"@id\":\"https:\\\/\\\/xometry.eu\\\/es\\\/#primaryimage\"},\"thumbnailUrl\":\"https:\\\/\\\/xometry.eu\\\/wp-content\\\/uploads\\\/2024\\\/02\\\/ES-Homepage-service-page.jpg\",\"datePublished\":\"2022-03-14T10:36:09+00:00\",\"dateModified\":\"2026-03-13T16:18:46+00:00\",\"description\":\"Xometry Europe ofrece servicios online de mecanizado CNC, impresi\u00f3n 3D, chapa y moldeo por inyecci\u00f3n. Suba sus archivos para un presupuesto.\",\"breadcrumb\":{\"@id\":\"https:\\\/\\\/xometry.eu\\\/es\\\/#breadcrumb\"},\"inLanguage\":\"es\",\"potentialAction\":[{\"@type\":\"ReadAction\",\"target\":[\"https:\\\/\\\/xometry.eu\\\/es\\\/\"]}]},{\"@type\":\"ImageObject\",\"inLanguage\":\"es\",\"@id\":\"https:\\\/\\\/xometry.eu\\\/es\\\/#primaryimage\",\"url\":\"https:\\\/\\\/xometry.eu\\\/wp-content\\\/uploads\\\/2024\\\/02\\\/ES-Homepage-service-page.jpg\",\"contentUrl\":\"https:\\\/\\\/xometry.eu\\\/wp-content\\\/uploads\\\/2024\\\/02\\\/ES-Homepage-service-page.jpg\",\"width\":2400,\"height\":1230},{\"@type\":\"BreadcrumbList\",\"@id\":\"https:\\\/\\\/xometry.eu\\\/es\\\/#breadcrumb\",\"itemListElement\":[{\"@type\":\"ListItem\",\"position\":1,\"name\":\"Home\",\"item\":\"https:\\\/\\\/xometry.eu\\\/es\\\/\"},{\"@type\":\"ListItem\",\"position\":2,\"name\":\"Homepage\"}]},{\"@type\":\"WebSite\",\"@id\":\"https:\\\/\\\/xometry.eu\\\/es\\\/#website\",\"url\":\"https:\\\/\\\/xometry.eu\\\/es\\\/\",\"name\":\"Xometry Europe\",\"description\":\"\",\"publisher\":{\"@id\":\"https:\\\/\\\/xometry.eu\\\/es\\\/#organization\"},\"potentialAction\":[{\"@type\":\"SearchAction\",\"target\":{\"@type\":\"EntryPoint\",\"urlTemplate\":\"https:\\\/\\\/xometry.eu\\\/es\\\/?s={search_term_string}\"},\"query-input\":{\"@type\":\"PropertyValueSpecification\",\"valueRequired\":true,\"valueName\":\"search_term_string\"}}],\"inLanguage\":\"es\"}]}<\/script>\n<!-- \/ Yoast SEO Premium plugin. -->","yoast_head_json":{"title":"Xometry Europe: Fabricaci\u00f3n bajo demanda | 15 procesos de fabricaci\u00f3n","description":"Xometry Europe ofrece servicios online de mecanizado CNC, impresi\u00f3n 3D, chapa y moldeo por inyecci\u00f3n. Suba sus archivos para un presupuesto.","robots":{"index":"index","follow":"follow","max-snippet":"max-snippet:-1","max-image-preview":"max-image-preview:large","max-video-preview":"max-video-preview:-1"},"canonical":"https:\/\/xometry.eu\/es\/","og_locale":"es_ES","og_type":"article","og_title":"Homepage","og_description":"Xometry Europe ofrece servicios online de mecanizado CNC, impresi\u00f3n 3D, chapa y moldeo por inyecci\u00f3n. Suba sus archivos para un presupuesto.","og_url":"https:\/\/xometry.eu\/es\/","og_site_name":"Xometry Europe","article_modified_time":"2026-03-13T16:18:46+00:00","og_image":[{"url":"http:\/\/xometry.eu\/wp-content\/uploads\/2023\/02\/EN-Main-page-1440x738.png","type":"","width":"","height":""}],"twitter_card":"summary_large_image","twitter_misc":{"Tiempo de lectura":"2 minutos"},"schema":{"@context":"https:\/\/schema.org","@graph":[{"@type":"WebPage","@id":"https:\/\/xometry.eu\/es\/","url":"https:\/\/xometry.eu\/es\/","name":"Xometry Europe: Fabricaci\u00f3n bajo demanda | 15 procesos de fabricaci\u00f3n","isPartOf":{"@id":"https:\/\/xometry.eu\/es\/#website"},"primaryImageOfPage":{"@id":"https:\/\/xometry.eu\/es\/#primaryimage"},"image":{"@id":"https:\/\/xometry.eu\/es\/#primaryimage"},"thumbnailUrl":"https:\/\/xometry.eu\/wp-content\/uploads\/2024\/02\/ES-Homepage-service-page.jpg","datePublished":"2022-03-14T10:36:09+00:00","dateModified":"2026-03-13T16:18:46+00:00","description":"Xometry Europe ofrece servicios online de mecanizado CNC, impresi\u00f3n 3D, chapa y moldeo por inyecci\u00f3n. Suba sus archivos para un presupuesto.","breadcrumb":{"@id":"https:\/\/xometry.eu\/es\/#breadcrumb"},"inLanguage":"es","potentialAction":[{"@type":"ReadAction","target":["https:\/\/xometry.eu\/es\/"]}]},{"@type":"ImageObject","inLanguage":"es","@id":"https:\/\/xometry.eu\/es\/#primaryimage","url":"https:\/\/xometry.eu\/wp-content\/uploads\/2024\/02\/ES-Homepage-service-page.jpg","contentUrl":"https:\/\/xometry.eu\/wp-content\/uploads\/2024\/02\/ES-Homepage-service-page.jpg","width":2400,"height":1230},{"@type":"BreadcrumbList","@id":"https:\/\/xometry.eu\/es\/#breadcrumb","itemListElement":[{"@type":"ListItem","position":1,"name":"Home","item":"https:\/\/xometry.eu\/es\/"},{"@type":"ListItem","position":2,"name":"Homepage"}]},{"@type":"WebSite","@id":"https:\/\/xometry.eu\/es\/#website","url":"https:\/\/xometry.eu\/es\/","name":"Xometry Europe","description":"","publisher":{"@id":"https:\/\/xometry.eu\/es\/#organization"},"potentialAction":[{"@type":"SearchAction","target":{"@type":"EntryPoint","urlTemplate":"https:\/\/xometry.eu\/es\/?s={search_term_string}"},"query-input":{"@type":"PropertyValueSpecification","valueRequired":true,"valueName":"search_term_string"}}],"inLanguage":"es"}]}},"_links":{"self":[{"href":"https:\/\/xometry.eu\/es\/wp-json\/wp\/v2\/pages\/56520","targetHints":{"allow":["GET"]}}],"collection":[{"href":"https:\/\/xometry.eu\/es\/wp-json\/wp\/v2\/pages"}],"about":[{"href":"https:\/\/xometry.eu\/es\/wp-json\/wp\/v2\/types\/page"}],"author":[{"embeddable":true,"href":"https:\/\/xometry.eu\/es\/wp-json\/wp\/v2\/users\/10"}],"replies":[{"embeddable":true,"href":"https:\/\/xometry.eu\/es\/wp-json\/wp\/v2\/comments?post=56520"}],"version-history":[{"count":0,"href":"https:\/\/xometry.eu\/es\/wp-json\/wp\/v2\/pages\/56520\/revisions"}],"wp:featuredmedia":[{"embeddable":true,"href":"https:\/\/xometry.eu\/es\/wp-json\/wp\/v2\/media\/131268"}],"wp:attachment":[{"href":"https:\/\/xometry.eu\/es\/wp-json\/wp\/v2\/media?parent=56520"}],"curies":[{"name":"wp","href":"https:\/\/api.w.org\/{rel}","templated":true}]}}