{"id":56389,"date":"2020-09-16T12:04:01","date_gmt":"2020-09-16T12:04:01","guid":{"rendered":"https:\/\/xometry.eu\/?page_id=56389"},"modified":"2024-06-27T16:35:40","modified_gmt":"2024-06-27T14:35:40","slug":"garantia-y-control-de-calidad","status":"publish","type":"page","link":"https:\/\/xometry.eu\/es\/garantia-y-control-de-calidad\/","title":{"rendered":"Garant\u00eda y control de calidad"},"content":{"rendered":"","protected":false},"excerpt":{"rendered":"","protected":false},"author":2,"featured_media":0,"parent":0,"menu_order":0,"comment_status":"closed","ping_status":"closed","template":"","meta":{"_acf_changed":false,"inline_featured_image":false,"footnotes":""},"class_list":["post-56389","page","type-page","status-publish","hentry"],"acf":[],"yoast_head":"<!-- This site is optimized with the Yoast SEO Premium plugin v20.5 (Yoast SEO v27.3) - https:\/\/yoast.com\/product\/yoast-seo-premium-wordpress\/ -->\n<title>Garant\u00eda y control de calidad | Xometry Europe<\/title>\n<meta name=\"description\" content=\"Xometry con la ISO9001 y sus procesos rigurosos garantizan los m\u00e1s altos est\u00e1ndares de fabricaci\u00f3n para sus piezas personalizadas.\" \/>\n<meta name=\"robots\" content=\"index, follow, max-snippet:-1, max-image-preview:large, max-video-preview:-1\" \/>\n<link rel=\"canonical\" href=\"https:\/\/xometry.eu\/es\/garantia-y-control-de-calidad\/\" \/>\n<meta property=\"og:locale\" content=\"es_ES\" \/>\n<meta property=\"og:type\" content=\"article\" \/>\n<meta property=\"og:title\" content=\"Garant\u00eda y control de calidad\" \/>\n<meta property=\"og:description\" content=\"Xometry con la ISO9001 y sus procesos rigurosos garantizan los m\u00e1s altos est\u00e1ndares de fabricaci\u00f3n para sus piezas personalizadas.\" \/>\n<meta property=\"og:url\" content=\"https:\/\/xometry.eu\/es\/garantia-y-control-de-calidad\/\" \/>\n<meta property=\"og:site_name\" content=\"Xometry Europe\" \/>\n<meta property=\"article:modified_time\" content=\"2024-06-27T14:35:40+00:00\" \/>\n<meta name=\"twitter:card\" content=\"summary_large_image\" \/>\n<script type=\"application\/ld+json\" class=\"yoast-schema-graph\">{\"@context\":\"https:\\\/\\\/schema.org\",\"@graph\":[{\"@type\":\"WebPage\",\"@id\":\"https:\\\/\\\/xometry.eu\\\/es\\\/garantia-y-control-de-calidad\\\/\",\"url\":\"https:\\\/\\\/xometry.eu\\\/es\\\/garantia-y-control-de-calidad\\\/\",\"name\":\"Garant\u00eda y control de calidad | Xometry Europe\",\"isPartOf\":{\"@id\":\"https:\\\/\\\/xometry.eu\\\/es\\\/#website\"},\"datePublished\":\"2020-09-16T12:04:01+00:00\",\"dateModified\":\"2024-06-27T14:35:40+00:00\",\"description\":\"Xometry con la ISO9001 y sus procesos rigurosos garantizan los m\u00e1s altos est\u00e1ndares de fabricaci\u00f3n para sus piezas personalizadas.\",\"breadcrumb\":{\"@id\":\"https:\\\/\\\/xometry.eu\\\/es\\\/garantia-y-control-de-calidad\\\/#breadcrumb\"},\"inLanguage\":\"es\",\"potentialAction\":[{\"@type\":\"ReadAction\",\"target\":[\"https:\\\/\\\/xometry.eu\\\/es\\\/garantia-y-control-de-calidad\\\/\"]}]},{\"@type\":\"BreadcrumbList\",\"@id\":\"https:\\\/\\\/xometry.eu\\\/es\\\/garantia-y-control-de-calidad\\\/#breadcrumb\",\"itemListElement\":[{\"@type\":\"ListItem\",\"position\":1,\"name\":\"Home\",\"item\":\"https:\\\/\\\/xometry.eu\\\/es\\\/\"},{\"@type\":\"ListItem\",\"position\":2,\"name\":\"Garant\u00eda y control de calidad\"}]},{\"@type\":\"WebSite\",\"@id\":\"https:\\\/\\\/xometry.eu\\\/es\\\/#website\",\"url\":\"https:\\\/\\\/xometry.eu\\\/es\\\/\",\"name\":\"Xometry Europe\",\"description\":\"\",\"publisher\":{\"@id\":\"https:\\\/\\\/xometry.eu\\\/es\\\/#organization\"},\"potentialAction\":[{\"@type\":\"SearchAction\",\"target\":{\"@type\":\"EntryPoint\",\"urlTemplate\":\"https:\\\/\\\/xometry.eu\\\/es\\\/?s={search_term_string}\"},\"query-input\":{\"@type\":\"PropertyValueSpecification\",\"valueRequired\":true,\"valueName\":\"search_term_string\"}}],\"inLanguage\":\"es\"}]}<\/script>\n<!-- \/ Yoast SEO Premium plugin. -->","yoast_head_json":{"title":"Garant\u00eda y control de calidad | Xometry Europe","description":"Xometry con la ISO9001 y sus procesos rigurosos garantizan los m\u00e1s altos est\u00e1ndares de fabricaci\u00f3n para sus piezas personalizadas.","robots":{"index":"index","follow":"follow","max-snippet":"max-snippet:-1","max-image-preview":"max-image-preview:large","max-video-preview":"max-video-preview:-1"},"canonical":"https:\/\/xometry.eu\/es\/garantia-y-control-de-calidad\/","og_locale":"es_ES","og_type":"article","og_title":"Garant\u00eda y control de calidad","og_description":"Xometry con la ISO9001 y sus procesos rigurosos garantizan los m\u00e1s altos est\u00e1ndares de fabricaci\u00f3n para sus piezas personalizadas.","og_url":"https:\/\/xometry.eu\/es\/garantia-y-control-de-calidad\/","og_site_name":"Xometry Europe","article_modified_time":"2024-06-27T14:35:40+00:00","twitter_card":"summary_large_image","schema":{"@context":"https:\/\/schema.org","@graph":[{"@type":"WebPage","@id":"https:\/\/xometry.eu\/es\/garantia-y-control-de-calidad\/","url":"https:\/\/xometry.eu\/es\/garantia-y-control-de-calidad\/","name":"Garant\u00eda y control de calidad | Xometry Europe","isPartOf":{"@id":"https:\/\/xometry.eu\/es\/#website"},"datePublished":"2020-09-16T12:04:01+00:00","dateModified":"2024-06-27T14:35:40+00:00","description":"Xometry con la ISO9001 y sus procesos rigurosos garantizan los m\u00e1s altos est\u00e1ndares de fabricaci\u00f3n para sus piezas personalizadas.","breadcrumb":{"@id":"https:\/\/xometry.eu\/es\/garantia-y-control-de-calidad\/#breadcrumb"},"inLanguage":"es","potentialAction":[{"@type":"ReadAction","target":["https:\/\/xometry.eu\/es\/garantia-y-control-de-calidad\/"]}]},{"@type":"BreadcrumbList","@id":"https:\/\/xometry.eu\/es\/garantia-y-control-de-calidad\/#breadcrumb","itemListElement":[{"@type":"ListItem","position":1,"name":"Home","item":"https:\/\/xometry.eu\/es\/"},{"@type":"ListItem","position":2,"name":"Garant\u00eda y control de calidad"}]},{"@type":"WebSite","@id":"https:\/\/xometry.eu\/es\/#website","url":"https:\/\/xometry.eu\/es\/","name":"Xometry Europe","description":"","publisher":{"@id":"https:\/\/xometry.eu\/es\/#organization"},"potentialAction":[{"@type":"SearchAction","target":{"@type":"EntryPoint","urlTemplate":"https:\/\/xometry.eu\/es\/?s={search_term_string}"},"query-input":{"@type":"PropertyValueSpecification","valueRequired":true,"valueName":"search_term_string"}}],"inLanguage":"es"}]}},"_links":{"self":[{"href":"https:\/\/xometry.eu\/es\/wp-json\/wp\/v2\/pages\/56389","targetHints":{"allow":["GET"]}}],"collection":[{"href":"https:\/\/xometry.eu\/es\/wp-json\/wp\/v2\/pages"}],"about":[{"href":"https:\/\/xometry.eu\/es\/wp-json\/wp\/v2\/types\/page"}],"author":[{"embeddable":true,"href":"https:\/\/xometry.eu\/es\/wp-json\/wp\/v2\/users\/2"}],"replies":[{"embeddable":true,"href":"https:\/\/xometry.eu\/es\/wp-json\/wp\/v2\/comments?post=56389"}],"version-history":[{"count":0,"href":"https:\/\/xometry.eu\/es\/wp-json\/wp\/v2\/pages\/56389\/revisions"}],"wp:attachment":[{"href":"https:\/\/xometry.eu\/es\/wp-json\/wp\/v2\/media?parent=56389"}],"curies":[{"name":"wp","href":"https:\/\/api.w.org\/{rel}","templated":true}]}}