{"id":55572,"date":"2022-03-04T12:59:16","date_gmt":"2022-03-04T12:59:16","guid":{"rendered":"https:\/\/xometry.eu\/?page_id=55572"},"modified":"2026-03-13T17:03:43","modified_gmt":"2026-03-13T15:03:43","slug":"modelado-por-deposicion-fundida-fdm","status":"publish","type":"page","link":"https:\/\/xometry.eu\/es\/modelado-por-deposicion-fundida-fdm\/","title":{"rendered":"Modelado por deposici\u00f3n fundida (FDM)"},"content":{"rendered":"","protected":false},"excerpt":{"rendered":"","protected":false},"author":10,"featured_media":131038,"parent":0,"menu_order":0,"comment_status":"closed","ping_status":"closed","template":"","meta":{"_acf_changed":false,"inline_featured_image":false,"footnotes":""},"class_list":["post-55572","page","type-page","status-publish","has-post-thumbnail","hentry"],"acf":[],"yoast_head":"<!-- This site is optimized with the Yoast SEO Premium plugin v20.5 (Yoast SEO v27.1.1) - https:\/\/yoast.com\/product\/yoast-seo-premium-wordpress\/ -->\n<title>Servicios de impresi\u00f3n 3D FDM online | Xometry Europe<\/title>\n<meta name=\"description\" content=\"Servicios de impresi\u00f3n 3D FDM de primera categor\u00eda: prototipos y series de piezas. Suba sus modelos 3D para obtener un presupuesto inmediato.\" \/>\n<meta name=\"robots\" content=\"index, follow, max-snippet:-1, max-image-preview:large, max-video-preview:-1\" \/>\n<link rel=\"canonical\" href=\"https:\/\/xometry.eu\/es\/modelado-por-deposicion-fundida-fdm\/\" \/>\n<meta property=\"og:locale\" content=\"es_ES\" \/>\n<meta property=\"og:type\" content=\"article\" \/>\n<meta property=\"og:title\" content=\"Modelado por deposici\u00f3n fundida (FDM)\" \/>\n<meta property=\"og:description\" content=\"Servicios de impresi\u00f3n 3D FDM de primera categor\u00eda: prototipos y series de piezas. Suba sus modelos 3D para obtener un presupuesto inmediato.\" \/>\n<meta property=\"og:url\" content=\"https:\/\/xometry.eu\/es\/modelado-por-deposicion-fundida-fdm\/\" \/>\n<meta property=\"og:site_name\" content=\"Xometry Europe\" \/>\n<meta property=\"article:modified_time\" content=\"2026-03-13T15:03:43+00:00\" \/>\n<meta property=\"og:image\" content=\"http:\/\/xometry.eu\/wp-content\/uploads\/2023\/02\/EN-FDM-service-page-1440x737.jpg\" \/>\n<meta name=\"twitter:card\" content=\"summary_large_image\" \/>\n<meta name=\"twitter:image\" content=\"https:\/\/xometry.de\/wp-content\/uploads\/2020\/08\/fdm-3d-printing-services.jpg\" \/>\n<script type=\"application\/ld+json\" class=\"yoast-schema-graph\">{\"@context\":\"https:\/\/schema.org\",\"@graph\":[{\"@type\":\"WebPage\",\"@id\":\"https:\/\/xometry.eu\/es\/modelado-por-deposicion-fundida-fdm\/\",\"url\":\"https:\/\/xometry.eu\/es\/modelado-por-deposicion-fundida-fdm\/\",\"name\":\"Servicios de impresi\u00f3n 3D FDM online | Xometry Europe\",\"isPartOf\":{\"@id\":\"https:\/\/xometry.eu\/es\/#website\"},\"primaryImageOfPage\":{\"@id\":\"https:\/\/xometry.eu\/es\/modelado-por-deposicion-fundida-fdm\/#primaryimage\"},\"image\":{\"@id\":\"https:\/\/xometry.eu\/es\/modelado-por-deposicion-fundida-fdm\/#primaryimage\"},\"thumbnailUrl\":\"https:\/\/xometry.eu\/wp-content\/uploads\/2024\/02\/ES-FDM-service-page.jpg\",\"datePublished\":\"2022-03-04T12:59:16+00:00\",\"dateModified\":\"2026-03-13T15:03:43+00:00\",\"description\":\"Servicios de impresi\u00f3n 3D FDM de primera categor\u00eda: prototipos y series de piezas. Suba sus modelos 3D para obtener un presupuesto inmediato.\",\"breadcrumb\":{\"@id\":\"https:\/\/xometry.eu\/es\/modelado-por-deposicion-fundida-fdm\/#breadcrumb\"},\"inLanguage\":\"es\",\"potentialAction\":[{\"@type\":\"ReadAction\",\"target\":[\"https:\/\/xometry.eu\/es\/modelado-por-deposicion-fundida-fdm\/\"]}]},{\"@type\":\"ImageObject\",\"inLanguage\":\"es\",\"@id\":\"https:\/\/xometry.eu\/es\/modelado-por-deposicion-fundida-fdm\/#primaryimage\",\"url\":\"https:\/\/xometry.eu\/wp-content\/uploads\/2024\/02\/ES-FDM-service-page.jpg\",\"contentUrl\":\"https:\/\/xometry.eu\/wp-content\/uploads\/2024\/02\/ES-FDM-service-page.jpg\",\"width\":2400,\"height\":1229},{\"@type\":\"BreadcrumbList\",\"@id\":\"https:\/\/xometry.eu\/es\/modelado-por-deposicion-fundida-fdm\/#breadcrumb\",\"itemListElement\":[{\"@type\":\"ListItem\",\"position\":1,\"name\":\"Home\",\"item\":\"https:\/\/xometry.eu\/es\/\"},{\"@type\":\"ListItem\",\"position\":2,\"name\":\"Modelado por deposici\u00f3n fundida (FDM)\"}]},{\"@type\":\"WebSite\",\"@id\":\"https:\/\/xometry.eu\/es\/#website\",\"url\":\"https:\/\/xometry.eu\/es\/\",\"name\":\"Xometry Europe\",\"description\":\"\",\"publisher\":{\"@id\":\"https:\/\/xometry.eu\/es\/#organization\"},\"potentialAction\":[{\"@type\":\"SearchAction\",\"target\":{\"@type\":\"EntryPoint\",\"urlTemplate\":\"https:\/\/xometry.eu\/es\/?s={search_term_string}\"},\"query-input\":{\"@type\":\"PropertyValueSpecification\",\"valueRequired\":true,\"valueName\":\"search_term_string\"}}],\"inLanguage\":\"es\"}]}<\/script>\n<!-- \/ Yoast SEO Premium plugin. -->","yoast_head_json":{"title":"Servicios de impresi\u00f3n 3D FDM online | Xometry Europe","description":"Servicios de impresi\u00f3n 3D FDM de primera categor\u00eda: prototipos y series de piezas. Suba sus modelos 3D para obtener un presupuesto inmediato.","robots":{"index":"index","follow":"follow","max-snippet":"max-snippet:-1","max-image-preview":"max-image-preview:large","max-video-preview":"max-video-preview:-1"},"canonical":"https:\/\/xometry.eu\/es\/modelado-por-deposicion-fundida-fdm\/","og_locale":"es_ES","og_type":"article","og_title":"Modelado por deposici\u00f3n fundida (FDM)","og_description":"Servicios de impresi\u00f3n 3D FDM de primera categor\u00eda: prototipos y series de piezas. Suba sus modelos 3D para obtener un presupuesto inmediato.","og_url":"https:\/\/xometry.eu\/es\/modelado-por-deposicion-fundida-fdm\/","og_site_name":"Xometry Europe","article_modified_time":"2026-03-13T15:03:43+00:00","og_image":[{"url":"http:\/\/xometry.eu\/wp-content\/uploads\/2023\/02\/EN-FDM-service-page-1440x737.jpg","type":"","width":"","height":""}],"twitter_card":"summary_large_image","twitter_image":"https:\/\/xometry.de\/wp-content\/uploads\/2020\/08\/fdm-3d-printing-services.jpg","schema":{"@context":"https:\/\/schema.org","@graph":[{"@type":"WebPage","@id":"https:\/\/xometry.eu\/es\/modelado-por-deposicion-fundida-fdm\/","url":"https:\/\/xometry.eu\/es\/modelado-por-deposicion-fundida-fdm\/","name":"Servicios de impresi\u00f3n 3D FDM online | Xometry Europe","isPartOf":{"@id":"https:\/\/xometry.eu\/es\/#website"},"primaryImageOfPage":{"@id":"https:\/\/xometry.eu\/es\/modelado-por-deposicion-fundida-fdm\/#primaryimage"},"image":{"@id":"https:\/\/xometry.eu\/es\/modelado-por-deposicion-fundida-fdm\/#primaryimage"},"thumbnailUrl":"https:\/\/xometry.eu\/wp-content\/uploads\/2024\/02\/ES-FDM-service-page.jpg","datePublished":"2022-03-04T12:59:16+00:00","dateModified":"2026-03-13T15:03:43+00:00","description":"Servicios de impresi\u00f3n 3D FDM de primera categor\u00eda: prototipos y series de piezas. Suba sus modelos 3D para obtener un presupuesto inmediato.","breadcrumb":{"@id":"https:\/\/xometry.eu\/es\/modelado-por-deposicion-fundida-fdm\/#breadcrumb"},"inLanguage":"es","potentialAction":[{"@type":"ReadAction","target":["https:\/\/xometry.eu\/es\/modelado-por-deposicion-fundida-fdm\/"]}]},{"@type":"ImageObject","inLanguage":"es","@id":"https:\/\/xometry.eu\/es\/modelado-por-deposicion-fundida-fdm\/#primaryimage","url":"https:\/\/xometry.eu\/wp-content\/uploads\/2024\/02\/ES-FDM-service-page.jpg","contentUrl":"https:\/\/xometry.eu\/wp-content\/uploads\/2024\/02\/ES-FDM-service-page.jpg","width":2400,"height":1229},{"@type":"BreadcrumbList","@id":"https:\/\/xometry.eu\/es\/modelado-por-deposicion-fundida-fdm\/#breadcrumb","itemListElement":[{"@type":"ListItem","position":1,"name":"Home","item":"https:\/\/xometry.eu\/es\/"},{"@type":"ListItem","position":2,"name":"Modelado por deposici\u00f3n fundida (FDM)"}]},{"@type":"WebSite","@id":"https:\/\/xometry.eu\/es\/#website","url":"https:\/\/xometry.eu\/es\/","name":"Xometry Europe","description":"","publisher":{"@id":"https:\/\/xometry.eu\/es\/#organization"},"potentialAction":[{"@type":"SearchAction","target":{"@type":"EntryPoint","urlTemplate":"https:\/\/xometry.eu\/es\/?s={search_term_string}"},"query-input":{"@type":"PropertyValueSpecification","valueRequired":true,"valueName":"search_term_string"}}],"inLanguage":"es"}]}},"_links":{"self":[{"href":"https:\/\/xometry.eu\/es\/wp-json\/wp\/v2\/pages\/55572","targetHints":{"allow":["GET"]}}],"collection":[{"href":"https:\/\/xometry.eu\/es\/wp-json\/wp\/v2\/pages"}],"about":[{"href":"https:\/\/xometry.eu\/es\/wp-json\/wp\/v2\/types\/page"}],"author":[{"embeddable":true,"href":"https:\/\/xometry.eu\/es\/wp-json\/wp\/v2\/users\/10"}],"replies":[{"embeddable":true,"href":"https:\/\/xometry.eu\/es\/wp-json\/wp\/v2\/comments?post=55572"}],"version-history":[{"count":3,"href":"https:\/\/xometry.eu\/es\/wp-json\/wp\/v2\/pages\/55572\/revisions"}],"predecessor-version":[{"id":172466,"href":"https:\/\/xometry.eu\/es\/wp-json\/wp\/v2\/pages\/55572\/revisions\/172466"}],"wp:featuredmedia":[{"embeddable":true,"href":"https:\/\/xometry.eu\/es\/wp-json\/wp\/v2\/media\/131038"}],"wp:attachment":[{"href":"https:\/\/xometry.eu\/es\/wp-json\/wp\/v2\/media?parent=55572"}],"curies":[{"name":"wp","href":"https:\/\/api.w.org\/{rel}","templated":true}]}}