{"id":55474,"date":"2022-03-03T13:58:40","date_gmt":"2022-03-03T13:58:40","guid":{"rendered":"https:\/\/xometry.eu\/?page_id=55474"},"modified":"2026-01-08T11:02:31","modified_gmt":"2026-01-08T09:02:31","slug":"contacto","status":"publish","type":"page","link":"https:\/\/xometry.eu\/es\/contacto\/","title":{"rendered":"Contacto &#038; Pie de imprenta"},"content":{"rendered":"","protected":false},"excerpt":{"rendered":"","protected":false},"author":10,"featured_media":1985,"parent":0,"menu_order":0,"comment_status":"closed","ping_status":"closed","template":"","meta":{"_acf_changed":false,"inline_featured_image":false,"footnotes":""},"class_list":["post-55474","page","type-page","status-publish","has-post-thumbnail","hentry"],"acf":[],"yoast_head":"<!-- This site is optimized with the Yoast SEO Premium plugin v20.5 (Yoast SEO v27.3) - https:\/\/yoast.com\/product\/yoast-seo-premium-wordpress\/ -->\n<title>Contacte con nosotros para obtener un presupuesto | Xometry Europe<\/title>\n<meta name=\"description\" content=\"Cont\u00e1ctenos por correo electr\u00f3nico o por tel\u00e9fono para obtener un presupuesto de sus piezas: mecanizado CNC, impresi\u00f3n 3D, chapa met\u00e1lica...\" \/>\n<meta name=\"robots\" content=\"index, follow, max-snippet:-1, max-image-preview:large, max-video-preview:-1\" \/>\n<link rel=\"canonical\" href=\"https:\/\/xometry.eu\/es\/contacto\/\" \/>\n<meta property=\"og:locale\" content=\"es_ES\" \/>\n<meta property=\"og:type\" content=\"article\" \/>\n<meta property=\"og:title\" content=\"Contacto &amp; Pie de imprenta\" \/>\n<meta property=\"og:description\" content=\"Cont\u00e1ctenos por correo electr\u00f3nico o por tel\u00e9fono para obtener un presupuesto de sus piezas: mecanizado CNC, impresi\u00f3n 3D, chapa met\u00e1lica...\" \/>\n<meta property=\"og:url\" content=\"https:\/\/xometry.eu\/es\/contacto\/\" \/>\n<meta property=\"og:site_name\" content=\"Xometry Europe\" \/>\n<meta property=\"article:modified_time\" content=\"2026-01-08T09:02:31+00:00\" \/>\n<meta name=\"twitter:card\" content=\"summary_large_image\" \/>\n<script type=\"application\/ld+json\" class=\"yoast-schema-graph\">{\"@context\":\"https:\\\/\\\/schema.org\",\"@graph\":[{\"@type\":\"WebPage\",\"@id\":\"https:\\\/\\\/xometry.eu\\\/es\\\/contacto\\\/\",\"url\":\"https:\\\/\\\/xometry.eu\\\/es\\\/contacto\\\/\",\"name\":\"Contacte con nosotros para obtener un presupuesto | Xometry Europe\",\"isPartOf\":{\"@id\":\"https:\\\/\\\/xometry.eu\\\/es\\\/#website\"},\"primaryImageOfPage\":{\"@id\":\"https:\\\/\\\/xometry.eu\\\/es\\\/contacto\\\/#primaryimage\"},\"image\":{\"@id\":\"https:\\\/\\\/xometry.eu\\\/es\\\/contacto\\\/#primaryimage\"},\"thumbnailUrl\":\"https:\\\/\\\/xometry.eu\\\/wp-content\\\/uploads\\\/2020\\\/06\\\/map_contacts-1.svg\",\"datePublished\":\"2022-03-03T13:58:40+00:00\",\"dateModified\":\"2026-01-08T09:02:31+00:00\",\"description\":\"Cont\u00e1ctenos por correo electr\u00f3nico o por tel\u00e9fono para obtener un presupuesto de sus piezas: mecanizado CNC, impresi\u00f3n 3D, chapa met\u00e1lica...\",\"breadcrumb\":{\"@id\":\"https:\\\/\\\/xometry.eu\\\/es\\\/contacto\\\/#breadcrumb\"},\"inLanguage\":\"es\",\"potentialAction\":[{\"@type\":\"ReadAction\",\"target\":[\"https:\\\/\\\/xometry.eu\\\/es\\\/contacto\\\/\"]}]},{\"@type\":\"ImageObject\",\"inLanguage\":\"es\",\"@id\":\"https:\\\/\\\/xometry.eu\\\/es\\\/contacto\\\/#primaryimage\",\"url\":\"https:\\\/\\\/xometry.eu\\\/wp-content\\\/uploads\\\/2020\\\/06\\\/map_contacts-1.svg\",\"contentUrl\":\"https:\\\/\\\/xometry.eu\\\/wp-content\\\/uploads\\\/2020\\\/06\\\/map_contacts-1.svg\",\"width\":637,\"height\":580},{\"@type\":\"BreadcrumbList\",\"@id\":\"https:\\\/\\\/xometry.eu\\\/es\\\/contacto\\\/#breadcrumb\",\"itemListElement\":[{\"@type\":\"ListItem\",\"position\":1,\"name\":\"Home\",\"item\":\"https:\\\/\\\/xometry.eu\\\/es\\\/\"},{\"@type\":\"ListItem\",\"position\":2,\"name\":\"Contacto &#038; Pie de imprenta\"}]},{\"@type\":\"WebSite\",\"@id\":\"https:\\\/\\\/xometry.eu\\\/es\\\/#website\",\"url\":\"https:\\\/\\\/xometry.eu\\\/es\\\/\",\"name\":\"Xometry Europe\",\"description\":\"\",\"publisher\":{\"@id\":\"https:\\\/\\\/xometry.eu\\\/es\\\/#organization\"},\"potentialAction\":[{\"@type\":\"SearchAction\",\"target\":{\"@type\":\"EntryPoint\",\"urlTemplate\":\"https:\\\/\\\/xometry.eu\\\/es\\\/?s={search_term_string}\"},\"query-input\":{\"@type\":\"PropertyValueSpecification\",\"valueRequired\":true,\"valueName\":\"search_term_string\"}}],\"inLanguage\":\"es\"}]}<\/script>\n<!-- \/ Yoast SEO Premium plugin. -->","yoast_head_json":{"title":"Contacte con nosotros para obtener un presupuesto | Xometry Europe","description":"Cont\u00e1ctenos por correo electr\u00f3nico o por tel\u00e9fono para obtener un presupuesto de sus piezas: mecanizado CNC, impresi\u00f3n 3D, chapa met\u00e1lica...","robots":{"index":"index","follow":"follow","max-snippet":"max-snippet:-1","max-image-preview":"max-image-preview:large","max-video-preview":"max-video-preview:-1"},"canonical":"https:\/\/xometry.eu\/es\/contacto\/","og_locale":"es_ES","og_type":"article","og_title":"Contacto & Pie de imprenta","og_description":"Cont\u00e1ctenos por correo electr\u00f3nico o por tel\u00e9fono para obtener un presupuesto de sus piezas: mecanizado CNC, impresi\u00f3n 3D, chapa met\u00e1lica...","og_url":"https:\/\/xometry.eu\/es\/contacto\/","og_site_name":"Xometry Europe","article_modified_time":"2026-01-08T09:02:31+00:00","twitter_card":"summary_large_image","schema":{"@context":"https:\/\/schema.org","@graph":[{"@type":"WebPage","@id":"https:\/\/xometry.eu\/es\/contacto\/","url":"https:\/\/xometry.eu\/es\/contacto\/","name":"Contacte con nosotros para obtener un presupuesto | Xometry Europe","isPartOf":{"@id":"https:\/\/xometry.eu\/es\/#website"},"primaryImageOfPage":{"@id":"https:\/\/xometry.eu\/es\/contacto\/#primaryimage"},"image":{"@id":"https:\/\/xometry.eu\/es\/contacto\/#primaryimage"},"thumbnailUrl":"https:\/\/xometry.eu\/wp-content\/uploads\/2020\/06\/map_contacts-1.svg","datePublished":"2022-03-03T13:58:40+00:00","dateModified":"2026-01-08T09:02:31+00:00","description":"Cont\u00e1ctenos por correo electr\u00f3nico o por tel\u00e9fono para obtener un presupuesto de sus piezas: mecanizado CNC, impresi\u00f3n 3D, chapa met\u00e1lica...","breadcrumb":{"@id":"https:\/\/xometry.eu\/es\/contacto\/#breadcrumb"},"inLanguage":"es","potentialAction":[{"@type":"ReadAction","target":["https:\/\/xometry.eu\/es\/contacto\/"]}]},{"@type":"ImageObject","inLanguage":"es","@id":"https:\/\/xometry.eu\/es\/contacto\/#primaryimage","url":"https:\/\/xometry.eu\/wp-content\/uploads\/2020\/06\/map_contacts-1.svg","contentUrl":"https:\/\/xometry.eu\/wp-content\/uploads\/2020\/06\/map_contacts-1.svg","width":637,"height":580},{"@type":"BreadcrumbList","@id":"https:\/\/xometry.eu\/es\/contacto\/#breadcrumb","itemListElement":[{"@type":"ListItem","position":1,"name":"Home","item":"https:\/\/xometry.eu\/es\/"},{"@type":"ListItem","position":2,"name":"Contacto &#038; Pie de imprenta"}]},{"@type":"WebSite","@id":"https:\/\/xometry.eu\/es\/#website","url":"https:\/\/xometry.eu\/es\/","name":"Xometry Europe","description":"","publisher":{"@id":"https:\/\/xometry.eu\/es\/#organization"},"potentialAction":[{"@type":"SearchAction","target":{"@type":"EntryPoint","urlTemplate":"https:\/\/xometry.eu\/es\/?s={search_term_string}"},"query-input":{"@type":"PropertyValueSpecification","valueRequired":true,"valueName":"search_term_string"}}],"inLanguage":"es"}]}},"_links":{"self":[{"href":"https:\/\/xometry.eu\/es\/wp-json\/wp\/v2\/pages\/55474","targetHints":{"allow":["GET"]}}],"collection":[{"href":"https:\/\/xometry.eu\/es\/wp-json\/wp\/v2\/pages"}],"about":[{"href":"https:\/\/xometry.eu\/es\/wp-json\/wp\/v2\/types\/page"}],"author":[{"embeddable":true,"href":"https:\/\/xometry.eu\/es\/wp-json\/wp\/v2\/users\/10"}],"replies":[{"embeddable":true,"href":"https:\/\/xometry.eu\/es\/wp-json\/wp\/v2\/comments?post=55474"}],"version-history":[{"count":0,"href":"https:\/\/xometry.eu\/es\/wp-json\/wp\/v2\/pages\/55474\/revisions"}],"wp:featuredmedia":[{"embeddable":true,"href":"https:\/\/xometry.eu\/es\/wp-json\/wp\/v2\/media\/1985"}],"wp:attachment":[{"href":"https:\/\/xometry.eu\/es\/wp-json\/wp\/v2\/media?parent=55474"}],"curies":[{"name":"wp","href":"https:\/\/api.w.org\/{rel}","templated":true}]}}