{"id":163779,"date":"2025-10-02T11:56:12","date_gmt":"2025-10-02T09:56:12","guid":{"rendered":"https:\/\/xometry.eu\/?page_id=163779"},"modified":"2025-10-02T12:28:24","modified_gmt":"2025-10-02T10:28:24","slug":"perspectivas-del-sector-manufacturero-en-2026-edicion-europea","status":"publish","type":"page","link":"https:\/\/xometry.eu\/es\/perspectivas-del-sector-manufacturero-en-2026-edicion-europea\/","title":{"rendered":"2026 Manufacturing Outlook: European Edition"},"content":{"rendered":"<section class=\"hero  light light-to-dark-gradient printing-3d-page\" >\r\n        <img decoding=\"async\" src=\"https:\/\/xometry.eu\/wp-content\/uploads\/2025\/09\/Frame-4-4-scaled.png\" alt=\"Perspectivas Del Sector Manufacturero En 2026: Edici\u00f3n Europea\" class=\"hero__left-image\" \/>\r\n            <img decoding=\"async\" src=\"https:\/\/xometry.eu\/wp-content\/uploads\/2025\/09\/Group-3-scaled.png\" alt=\"Perspectivas Del Sector Manufacturero En 2026: Edici\u00f3n Europea\" class=\"hero__right-image\" \/>\r\n        <div class=\"hero__container section container\" style=\"padding-bottom: px;\">\r\n        <div class=\"hero__title-wrapper\">\r\n            <h1 class=\"title title--01\">Perspectivas Del Sector Manufacturero En 2026: Edici\u00f3n Europea<\/h1>\r\n            <div><div class=\"article-excerpt\">\n<p>Basado en encuestas realizadas a directivos de empresas manufactureras tanto en EE. UU. como en Europa (Francia, Alemania, Italia, Espa\u00f1a y Reino Unido), este informe revela d\u00f3nde concentran sus esfuerzos los fabricantes, los retos que enfrentan y las estrategias que impulsar\u00e1n la competitividad en 2026.<\/p>\n<p>&nbsp;<\/p>\n<\/div>\n<\/div>\r\n                    <\/div>\r\n        <div class=\"hero__cards-list\">\r\n                    <\/div>\r\n            <\/div>\r\n<\/section>\n\n<section class=\"process-slider light light-to-dark-gradient\">\r\n  <div class=\"process-slider__container section container\">\r\n        <div class=\"section__title-wrapper\">\r\n                    <h2 class=\"title title--02\">Temas y Perspectivas Clave<\/h2>\r\n            <\/div>\r\n    <div class=\"process-slider__slider-wrapper\">\r\n                    <div class=\"process-slider__small-slider\">\r\n                                    <button class=\"process-slider__small-slider-item\">\r\n                        <span class=\"title title--03\">1.<\/span> \r\n                        <h3 class=\"title title--03\">Adopci\u00f3n de la IA<\/h3>\r\n                    <\/button>\r\n                                    <button class=\"process-slider__small-slider-item\">\r\n                        <span class=\"title title--03\">2.<\/span> \r\n                        <h3 class=\"title title--03\">Agilidad operativa<\/h3>\r\n                    <\/button>\r\n                                    <button class=\"process-slider__small-slider-item\">\r\n                        <span class=\"title title--03\">3.<\/span> \r\n                        <h3 class=\"title title--03\">Exigencias de los clientes<\/h3>\r\n                    <\/button>\r\n                                    <button class=\"process-slider__small-slider-item\">\r\n                        <span class=\"title title--03\">4.<\/span> \r\n                        <h3 class=\"title title--03\">Precios y aprovisionamiento<\/h3>\r\n                    <\/button>\r\n                \r\n                <div class=\"process-slider__progress\">\r\n                    <div class=\"process-slider__progress-bar\"><\/div>\r\n                <\/div>\r\n            <\/div>\r\n\r\n            <div class=\"process-slider__big-slider\">\r\n                                    <button class=\"process-slider__big-slider-mobile-btn\">\r\n                        <span class=\"title title--03\">1.<\/span> \r\n                        <h3 class=\"title title--03\">Adopci\u00f3n de la IA<\/h3>\r\n                    <\/button>\r\n\r\n                    <div class=\"process-slider__big-slider-item\">\r\n                        <div class=\"process-slider__big-slider-main\">\r\n                            <h3 class=\"title title--04\">Adopci\u00f3n de la IA<\/h3>\r\n                            <div class=\"process-slider__big-slider-text text-l\">\r\n                                <p>La visi\u00f3n de las empresas sobre la inteligencia artificial: \u00bfes realmente un motor de crecimiento o sigue siendo una palabra de moda? El 82 % de los fabricantes la consideran un impulsor del crecimiento, aunque la escasez de talento sigue siendo un obst\u00e1culo.<\/p>\n                            <\/div>\r\n                                                    <\/div>\r\n                                                    <div class=\"process-slider__big-slider-image\">\r\n                                <img decoding=\"async\" src=\"https:\/\/xometry.eu\/wp-content\/uploads\/2025\/09\/AI-outlook-1.png\" alt=\"Step Image\">\r\n                            <\/div>\r\n                                            <\/div>\r\n                                    <button class=\"process-slider__big-slider-mobile-btn\">\r\n                        <span class=\"title title--03\">2.<\/span> \r\n                        <h3 class=\"title title--03\">Agilidad operativa<\/h3>\r\n                    <\/button>\r\n\r\n                    <div class=\"process-slider__big-slider-item\">\r\n                        <div class=\"process-slider__big-slider-main\">\r\n                            <h3 class=\"title title--04\">Agilidad operativa<\/h3>\r\n                            <div class=\"process-slider__big-slider-text text-l\">\r\n                                <p>C\u00f3mo las recientes disrupciones \u2014 desde aranceles y tensiones geopol\u00edticas hasta las secuelas de la COVID-19 \u2014 han transformado las cadenas de suministro.<\/p>\n                            <\/div>\r\n                                                    <\/div>\r\n                                                    <div class=\"process-slider__big-slider-image\">\r\n                                <img decoding=\"async\" src=\"https:\/\/xometry.eu\/wp-content\/uploads\/2025\/09\/agility-outlook.webp\" alt=\"Step Image\">\r\n                            <\/div>\r\n                                            <\/div>\r\n                                    <button class=\"process-slider__big-slider-mobile-btn\">\r\n                        <span class=\"title title--03\">3.<\/span> \r\n                        <h3 class=\"title title--03\">Exigencias de los clientes<\/h3>\r\n                    <\/button>\r\n\r\n                    <div class=\"process-slider__big-slider-item\">\r\n                        <div class=\"process-slider__big-slider-main\">\r\n                            <h3 class=\"title title--04\">Exigencias de los clientes<\/h3>\r\n                            <div class=\"process-slider__big-slider-text text-l\">\r\n                                <p>Los cambios m\u00e1s relevantes en las expectativas de los clientes para los fabricantes europeos.<\/p>\n                            <\/div>\r\n                                                    <\/div>\r\n                                                    <div class=\"process-slider__big-slider-image\">\r\n                                <img decoding=\"async\" src=\"https:\/\/xometry.eu\/wp-content\/uploads\/2025\/09\/customer-outlook.png\" alt=\"Step Image\">\r\n                            <\/div>\r\n                                            <\/div>\r\n                                    <button class=\"process-slider__big-slider-mobile-btn\">\r\n                        <span class=\"title title--03\">4.<\/span> \r\n                        <h3 class=\"title title--03\">Precios y aprovisionamiento<\/h3>\r\n                    <\/button>\r\n\r\n                    <div class=\"process-slider__big-slider-item\">\r\n                        <div class=\"process-slider__big-slider-main\">\r\n                            <h3 class=\"title title--04\">Precios y aprovisionamiento<\/h3>\r\n                            <div class=\"process-slider__big-slider-text text-l\">\r\n                                <p>El 71 % de los fabricantes aumentaron los precios en 2025. \u00bfQu\u00e9 ocurrir\u00e1 en 2026 y c\u00f3mo est\u00e1n reaccionando los clientes?<\/p>\n                            <\/div>\r\n                                                    <\/div>\r\n                                                    <div class=\"process-slider__big-slider-image\">\r\n                                <img decoding=\"async\" src=\"https:\/\/xometry.eu\/wp-content\/uploads\/2025\/09\/pricing-outlook.webp\" alt=\"Step Image\">\r\n                            <\/div>\r\n                                            <\/div>\r\n                            <\/div>\r\n            <\/div>\r\n\r\n        <div class=\"call-to-action\">\r\n                    <a href=\"https:\/\/xometry.eu\/wp-content\/uploads\/2025\/09\/2026-Manufacturing-Outlook-European-Edition.pdf\" class=\"btn btn--primary\" target=\"_blank\">Descargar informe<\/a>\r\n            <\/div>\r\n  <\/div>\r\n<\/section>","protected":false},"excerpt":{"rendered":"","protected":false},"author":14,"featured_media":163320,"parent":0,"menu_order":0,"comment_status":"closed","ping_status":"closed","template":"template-new-style.php","meta":{"_acf_changed":false,"inline_featured_image":false,"footnotes":""},"class_list":["post-163779","page","type-page","status-publish","has-post-thumbnail","hentry"],"acf":[],"yoast_head":"<!-- This site is optimized with the Yoast SEO Premium plugin v20.5 (Yoast SEO v27.3) - https:\/\/yoast.com\/product\/yoast-seo-premium-wordpress\/ -->\n<title>2026 Manufacturing Outlook: European Edition | Xometry Europe<\/title>\n<meta name=\"description\" content=\"Descubre las principales tendencias y estrategias que marcar\u00e1n la fabricaci\u00f3n en 2026 para mantenerte por delante de la competencia y fomentar el crecimiento.\" \/>\n<meta name=\"robots\" content=\"index, follow, max-snippet:-1, max-image-preview:large, max-video-preview:-1\" \/>\n<link rel=\"canonical\" href=\"https:\/\/xometry.eu\/es\/perspectivas-del-sector-manufacturero-en-2026-edicion-europea\/\" \/>\n<meta property=\"og:locale\" content=\"es_ES\" \/>\n<meta property=\"og:type\" content=\"article\" \/>\n<meta property=\"og:title\" content=\"2026 Manufacturing Outlook: European Edition\" \/>\n<meta property=\"og:description\" content=\"Descubre las principales tendencias y estrategias que marcar\u00e1n la fabricaci\u00f3n en 2026 para mantenerte por delante de la competencia y fomentar el crecimiento.\" \/>\n<meta property=\"og:url\" content=\"https:\/\/xometry.eu\/es\/perspectivas-del-sector-manufacturero-en-2026-edicion-europea\/\" \/>\n<meta property=\"og:site_name\" content=\"Xometry Europe\" \/>\n<meta property=\"article:modified_time\" content=\"2025-10-02T10:28:24+00:00\" \/>\n<meta property=\"og:image\" content=\"https:\/\/xometry.eu\/wp-content\/uploads\/2025\/09\/Manufacturing-Outlook-Europe.png\" \/>\n\t<meta property=\"og:image:width\" content=\"1200\" \/>\n\t<meta property=\"og:image:height\" content=\"628\" \/>\n\t<meta property=\"og:image:type\" content=\"image\/png\" \/>\n<meta name=\"twitter:card\" content=\"summary_large_image\" \/>\n<meta name=\"twitter:label1\" content=\"Tiempo de lectura\" \/>\n\t<meta name=\"twitter:data1\" content=\"1 minuto\" \/>\n<script type=\"application\/ld+json\" class=\"yoast-schema-graph\">{\"@context\":\"https:\\\/\\\/schema.org\",\"@graph\":[{\"@type\":\"WebPage\",\"@id\":\"https:\\\/\\\/xometry.eu\\\/es\\\/perspectivas-del-sector-manufacturero-en-2026-edicion-europea\\\/\",\"url\":\"https:\\\/\\\/xometry.eu\\\/es\\\/perspectivas-del-sector-manufacturero-en-2026-edicion-europea\\\/\",\"name\":\"2026 Manufacturing Outlook: European Edition | Xometry Europe\",\"isPartOf\":{\"@id\":\"https:\\\/\\\/xometry.eu\\\/es\\\/#website\"},\"primaryImageOfPage\":{\"@id\":\"https:\\\/\\\/xometry.eu\\\/es\\\/perspectivas-del-sector-manufacturero-en-2026-edicion-europea\\\/#primaryimage\"},\"image\":{\"@id\":\"https:\\\/\\\/xometry.eu\\\/es\\\/perspectivas-del-sector-manufacturero-en-2026-edicion-europea\\\/#primaryimage\"},\"thumbnailUrl\":\"https:\\\/\\\/xometry.eu\\\/wp-content\\\/uploads\\\/2025\\\/09\\\/Manufacturing-Outlook-Europe.png\",\"datePublished\":\"2025-10-02T09:56:12+00:00\",\"dateModified\":\"2025-10-02T10:28:24+00:00\",\"description\":\"Descubre las principales tendencias y estrategias que marcar\u00e1n la fabricaci\u00f3n en 2026 para mantenerte por delante de la competencia y fomentar el crecimiento.\",\"breadcrumb\":{\"@id\":\"https:\\\/\\\/xometry.eu\\\/es\\\/perspectivas-del-sector-manufacturero-en-2026-edicion-europea\\\/#breadcrumb\"},\"inLanguage\":\"es\",\"potentialAction\":[{\"@type\":\"ReadAction\",\"target\":[\"https:\\\/\\\/xometry.eu\\\/es\\\/perspectivas-del-sector-manufacturero-en-2026-edicion-europea\\\/\"]}]},{\"@type\":\"ImageObject\",\"inLanguage\":\"es\",\"@id\":\"https:\\\/\\\/xometry.eu\\\/es\\\/perspectivas-del-sector-manufacturero-en-2026-edicion-europea\\\/#primaryimage\",\"url\":\"https:\\\/\\\/xometry.eu\\\/wp-content\\\/uploads\\\/2025\\\/09\\\/Manufacturing-Outlook-Europe.png\",\"contentUrl\":\"https:\\\/\\\/xometry.eu\\\/wp-content\\\/uploads\\\/2025\\\/09\\\/Manufacturing-Outlook-Europe.png\",\"width\":1200,\"height\":628},{\"@type\":\"BreadcrumbList\",\"@id\":\"https:\\\/\\\/xometry.eu\\\/es\\\/perspectivas-del-sector-manufacturero-en-2026-edicion-europea\\\/#breadcrumb\",\"itemListElement\":[{\"@type\":\"ListItem\",\"position\":1,\"name\":\"Home\",\"item\":\"https:\\\/\\\/xometry.eu\\\/es\\\/\"},{\"@type\":\"ListItem\",\"position\":2,\"name\":\"2026 Manufacturing Outlook: European Edition\"}]},{\"@type\":\"WebSite\",\"@id\":\"https:\\\/\\\/xometry.eu\\\/es\\\/#website\",\"url\":\"https:\\\/\\\/xometry.eu\\\/es\\\/\",\"name\":\"Xometry Europe\",\"description\":\"\",\"publisher\":{\"@id\":\"https:\\\/\\\/xometry.eu\\\/es\\\/#organization\"},\"potentialAction\":[{\"@type\":\"SearchAction\",\"target\":{\"@type\":\"EntryPoint\",\"urlTemplate\":\"https:\\\/\\\/xometry.eu\\\/es\\\/?s={search_term_string}\"},\"query-input\":{\"@type\":\"PropertyValueSpecification\",\"valueRequired\":true,\"valueName\":\"search_term_string\"}}],\"inLanguage\":\"es\"}]}<\/script>\n<!-- \/ Yoast SEO Premium plugin. -->","yoast_head_json":{"title":"2026 Manufacturing Outlook: European Edition | Xometry Europe","description":"Descubre las principales tendencias y estrategias que marcar\u00e1n la fabricaci\u00f3n en 2026 para mantenerte por delante de la competencia y fomentar el crecimiento.","robots":{"index":"index","follow":"follow","max-snippet":"max-snippet:-1","max-image-preview":"max-image-preview:large","max-video-preview":"max-video-preview:-1"},"canonical":"https:\/\/xometry.eu\/es\/perspectivas-del-sector-manufacturero-en-2026-edicion-europea\/","og_locale":"es_ES","og_type":"article","og_title":"2026 Manufacturing Outlook: European Edition","og_description":"Descubre las principales tendencias y estrategias que marcar\u00e1n la fabricaci\u00f3n en 2026 para mantenerte por delante de la competencia y fomentar el crecimiento.","og_url":"https:\/\/xometry.eu\/es\/perspectivas-del-sector-manufacturero-en-2026-edicion-europea\/","og_site_name":"Xometry Europe","article_modified_time":"2025-10-02T10:28:24+00:00","og_image":[{"width":1200,"height":628,"url":"https:\/\/xometry.eu\/wp-content\/uploads\/2025\/09\/Manufacturing-Outlook-Europe.png","type":"image\/png"}],"twitter_card":"summary_large_image","twitter_misc":{"Tiempo de lectura":"1 minuto"},"schema":{"@context":"https:\/\/schema.org","@graph":[{"@type":"WebPage","@id":"https:\/\/xometry.eu\/es\/perspectivas-del-sector-manufacturero-en-2026-edicion-europea\/","url":"https:\/\/xometry.eu\/es\/perspectivas-del-sector-manufacturero-en-2026-edicion-europea\/","name":"2026 Manufacturing Outlook: European Edition | Xometry Europe","isPartOf":{"@id":"https:\/\/xometry.eu\/es\/#website"},"primaryImageOfPage":{"@id":"https:\/\/xometry.eu\/es\/perspectivas-del-sector-manufacturero-en-2026-edicion-europea\/#primaryimage"},"image":{"@id":"https:\/\/xometry.eu\/es\/perspectivas-del-sector-manufacturero-en-2026-edicion-europea\/#primaryimage"},"thumbnailUrl":"https:\/\/xometry.eu\/wp-content\/uploads\/2025\/09\/Manufacturing-Outlook-Europe.png","datePublished":"2025-10-02T09:56:12+00:00","dateModified":"2025-10-02T10:28:24+00:00","description":"Descubre las principales tendencias y estrategias que marcar\u00e1n la fabricaci\u00f3n en 2026 para mantenerte por delante de la competencia y fomentar el crecimiento.","breadcrumb":{"@id":"https:\/\/xometry.eu\/es\/perspectivas-del-sector-manufacturero-en-2026-edicion-europea\/#breadcrumb"},"inLanguage":"es","potentialAction":[{"@type":"ReadAction","target":["https:\/\/xometry.eu\/es\/perspectivas-del-sector-manufacturero-en-2026-edicion-europea\/"]}]},{"@type":"ImageObject","inLanguage":"es","@id":"https:\/\/xometry.eu\/es\/perspectivas-del-sector-manufacturero-en-2026-edicion-europea\/#primaryimage","url":"https:\/\/xometry.eu\/wp-content\/uploads\/2025\/09\/Manufacturing-Outlook-Europe.png","contentUrl":"https:\/\/xometry.eu\/wp-content\/uploads\/2025\/09\/Manufacturing-Outlook-Europe.png","width":1200,"height":628},{"@type":"BreadcrumbList","@id":"https:\/\/xometry.eu\/es\/perspectivas-del-sector-manufacturero-en-2026-edicion-europea\/#breadcrumb","itemListElement":[{"@type":"ListItem","position":1,"name":"Home","item":"https:\/\/xometry.eu\/es\/"},{"@type":"ListItem","position":2,"name":"2026 Manufacturing Outlook: European Edition"}]},{"@type":"WebSite","@id":"https:\/\/xometry.eu\/es\/#website","url":"https:\/\/xometry.eu\/es\/","name":"Xometry Europe","description":"","publisher":{"@id":"https:\/\/xometry.eu\/es\/#organization"},"potentialAction":[{"@type":"SearchAction","target":{"@type":"EntryPoint","urlTemplate":"https:\/\/xometry.eu\/es\/?s={search_term_string}"},"query-input":{"@type":"PropertyValueSpecification","valueRequired":true,"valueName":"search_term_string"}}],"inLanguage":"es"}]}},"_links":{"self":[{"href":"https:\/\/xometry.eu\/es\/wp-json\/wp\/v2\/pages\/163779","targetHints":{"allow":["GET"]}}],"collection":[{"href":"https:\/\/xometry.eu\/es\/wp-json\/wp\/v2\/pages"}],"about":[{"href":"https:\/\/xometry.eu\/es\/wp-json\/wp\/v2\/types\/page"}],"author":[{"embeddable":true,"href":"https:\/\/xometry.eu\/es\/wp-json\/wp\/v2\/users\/14"}],"replies":[{"embeddable":true,"href":"https:\/\/xometry.eu\/es\/wp-json\/wp\/v2\/comments?post=163779"}],"version-history":[{"count":0,"href":"https:\/\/xometry.eu\/es\/wp-json\/wp\/v2\/pages\/163779\/revisions"}],"wp:featuredmedia":[{"embeddable":true,"href":"https:\/\/xometry.eu\/es\/wp-json\/wp\/v2\/media\/163320"}],"wp:attachment":[{"href":"https:\/\/xometry.eu\/es\/wp-json\/wp\/v2\/media?parent=163779"}],"curies":[{"name":"wp","href":"https:\/\/api.w.org\/{rel}","templated":true}]}}