{"id":162609,"date":"2025-09-05T18:01:02","date_gmt":"2025-09-05T16:01:02","guid":{"rendered":"https:\/\/xometry.eu\/back-to-business\/"},"modified":"2025-09-09T15:30:58","modified_gmt":"2025-09-09T13:30:58","slug":"back-to-business","status":"publish","type":"page","link":"https:\/\/xometry.eu\/es\/back-to-business\/","title":{"rendered":"Back to Business"},"content":{"rendered":"<section class=\"hero  light light-to-dark-gradient printing-3d-page\" >\r\n        <img decoding=\"async\" src=\"https:\/\/xometry.eu\/wp-content\/uploads\/2025\/09\/back-to-business-cover-left-2-scaled.png\" alt=\" De vuelta al trabajo:  Aplique su descuento\" class=\"hero__left-image\" \/>\r\n            <img decoding=\"async\" src=\"https:\/\/xometry.eu\/wp-content\/uploads\/2025\/09\/back-to-business-cover-right-3-scaled.png\" alt=\" De vuelta al trabajo:  Aplique su descuento\" class=\"hero__right-image\" \/>\r\n        <div class=\"hero__container section container\" style=\"padding-bottom: 0px;\">\r\n        <div class=\"hero__title-wrapper\">\r\n            <h1 class=\"title title--01\"><strong> De vuelta al trabajo:<\/strong> <br> Aplique su descuento<\/h1>\r\n            <div><p>Comience la nueva temporada de negocios con fuerza con los descuentos de Xometry, dise\u00f1ados para facilitar el lanzamiento de ideas y la ampliaci\u00f3n de la producci\u00f3n de manera m\u00e1s econ\u00f3mica y eficiente.<\/p>\n<p>&nbsp;<\/p>\n<p>Aplique su descuento hoy, todas las ofertas est\u00e1n disponibles hasta el 23 de septiembre.<\/p>\n<\/div>\r\n                    <\/div>\r\n        <div class=\"hero__cards-list\">\r\n                    <\/div>\r\n            <\/div>\r\n<\/section>\n\n <section class=\"steps-comparison light   dark-to-light-gradient\">\r\n    <div class=\"steps-comparison__container section container\">\r\n                    <div class=\"steps__list three-cards\">\r\n                                    <div class=\"steps__card card\">\r\n                                                    <img decoding=\"async\" class=\"steps__card-image\" src=\"https:\/\/xometry.eu\/wp-content\/uploads\/2025\/09\/back-to-business-12.png\" alt=\"Pedidos de Impresi\u00f3n 3D\" \/>\r\n                                                <div class=\"steps__card-main\">\r\n                            <h4 class=\"title title--04\">Pedidos de Impresi\u00f3n 3D<\/h4>\r\n                            <div><p><span style=\"font-weight: 400;\">Obtenga un <\/span><b>12\u202f%<\/b><span style=\"font-weight: 400;\"> de descuento en su pr\u00f3ximo proyecto de fabricaci\u00f3n aditiva con tecnolog\u00edas avanzadas de impresi\u00f3n 3D.<\/span><\/p>\n<p>&nbsp;<\/p>\n<p><b>Aplicable a:<\/b><\/p>\n<p><span style=\"font-weight: 400;\">Sinterizado selectivo por l\u00e1ser (SLS), fusi\u00f3n multichorro (MJF), sinterizado directo de metal por l\u00e1ser (DMLS)<\/span><\/p>\n<p>&nbsp;<\/p>\n<hr \/>\n<p>&nbsp;<\/p>\n<p><strong><b>C\u00f3digo<\/b>: <span style=\"color: #0e6aed;\">BTB12PRINT<\/span><\/strong><\/p>\n<p><span style=\"color: #0e6aed;\"><a style=\"color: #0e6aed;\" href=\"#codes-terms\"><b>Todas las condiciones<\/b><\/a><\/span><\/p>\n<p>&nbsp;<\/p>\n<\/div>\r\n                        <\/div>\r\n                    <\/div>\r\n                                    <div class=\"steps__card card\">\r\n                                                    <img decoding=\"async\" class=\"steps__card-image\" src=\"https:\/\/xometry.eu\/wp-content\/uploads\/2025\/09\/back-to-business-15.png\" alt=\"Proyectos de Fabricaci\u00f3n a Gran Escala\" \/>\r\n                                                <div class=\"steps__card-main\">\r\n                            <h4 class=\"title title--04\">Proyectos de Fabricaci\u00f3n a Gran Escala<\/h4>\r\n                            <div><p><span style=\"font-weight: 400;\">Ahorre un <\/span><b>15\u202f%<\/b><span style=\"font-weight: 400;\"> al realizar pedidos superiores a 3.000\u202f\u20ac.<\/span><\/p>\n<p>&nbsp;<\/p>\n<p><b>Aplicable a:<\/b><\/p>\n<p><span style=\"font-weight: 400;\">Mecanizado CNC, fabricaci\u00f3n en chapa met\u00e1lica, moldeo por inyecci\u00f3n, moldeo al vac\u00edo<\/span><\/p>\n<p>&nbsp;<\/p>\n<hr \/>\n<p>&nbsp;<\/p>\n<p><strong><b>C\u00f3digo:<\/b> <span style=\"color: #0e6aed;\">BTB15SCALE<\/span><span style=\"color: #0e6aed;\"><br aria-hidden=\"true\" \/><\/span><\/strong><\/p>\n<p><span style=\"color: #0e6aed;\"><a style=\"color: #0e6aed;\" href=\"#codes-terms\"><b>Todas las condiciones<\/b><\/a><\/span><\/p>\n<p>&nbsp;<\/p>\n<\/div>\r\n                        <\/div>\r\n                    <\/div>\r\n                                    <div class=\"steps__card card\">\r\n                                                    <img decoding=\"async\" class=\"steps__card-image\" src=\"https:\/\/xometry.eu\/wp-content\/uploads\/2025\/09\/back-to-business-20.png\" alt=\"Primer pedido con  Xometry\" \/>\r\n                                                <div class=\"steps__card-main\">\r\n                            <h4 class=\"title title--04\">Primer pedido con  Xometry<\/h4>\r\n                            <div><p><span style=\"font-weight: 400;\">Disfrute de un <\/span><b>20\u202f%<\/b><span style=\"font-weight: 400;\"> de descuento en su primer pedido, o comparta el descuento con un colega que a\u00fan no haya realizado un pedido.<\/span><\/p>\n<p>&nbsp;<\/p>\n<p><b>Aplicable a:<\/b><\/p>\n<p><span style=\"font-weight: 400;\">Todas las tecnolog\u00edas de fabricaci\u00f3n Xometry en los primeros pedidos<\/span><\/p>\n<p>&nbsp;<\/p>\n<hr \/>\n<p>&nbsp;<\/p>\n<p><strong><b>C\u00f3digo:<\/b> <span style=\"color: #0e6aed;\">BTB20FIRST<br \/>\n<\/span><\/strong><\/p>\n<p><span style=\"color: #0e6aed;\"><a style=\"color: #0e6aed;\" href=\"#codes-terms\"><b>Todas las condiciones<\/b><\/a><\/span><\/p>\n<p>&nbsp;<\/p>\n<\/div>\r\n                        <\/div>\r\n                    <\/div>\r\n                            <\/div>\r\n                <div class=\"comparison__list\">\r\n                    <\/div>\r\n    <\/div>\r\n<\/section>\n\n\n<div class=\"wp-block-buttons is-content-justification-center is-layout-flex wp-container-core-buttons-is-layout-16018d1d wp-block-buttons-is-layout-flex\">\n<div class=\"wp-block-button has-custom-width wp-block-button__width-25 is-style-fill\"><a class=\"wp-block-button__link has-white-color has-text-color has-background has-link-color wp-element-button\" href=\"https:\/\/get.xometry.eu\/?locale=es\" style=\"border-radius:4px;background-color:#0e6aed\"><strong><strong>Presupuestar ahora<\/strong><\/strong><\/a><\/div>\n<\/div>\n\n\n\r\n<section class=\"faq light light-to-dark-gradient\"  id=\"codes-terms\">\r\n    <div class=\"faq__container section container\">\r\n        <div class=\"faq__wrapper\">\r\n            <h2 class=\"title title--02\">*\u00bfC\u00f3mo funcionan los <strong> c\u00f3digos de descuento <\/strong>?<\/h2>\r\n            <div class=\"faq__list\">\r\n                                                                                                    <div class=\"faq__item  \">\r\n                            <div class=\"faq__item-question title title--04\">\r\n                                C\u00f3digo: BTB12PRINT                                <svg\r\n                                    xmlns=\"http:\/\/www.w3.org\/2000\/svg\"\r\n                                    width=\"28\"\r\n                                    height=\"28\"\r\n                                    viewBox=\"0 0 28 28\"\r\n                                    fill=\"none\"\r\n                                    class=\"toggle-icon\"\r\n                                >\r\n                                    <g class=\"plus\">\r\n                                    <path\r\n                                        d=\"M19.0313 13.125H14.875V8.96875C14.875 8.84844 14.7766 8.75 14.6563 8.75H13.3438C13.2234 8.75 13.125 8.84844 13.125 8.96875V13.125H8.96875C8.84844 13.125 8.75 13.2234 8.75 13.3438V14.6563C8.75 14.7766 8.84844 14.875 8.96875 14.875H13.125V19.0313C13.125 19.1516 13.2234 19.25 13.3438 19.25H14.6563C14.7766 19.25 14.875 19.1516 14.875 19.0313V14.875H19.0313C19.1516 14.875 19.25 14.7766 19.25 14.6563V13.3438C19.25 13.2234 19.1516 13.125 19.0313 13.125Z\"\r\n                                    \/>\r\n                                    <path\r\n                                        d=\"M14 1.75C7.23516 1.75 1.75 7.23516 1.75 14C1.75 20.7648 7.23516 26.25 14 26.25C20.7648 26.25 26.25 20.7648 26.25 14C26.25 7.23516 20.7648 1.75 14 1.75ZM14 24.1719C8.38359 24.1719 3.82813 19.6164 3.82813 14C3.82813 8.38359 8.38359 3.82813 14 3.82813C19.6164 3.82813 24.1719 8.38359 24.1719 14C24.1719 19.6164 19.6164 24.1719 14 24.1719Z\"\r\n                                    \/>\r\n                                    <\/g>\r\n                                    <g class=\"minus\">\r\n                                    <path\r\n                                        d=\"M19.0313 13.125H8.96875C8.84844 13.125 8.75 13.2234 8.75 13.3438V14.6563C8.75 14.7766 8.84844 14.875 8.96875 14.875H19.0313C19.1516 14.875 19.25 14.7766 19.25 14.6563V13.3438C19.25 13.2234 19.1516 13.125 19.0313 13.125Z\"\r\n                                    \/>\r\n                                    <path\r\n                                        d=\"M14 1.75C7.23516 1.75 1.75 7.23516 1.75 14C1.75 20.7648 7.23516 26.25 14 26.25C20.7648 26.25 26.25 20.7648 26.25 14C26.25 7.23516 20.7648 1.75 14 1.75ZM14 24.1719C8.38359 24.1719 3.82813 19.6164 3.82813 14C3.82813 8.38359 8.38359 3.82813 14 3.82813C19.6164 3.82813 24.1719 8.38359 24.1719 14C24.1719 19.6164 19.6164 24.1719 14 24.1719Z\"\r\n                                    \/>\r\n                                    <\/g>\r\n                                <\/svg>\r\n                            <\/div>\r\n                            <div class=\"faq__item-answer-wrapper\">\r\n                                <div class=\"faq__item-answer\">\r\n                                    <ul>\n<li style=\"font-weight: 400;\" aria-level=\"1\"><span style=\"font-weight: 400;\">V\u00e1lido para pedidos que contengan \u00fanicamente piezas impresas en 3D mediante las tecnolog\u00edas SLS, MJF o DMLS.<\/span><\/li>\n<li style=\"font-weight: 400;\" aria-level=\"1\"><span style=\"font-weight: 400;\">V\u00e1lido \u00fanicamente para pedidos presupuestados instant\u00e1neamente a trav\u00e9s del generador de presupuestos instant\u00e1neos de Xometry antes del 23 de septiembre de 2025, 23:59 CEST. El c\u00f3digo es de un solo uso y no puede combinarse con otros c\u00f3digos u ofertas.<\/span><\/li>\n<\/ul>\n                                <\/div>\r\n                            <\/div>\r\n                        <\/div>\r\n                                                                    <div class=\"faq__item  \">\r\n                            <div class=\"faq__item-question title title--04\">\r\n                                C\u00f3digo: BTB15SCALE                                <svg\r\n                                    xmlns=\"http:\/\/www.w3.org\/2000\/svg\"\r\n                                    width=\"28\"\r\n                                    height=\"28\"\r\n                                    viewBox=\"0 0 28 28\"\r\n                                    fill=\"none\"\r\n                                    class=\"toggle-icon\"\r\n                                >\r\n                                    <g class=\"plus\">\r\n                                    <path\r\n                                        d=\"M19.0313 13.125H14.875V8.96875C14.875 8.84844 14.7766 8.75 14.6563 8.75H13.3438C13.2234 8.75 13.125 8.84844 13.125 8.96875V13.125H8.96875C8.84844 13.125 8.75 13.2234 8.75 13.3438V14.6563C8.75 14.7766 8.84844 14.875 8.96875 14.875H13.125V19.0313C13.125 19.1516 13.2234 19.25 13.3438 19.25H14.6563C14.7766 19.25 14.875 19.1516 14.875 19.0313V14.875H19.0313C19.1516 14.875 19.25 14.7766 19.25 14.6563V13.3438C19.25 13.2234 19.1516 13.125 19.0313 13.125Z\"\r\n                                    \/>\r\n                                    <path\r\n                                        d=\"M14 1.75C7.23516 1.75 1.75 7.23516 1.75 14C1.75 20.7648 7.23516 26.25 14 26.25C20.7648 26.25 26.25 20.7648 26.25 14C26.25 7.23516 20.7648 1.75 14 1.75ZM14 24.1719C8.38359 24.1719 3.82813 19.6164 3.82813 14C3.82813 8.38359 8.38359 3.82813 14 3.82813C19.6164 3.82813 24.1719 8.38359 24.1719 14C24.1719 19.6164 19.6164 24.1719 14 24.1719Z\"\r\n                                    \/>\r\n                                    <\/g>\r\n                                    <g class=\"minus\">\r\n                                    <path\r\n                                        d=\"M19.0313 13.125H8.96875C8.84844 13.125 8.75 13.2234 8.75 13.3438V14.6563C8.75 14.7766 8.84844 14.875 8.96875 14.875H19.0313C19.1516 14.875 19.25 14.7766 19.25 14.6563V13.3438C19.25 13.2234 19.1516 13.125 19.0313 13.125Z\"\r\n                                    \/>\r\n                                    <path\r\n                                        d=\"M14 1.75C7.23516 1.75 1.75 7.23516 1.75 14C1.75 20.7648 7.23516 26.25 14 26.25C20.7648 26.25 26.25 20.7648 26.25 14C26.25 7.23516 20.7648 1.75 14 1.75ZM14 24.1719C8.38359 24.1719 3.82813 19.6164 3.82813 14C3.82813 8.38359 8.38359 3.82813 14 3.82813C19.6164 3.82813 24.1719 8.38359 24.1719 14C24.1719 19.6164 19.6164 24.1719 14 24.1719Z\"\r\n                                    \/>\r\n                                    <\/g>\r\n                                <\/svg>\r\n                            <\/div>\r\n                            <div class=\"faq__item-answer-wrapper\">\r\n                                <div class=\"faq__item-answer\">\r\n                                    <ul>\n<li style=\"font-weight: 400;\" aria-level=\"1\"><span style=\"font-weight: 400;\">V\u00e1lido para pedidos superiores a 3000 \u20ac que contengan \u00fanicamente piezas de mecanizado CNC, fabricaci\u00f3n en chapa met\u00e1lica, moldeo por inyecci\u00f3n o fundici\u00f3n en vac\u00edo.\u00a0<\/span><\/li>\n<li style=\"font-weight: 400;\" aria-level=\"1\"><span style=\"font-weight: 400;\">V\u00e1lido \u00fanicamente para pedidos presupuestados instant\u00e1neamente a trav\u00e9s del generador de presupuestos instant\u00e1neos de Xometry antes del 23 de septiembre de 2025, 23:59 CEST. El c\u00f3digo es de un solo uso y no puede combinarse con otros c\u00f3digos u ofertas.<\/span><\/li>\n<\/ul>\n                                <\/div>\r\n                            <\/div>\r\n                        <\/div>\r\n                                                                    <div class=\"faq__item  \">\r\n                            <div class=\"faq__item-question title title--04\">\r\n                                C\u00f3digo: BTB20FIRST                                <svg\r\n                                    xmlns=\"http:\/\/www.w3.org\/2000\/svg\"\r\n                                    width=\"28\"\r\n                                    height=\"28\"\r\n                                    viewBox=\"0 0 28 28\"\r\n                                    fill=\"none\"\r\n                                    class=\"toggle-icon\"\r\n                                >\r\n                                    <g class=\"plus\">\r\n                                    <path\r\n                                        d=\"M19.0313 13.125H14.875V8.96875C14.875 8.84844 14.7766 8.75 14.6563 8.75H13.3438C13.2234 8.75 13.125 8.84844 13.125 8.96875V13.125H8.96875C8.84844 13.125 8.75 13.2234 8.75 13.3438V14.6563C8.75 14.7766 8.84844 14.875 8.96875 14.875H13.125V19.0313C13.125 19.1516 13.2234 19.25 13.3438 19.25H14.6563C14.7766 19.25 14.875 19.1516 14.875 19.0313V14.875H19.0313C19.1516 14.875 19.25 14.7766 19.25 14.6563V13.3438C19.25 13.2234 19.1516 13.125 19.0313 13.125Z\"\r\n                                    \/>\r\n                                    <path\r\n                                        d=\"M14 1.75C7.23516 1.75 1.75 7.23516 1.75 14C1.75 20.7648 7.23516 26.25 14 26.25C20.7648 26.25 26.25 20.7648 26.25 14C26.25 7.23516 20.7648 1.75 14 1.75ZM14 24.1719C8.38359 24.1719 3.82813 19.6164 3.82813 14C3.82813 8.38359 8.38359 3.82813 14 3.82813C19.6164 3.82813 24.1719 8.38359 24.1719 14C24.1719 19.6164 19.6164 24.1719 14 24.1719Z\"\r\n                                    \/>\r\n                                    <\/g>\r\n                                    <g class=\"minus\">\r\n                                    <path\r\n                                        d=\"M19.0313 13.125H8.96875C8.84844 13.125 8.75 13.2234 8.75 13.3438V14.6563C8.75 14.7766 8.84844 14.875 8.96875 14.875H19.0313C19.1516 14.875 19.25 14.7766 19.25 14.6563V13.3438C19.25 13.2234 19.1516 13.125 19.0313 13.125Z\"\r\n                                    \/>\r\n                                    <path\r\n                                        d=\"M14 1.75C7.23516 1.75 1.75 7.23516 1.75 14C1.75 20.7648 7.23516 26.25 14 26.25C20.7648 26.25 26.25 20.7648 26.25 14C26.25 7.23516 20.7648 1.75 14 1.75ZM14 24.1719C8.38359 24.1719 3.82813 19.6164 3.82813 14C3.82813 8.38359 8.38359 3.82813 14 3.82813C19.6164 3.82813 24.1719 8.38359 24.1719 14C24.1719 19.6164 19.6164 24.1719 14 24.1719Z\"\r\n                                    \/>\r\n                                    <\/g>\r\n                                <\/svg>\r\n                            <\/div>\r\n                            <div class=\"faq__item-answer-wrapper\">\r\n                                <div class=\"faq__item-answer\">\r\n                                    <ul>\n<li style=\"font-weight: 400;\" aria-level=\"1\"><span style=\"font-weight: 400;\">V\u00e1lido s\u00f3lo para primeros pedidos.<\/span><\/li>\n<li style=\"font-weight: 400;\" aria-level=\"1\"><span style=\"font-weight: 400;\">V\u00e1lido \u00fanicamente para pedidos presupuestados instant\u00e1neamente a trav\u00e9s del generador de presupuestos instant\u00e1neos de Xometry antes del 23 de septiembre de 2025, 23:59 CEST. El c\u00f3digo es de un solo uso y no puede combinarse con otros c\u00f3digos u ofertas.<\/span><\/li>\n<\/ul>\n                                <\/div>\r\n                            <\/div>\r\n                        <\/div>\r\n                                                <\/div>\r\n        <\/div>\r\n            <\/div>\r\n<\/section>\n\n\n<p class=\"has-medium-font-size\"><\/p>\n\n\n\r\n<section class=\"final-cta dark dark-blue-100\" >\r\n    <div class=\"final-cta__container section container\">\r\n        <h2 class=\"title title--02\">De vuelta a los negocios con Xometry<\/h2>\r\n        <div class=\"hero__cards-list\">\r\n              \r\n    <a href=\"https:\/\/get.xometry.eu\/?locale=es\" class=\"hero__cards-item card \">\r\n        <h3 class=\"title title--03\">Descuentos disponibles hasta el 23 de septiembre<\/h3>\r\n        <div class=\"hero__cards-item-text \"><p>D\u00e9 a sus proyectos un buen comienzo este oto\u00f1o con los descuentos de vuelta a los negocios.<br \/>\nNo espere m\u00e1s, haga su pedido ahora y ahorre.<\/p>\n<\/div>\r\n        <span class=\"btn btn--primary \">Presupuestar ahora<\/span>\r\n            <\/a>\r\n        <\/div>\r\n        <div class=\"final-cta__footer-list\">\r\n                                            <\/div>\r\n    <\/div>\r\n<\/section>\n\n\n<p class=\"has-medium-font-size\"><\/p>\n","protected":false},"excerpt":{"rendered":"","protected":false},"author":14,"featured_media":0,"parent":0,"menu_order":0,"comment_status":"closed","ping_status":"closed","template":"template-new-style.php","meta":{"_acf_changed":false,"inline_featured_image":false,"footnotes":""},"class_list":["post-162609","page","type-page","status-publish","hentry"],"acf":[],"yoast_head":"<!-- This site is optimized with the Yoast SEO Premium plugin v20.5 (Yoast SEO v27.3) - https:\/\/yoast.com\/product\/yoast-seo-premium-wordpress\/ -->\n<title>De vuelta al trabajo | Xometry Europe<\/title>\n<meta name=\"description\" content=\"Comience la nueva temporada de negocios con fuerza con los descuentos de Xometry, dise\u00f1ados para facilitar el lanzamiento de ideas y la ampliaci\u00f3n de la producci\u00f3n de manera m\u00e1s econ\u00f3mica y eficiente.\" \/>\n<meta name=\"robots\" content=\"index, follow, max-snippet:-1, max-image-preview:large, max-video-preview:-1\" \/>\n<link rel=\"canonical\" href=\"https:\/\/xometry.eu\/es\/back-to-business\/\" \/>\n<meta property=\"og:locale\" content=\"es_ES\" \/>\n<meta property=\"og:type\" content=\"article\" \/>\n<meta property=\"og:title\" content=\"Back to Business\" \/>\n<meta property=\"og:description\" content=\"Comience la nueva temporada de negocios con fuerza con los descuentos de Xometry, dise\u00f1ados para facilitar el lanzamiento de ideas y la ampliaci\u00f3n de la producci\u00f3n de manera m\u00e1s econ\u00f3mica y eficiente.\" \/>\n<meta property=\"og:url\" content=\"https:\/\/xometry.eu\/es\/back-to-business\/\" \/>\n<meta property=\"og:site_name\" content=\"Xometry Europe\" \/>\n<meta property=\"article:modified_time\" content=\"2025-09-09T13:30:58+00:00\" \/>\n<meta name=\"twitter:card\" content=\"summary_large_image\" \/>\n<meta name=\"twitter:label1\" content=\"Tiempo de lectura\" \/>\n\t<meta name=\"twitter:data1\" content=\"1 minuto\" \/>\n<script type=\"application\/ld+json\" class=\"yoast-schema-graph\">{\"@context\":\"https:\\\/\\\/schema.org\",\"@graph\":[{\"@type\":\"WebPage\",\"@id\":\"https:\\\/\\\/xometry.eu\\\/es\\\/back-to-business\\\/\",\"url\":\"https:\\\/\\\/xometry.eu\\\/es\\\/back-to-business\\\/\",\"name\":\"De vuelta al trabajo | Xometry Europe\",\"isPartOf\":{\"@id\":\"https:\\\/\\\/xometry.eu\\\/es\\\/#website\"},\"datePublished\":\"2025-09-05T16:01:02+00:00\",\"dateModified\":\"2025-09-09T13:30:58+00:00\",\"description\":\"Comience la nueva temporada de negocios con fuerza con los descuentos de Xometry, dise\u00f1ados para facilitar el lanzamiento de ideas y la ampliaci\u00f3n de la producci\u00f3n de manera m\u00e1s econ\u00f3mica y eficiente.\",\"breadcrumb\":{\"@id\":\"https:\\\/\\\/xometry.eu\\\/es\\\/back-to-business\\\/#breadcrumb\"},\"inLanguage\":\"es\",\"potentialAction\":[{\"@type\":\"ReadAction\",\"target\":[\"https:\\\/\\\/xometry.eu\\\/es\\\/back-to-business\\\/\"]}]},{\"@type\":\"BreadcrumbList\",\"@id\":\"https:\\\/\\\/xometry.eu\\\/es\\\/back-to-business\\\/#breadcrumb\",\"itemListElement\":[{\"@type\":\"ListItem\",\"position\":1,\"name\":\"Home\",\"item\":\"https:\\\/\\\/xometry.eu\\\/es\\\/\"},{\"@type\":\"ListItem\",\"position\":2,\"name\":\"Back to Business\"}]},{\"@type\":\"WebSite\",\"@id\":\"https:\\\/\\\/xometry.eu\\\/es\\\/#website\",\"url\":\"https:\\\/\\\/xometry.eu\\\/es\\\/\",\"name\":\"Xometry Europe\",\"description\":\"\",\"publisher\":{\"@id\":\"https:\\\/\\\/xometry.eu\\\/es\\\/#organization\"},\"potentialAction\":[{\"@type\":\"SearchAction\",\"target\":{\"@type\":\"EntryPoint\",\"urlTemplate\":\"https:\\\/\\\/xometry.eu\\\/es\\\/?s={search_term_string}\"},\"query-input\":{\"@type\":\"PropertyValueSpecification\",\"valueRequired\":true,\"valueName\":\"search_term_string\"}}],\"inLanguage\":\"es\"}]}<\/script>\n<!-- \/ Yoast SEO Premium plugin. -->","yoast_head_json":{"title":"De vuelta al trabajo | Xometry Europe","description":"Comience la nueva temporada de negocios con fuerza con los descuentos de Xometry, dise\u00f1ados para facilitar el lanzamiento de ideas y la ampliaci\u00f3n de la producci\u00f3n de manera m\u00e1s econ\u00f3mica y eficiente.","robots":{"index":"index","follow":"follow","max-snippet":"max-snippet:-1","max-image-preview":"max-image-preview:large","max-video-preview":"max-video-preview:-1"},"canonical":"https:\/\/xometry.eu\/es\/back-to-business\/","og_locale":"es_ES","og_type":"article","og_title":"Back to Business","og_description":"Comience la nueva temporada de negocios con fuerza con los descuentos de Xometry, dise\u00f1ados para facilitar el lanzamiento de ideas y la ampliaci\u00f3n de la producci\u00f3n de manera m\u00e1s econ\u00f3mica y eficiente.","og_url":"https:\/\/xometry.eu\/es\/back-to-business\/","og_site_name":"Xometry Europe","article_modified_time":"2025-09-09T13:30:58+00:00","twitter_card":"summary_large_image","twitter_misc":{"Tiempo de lectura":"1 minuto"},"schema":{"@context":"https:\/\/schema.org","@graph":[{"@type":"WebPage","@id":"https:\/\/xometry.eu\/es\/back-to-business\/","url":"https:\/\/xometry.eu\/es\/back-to-business\/","name":"De vuelta al trabajo | Xometry Europe","isPartOf":{"@id":"https:\/\/xometry.eu\/es\/#website"},"datePublished":"2025-09-05T16:01:02+00:00","dateModified":"2025-09-09T13:30:58+00:00","description":"Comience la nueva temporada de negocios con fuerza con los descuentos de Xometry, dise\u00f1ados para facilitar el lanzamiento de ideas y la ampliaci\u00f3n de la producci\u00f3n de manera m\u00e1s econ\u00f3mica y eficiente.","breadcrumb":{"@id":"https:\/\/xometry.eu\/es\/back-to-business\/#breadcrumb"},"inLanguage":"es","potentialAction":[{"@type":"ReadAction","target":["https:\/\/xometry.eu\/es\/back-to-business\/"]}]},{"@type":"BreadcrumbList","@id":"https:\/\/xometry.eu\/es\/back-to-business\/#breadcrumb","itemListElement":[{"@type":"ListItem","position":1,"name":"Home","item":"https:\/\/xometry.eu\/es\/"},{"@type":"ListItem","position":2,"name":"Back to Business"}]},{"@type":"WebSite","@id":"https:\/\/xometry.eu\/es\/#website","url":"https:\/\/xometry.eu\/es\/","name":"Xometry Europe","description":"","publisher":{"@id":"https:\/\/xometry.eu\/es\/#organization"},"potentialAction":[{"@type":"SearchAction","target":{"@type":"EntryPoint","urlTemplate":"https:\/\/xometry.eu\/es\/?s={search_term_string}"},"query-input":{"@type":"PropertyValueSpecification","valueRequired":true,"valueName":"search_term_string"}}],"inLanguage":"es"}]}},"_links":{"self":[{"href":"https:\/\/xometry.eu\/es\/wp-json\/wp\/v2\/pages\/162609","targetHints":{"allow":["GET"]}}],"collection":[{"href":"https:\/\/xometry.eu\/es\/wp-json\/wp\/v2\/pages"}],"about":[{"href":"https:\/\/xometry.eu\/es\/wp-json\/wp\/v2\/types\/page"}],"author":[{"embeddable":true,"href":"https:\/\/xometry.eu\/es\/wp-json\/wp\/v2\/users\/14"}],"replies":[{"embeddable":true,"href":"https:\/\/xometry.eu\/es\/wp-json\/wp\/v2\/comments?post=162609"}],"version-history":[{"count":0,"href":"https:\/\/xometry.eu\/es\/wp-json\/wp\/v2\/pages\/162609\/revisions"}],"wp:attachment":[{"href":"https:\/\/xometry.eu\/es\/wp-json\/wp\/v2\/media?parent=162609"}],"curies":[{"name":"wp","href":"https:\/\/api.w.org\/{rel}","templated":true}]}}