{"id":129204,"date":"2023-12-20T11:40:48","date_gmt":"2023-12-20T09:40:48","guid":{"rendered":"https:\/\/xometry.eu\/manufacturing-standards\/"},"modified":"2025-04-02T17:23:47","modified_gmt":"2025-04-02T15:23:47","slug":"estandares-de-fabricacion","status":"publish","type":"page","link":"https:\/\/xometry.eu\/es\/estandares-de-fabricacion\/","title":{"rendered":"Est\u00e1ndares de fabricaci\u00f3n"},"content":{"rendered":"","protected":false},"excerpt":{"rendered":"","protected":false},"author":10,"featured_media":0,"parent":0,"menu_order":0,"comment_status":"closed","ping_status":"closed","template":"","meta":{"_acf_changed":false,"inline_featured_image":false,"footnotes":""},"class_list":["post-129204","page","type-page","status-publish","hentry"],"acf":[],"yoast_head":"<!-- This site is optimized with the Yoast SEO Premium plugin v20.5 (Yoast SEO v27.3) - https:\/\/yoast.com\/product\/yoast-seo-premium-wordpress\/ -->\n<title>Est\u00e1ndares de fabricaci\u00f3n | Xometry Europe<\/title>\n<meta name=\"description\" content=\"Esta p\u00e1gina de normas de fabricaci\u00f3n le guiar\u00e1 por las normas que sigue nuestra red de socios fabricantes.\" \/>\n<meta name=\"robots\" content=\"index, follow, max-snippet:-1, max-image-preview:large, max-video-preview:-1\" \/>\n<link rel=\"canonical\" href=\"https:\/\/xometry.eu\/es\/estandares-de-fabricacion\/\" \/>\n<meta property=\"og:locale\" content=\"es_ES\" \/>\n<meta property=\"og:type\" content=\"article\" \/>\n<meta property=\"og:title\" content=\"Est\u00e1ndares de fabricaci\u00f3n\" \/>\n<meta property=\"og:description\" content=\"Esta p\u00e1gina de normas de fabricaci\u00f3n le guiar\u00e1 por las normas que sigue nuestra red de socios fabricantes.\" \/>\n<meta property=\"og:url\" content=\"https:\/\/xometry.eu\/es\/estandares-de-fabricacion\/\" \/>\n<meta property=\"og:site_name\" content=\"Xometry Europe\" \/>\n<meta property=\"article:modified_time\" content=\"2025-04-02T15:23:47+00:00\" \/>\n<meta name=\"twitter:card\" content=\"summary_large_image\" \/>\n<script type=\"application\/ld+json\" class=\"yoast-schema-graph\">{\"@context\":\"https:\\\/\\\/schema.org\",\"@graph\":[{\"@type\":\"WebPage\",\"@id\":\"https:\\\/\\\/xometry.eu\\\/es\\\/estandares-de-fabricacion\\\/\",\"url\":\"https:\\\/\\\/xometry.eu\\\/es\\\/estandares-de-fabricacion\\\/\",\"name\":\"Est\u00e1ndares de fabricaci\u00f3n | Xometry Europe\",\"isPartOf\":{\"@id\":\"https:\\\/\\\/xometry.eu\\\/es\\\/#website\"},\"datePublished\":\"2023-12-20T09:40:48+00:00\",\"dateModified\":\"2025-04-02T15:23:47+00:00\",\"description\":\"Esta p\u00e1gina de normas de fabricaci\u00f3n le guiar\u00e1 por las normas que sigue nuestra red de socios fabricantes.\",\"breadcrumb\":{\"@id\":\"https:\\\/\\\/xometry.eu\\\/es\\\/estandares-de-fabricacion\\\/#breadcrumb\"},\"inLanguage\":\"es\",\"potentialAction\":[{\"@type\":\"ReadAction\",\"target\":[\"https:\\\/\\\/xometry.eu\\\/es\\\/estandares-de-fabricacion\\\/\"]}]},{\"@type\":\"BreadcrumbList\",\"@id\":\"https:\\\/\\\/xometry.eu\\\/es\\\/estandares-de-fabricacion\\\/#breadcrumb\",\"itemListElement\":[{\"@type\":\"ListItem\",\"position\":1,\"name\":\"Home\",\"item\":\"https:\\\/\\\/xometry.eu\\\/es\\\/\"},{\"@type\":\"ListItem\",\"position\":2,\"name\":\"Est\u00e1ndares de fabricaci\u00f3n\"}]},{\"@type\":\"WebSite\",\"@id\":\"https:\\\/\\\/xometry.eu\\\/es\\\/#website\",\"url\":\"https:\\\/\\\/xometry.eu\\\/es\\\/\",\"name\":\"Xometry Europe\",\"description\":\"\",\"publisher\":{\"@id\":\"https:\\\/\\\/xometry.eu\\\/es\\\/#organization\"},\"potentialAction\":[{\"@type\":\"SearchAction\",\"target\":{\"@type\":\"EntryPoint\",\"urlTemplate\":\"https:\\\/\\\/xometry.eu\\\/es\\\/?s={search_term_string}\"},\"query-input\":{\"@type\":\"PropertyValueSpecification\",\"valueRequired\":true,\"valueName\":\"search_term_string\"}}],\"inLanguage\":\"es\"}]}<\/script>\n<!-- \/ Yoast SEO Premium plugin. -->","yoast_head_json":{"title":"Est\u00e1ndares de fabricaci\u00f3n | Xometry Europe","description":"Esta p\u00e1gina de normas de fabricaci\u00f3n le guiar\u00e1 por las normas que sigue nuestra red de socios fabricantes.","robots":{"index":"index","follow":"follow","max-snippet":"max-snippet:-1","max-image-preview":"max-image-preview:large","max-video-preview":"max-video-preview:-1"},"canonical":"https:\/\/xometry.eu\/es\/estandares-de-fabricacion\/","og_locale":"es_ES","og_type":"article","og_title":"Est\u00e1ndares de fabricaci\u00f3n","og_description":"Esta p\u00e1gina de normas de fabricaci\u00f3n le guiar\u00e1 por las normas que sigue nuestra red de socios fabricantes.","og_url":"https:\/\/xometry.eu\/es\/estandares-de-fabricacion\/","og_site_name":"Xometry Europe","article_modified_time":"2025-04-02T15:23:47+00:00","twitter_card":"summary_large_image","schema":{"@context":"https:\/\/schema.org","@graph":[{"@type":"WebPage","@id":"https:\/\/xometry.eu\/es\/estandares-de-fabricacion\/","url":"https:\/\/xometry.eu\/es\/estandares-de-fabricacion\/","name":"Est\u00e1ndares de fabricaci\u00f3n | Xometry Europe","isPartOf":{"@id":"https:\/\/xometry.eu\/es\/#website"},"datePublished":"2023-12-20T09:40:48+00:00","dateModified":"2025-04-02T15:23:47+00:00","description":"Esta p\u00e1gina de normas de fabricaci\u00f3n le guiar\u00e1 por las normas que sigue nuestra red de socios fabricantes.","breadcrumb":{"@id":"https:\/\/xometry.eu\/es\/estandares-de-fabricacion\/#breadcrumb"},"inLanguage":"es","potentialAction":[{"@type":"ReadAction","target":["https:\/\/xometry.eu\/es\/estandares-de-fabricacion\/"]}]},{"@type":"BreadcrumbList","@id":"https:\/\/xometry.eu\/es\/estandares-de-fabricacion\/#breadcrumb","itemListElement":[{"@type":"ListItem","position":1,"name":"Home","item":"https:\/\/xometry.eu\/es\/"},{"@type":"ListItem","position":2,"name":"Est\u00e1ndares de fabricaci\u00f3n"}]},{"@type":"WebSite","@id":"https:\/\/xometry.eu\/es\/#website","url":"https:\/\/xometry.eu\/es\/","name":"Xometry Europe","description":"","publisher":{"@id":"https:\/\/xometry.eu\/es\/#organization"},"potentialAction":[{"@type":"SearchAction","target":{"@type":"EntryPoint","urlTemplate":"https:\/\/xometry.eu\/es\/?s={search_term_string}"},"query-input":{"@type":"PropertyValueSpecification","valueRequired":true,"valueName":"search_term_string"}}],"inLanguage":"es"}]}},"_links":{"self":[{"href":"https:\/\/xometry.eu\/es\/wp-json\/wp\/v2\/pages\/129204","targetHints":{"allow":["GET"]}}],"collection":[{"href":"https:\/\/xometry.eu\/es\/wp-json\/wp\/v2\/pages"}],"about":[{"href":"https:\/\/xometry.eu\/es\/wp-json\/wp\/v2\/types\/page"}],"author":[{"embeddable":true,"href":"https:\/\/xometry.eu\/es\/wp-json\/wp\/v2\/users\/10"}],"replies":[{"embeddable":true,"href":"https:\/\/xometry.eu\/es\/wp-json\/wp\/v2\/comments?post=129204"}],"version-history":[{"count":0,"href":"https:\/\/xometry.eu\/es\/wp-json\/wp\/v2\/pages\/129204\/revisions"}],"wp:attachment":[{"href":"https:\/\/xometry.eu\/es\/wp-json\/wp\/v2\/media?parent=129204"}],"curies":[{"name":"wp","href":"https:\/\/api.w.org\/{rel}","templated":true}]}}