{"id":127535,"date":"2023-12-05T17:28:20","date_gmt":"2023-12-05T15:28:20","guid":{"rendered":"https:\/\/xometry.eu\/hs-code\/"},"modified":"2024-01-24T11:25:13","modified_gmt":"2024-01-24T09:25:13","slug":"hs-code","status":"publish","type":"page","link":"https:\/\/xometry.eu\/es\/hs-code\/","title":{"rendered":"HS Code"},"content":{"rendered":"","protected":false},"excerpt":{"rendered":"","protected":false},"author":10,"featured_media":0,"parent":0,"menu_order":0,"comment_status":"closed","ping_status":"closed","template":"","meta":{"_acf_changed":false,"inline_featured_image":false,"footnotes":""},"class_list":["post-127535","page","type-page","status-publish","hentry"],"acf":[],"yoast_head":"<!-- This site is optimized with the Yoast SEO Premium plugin v20.5 (Yoast SEO v27.3) - https:\/\/yoast.com\/product\/yoast-seo-premium-wordpress\/ -->\n<title>C\u00f3digos HS para env\u00edos internacionales | Xometry Europe<\/title>\n<meta name=\"description\" content=\"Sepa qu\u00e9 es un c\u00f3digo HS, c\u00f3mo encontrar el c\u00f3digo HS adecuado para sus productos y por qu\u00e9 es esencial a la hora de realizar pedidos internacionales.\" \/>\n<meta name=\"robots\" content=\"index, follow, max-snippet:-1, max-image-preview:large, max-video-preview:-1\" \/>\n<link rel=\"canonical\" href=\"https:\/\/xometry.eu\/es\/hs-code\/\" \/>\n<meta property=\"og:locale\" content=\"es_ES\" \/>\n<meta property=\"og:type\" content=\"article\" \/>\n<meta property=\"og:title\" content=\"HS Code\" \/>\n<meta property=\"og:description\" content=\"Sepa qu\u00e9 es un c\u00f3digo HS, c\u00f3mo encontrar el c\u00f3digo HS adecuado para sus productos y por qu\u00e9 es esencial a la hora de realizar pedidos internacionales.\" \/>\n<meta property=\"og:url\" content=\"https:\/\/xometry.eu\/es\/hs-code\/\" \/>\n<meta property=\"og:site_name\" content=\"Xometry Europe\" \/>\n<meta property=\"article:modified_time\" content=\"2024-01-24T09:25:13+00:00\" \/>\n<meta name=\"twitter:card\" content=\"summary_large_image\" \/>\n<script type=\"application\/ld+json\" class=\"yoast-schema-graph\">{\"@context\":\"https:\\\/\\\/schema.org\",\"@graph\":[{\"@type\":\"WebPage\",\"@id\":\"https:\\\/\\\/xometry.eu\\\/es\\\/hs-code\\\/\",\"url\":\"https:\\\/\\\/xometry.eu\\\/es\\\/hs-code\\\/\",\"name\":\"C\u00f3digos HS para env\u00edos internacionales | Xometry Europe\",\"isPartOf\":{\"@id\":\"https:\\\/\\\/xometry.eu\\\/es\\\/#website\"},\"datePublished\":\"2023-12-05T15:28:20+00:00\",\"dateModified\":\"2024-01-24T09:25:13+00:00\",\"description\":\"Sepa qu\u00e9 es un c\u00f3digo HS, c\u00f3mo encontrar el c\u00f3digo HS adecuado para sus productos y por qu\u00e9 es esencial a la hora de realizar pedidos internacionales.\",\"breadcrumb\":{\"@id\":\"https:\\\/\\\/xometry.eu\\\/es\\\/hs-code\\\/#breadcrumb\"},\"inLanguage\":\"es\",\"potentialAction\":[{\"@type\":\"ReadAction\",\"target\":[\"https:\\\/\\\/xometry.eu\\\/es\\\/hs-code\\\/\"]}]},{\"@type\":\"BreadcrumbList\",\"@id\":\"https:\\\/\\\/xometry.eu\\\/es\\\/hs-code\\\/#breadcrumb\",\"itemListElement\":[{\"@type\":\"ListItem\",\"position\":1,\"name\":\"Home\",\"item\":\"https:\\\/\\\/xometry.eu\\\/es\\\/\"},{\"@type\":\"ListItem\",\"position\":2,\"name\":\"HS Code\"}]},{\"@type\":\"WebSite\",\"@id\":\"https:\\\/\\\/xometry.eu\\\/es\\\/#website\",\"url\":\"https:\\\/\\\/xometry.eu\\\/es\\\/\",\"name\":\"Xometry Europe\",\"description\":\"\",\"publisher\":{\"@id\":\"https:\\\/\\\/xometry.eu\\\/es\\\/#organization\"},\"potentialAction\":[{\"@type\":\"SearchAction\",\"target\":{\"@type\":\"EntryPoint\",\"urlTemplate\":\"https:\\\/\\\/xometry.eu\\\/es\\\/?s={search_term_string}\"},\"query-input\":{\"@type\":\"PropertyValueSpecification\",\"valueRequired\":true,\"valueName\":\"search_term_string\"}}],\"inLanguage\":\"es\"}]}<\/script>\n<!-- \/ Yoast SEO Premium plugin. -->","yoast_head_json":{"title":"C\u00f3digos HS para env\u00edos internacionales | Xometry Europe","description":"Sepa qu\u00e9 es un c\u00f3digo HS, c\u00f3mo encontrar el c\u00f3digo HS adecuado para sus productos y por qu\u00e9 es esencial a la hora de realizar pedidos internacionales.","robots":{"index":"index","follow":"follow","max-snippet":"max-snippet:-1","max-image-preview":"max-image-preview:large","max-video-preview":"max-video-preview:-1"},"canonical":"https:\/\/xometry.eu\/es\/hs-code\/","og_locale":"es_ES","og_type":"article","og_title":"HS Code","og_description":"Sepa qu\u00e9 es un c\u00f3digo HS, c\u00f3mo encontrar el c\u00f3digo HS adecuado para sus productos y por qu\u00e9 es esencial a la hora de realizar pedidos internacionales.","og_url":"https:\/\/xometry.eu\/es\/hs-code\/","og_site_name":"Xometry Europe","article_modified_time":"2024-01-24T09:25:13+00:00","twitter_card":"summary_large_image","schema":{"@context":"https:\/\/schema.org","@graph":[{"@type":"WebPage","@id":"https:\/\/xometry.eu\/es\/hs-code\/","url":"https:\/\/xometry.eu\/es\/hs-code\/","name":"C\u00f3digos HS para env\u00edos internacionales | Xometry Europe","isPartOf":{"@id":"https:\/\/xometry.eu\/es\/#website"},"datePublished":"2023-12-05T15:28:20+00:00","dateModified":"2024-01-24T09:25:13+00:00","description":"Sepa qu\u00e9 es un c\u00f3digo HS, c\u00f3mo encontrar el c\u00f3digo HS adecuado para sus productos y por qu\u00e9 es esencial a la hora de realizar pedidos internacionales.","breadcrumb":{"@id":"https:\/\/xometry.eu\/es\/hs-code\/#breadcrumb"},"inLanguage":"es","potentialAction":[{"@type":"ReadAction","target":["https:\/\/xometry.eu\/es\/hs-code\/"]}]},{"@type":"BreadcrumbList","@id":"https:\/\/xometry.eu\/es\/hs-code\/#breadcrumb","itemListElement":[{"@type":"ListItem","position":1,"name":"Home","item":"https:\/\/xometry.eu\/es\/"},{"@type":"ListItem","position":2,"name":"HS Code"}]},{"@type":"WebSite","@id":"https:\/\/xometry.eu\/es\/#website","url":"https:\/\/xometry.eu\/es\/","name":"Xometry Europe","description":"","publisher":{"@id":"https:\/\/xometry.eu\/es\/#organization"},"potentialAction":[{"@type":"SearchAction","target":{"@type":"EntryPoint","urlTemplate":"https:\/\/xometry.eu\/es\/?s={search_term_string}"},"query-input":{"@type":"PropertyValueSpecification","valueRequired":true,"valueName":"search_term_string"}}],"inLanguage":"es"}]}},"_links":{"self":[{"href":"https:\/\/xometry.eu\/es\/wp-json\/wp\/v2\/pages\/127535","targetHints":{"allow":["GET"]}}],"collection":[{"href":"https:\/\/xometry.eu\/es\/wp-json\/wp\/v2\/pages"}],"about":[{"href":"https:\/\/xometry.eu\/es\/wp-json\/wp\/v2\/types\/page"}],"author":[{"embeddable":true,"href":"https:\/\/xometry.eu\/es\/wp-json\/wp\/v2\/users\/10"}],"replies":[{"embeddable":true,"href":"https:\/\/xometry.eu\/es\/wp-json\/wp\/v2\/comments?post=127535"}],"version-history":[{"count":0,"href":"https:\/\/xometry.eu\/es\/wp-json\/wp\/v2\/pages\/127535\/revisions"}],"wp:attachment":[{"href":"https:\/\/xometry.eu\/es\/wp-json\/wp\/v2\/media?parent=127535"}],"curies":[{"name":"wp","href":"https:\/\/api.w.org\/{rel}","templated":true}]}}