{"id":126973,"date":"2023-08-17T09:37:04","date_gmt":"2023-08-17T07:37:04","guid":{"rendered":"https:\/\/xometry.eu\/automotive-industry\/"},"modified":"2026-03-13T17:29:04","modified_gmt":"2026-03-13T15:29:04","slug":"automocion","status":"publish","type":"page","link":"https:\/\/xometry.eu\/es\/automocion\/","title":{"rendered":"Automotive Industry"},"content":{"rendered":"","protected":false},"excerpt":{"rendered":"","protected":false},"author":14,"featured_media":115407,"parent":0,"menu_order":0,"comment_status":"closed","ping_status":"closed","template":"","meta":{"_acf_changed":false,"inline_featured_image":false,"footnotes":""},"class_list":["post-126973","page","type-page","status-publish","has-post-thumbnail","hentry"],"acf":[],"yoast_head":"<!-- This site is optimized with the Yoast SEO Premium plugin v20.5 (Yoast SEO v27.1.1) - https:\/\/yoast.com\/product\/yoast-seo-premium-wordpress\/ -->\n<title>Prototipos y piezas de producci\u00f3n para la industria del autom\u00f3vil | Xometry<\/title>\n<meta name=\"description\" content=\"Innove m\u00e1s r\u00e1pido con acceso instant\u00e1neo a las grandes capacidades de fabricaci\u00f3n, la red y la experiencia de Xometry en el sector de la automoci\u00f3n.\" \/>\n<meta name=\"robots\" content=\"index, follow, max-snippet:-1, max-image-preview:large, max-video-preview:-1\" \/>\n<link rel=\"canonical\" href=\"https:\/\/xometry.eu\/es\/automocion\/\" \/>\n<meta property=\"og:locale\" content=\"es_ES\" \/>\n<meta property=\"og:type\" content=\"article\" \/>\n<meta property=\"og:title\" content=\"Automotive Industry\" \/>\n<meta property=\"og:description\" content=\"Innove m\u00e1s r\u00e1pido con acceso instant\u00e1neo a las grandes capacidades de fabricaci\u00f3n, la red y la experiencia de Xometry en el sector de la automoci\u00f3n.\" \/>\n<meta property=\"og:url\" content=\"https:\/\/xometry.eu\/es\/automocion\/\" \/>\n<meta property=\"og:site_name\" content=\"Xometry Europe\" \/>\n<meta property=\"article:modified_time\" content=\"2026-03-13T15:29:04+00:00\" \/>\n<meta property=\"og:image\" content=\"https:\/\/xometry.eu\/wp-content\/uploads\/2023\/08\/Automotive-Industry-scaled.jpg\" \/>\n\t<meta property=\"og:image:width\" content=\"2560\" \/>\n\t<meta property=\"og:image:height\" content=\"1708\" \/>\n\t<meta property=\"og:image:type\" content=\"image\/jpeg\" \/>\n<meta name=\"twitter:card\" content=\"summary_large_image\" \/>\n<script type=\"application\/ld+json\" class=\"yoast-schema-graph\">{\"@context\":\"https:\/\/schema.org\",\"@graph\":[{\"@type\":\"WebPage\",\"@id\":\"https:\/\/xometry.eu\/es\/automocion\/\",\"url\":\"https:\/\/xometry.eu\/es\/automocion\/\",\"name\":\"Prototipos y piezas de producci\u00f3n para la industria del autom\u00f3vil | Xometry\",\"isPartOf\":{\"@id\":\"https:\/\/xometry.eu\/es\/#website\"},\"primaryImageOfPage\":{\"@id\":\"https:\/\/xometry.eu\/es\/automocion\/#primaryimage\"},\"image\":{\"@id\":\"https:\/\/xometry.eu\/es\/automocion\/#primaryimage\"},\"thumbnailUrl\":\"https:\/\/xometry.eu\/wp-content\/uploads\/2023\/08\/Automotive-Industry-scaled.jpg\",\"datePublished\":\"2023-08-17T07:37:04+00:00\",\"dateModified\":\"2026-03-13T15:29:04+00:00\",\"description\":\"Innove m\u00e1s r\u00e1pido con acceso instant\u00e1neo a las grandes capacidades de fabricaci\u00f3n, la red y la experiencia de Xometry en el sector de la automoci\u00f3n.\",\"breadcrumb\":{\"@id\":\"https:\/\/xometry.eu\/es\/automocion\/#breadcrumb\"},\"inLanguage\":\"es\",\"potentialAction\":[{\"@type\":\"ReadAction\",\"target\":[\"https:\/\/xometry.eu\/es\/automocion\/\"]}]},{\"@type\":\"ImageObject\",\"inLanguage\":\"es\",\"@id\":\"https:\/\/xometry.eu\/es\/automocion\/#primaryimage\",\"url\":\"https:\/\/xometry.eu\/wp-content\/uploads\/2023\/08\/Automotive-Industry-scaled.jpg\",\"contentUrl\":\"https:\/\/xometry.eu\/wp-content\/uploads\/2023\/08\/Automotive-Industry-scaled.jpg\",\"width\":2560,\"height\":1708,\"caption\":\"Chassis of the electric, hybrid car with powertrain. Blue toned.\"},{\"@type\":\"BreadcrumbList\",\"@id\":\"https:\/\/xometry.eu\/es\/automocion\/#breadcrumb\",\"itemListElement\":[{\"@type\":\"ListItem\",\"position\":1,\"name\":\"Home\",\"item\":\"https:\/\/xometry.eu\/es\/\"},{\"@type\":\"ListItem\",\"position\":2,\"name\":\"Automotive Industry\"}]},{\"@type\":\"WebSite\",\"@id\":\"https:\/\/xometry.eu\/es\/#website\",\"url\":\"https:\/\/xometry.eu\/es\/\",\"name\":\"Xometry Europe\",\"description\":\"\",\"publisher\":{\"@id\":\"https:\/\/xometry.eu\/es\/#organization\"},\"potentialAction\":[{\"@type\":\"SearchAction\",\"target\":{\"@type\":\"EntryPoint\",\"urlTemplate\":\"https:\/\/xometry.eu\/es\/?s={search_term_string}\"},\"query-input\":{\"@type\":\"PropertyValueSpecification\",\"valueRequired\":true,\"valueName\":\"search_term_string\"}}],\"inLanguage\":\"es\"}]}<\/script>\n<!-- \/ Yoast SEO Premium plugin. -->","yoast_head_json":{"title":"Prototipos y piezas de producci\u00f3n para la industria del autom\u00f3vil | Xometry","description":"Innove m\u00e1s r\u00e1pido con acceso instant\u00e1neo a las grandes capacidades de fabricaci\u00f3n, la red y la experiencia de Xometry en el sector de la automoci\u00f3n.","robots":{"index":"index","follow":"follow","max-snippet":"max-snippet:-1","max-image-preview":"max-image-preview:large","max-video-preview":"max-video-preview:-1"},"canonical":"https:\/\/xometry.eu\/es\/automocion\/","og_locale":"es_ES","og_type":"article","og_title":"Automotive Industry","og_description":"Innove m\u00e1s r\u00e1pido con acceso instant\u00e1neo a las grandes capacidades de fabricaci\u00f3n, la red y la experiencia de Xometry en el sector de la automoci\u00f3n.","og_url":"https:\/\/xometry.eu\/es\/automocion\/","og_site_name":"Xometry Europe","article_modified_time":"2026-03-13T15:29:04+00:00","og_image":[{"width":2560,"height":1708,"url":"https:\/\/xometry.eu\/wp-content\/uploads\/2023\/08\/Automotive-Industry-scaled.jpg","type":"image\/jpeg"}],"twitter_card":"summary_large_image","schema":{"@context":"https:\/\/schema.org","@graph":[{"@type":"WebPage","@id":"https:\/\/xometry.eu\/es\/automocion\/","url":"https:\/\/xometry.eu\/es\/automocion\/","name":"Prototipos y piezas de producci\u00f3n para la industria del autom\u00f3vil | Xometry","isPartOf":{"@id":"https:\/\/xometry.eu\/es\/#website"},"primaryImageOfPage":{"@id":"https:\/\/xometry.eu\/es\/automocion\/#primaryimage"},"image":{"@id":"https:\/\/xometry.eu\/es\/automocion\/#primaryimage"},"thumbnailUrl":"https:\/\/xometry.eu\/wp-content\/uploads\/2023\/08\/Automotive-Industry-scaled.jpg","datePublished":"2023-08-17T07:37:04+00:00","dateModified":"2026-03-13T15:29:04+00:00","description":"Innove m\u00e1s r\u00e1pido con acceso instant\u00e1neo a las grandes capacidades de fabricaci\u00f3n, la red y la experiencia de Xometry en el sector de la automoci\u00f3n.","breadcrumb":{"@id":"https:\/\/xometry.eu\/es\/automocion\/#breadcrumb"},"inLanguage":"es","potentialAction":[{"@type":"ReadAction","target":["https:\/\/xometry.eu\/es\/automocion\/"]}]},{"@type":"ImageObject","inLanguage":"es","@id":"https:\/\/xometry.eu\/es\/automocion\/#primaryimage","url":"https:\/\/xometry.eu\/wp-content\/uploads\/2023\/08\/Automotive-Industry-scaled.jpg","contentUrl":"https:\/\/xometry.eu\/wp-content\/uploads\/2023\/08\/Automotive-Industry-scaled.jpg","width":2560,"height":1708,"caption":"Chassis of the electric, hybrid car with powertrain. Blue toned."},{"@type":"BreadcrumbList","@id":"https:\/\/xometry.eu\/es\/automocion\/#breadcrumb","itemListElement":[{"@type":"ListItem","position":1,"name":"Home","item":"https:\/\/xometry.eu\/es\/"},{"@type":"ListItem","position":2,"name":"Automotive Industry"}]},{"@type":"WebSite","@id":"https:\/\/xometry.eu\/es\/#website","url":"https:\/\/xometry.eu\/es\/","name":"Xometry Europe","description":"","publisher":{"@id":"https:\/\/xometry.eu\/es\/#organization"},"potentialAction":[{"@type":"SearchAction","target":{"@type":"EntryPoint","urlTemplate":"https:\/\/xometry.eu\/es\/?s={search_term_string}"},"query-input":{"@type":"PropertyValueSpecification","valueRequired":true,"valueName":"search_term_string"}}],"inLanguage":"es"}]}},"_links":{"self":[{"href":"https:\/\/xometry.eu\/es\/wp-json\/wp\/v2\/pages\/126973","targetHints":{"allow":["GET"]}}],"collection":[{"href":"https:\/\/xometry.eu\/es\/wp-json\/wp\/v2\/pages"}],"about":[{"href":"https:\/\/xometry.eu\/es\/wp-json\/wp\/v2\/types\/page"}],"author":[{"embeddable":true,"href":"https:\/\/xometry.eu\/es\/wp-json\/wp\/v2\/users\/14"}],"replies":[{"embeddable":true,"href":"https:\/\/xometry.eu\/es\/wp-json\/wp\/v2\/comments?post=126973"}],"version-history":[{"count":4,"href":"https:\/\/xometry.eu\/es\/wp-json\/wp\/v2\/pages\/126973\/revisions"}],"predecessor-version":[{"id":172482,"href":"https:\/\/xometry.eu\/es\/wp-json\/wp\/v2\/pages\/126973\/revisions\/172482"}],"wp:featuredmedia":[{"embeddable":true,"href":"https:\/\/xometry.eu\/es\/wp-json\/wp\/v2\/media\/115407"}],"wp:attachment":[{"href":"https:\/\/xometry.eu\/es\/wp-json\/wp\/v2\/media?parent=126973"}],"curies":[{"name":"wp","href":"https:\/\/api.w.org\/{rel}","templated":true}]}}